{"id":1866,"date":"2025-02-07T17:24:57","date_gmt":"2025-02-07T16:24:57","guid":{"rendered":"https:\/\/agora.xtec.cat\/escriusitaulet\/?page_id=1866"},"modified":"2026-03-03T11:00:03","modified_gmt":"2026-03-03T10:00:03","slug":"magnet","status":"publish","type":"page","link":"https:\/\/agora.xtec.cat\/escriusitaulet\/projectes\/magnet\/","title":{"rendered":"Magnet"},"content":{"rendered":"\n<p class=\"has-text-align-center\"><img loading=\"lazy\" decoding=\"async\" width=\"237\" height=\"347\" src=\"https:\/\/lh7-rt.googleusercontent.com\/docsz\/AD_4nXfB12VsllsvWoNBZCLVoV_OkDWe1FNgtVM5P_GRBoG04hImXHBcAEy2aSId6aX62LghXUr_IEGd1ToFoLn_uW72r0p8554YejkBhEbh2UN1oqTr-vsmMm2d6-wq9_WC2mNf6yvU_w?key=bm41Rb1fNzTLL0twVFsZSZzM\"><\/p>\n\n\n\n<p class=\"has-text-align-left\">El programa <strong>Magnet. Aliances per a l\u2019\u00e8xit educatiu<\/strong> t\u00e9 per objectiu acompanyar els centres educatius en el desenvolupament d\u2019un projecte en alian\u00e7a amb una instituci\u00f3 de refer\u00e8ncia.<\/p>\n\n\n\n<p class=\"has-text-align-left\">Aquesta col\u00b7laboraci\u00f3 entre el centre educatiu i la instituci\u00f3 ha de permetre al centre desenvolupar un projecte educatiu innovador i de qualitat, un projecte atractiu i que es converteixi en un projecte de refer\u00e8ncia en el seu territori, tant per a les fam\u00edlies com per a la comunitat educativa.<\/p>\n\n\n\n<p>La nostra escola est\u00e0 vinculada amb el Col\u00b7legi d&#8217;Arquitectes de Catalunya (COAC) dins del programa MAGNET: Aliances per l&#8217;\u00e8xit educatiu, impulsant un projecte innovador basat en l&#8217;arquitectura, el disseny  i la geometria, relacionant-la amb la vida quotidiana dels nostres infants. Aquesta alian\u00e7a es troba l&#8217;any 2, de creixement i projecci\u00f3, dels quatre anys en qu\u00e8 es dur\u00e0 a terme. Al llarg d&#8217;aquest any estem comen\u00e7ant a integrar coneixements i camins conjunts amb els arquitectes que tenim de refer\u00e8ncia, per desenvolupar a les aules situacions d&#8217;aprenentatge que ens permetin endinsar-nos en el m\u00f3n de l&#8217;arquitectura relacionada amb la vida quotidiana dels nostres infants.<\/p>\n\n\n\n<p>Aquesta simbiosi est\u00e0 generant canvis i experi\u00e8ncies diferents en tots els membres de la comunitat educativa, alhora que tamb\u00e9 una innovaci\u00f3 educativa i la consolidaci\u00f3 del canvi pedag\u00f2gic que est\u00e0 duent a terme la nostra escola. <\/p>\n\n\n\n<p><\/p>\n","protected":false},"excerpt":{"rendered":"<p>El programa Magnet. Aliances per a l\u2019\u00e8xit educatiu t\u00e9 per objectiu acompanyar els centres educatius en el desenvolupament d\u2019un projecte en alian\u00e7a amb una instituci\u00f3 de refer\u00e8ncia. Aquesta col\u00b7laboraci\u00f3 entre el centre educatiu i la instituci\u00f3 ha de permetre al centre desenvolupar un projecte educatiu innovador i de qualitat, un projecte atractiu i que es [&hellip;]<\/p>\n","protected":false},"author":1,"featured_media":0,"parent":1730,"menu_order":0,"comment_status":"closed","ping_status":"closed","template":"","meta":{"_bbp_topic_count":0,"_bbp_reply_count":0,"_bbp_total_topic_count":0,"_bbp_total_reply_count":0,"_bbp_voice_count":0,"_bbp_anonymous_reply_count":0,"_bbp_topic_count_hidden":0,"_bbp_reply_count_hidden":0,"_bbp_forum_subforum_count":0,"site-sidebar-layout":"default","site-content-layout":"","ast-site-content-layout":"default","site-content-style":"default","site-sidebar-style":"default","ast-global-header-display":"","ast-banner-title-visibility":"","ast-main-header-display":"","ast-hfb-above-header-display":"","ast-hfb-below-header-display":"","ast-hfb-mobile-header-display":"","site-post-title":"","ast-breadcrumbs-content":"","ast-featured-img":"","footer-sml-layout":"","theme-transparent-header-meta":"","adv-header-id-meta":"","stick-header-meta":"","header-above-stick-meta":"","header-main-stick-meta":"","header-below-stick-meta":"","astra-migrate-meta-layouts":"set","ast-page-background-enabled":"default","ast-page-background-meta":{"desktop":{"background-color":"var(--ast-global-color-4)","background-image":"","background-repeat":"repeat","background-position":"center center","background-size":"auto","background-attachment":"scroll","background-type":"","background-media":"","overlay-type":"","overlay-color":"","overlay-opacity":"","overlay-gradient":""},"tablet":{"background-color":"","background-image":"","background-repeat":"repeat","background-position":"center center","background-size":"auto","background-attachment":"scroll","background-type":"","background-media":"","overlay-type":"","overlay-color":"","overlay-opacity":"","overlay-gradient":""},"mobile":{"background-color":"","background-image":"","background-repeat":"repeat","background-position":"center center","background-size":"auto","background-attachment":"scroll","background-type":"","background-media":"","overlay-type":"","overlay-color":"","overlay-opacity":"","overlay-gradient":""}},"ast-content-background-meta":{"desktop":{"background-color":"var(--ast-global-color-5)","background-image":"","background-repeat":"repeat","background-position":"center center","background-size":"auto","background-attachment":"scroll","background-type":"","background-media":"","overlay-type":"","overlay-color":"","overlay-opacity":"","overlay-gradient":""},"tablet":{"background-color":"var(--ast-global-color-5)","background-image":"","background-repeat":"repeat","background-position":"center center","background-size":"auto","background-attachment":"scroll","background-type":"","background-media":"","overlay-type":"","overlay-color":"","overlay-opacity":"","overlay-gradient":""},"mobile":{"background-color":"var(--ast-global-color-5)","background-image":"","background-repeat":"repeat","background-position":"center center","background-size":"auto","background-attachment":"scroll","background-type":"","background-media":"","overlay-type":"","overlay-color":"","overlay-opacity":"","overlay-gradient":""}},"footnotes":""},"class_list":["post-1866","page","type-page","status-publish","hentry"],"post_mailing_queue_ids":[],"_links":{"self":[{"href":"https:\/\/agora.xtec.cat\/escriusitaulet\/wp-json\/wp\/v2\/pages\/1866","targetHints":{"allow":["GET"]}}],"collection":[{"href":"https:\/\/agora.xtec.cat\/escriusitaulet\/wp-json\/wp\/v2\/pages"}],"about":[{"href":"https:\/\/agora.xtec.cat\/escriusitaulet\/wp-json\/wp\/v2\/types\/page"}],"author":[{"embeddable":true,"href":"https:\/\/agora.xtec.cat\/escriusitaulet\/wp-json\/wp\/v2\/users\/1"}],"replies":[{"embeddable":true,"href":"https:\/\/agora.xtec.cat\/escriusitaulet\/wp-json\/wp\/v2\/comments?post=1866"}],"version-history":[{"count":6,"href":"https:\/\/agora.xtec.cat\/escriusitaulet\/wp-json\/wp\/v2\/pages\/1866\/revisions"}],"predecessor-version":[{"id":2234,"href":"https:\/\/agora.xtec.cat\/escriusitaulet\/wp-json\/wp\/v2\/pages\/1866\/revisions\/2234"}],"up":[{"embeddable":true,"href":"https:\/\/agora.xtec.cat\/escriusitaulet\/wp-json\/wp\/v2\/pages\/1730"}],"wp:attachment":[{"href":"https:\/\/agora.xtec.cat\/escriusitaulet\/wp-json\/wp\/v2\/media?parent=1866"}],"curies":[{"name":"wp","href":"https:\/\/api.w.org\/{rel}","templated":true}]}}