{"id":1791,"date":"2025-02-06T13:53:59","date_gmt":"2025-02-06T12:53:59","guid":{"rendered":"https:\/\/agora.xtec.cat\/escriusitaulet\/?page_id=1791"},"modified":"2026-03-03T11:03:15","modified_gmt":"2026-03-03T10:03:15","slug":"sortides-colonies","status":"publish","type":"page","link":"https:\/\/agora.xtec.cat\/escriusitaulet\/lescola\/sortides-colonies\/","title":{"rendered":"Sortides &amp; col\u00f2nies"},"content":{"rendered":"\n<p><strong>Descobrim el m\u00f3n junts! \ud83c\udf3f\ud83c\udfde\ufe0f<\/strong><\/p>\n\n\n\n<p>A la nostra escola, aprenem tamb\u00e9 fora de l\u2019aula! \ud83c\udf0d\u2728 Cada trimestre organitzem sortides i col\u00f2nies relacionades amb els projectes i les activitats que es van desenvolupant a l&#8217;aula, perqu\u00e8 els infants gaudeixin de noves experi\u00e8ncies, descobreixin la natura i coneguin el seu entorn de manera vivencial.<\/p>\n\n\n\n<p>Des de visites a museus fins a excursions a la muntanya, cada activitat est\u00e0 pensada per despertar la curiositat i fomentar l\u2019aprenentatge a trav\u00e9s del joc i l\u2019exploraci\u00f3.<\/p>\n\n\n\n<p>No us perdeu les properes aventures! \ud83d\ude80<\/p>\n\n\n\n<p>A continuaci\u00f3 us detallem les sortides d&#8217;aquest curs 2025-2026!<\/p>\n\n\n\n<ul class=\"wp-block-list\">\n<li><a href=\"https:\/\/drive.google.com\/file\/d\/1OLAcG72yhgX-50PFKx8b1sXxcobIFY2U\/view?usp=sharing\">INFANTIL<\/a><\/li>\n\n\n\n<li><a href=\"https:\/\/drive.google.com\/file\/d\/1ug53zlaAcxBPwRrGM76zHaHe4T83D4lm\/view?usp=sharing\">PRIMER CICLE<\/a><\/li>\n\n\n\n<li><a href=\"https:\/\/drive.google.com\/file\/d\/1uO1qEQh0Lzlm6lwFBsOo_uRHZ3Ii9bs3\/view?usp=sharing\">SEGON CICLE<\/a><\/li>\n\n\n\n<li><a href=\"https:\/\/drive.google.com\/file\/d\/1tlbS3LTnTfWB4doEsDbOdK7TaX_eDegI\/view?usp=sharing\">TERCER CICLE<\/a><\/li>\n<\/ul>\n\n\n\n<h3 class=\"wp-block-heading\"><strong>\ud83c\udfd5\ufe0f Col\u00f2nies 2025-2026<\/strong><\/h3>\n\n\n\n<p style=\"font-size:18px\">\ud83d\udcc5 Dates i destinacions de les col\u00f2nies escolars<\/p>\n\n\n\n<h3 class=\"wp-block-heading\" style=\"font-size:18px\"><strong>\ud83c\udfeb Educaci\u00f3 Infantil i 1r cicle de prim\u00e0ria<\/strong><\/h3>\n\n\n\n<ul class=\"wp-block-list\">\n<li style=\"font-size:18px\"><strong>\ud83e\uddf8 I3 i I4 \u2192 <\/strong><em>9<\/em><em> i 10 de mar\u00e7<\/em><strong> \ud83d\udccd <\/strong><em>Cal Miquel\u00f3 (Sant Mart\u00ed de Centelles, Barcelona)<\/em><\/li>\n\n\n\n<li style=\"font-size:18px\"><strong>\ud83c\udf3f I5 i 1r \u2192 <\/strong><em>1<\/em><em>1, 12 i 13 de mar\u00e7<\/em> \ud83d\udccd <em>Casa de col\u00f2nies l&#8217;Aldric (Santa Cristina d&#8217;Aro, Girona)<\/em><\/li>\n<\/ul>\n\n\n\n<h3 class=\"wp-block-heading\" style=\"font-size:18px\"><strong>\ud83c\udf92 Cicle Mitj\u00e0<\/strong><\/h3>\n\n\n\n<ul class=\"wp-block-list\">\n<li style=\"font-size:18px\"><strong>\ud83c\udf32 2n i 3r \u2192 <\/strong><em>23, 24 i 25 <\/em><em>de ma<\/em>r\u00e7 \ud83d\udccd <em>Casa de col\u00f2nies Mas Banyeres (Centelles, Barcelona)<\/em><\/li>\n<\/ul>\n\n\n\n<h3 class=\"wp-block-heading\" style=\"font-size:18px\"><strong>\ud83c\udfd5\ufe0f Cicle Superior<\/strong><\/h3>\n\n\n\n<ul class=\"wp-block-list\">\n<li style=\"font-size:18px\"><strong>\u26f0\ufe0f 4t i 5\u00e8 \u2192 <\/strong><em>11, 12 i 13 de mar\u00e7<\/em> \ud83d\udccd <em>Casa de col\u00f2nies Can Vandrell (Sant Feliu de Buixalleu, Girona)<\/em><\/li>\n\n\n\n<li style=\"font-size:18px\"><strong>\ud83c\udf0a 6\u00e8 \u2192 <\/strong><em>4<\/em><em>, 5, 6 i 7 de maig<\/em> \ud83d\udccd <em>El Collell (Sant Miquel de Campmajor, Girona)<\/em><\/li>\n<\/ul>\n\n\n\n<p><\/p>\n","protected":false},"excerpt":{"rendered":"<p>Descobrim el m\u00f3n junts! \ud83c\udf3f\ud83c\udfde\ufe0f A la nostra escola, aprenem tamb\u00e9 fora de l\u2019aula! \ud83c\udf0d\u2728 Cada trimestre organitzem sortides i col\u00f2nies relacionades amb els projectes i les activitats que es van desenvolupant a l&#8217;aula, perqu\u00e8 els infants gaudeixin de noves experi\u00e8ncies, descobreixin la natura i coneguin el seu entorn de manera vivencial. Des de visites [&hellip;]<\/p>\n","protected":false},"author":1,"featured_media":0,"parent":22,"menu_order":0,"comment_status":"closed","ping_status":"closed","template":"","meta":{"_bbp_topic_count":0,"_bbp_reply_count":0,"_bbp_total_topic_count":0,"_bbp_total_reply_count":0,"_bbp_voice_count":0,"_bbp_anonymous_reply_count":0,"_bbp_topic_count_hidden":0,"_bbp_reply_count_hidden":0,"_bbp_forum_subforum_count":0,"site-sidebar-layout":"default","site-content-layout":"","ast-site-content-layout":"default","site-content-style":"default","site-sidebar-style":"default","ast-global-header-display":"","ast-banner-title-visibility":"","ast-main-header-display":"","ast-hfb-above-header-display":"","ast-hfb-below-header-display":"","ast-hfb-mobile-header-display":"","site-post-title":"","ast-breadcrumbs-content":"","ast-featured-img":"","footer-sml-layout":"","theme-transparent-header-meta":"","adv-header-id-meta":"","stick-header-meta":"","header-above-stick-meta":"","header-main-stick-meta":"","header-below-stick-meta":"","astra-migrate-meta-layouts":"set","ast-page-background-enabled":"default","ast-page-background-meta":{"desktop":{"background-color":"var(--ast-global-color-4)","background-image":"","background-repeat":"repeat","background-position":"center center","background-size":"auto","background-attachment":"scroll","background-type":"","background-media":"","overlay-type":"","overlay-color":"","overlay-opacity":"","overlay-gradient":""},"tablet":{"background-color":"","background-image":"","background-repeat":"repeat","background-position":"center center","background-size":"auto","background-attachment":"scroll","background-type":"","background-media":"","overlay-type":"","overlay-color":"","overlay-opacity":"","overlay-gradient":""},"mobile":{"background-color":"","background-image":"","background-repeat":"repeat","background-position":"center center","background-size":"auto","background-attachment":"scroll","background-type":"","background-media":"","overlay-type":"","overlay-color":"","overlay-opacity":"","overlay-gradient":""}},"ast-content-background-meta":{"desktop":{"background-color":"var(--ast-global-color-5)","background-image":"","background-repeat":"repeat","background-position":"center center","background-size":"auto","background-attachment":"scroll","background-type":"","background-media":"","overlay-type":"","overlay-color":"","overlay-opacity":"","overlay-gradient":""},"tablet":{"background-color":"var(--ast-global-color-5)","background-image":"","background-repeat":"repeat","background-position":"center center","background-size":"auto","background-attachment":"scroll","background-type":"","background-media":"","overlay-type":"","overlay-color":"","overlay-opacity":"","overlay-gradient":""},"mobile":{"background-color":"var(--ast-global-color-5)","background-image":"","background-repeat":"repeat","background-position":"center center","background-size":"auto","background-attachment":"scroll","background-type":"","background-media":"","overlay-type":"","overlay-color":"","overlay-opacity":"","overlay-gradient":""}},"footnotes":""},"class_list":["post-1791","page","type-page","status-publish","hentry"],"post_mailing_queue_ids":[],"_links":{"self":[{"href":"https:\/\/agora.xtec.cat\/escriusitaulet\/wp-json\/wp\/v2\/pages\/1791","targetHints":{"allow":["GET"]}}],"collection":[{"href":"https:\/\/agora.xtec.cat\/escriusitaulet\/wp-json\/wp\/v2\/pages"}],"about":[{"href":"https:\/\/agora.xtec.cat\/escriusitaulet\/wp-json\/wp\/v2\/types\/page"}],"author":[{"embeddable":true,"href":"https:\/\/agora.xtec.cat\/escriusitaulet\/wp-json\/wp\/v2\/users\/1"}],"replies":[{"embeddable":true,"href":"https:\/\/agora.xtec.cat\/escriusitaulet\/wp-json\/wp\/v2\/comments?post=1791"}],"version-history":[{"count":6,"href":"https:\/\/agora.xtec.cat\/escriusitaulet\/wp-json\/wp\/v2\/pages\/1791\/revisions"}],"predecessor-version":[{"id":2236,"href":"https:\/\/agora.xtec.cat\/escriusitaulet\/wp-json\/wp\/v2\/pages\/1791\/revisions\/2236"}],"up":[{"embeddable":true,"href":"https:\/\/agora.xtec.cat\/escriusitaulet\/wp-json\/wp\/v2\/pages\/22"}],"wp:attachment":[{"href":"https:\/\/agora.xtec.cat\/escriusitaulet\/wp-json\/wp\/v2\/media?parent=1791"}],"curies":[{"name":"wp","href":"https:\/\/api.w.org\/{rel}","templated":true}]}}