{"id":1784,"date":"2025-02-06T13:43:35","date_gmt":"2025-02-06T12:43:35","guid":{"rendered":"https:\/\/agora.xtec.cat\/escriusitaulet\/?page_id=1784"},"modified":"2025-02-18T10:23:10","modified_gmt":"2025-02-18T09:23:10","slug":"setmanes-tematiques-del-rius","status":"publish","type":"page","link":"https:\/\/agora.xtec.cat\/escriusitaulet\/com-ho-fem\/setmanes-tematiques-del-rius\/","title":{"rendered":"Setmanes tem\u00e0tiques del Rius"},"content":{"rendered":"\n<p style=\"font-size:18px\">A la nostra escola, apostem per una <strong>educaci\u00f3 integral<\/strong>, <strong>inclusiva<\/strong> i <strong>enriquidora<\/strong> per a tots els nostres infants. Per aix\u00f2, al llarg del curs organitzem <strong>setmanes tem\u00e0tiques<\/strong> que ens permeten aprofundir en valors, coneixements i experi\u00e8ncies que ens ajuden a entendre millor el m\u00f3n.<\/p>\n\n\n\n<p style=\"font-size:18px\">Les setmanes tem\u00e0tiques que treballem s\u00f3n:<\/p>\n\n\n\n<p style=\"font-size:18px\"><strong>\ud83d\udd2c Setmana de la Ci\u00e8ncia<\/strong><br>Durant aquesta setmana, tota l\u2019escola es converteix en un <strong>laboratori<\/strong> on explorem el m\u00f3n cient\u00edfic a trav\u00e9s d\u2019<strong>experiments, tallers i activitats din\u00e0miques<\/strong>. Fomentem la <strong>curiositat<\/strong> i el <strong>pensament cr\u00edtic<\/strong> per entendre la ci\u00e8ncia a la vida quotidiana.<\/p>\n\n\n\n<p><strong>\u267f Setmana de la Diversitat Funcional<\/strong><br>Els cursos d&#8217;<strong>I3<\/strong>, <strong>1r<\/strong> i <strong>4t<\/strong> participen activament en aquesta setmana, dedicada a sensibilitzar sobre la <strong>diversitat funcional<\/strong>. Mitjan\u00e7ant <strong>contes, jocs inclusius i activitats vivencials<\/strong>, aprenem a <strong>valorar les capacitats<\/strong> i comprendre les necessitats espec\u00edfiques de les persones amb diversitat funcional.<\/p>\n\n\n\n<p><strong>\ud83c\udf0d Setmana de la Diversitat Cultural<\/strong><br><strong>I4<\/strong>, <strong>2n<\/strong> i <strong>5\u00e8<\/strong> lideren aquesta setmana dedicada a <strong>con\u00e8ixer altres cultures<\/strong>. Organitzem activitats com <strong>cuina internacional<\/strong>, <strong>danses del m\u00f3n<\/strong> i <strong>hist\u00f2ries de diferents pa\u00efsos<\/strong> per fomentar el <strong>respecte<\/strong> i <strong>l\u2019empatia<\/strong> cap a la diversitat cultural.<\/p>\n\n\n\n<p><strong>\ud83c\udf31 Setmana Verda<\/strong><br>El <strong>medi ambient<\/strong> \u00e9s fonamental per al futur. Durant aquesta setmana, <strong>educamos sobre la sostenibilitat<\/strong> i la cura del planeta amb activitats com la <strong>plantaci\u00f3 d\u2019arbres<\/strong>, <strong>tallers de reciclatge<\/strong> i <strong>accions per reduir el consum energ\u00e8tic<\/strong> a l\u2019escola.<\/p>\n\n\n\n<p><strong>\ud83c\udff3\ufe0f\u200d\ud83c\udf08 Setmana de la Diversitat Sexual i de G\u00e8nere<\/strong><br><strong>I5<\/strong>, <strong>3r<\/strong> i <strong>6\u00e8<\/strong> s\u00f3n els protagonistes d\u2019aquesta setmana dedicada a promoure el <strong>respecte, la igualtat i la inclusi\u00f3<\/strong>. A trav\u00e9s de <strong>contes, din\u00e0miques de grup i debats<\/strong>, reflexionem sobre la import\u00e0ncia de respectar totes les <strong>identitats i expressions de g\u00e8nere<\/strong>.<\/p>\n\n\n\n<p><\/p>\n\n\n\n<h3 class=\"wp-block-heading\">\ud83e\udd1d <strong>Una oportunitat per a tota la comunitat educativa<\/strong><\/h3>\n\n\n\n<p>Aquestes setmanes no nom\u00e9s impliquen els\/les alumnes, sin\u00f3 tamb\u00e9 el <strong>professorat, les fam\u00edlies<\/strong> i, de vegades, <strong>experts externs<\/strong>. Les activitats estan dissenyades per fomentar l\u2019aprenentatge <strong>col\u00b7laboratiu<\/strong> i fer de la nostra escola un <strong>espai inclusiu<\/strong> i din\u00e0mic.<\/p>\n\n\n\n<p>Ens sentim molt orgulloses d\u2019aquest projecte, que contribueix significativament al nostre <strong>desenvolupament personal i social<\/strong>.<\/p>\n","protected":false},"excerpt":{"rendered":"<p>A la nostra escola, apostem per una educaci\u00f3 integral, inclusiva i enriquidora per a tots els nostres infants. Per aix\u00f2, al llarg del curs organitzem setmanes tem\u00e0tiques que ens permeten aprofundir en valors, coneixements i experi\u00e8ncies que ens ajuden a entendre millor el m\u00f3n. Les setmanes tem\u00e0tiques que treballem s\u00f3n: \ud83d\udd2c Setmana de la Ci\u00e8nciaDurant [&hellip;]<\/p>\n","protected":false},"author":1,"featured_media":0,"parent":1727,"menu_order":0,"comment_status":"closed","ping_status":"closed","template":"page-templates\/side-menu.php","meta":{"_bbp_topic_count":0,"_bbp_reply_count":0,"_bbp_total_topic_count":0,"_bbp_total_reply_count":0,"_bbp_voice_count":0,"_bbp_anonymous_reply_count":0,"_bbp_topic_count_hidden":0,"_bbp_reply_count_hidden":0,"_bbp_forum_subforum_count":0,"site-sidebar-layout":"default","site-content-layout":"","ast-site-content-layout":"","site-content-style":"default","site-sidebar-style":"default","ast-global-header-display":"","ast-banner-title-visibility":"","ast-main-header-display":"","ast-hfb-above-header-display":"","ast-hfb-below-header-display":"","ast-hfb-mobile-header-display":"","site-post-title":"","ast-breadcrumbs-content":"","ast-featured-img":"","footer-sml-layout":"","theme-transparent-header-meta":"","adv-header-id-meta":"","stick-header-meta":"","header-above-stick-meta":"","header-main-stick-meta":"","header-below-stick-meta":"","astra-migrate-meta-layouts":"default","ast-page-background-enabled":"default","ast-page-background-meta":{"desktop":{"background-color":"var(--ast-global-color-4)","background-image":"","background-repeat":"repeat","background-position":"center center","background-size":"auto","background-attachment":"scroll","background-type":"","background-media":"","overlay-type":"","overlay-color":"","overlay-opacity":"","overlay-gradient":""},"tablet":{"background-color":"","background-image":"","background-repeat":"repeat","background-position":"center center","background-size":"auto","background-attachment":"scroll","background-type":"","background-media":"","overlay-type":"","overlay-color":"","overlay-opacity":"","overlay-gradient":""},"mobile":{"background-color":"","background-image":"","background-repeat":"repeat","background-position":"center center","background-size":"auto","background-attachment":"scroll","background-type":"","background-media":"","overlay-type":"","overlay-color":"","overlay-opacity":"","overlay-gradient":""}},"ast-content-background-meta":{"desktop":{"background-color":"var(--ast-global-color-5)","background-image":"","background-repeat":"repeat","background-position":"center center","background-size":"auto","background-attachment":"scroll","background-type":"","background-media":"","overlay-type":"","overlay-color":"","overlay-opacity":"","overlay-gradient":""},"tablet":{"background-color":"var(--ast-global-color-5)","background-image":"","background-repeat":"repeat","background-position":"center center","background-size":"auto","background-attachment":"scroll","background-type":"","background-media":"","overlay-type":"","overlay-color":"","overlay-opacity":"","overlay-gradient":""},"mobile":{"background-color":"var(--ast-global-color-5)","background-image":"","background-repeat":"repeat","background-position":"center center","background-size":"auto","background-attachment":"scroll","background-type":"","background-media":"","overlay-type":"","overlay-color":"","overlay-opacity":"","overlay-gradient":""}},"footnotes":""},"class_list":["post-1784","page","type-page","status-publish","hentry"],"post_mailing_queue_ids":[],"_links":{"self":[{"href":"https:\/\/agora.xtec.cat\/escriusitaulet\/wp-json\/wp\/v2\/pages\/1784","targetHints":{"allow":["GET"]}}],"collection":[{"href":"https:\/\/agora.xtec.cat\/escriusitaulet\/wp-json\/wp\/v2\/pages"}],"about":[{"href":"https:\/\/agora.xtec.cat\/escriusitaulet\/wp-json\/wp\/v2\/types\/page"}],"author":[{"embeddable":true,"href":"https:\/\/agora.xtec.cat\/escriusitaulet\/wp-json\/wp\/v2\/users\/1"}],"replies":[{"embeddable":true,"href":"https:\/\/agora.xtec.cat\/escriusitaulet\/wp-json\/wp\/v2\/comments?post=1784"}],"version-history":[{"count":6,"href":"https:\/\/agora.xtec.cat\/escriusitaulet\/wp-json\/wp\/v2\/pages\/1784\/revisions"}],"predecessor-version":[{"id":2015,"href":"https:\/\/agora.xtec.cat\/escriusitaulet\/wp-json\/wp\/v2\/pages\/1784\/revisions\/2015"}],"up":[{"embeddable":true,"href":"https:\/\/agora.xtec.cat\/escriusitaulet\/wp-json\/wp\/v2\/pages\/1727"}],"wp:attachment":[{"href":"https:\/\/agora.xtec.cat\/escriusitaulet\/wp-json\/wp\/v2\/media?parent=1784"}],"curies":[{"name":"wp","href":"https:\/\/api.w.org\/{rel}","templated":true}]}}