{"id":1741,"date":"2025-02-06T11:30:48","date_gmt":"2025-02-06T10:30:48","guid":{"rendered":"https:\/\/agora.xtec.cat\/escriusitaulet\/?page_id=1741"},"modified":"2026-01-19T15:55:55","modified_gmt":"2026-01-19T14:55:55","slug":"on-som","status":"publish","type":"page","link":"https:\/\/agora.xtec.cat\/escriusitaulet\/lescola\/on-som\/","title":{"rendered":"On som?"},"content":{"rendered":"\n<p><strong>\ud83c\udfeb<\/strong> <strong>Escola Rius i Taulet<br><\/strong>Centre p\u00fablic d&#8217;educaci\u00f3 Infantil i Prim\u00e0ria<br><br><strong>Contacta&#8217;ns<\/strong><br>\ud83d\udccd Pla\u00e7a Lesseps, 19<br>08023 Gr\u00e0cia &#8211; Barcelona<\/p>\n\n\n\n<p class=\"has-black-color has-text-color\"><strong>\ud83d\udcde<\/strong> 93 217 61 96<\/p>\n\n\n\n<p class=\"has-black-color has-text-color\"> a8002113@xtec.cat<\/p>\n\n\n\n<p>\ud83e\udded <strong>Com arribar-hi?<\/strong><br>L\u2019Escola Rius i Taulet est\u00e0 situada al cor del barri de Gr\u00e0cia, a Barcelona.<br>\u00c9s un lloc c\u00e8ntric i f\u00e0cilment accessible, ideal per a les fam\u00edlies del barri i d\u2019altres zones de la ciutat.<strong><br><\/strong><br>Podeu accedir a l\u2019escola amb diferents opcions de transport p\u00fablic:<\/p>\n\n\n\n<p>\ud83d\ude87 <strong>Metro:<\/strong> L\u00ednia 3 (L3) \u2013 Estaci\u00f3 Lesseps, a 2 minuts caminant.<br>\ud83d\ude90 <strong>Autob\u00fas:<\/strong> Diverses l\u00ednies d\u2019autob\u00fas tenen parada a prop, incloent-hi les l\u00ednies H6, V17, 22, 24, 87 i 116.<br>\ud83d\udeb2 <strong>Bicing:<\/strong> Hi ha diverses estacions de Bicing a la zona per a aquelles fam\u00edlies que prefereixin la bicicleta.<\/p>\n\n\n\n<div class=\"wp-block-group is-layout-constrained wp-block-group-is-layout-constrained\"><\/div>\n","protected":false},"excerpt":{"rendered":"<p>\ud83c\udfeb Escola Rius i TauletCentre p\u00fablic d&#8217;educaci\u00f3 Infantil i Prim\u00e0ria Contacta&#8217;ns\ud83d\udccd Pla\u00e7a Lesseps, 1908023 Gr\u00e0cia &#8211; Barcelona \ud83d\udcde 93 217 61 96 a8002113@xtec.cat \ud83e\udded Com arribar-hi?L\u2019Escola Rius i Taulet est\u00e0 situada al cor del barri de Gr\u00e0cia, a Barcelona.\u00c9s un lloc c\u00e8ntric i f\u00e0cilment accessible, ideal per a les fam\u00edlies del barri i d\u2019altres zones [&hellip;]<\/p>\n","protected":false},"author":1,"featured_media":0,"parent":22,"menu_order":0,"comment_status":"closed","ping_status":"closed","template":"","meta":{"_bbp_topic_count":0,"_bbp_reply_count":0,"_bbp_total_topic_count":0,"_bbp_total_reply_count":0,"_bbp_voice_count":0,"_bbp_anonymous_reply_count":0,"_bbp_topic_count_hidden":0,"_bbp_reply_count_hidden":0,"_bbp_forum_subforum_count":0,"site-sidebar-layout":"default","site-content-layout":"","ast-site-content-layout":"default","site-content-style":"default","site-sidebar-style":"default","ast-global-header-display":"","ast-banner-title-visibility":"","ast-main-header-display":"","ast-hfb-above-header-display":"","ast-hfb-below-header-display":"","ast-hfb-mobile-header-display":"","site-post-title":"","ast-breadcrumbs-content":"","ast-featured-img":"","footer-sml-layout":"","theme-transparent-header-meta":"","adv-header-id-meta":"","stick-header-meta":"","header-above-stick-meta":"","header-main-stick-meta":"","header-below-stick-meta":"","astra-migrate-meta-layouts":"set","ast-page-background-enabled":"default","ast-page-background-meta":{"desktop":{"background-color":"var(--ast-global-color-4)","background-image":"","background-repeat":"repeat","background-position":"center center","background-size":"auto","background-attachment":"scroll","background-type":"","background-media":"","overlay-type":"","overlay-color":"","overlay-opacity":"","overlay-gradient":""},"tablet":{"background-color":"","background-image":"","background-repeat":"repeat","background-position":"center center","background-size":"auto","background-attachment":"scroll","background-type":"","background-media":"","overlay-type":"","overlay-color":"","overlay-opacity":"","overlay-gradient":""},"mobile":{"background-color":"","background-image":"","background-repeat":"repeat","background-position":"center center","background-size":"auto","background-attachment":"scroll","background-type":"","background-media":"","overlay-type":"","overlay-color":"","overlay-opacity":"","overlay-gradient":""}},"ast-content-background-meta":{"desktop":{"background-color":"var(--ast-global-color-5)","background-image":"","background-repeat":"repeat","background-position":"center center","background-size":"auto","background-attachment":"scroll","background-type":"","background-media":"","overlay-type":"","overlay-color":"","overlay-opacity":"","overlay-gradient":""},"tablet":{"background-color":"var(--ast-global-color-5)","background-image":"","background-repeat":"repeat","background-position":"center center","background-size":"auto","background-attachment":"scroll","background-type":"","background-media":"","overlay-type":"","overlay-color":"","overlay-opacity":"","overlay-gradient":""},"mobile":{"background-color":"var(--ast-global-color-5)","background-image":"","background-repeat":"repeat","background-position":"center center","background-size":"auto","background-attachment":"scroll","background-type":"","background-media":"","overlay-type":"","overlay-color":"","overlay-opacity":"","overlay-gradient":""}},"footnotes":""},"class_list":["post-1741","page","type-page","status-publish","hentry"],"post_mailing_queue_ids":[],"_links":{"self":[{"href":"https:\/\/agora.xtec.cat\/escriusitaulet\/wp-json\/wp\/v2\/pages\/1741","targetHints":{"allow":["GET"]}}],"collection":[{"href":"https:\/\/agora.xtec.cat\/escriusitaulet\/wp-json\/wp\/v2\/pages"}],"about":[{"href":"https:\/\/agora.xtec.cat\/escriusitaulet\/wp-json\/wp\/v2\/types\/page"}],"author":[{"embeddable":true,"href":"https:\/\/agora.xtec.cat\/escriusitaulet\/wp-json\/wp\/v2\/users\/1"}],"replies":[{"embeddable":true,"href":"https:\/\/agora.xtec.cat\/escriusitaulet\/wp-json\/wp\/v2\/comments?post=1741"}],"version-history":[{"count":5,"href":"https:\/\/agora.xtec.cat\/escriusitaulet\/wp-json\/wp\/v2\/pages\/1741\/revisions"}],"predecessor-version":[{"id":2190,"href":"https:\/\/agora.xtec.cat\/escriusitaulet\/wp-json\/wp\/v2\/pages\/1741\/revisions\/2190"}],"up":[{"embeddable":true,"href":"https:\/\/agora.xtec.cat\/escriusitaulet\/wp-json\/wp\/v2\/pages\/22"}],"wp:attachment":[{"href":"https:\/\/agora.xtec.cat\/escriusitaulet\/wp-json\/wp\/v2\/media?parent=1741"}],"curies":[{"name":"wp","href":"https:\/\/api.w.org\/{rel}","templated":true}]}}