{"id":1727,"date":"2025-02-06T11:26:30","date_gmt":"2025-02-06T10:26:30","guid":{"rendered":"https:\/\/agora.xtec.cat\/escriusitaulet\/?page_id=1727"},"modified":"2025-02-10T12:37:18","modified_gmt":"2025-02-10T11:37:18","slug":"com-ho-fem","status":"publish","type":"page","link":"https:\/\/agora.xtec.cat\/escriusitaulet\/com-ho-fem\/","title":{"rendered":"COM HO FEM?"},"content":{"rendered":"\n<h1 class=\"wp-block-heading\"><strong>Un aprenentatge viu i significatiu!<\/strong><\/h1>\n\n\n\n<p>A l&#8217;escola Rius i Taulet, creiem que <strong>aprendre \u00e9s viure, descobrir i experimentar<\/strong>. Per aix\u00f2, oferim una metodologia basada en l&#8217;exploraci\u00f3, la creativitat i la col\u00b7laboraci\u00f3, adaptada a les necessitats i ritmes de cada infant.<\/p>\n\n\n\n<h2 class=\"wp-block-heading\"><strong>Com aprenem?<\/strong><\/h2>\n\n\n\n<h3 class=\"wp-block-heading\">Treball per entorns: Espais per cr\u00e9ixer lliurement<\/h3>\n\n\n\n<p>L\u2019aprenentatge es desenvolupa en <strong>entorns din\u00e0mics<\/strong> que afavoreixen la iniciativa i l\u2019autonomia dels infants:<br>\ud83c\udfa8 <strong>Creatius<\/strong> \u2192 Expressi\u00f3 art\u00edstica i d&#8217;experimentaci\u00f3. <a href=\"https:\/\/agora.xtec.cat\/escriusitaulet\/com-ho-fem\/entorns-creatius\/\" data-type=\"page\" data-id=\"1777\">+ info<\/a><br>\ud83d\udd0e <strong>Aut\u00f2noms<\/strong> \u2192 Reptes d\u2019aprenentatge per descobrir el m\u00f3n al seu ritme. <a href=\"https:\/\/agora.xtec.cat\/escriusitaulet\/com-ho-fem\/entorns-autonoms-collaboratius-i-creatius\/\" data-type=\"page\" data-id=\"1764\">+ info<\/a><br>\ud83e\udd1d <strong>Col\u00b7laboratius<\/strong> \u2192 Projectes en equip per potenciar la comunicaci\u00f3 i l\u2019empatia. <a href=\"https:\/\/agora.xtec.cat\/escriusitaulet\/com-ho-fem\/entorns-collaboratius\/\" data-type=\"page\" data-id=\"1774\">+ info<\/a><\/p>\n\n\n\n<h3 class=\"wp-block-heading\">Les<strong> setmanes tem\u00e0tiques del Rius: viure l\u2019aprenentatge en primera persona<\/strong><\/h3>\n\n\n\n<p>Durant el curs, transformem l\u2019escola en un gran escenari d\u2019aprenentatge amb <strong>setmanes tem\u00e0tiques immersives<\/strong>:<br>\ud83d\udd2c <strong>Ci\u00e8ncia i experimentaci\u00f3<\/strong> \u2192 Laboratoris, tallers i experiments.<br>\ud83c\udf0d <strong>Diversitat cultural<\/strong> \u2192 Viatgem pel m\u00f3n a trav\u00e9s de la m\u00fasica, la gastronomia i els contes.<br>\ud83c\udf31 <strong>Setmana verda<\/strong> \u2192 Aprenem a cuidar el planeta amb accions sostenibles.<br>\ud83c\udff3\ufe0f\u200d\ud83c\udf08 <strong>Diversitat de g\u00e8nere<\/strong> \u2192 Fomentem el respecte i la igualtat des de la inf\u00e0ncia.<br><a href=\"https:\/\/agora.xtec.cat\/escriusitaulet\/com-ho-fem\/setmanes-tematiques-del-rius\/\" data-type=\"page\" data-id=\"1784\">+ info<\/a><\/p>\n\n\n\n<h3 class=\"wp-block-heading\"><strong>Eixos del Rius: experi\u00e8ncies d\u2019aprenentatge <\/strong><\/h3>\n\n\n\n<p>Cada curs viu una experi\u00e8ncia \u00fanica que l\u2019ajuda a cr\u00e9ixer:<br>\ud83e\udd41 1r \u2192 Percussi\u00f3 corporal.<br>\ud83e\uddd8 2n \u2192 Ioga en angl\u00e8s.<br>\ud83c\udf31 3r \u2192 Hort vertical en col\u00b7laboraci\u00f3 amb entitats del barri.<br>\ud83c\udfad 4t \u2192 Teatre i expressi\u00f3.<br>\ud83d\udc83 5\u00e8 \u2192 Dansa corporal.<br>\ud83d\udcbb 6\u00e8 \u2192 Compet\u00e8ncies digitals per a la secund\u00e0ria.<br><a href=\"https:\/\/agora.xtec.cat\/escriusitaulet\/com-ho-fem\/eixos-del-rius\/\" data-type=\"page\" data-id=\"1888\">+ info<\/a><\/p>\n\n\n\n<h3 class=\"wp-block-heading\"><strong>Un entorn inclusiu, divers i respectu\u00f3s<\/strong><\/h3>\n\n\n\n<p>Som una escola <strong>p\u00fablica, inclusiva i intercultural<\/strong> on cada infant \u00e9s valorat per qui \u00e9s. Creiem en una educaci\u00f3 feminista, sostenible i oberta al m\u00f3n, on tothom t\u00e9 veu i espai per cr\u00e9ixer amb confian\u00e7a.<\/p>\n","protected":false},"excerpt":{"rendered":"<p>Un aprenentatge viu i significatiu! A l&#8217;escola Rius i Taulet, creiem que aprendre \u00e9s viure, descobrir i experimentar. Per aix\u00f2, oferim una metodologia basada en l&#8217;exploraci\u00f3, la creativitat i la col\u00b7laboraci\u00f3, adaptada a les necessitats i ritmes de cada infant. Com aprenem? Treball per entorns: Espais per cr\u00e9ixer lliurement L\u2019aprenentatge es desenvolupa en entorns din\u00e0mics [&hellip;]<\/p>\n","protected":false},"author":1,"featured_media":0,"parent":0,"menu_order":0,"comment_status":"closed","ping_status":"closed","template":"page-templates\/side-menu.php","meta":{"_bbp_topic_count":0,"_bbp_reply_count":0,"_bbp_total_topic_count":0,"_bbp_total_reply_count":0,"_bbp_voice_count":0,"_bbp_anonymous_reply_count":0,"_bbp_topic_count_hidden":0,"_bbp_reply_count_hidden":0,"_bbp_forum_subforum_count":0,"site-sidebar-layout":"default","site-content-layout":"","ast-site-content-layout":"","site-content-style":"default","site-sidebar-style":"default","ast-global-header-display":"","ast-banner-title-visibility":"","ast-main-header-display":"","ast-hfb-above-header-display":"","ast-hfb-below-header-display":"","ast-hfb-mobile-header-display":"","site-post-title":"","ast-breadcrumbs-content":"","ast-featured-img":"","footer-sml-layout":"","theme-transparent-header-meta":"","adv-header-id-meta":"","stick-header-meta":"","header-above-stick-meta":"","header-main-stick-meta":"","header-below-stick-meta":"","astra-migrate-meta-layouts":"default","ast-page-background-enabled":"default","ast-page-background-meta":{"desktop":{"background-color":"var(--ast-global-color-4)","background-image":"","background-repeat":"repeat","background-position":"center center","background-size":"auto","background-attachment":"scroll","background-type":"","background-media":"","overlay-type":"","overlay-color":"","overlay-opacity":"","overlay-gradient":""},"tablet":{"background-color":"","background-image":"","background-repeat":"repeat","background-position":"center center","background-size":"auto","background-attachment":"scroll","background-type":"","background-media":"","overlay-type":"","overlay-color":"","overlay-opacity":"","overlay-gradient":""},"mobile":{"background-color":"","background-image":"","background-repeat":"repeat","background-position":"center center","background-size":"auto","background-attachment":"scroll","background-type":"","background-media":"","overlay-type":"","overlay-color":"","overlay-opacity":"","overlay-gradient":""}},"ast-content-background-meta":{"desktop":{"background-color":"var(--ast-global-color-5)","background-image":"","background-repeat":"repeat","background-position":"center center","background-size":"auto","background-attachment":"scroll","background-type":"","background-media":"","overlay-type":"","overlay-color":"","overlay-opacity":"","overlay-gradient":""},"tablet":{"background-color":"var(--ast-global-color-5)","background-image":"","background-repeat":"repeat","background-position":"center center","background-size":"auto","background-attachment":"scroll","background-type":"","background-media":"","overlay-type":"","overlay-color":"","overlay-opacity":"","overlay-gradient":""},"mobile":{"background-color":"var(--ast-global-color-5)","background-image":"","background-repeat":"repeat","background-position":"center center","background-size":"auto","background-attachment":"scroll","background-type":"","background-media":"","overlay-type":"","overlay-color":"","overlay-opacity":"","overlay-gradient":""}},"footnotes":""},"class_list":["post-1727","page","type-page","status-publish","hentry"],"post_mailing_queue_ids":[],"_links":{"self":[{"href":"https:\/\/agora.xtec.cat\/escriusitaulet\/wp-json\/wp\/v2\/pages\/1727","targetHints":{"allow":["GET"]}}],"collection":[{"href":"https:\/\/agora.xtec.cat\/escriusitaulet\/wp-json\/wp\/v2\/pages"}],"about":[{"href":"https:\/\/agora.xtec.cat\/escriusitaulet\/wp-json\/wp\/v2\/types\/page"}],"author":[{"embeddable":true,"href":"https:\/\/agora.xtec.cat\/escriusitaulet\/wp-json\/wp\/v2\/users\/1"}],"replies":[{"embeddable":true,"href":"https:\/\/agora.xtec.cat\/escriusitaulet\/wp-json\/wp\/v2\/comments?post=1727"}],"version-history":[{"count":6,"href":"https:\/\/agora.xtec.cat\/escriusitaulet\/wp-json\/wp\/v2\/pages\/1727\/revisions"}],"predecessor-version":[{"id":1936,"href":"https:\/\/agora.xtec.cat\/escriusitaulet\/wp-json\/wp\/v2\/pages\/1727\/revisions\/1936"}],"wp:attachment":[{"href":"https:\/\/agora.xtec.cat\/escriusitaulet\/wp-json\/wp\/v2\/media?parent=1727"}],"curies":[{"name":"wp","href":"https:\/\/api.w.org\/{rel}","templated":true}]}}