{"id":21,"date":"2014-09-17T16:14:14","date_gmt":"2014-09-17T16:14:14","guid":{"rendered":"http:\/\/agora.xtec.cat\/escrbcc\/?page_id=21"},"modified":"2017-02-12T23:29:01","modified_gmt":"2017-02-12T22:29:01","slug":"on-som","status":"publish","type":"page","link":"https:\/\/agora.xtec.cat\/escrbcc\/linstitut\/on-som\/","title":{"rendered":"On som"},"content":{"rendered":"<p>Escola Superior de Conservaci\u00f3 i Restauraci\u00f3 de B\u00e9ns Culturals de Catalunya<\/p>\n<p>Carrer Aiguablava 109-113<\/p>\n<p>08033 Barcelona<\/p>\n<p>Telf: 933 54 69 92<\/p>\n<blockquote class=\"wp-embedded-content\" data-secret=\"toCvXF76AM\"><p><a href=\"https:\/\/www.escrbcc.cat\/contacte\/\">Contacte<\/a><\/p><\/blockquote>\n<p><iframe loading=\"lazy\" class=\"wp-embedded-content\" sandbox=\"allow-scripts\" security=\"restricted\" style=\"position: absolute; clip: rect(1px, 1px, 1px, 1px);\" title=\"&#8220;Contacte&#8221; &#8212; Escola Superior de Conservaci\u00f3 i Restauraci\u00f3 de B\u00e9ns Culturals de Catalunya\" src=\"https:\/\/www.escrbcc.cat\/contacte\/embed\/#?secret=xlfYqEvcaS#?secret=toCvXF76AM\" data-secret=\"toCvXF76AM\" width=\"500\" height=\"282\" frameborder=\"0\" marginwidth=\"0\" marginheight=\"0\" scrolling=\"no\"><\/iframe><\/p>\n<p>&nbsp;<\/p>\n<p>&nbsp;<\/p>\n","protected":false},"excerpt":{"rendered":"<p>Escola Superior de Conservaci\u00f3 i Restauraci\u00f3 de B\u00e9ns Culturals de Catalunya<br \/>\nCarrer Aiguablava 109-113<br \/>\n08033 Barcelona<br \/>\nTelf: 933 54 69 92<br \/>\n<a href=\"https:\/\/www.escrbcc.cat\/contacte\/\">Contacte<\/a><\/p>\n<p>&nbsp;<br \/>\n&nbsp;<\/p>\n","protected":false},"author":1,"featured_media":0,"parent":19,"menu_order":10,"comment_status":"closed","ping_status":"closed","template":"page-templates\/side-menu.php","meta":{"_bbp_topic_count":0,"_bbp_reply_count":0,"_bbp_total_topic_count":0,"_bbp_total_reply_count":0,"_bbp_voice_count":0,"_bbp_anonymous_reply_count":0,"_bbp_topic_count_hidden":0,"_bbp_reply_count_hidden":0,"_bbp_forum_subforum_count":0,"footnotes":""},"class_list":["post-21","page","type-page","status-publish","hentry"],"post_mailing_queue_ids":[],"_links":{"self":[{"href":"https:\/\/agora.xtec.cat\/escrbcc\/wp-json\/wp\/v2\/pages\/21","targetHints":{"allow":["GET"]}}],"collection":[{"href":"https:\/\/agora.xtec.cat\/escrbcc\/wp-json\/wp\/v2\/pages"}],"about":[{"href":"https:\/\/agora.xtec.cat\/escrbcc\/wp-json\/wp\/v2\/types\/page"}],"author":[{"embeddable":true,"href":"https:\/\/agora.xtec.cat\/escrbcc\/wp-json\/wp\/v2\/users\/1"}],"replies":[{"embeddable":true,"href":"https:\/\/agora.xtec.cat\/escrbcc\/wp-json\/wp\/v2\/comments?post=21"}],"version-history":[{"count":4,"href":"https:\/\/agora.xtec.cat\/escrbcc\/wp-json\/wp\/v2\/pages\/21\/revisions"}],"predecessor-version":[{"id":1352,"href":"https:\/\/agora.xtec.cat\/escrbcc\/wp-json\/wp\/v2\/pages\/21\/revisions\/1352"}],"up":[{"embeddable":true,"href":"https:\/\/agora.xtec.cat\/escrbcc\/wp-json\/wp\/v2\/pages\/19"}],"wp:attachment":[{"href":"https:\/\/agora.xtec.cat\/escrbcc\/wp-json\/wp\/v2\/media?parent=21"}],"curies":[{"name":"wp","href":"https:\/\/api.w.org\/{rel}","templated":true}]}}