{"id":19,"date":"2014-09-17T14:56:56","date_gmt":"2014-09-17T14:56:56","guid":{"rendered":"http:\/\/agora.xtec.cat\/escrbcc\/?page_id=19"},"modified":"2017-02-15T22:58:16","modified_gmt":"2017-02-15T21:58:16","slug":"linstitut","status":"publish","type":"page","link":"https:\/\/agora.xtec.cat\/escrbcc\/linstitut\/","title":{"rendered":"L&#8217;Escola"},"content":{"rendered":"<p align=\"left\">L\u2019Escola Superior de Conservaci\u00f3 i Restauraci\u00f3 de B\u00e9ns Culturals de Catalunya (ESCRBCC)\u00a0neix per voluntat de la\u00a0Generalitat de Catalunya, com a conseq\u00fc\u00e8ncia de l\u2019evoluci\u00f3 del sector de la conservaci\u00f3 i restauraci\u00f3 que, degut als avan\u00e7os cient\u00edfics i a les noves tecnologies, ha motivat la necessitat de professionals altament qualificats.<\/p>\n<p align=\"left\">L\u2019ESCRBCC fou creada pel decret 252\/1991, de 25 de novembre (DOGC, n\u00fam. 1529 \u2013 13.12.1991), establint-se l\u2019inici d\u2019activitats a partir de la resoluci\u00f3 de 13 de gener de 1992 (DOGC, n\u00fam. 1.548 \u2013 29.01.1992).<\/p>\n","protected":false},"excerpt":{"rendered":"<p>L\u2019Escola Superior de Conservaci\u00f3 i Restauraci\u00f3 de B\u00e9ns Culturals de Catalunya (ESCRBCC)\u00a0neix per voluntat de la\u00a0Generalitat de Catalunya, com a conseq\u00fc\u00e8ncia de l\u2019evoluci\u00f3 del sector de la conservaci\u00f3 i restauraci\u00f3 que, degut als avan\u00e7os cient\u00edfics i a les noves tecnologies, ha motivat la necessitat de&hellip;  <a href=\"https:\/\/agora.xtec.cat\/escrbcc\/linstitut\/\" title=\"Read L&#8217;Escola\">Llegeix m\u00e9s\u00bb<\/a><\/p>\n","protected":false},"author":1,"featured_media":0,"parent":0,"menu_order":0,"comment_status":"closed","ping_status":"closed","template":"page-templates\/side-menu.php","meta":{"_bbp_topic_count":0,"_bbp_reply_count":0,"_bbp_total_topic_count":0,"_bbp_total_reply_count":0,"_bbp_voice_count":0,"_bbp_anonymous_reply_count":0,"_bbp_topic_count_hidden":0,"_bbp_reply_count_hidden":0,"_bbp_forum_subforum_count":0,"footnotes":""},"class_list":["post-19","page","type-page","status-publish","hentry"],"post_mailing_queue_ids":[],"_links":{"self":[{"href":"https:\/\/agora.xtec.cat\/escrbcc\/wp-json\/wp\/v2\/pages\/19","targetHints":{"allow":["GET"]}}],"collection":[{"href":"https:\/\/agora.xtec.cat\/escrbcc\/wp-json\/wp\/v2\/pages"}],"about":[{"href":"https:\/\/agora.xtec.cat\/escrbcc\/wp-json\/wp\/v2\/types\/page"}],"author":[{"embeddable":true,"href":"https:\/\/agora.xtec.cat\/escrbcc\/wp-json\/wp\/v2\/users\/1"}],"replies":[{"embeddable":true,"href":"https:\/\/agora.xtec.cat\/escrbcc\/wp-json\/wp\/v2\/comments?post=19"}],"version-history":[{"count":3,"href":"https:\/\/agora.xtec.cat\/escrbcc\/wp-json\/wp\/v2\/pages\/19\/revisions"}],"predecessor-version":[{"id":1333,"href":"https:\/\/agora.xtec.cat\/escrbcc\/wp-json\/wp\/v2\/pages\/19\/revisions\/1333"}],"wp:attachment":[{"href":"https:\/\/agora.xtec.cat\/escrbcc\/wp-json\/wp\/v2\/media?parent=19"}],"curies":[{"name":"wp","href":"https:\/\/api.w.org\/{rel}","templated":true}]}}