{"id":73,"date":"2014-09-18T14:01:51","date_gmt":"2014-09-18T13:01:51","guid":{"rendered":"http:\/\/agora.xtec.cat\/escramonfarrerons\/?page_id=73"},"modified":"2019-04-03T17:05:37","modified_gmt":"2019-04-03T15:05:37","slug":"menjador-escolar","status":"publish","type":"page","link":"https:\/\/agora.xtec.cat\/escramonfarrerons\/serveis\/menjador-escolar\/","title":{"rendered":"Menjador escolar"},"content":{"rendered":"<p>Sercodaga ofereix la\u00a0<strong>gesti\u00f3 integral del servei de cuina\/menjador <\/strong>a<strong>\u00a0<\/strong>la nostra escola: servei de c\u00e0tering i de monitoratge.<\/p>\n<p><strong>La prioritat s\u00f3n els infants<\/strong>, tenim en compte les seves necessitats evolutives i de creixement, tant individuals com de grup.\u00a0Amb la\u00a0 dietista-nutricionista s&#8217;elaboren els men\u00fas escolars, men\u00fas variats, equilibrats i a la vegada atractius per als nens.\u00a0Esprioritzen els productes de temporada, els productes frescos i de qualitat i s\u00f3n renovats mensualment.<\/p>\n<p>L\u2019objectiu \u00e9s que els infants estiguin ben atesos per l\u2019equip de monitors-educadors, i que gaudeixin d\u2019una dieta equilibrada, que tinguin temps de lleure i temps per descansar.<\/p>\n<p>Podeu consultar els men\u00fas mensuals a la web de <a href=\"https:\/\/reskyt.com\/ca\/catering\/sercodaga\/pagina-menas\/t-2694\"><em>Sercodaga<\/em><\/a>\u00a0o instal\u00b7lant l&#8217;aplicaci\u00f3 al vostre tel\u00e8fon m\u00f2bil.<\/p>\n<p>&nbsp;<\/p>\n<p>&nbsp;<\/p>\n","protected":false},"excerpt":{"rendered":"<p>Sercodaga ofereix la\u00a0gesti\u00f3 integral del servei de cuina\/menjador a\u00a0la nostra escola: servei de c\u00e0tering i de monitoratge.<br \/>\nLa prioritat s\u00f3n els infants, tenim en compte les seves necessitats evolutives i de creixement, tant individuals com de grup.\u00a0Amb la\u00a0 dietista-nutricionista s&#8217;elaboren els men\u00fas escolars, men\u00fas variats, equilibrats&hellip;  <a href=\"https:\/\/agora.xtec.cat\/escramonfarrerons\/serveis\/menjador-escolar\/\" title=\"Read Menjador escolar\">Llegeix m\u00e9s\u00bb<\/a><\/p>\n","protected":false},"author":1,"featured_media":0,"parent":66,"menu_order":30,"comment_status":"closed","ping_status":"closed","template":"page-templates\/side-menu.php","meta":{"_bbp_topic_count":0,"_bbp_reply_count":0,"_bbp_total_topic_count":0,"_bbp_total_reply_count":0,"_bbp_voice_count":0,"_bbp_anonymous_reply_count":0,"_bbp_topic_count_hidden":0,"_bbp_reply_count_hidden":0,"_bbp_forum_subforum_count":0,"footnotes":""},"class_list":["post-73","page","type-page","status-publish","hentry"],"post_mailing_queue_ids":[],"_links":{"self":[{"href":"https:\/\/agora.xtec.cat\/escramonfarrerons\/wp-json\/wp\/v2\/pages\/73","targetHints":{"allow":["GET"]}}],"collection":[{"href":"https:\/\/agora.xtec.cat\/escramonfarrerons\/wp-json\/wp\/v2\/pages"}],"about":[{"href":"https:\/\/agora.xtec.cat\/escramonfarrerons\/wp-json\/wp\/v2\/types\/page"}],"author":[{"embeddable":true,"href":"https:\/\/agora.xtec.cat\/escramonfarrerons\/wp-json\/wp\/v2\/users\/1"}],"replies":[{"embeddable":true,"href":"https:\/\/agora.xtec.cat\/escramonfarrerons\/wp-json\/wp\/v2\/comments?post=73"}],"version-history":[{"count":4,"href":"https:\/\/agora.xtec.cat\/escramonfarrerons\/wp-json\/wp\/v2\/pages\/73\/revisions"}],"predecessor-version":[{"id":2645,"href":"https:\/\/agora.xtec.cat\/escramonfarrerons\/wp-json\/wp\/v2\/pages\/73\/revisions\/2645"}],"up":[{"embeddable":true,"href":"https:\/\/agora.xtec.cat\/escramonfarrerons\/wp-json\/wp\/v2\/pages\/66"}],"wp:attachment":[{"href":"https:\/\/agora.xtec.cat\/escramonfarrerons\/wp-json\/wp\/v2\/media?parent=73"}],"curies":[{"name":"wp","href":"https:\/\/api.w.org\/{rel}","templated":true}]}}