{"id":5210,"date":"2021-10-06T11:00:33","date_gmt":"2021-10-06T09:00:33","guid":{"rendered":"https:\/\/agora.xtec.cat\/escramonfarrerons\/?page_id=5210"},"modified":"2022-09-07T16:13:28","modified_gmt":"2022-09-07T14:13:28","slug":"ampa","status":"publish","type":"page","link":"https:\/\/agora.xtec.cat\/escramonfarrerons\/ampa\/","title":{"rendered":"AMPA"},"content":{"rendered":"<p>A continuaci\u00f3, es publica l&#8217;acta de la junta directiva de l&#8217;AMPA Ramon Farrerons que es va celebrar el passat 28 d&#8217;agost de 2022. En l&#8217;ordre del dia d&#8217;aquesta reuni\u00f3 hi trobem:<\/p>\n<ol>\n<li>La valoraci\u00f3 de les propostes per a la prestaci\u00f3 del servei de menjador escolar pel curs 2022-23.<\/li>\n<li>L&#8217;adjudicaci\u00f3 de l&#8217;empresa per dur a terme aquesta prestaci\u00f3 de servei.<\/li>\n<\/ol>\n<p>Podeu consultar l&#8217;acta clicant el seg\u00fcent <a href=\"https:\/\/drive.google.com\/file\/d\/1Q3MO4HXZW_1Zppmxc6s_r4rDC7yTwzgC\/view?usp=sharing\"><strong>enlla\u00e7<\/strong><\/a>.<\/p>\n<p>&nbsp;<\/p>\n<hr \/>\n<p style=\"text-align: center;\">L&#8217;AMPA Ramon Farrerons fa p\u00fablica l&#8217;oferta d&#8217;activitats extraescolars que es duran a terme el curs 2022-23.<\/p>\n<p style=\"text-align: center;\">Poder consultar les activitats previstes cliclant sobre la imatge.<\/p>\n<p style=\"text-align: center;\">ANIMEU-VOS!<\/p>\n<p style=\"text-align: center;\"><strong>INSCRIPCIONS OBERTES FINS AL DIA 26 D&#8217;AGOST!<\/strong><\/p>\n<p style=\"text-align: center;\"><a href=\"https:\/\/drive.google.com\/file\/d\/1Msp8bD2-2L35KBF9YhQXQmRqS037Vcgh\/view?usp=sharing\"><img loading=\"lazy\" decoding=\"async\" class=\"alignnone wp-image-5630\" src=\"https:\/\/agora.xtec.cat\/escramonfarrerons\/wp-content\/uploads\/usu1824\/2022\/08\/Captura-de-pantalla-2022-08-20-a-les-13.28.41.png\" alt=\"\" width=\"710\" height=\"485\" srcset=\"https:\/\/agora.xtec.cat\/escramonfarrerons\/wp-content\/uploads\/usu1824\/2022\/08\/Captura-de-pantalla-2022-08-20-a-les-13.28.41.png 894w, https:\/\/agora.xtec.cat\/escramonfarrerons\/wp-content\/uploads\/usu1824\/2022\/08\/Captura-de-pantalla-2022-08-20-a-les-13.28.41-300x205.png 300w, https:\/\/agora.xtec.cat\/escramonfarrerons\/wp-content\/uploads\/usu1824\/2022\/08\/Captura-de-pantalla-2022-08-20-a-les-13.28.41-768x524.png 768w\" sizes=\"auto, (max-width: 710px) 100vw, 710px\" \/><\/a><\/p>\n<hr \/>\n<p style=\"text-align: justify;\">L&#8217;AMPA Escola Ramon Farrerons publica, a 28 de juliol de 2022, l&#8217;anunci d\u2019aprovaci\u00f3 de plecs i convocat\u00f2ria de licitaci\u00f3 del contracte per a la prestaci\u00f3 del servei\u00a0de menjador al centre educatiu Escola Ramon Farrerons de Bell-lloc d\u2019Urgell durant el curs escolar 2022-2023.<br \/>\nPer m\u00e9s informaci\u00f3 consultar el seg\u00fcent <strong><a href=\"https:\/\/drive.google.com\/file\/d\/1IJQ21U8rkQnpnMgz9g1AStk-93JdMBXx\/view\">ENLLA\u00c7<\/a><\/strong><\/p>\n<p style=\"text-align: justify;\"><a href=\"https:\/\/agora.xtec.cat\/escramonfarrerons\/wp-content\/uploads\/usu1824\/2022\/07\/6968253D-10C7-4D4B-92FE-E611D6CAE8D4.jpeg\"><img loading=\"lazy\" decoding=\"async\" class=\"wp-image-5624 aligncenter\" src=\"https:\/\/agora.xtec.cat\/escramonfarrerons\/wp-content\/uploads\/usu1824\/2022\/07\/6968253D-10C7-4D4B-92FE-E611D6CAE8D4.jpeg\" alt=\"\" width=\"732\" height=\"366\" srcset=\"https:\/\/agora.xtec.cat\/escramonfarrerons\/wp-content\/uploads\/usu1824\/2022\/07\/6968253D-10C7-4D4B-92FE-E611D6CAE8D4.jpeg 1280w, https:\/\/agora.xtec.cat\/escramonfarrerons\/wp-content\/uploads\/usu1824\/2022\/07\/6968253D-10C7-4D4B-92FE-E611D6CAE8D4-300x150.jpeg 300w, https:\/\/agora.xtec.cat\/escramonfarrerons\/wp-content\/uploads\/usu1824\/2022\/07\/6968253D-10C7-4D4B-92FE-E611D6CAE8D4-1024x512.jpeg 1024w, https:\/\/agora.xtec.cat\/escramonfarrerons\/wp-content\/uploads\/usu1824\/2022\/07\/6968253D-10C7-4D4B-92FE-E611D6CAE8D4-768x384.jpeg 768w\" sizes=\"auto, (max-width: 732px) 100vw, 732px\" \/><\/a><\/p>\n<p>&nbsp;<\/p>\n<hr \/>\n<p>&nbsp;<\/p>\n<p>&nbsp;<\/p>\n<p>&nbsp;<\/p>\n","protected":false},"excerpt":{"rendered":"<p>A continuaci\u00f3, es publica l&#8217;acta de la junta directiva de l&#8217;AMPA Ramon Farrerons que es va celebrar el passat 28 d&#8217;agost de 2022. En l&#8217;ordre del dia d&#8217;aquesta reuni\u00f3 hi trobem:<\/p>\n<ol>\n<li>La valoraci\u00f3 de les propostes per a la prestaci\u00f3 del servei de menjador escolar pel&hellip;  <a href=\"https:\/\/agora.xtec.cat\/escramonfarrerons\/ampa\/\" title=\"Read AMPA\">Llegeix m\u00e9s\u00bb<\/a><br \/>\n","protected":false},"author":7,"featured_media":0,"parent":0,"menu_order":0,"comment_status":"closed","ping_status":"closed","template":"","meta":{"_bbp_topic_count":0,"_bbp_reply_count":0,"_bbp_total_topic_count":0,"_bbp_total_reply_count":0,"_bbp_voice_count":0,"_bbp_anonymous_reply_count":0,"_bbp_topic_count_hidden":0,"_bbp_reply_count_hidden":0,"_bbp_forum_subforum_count":0,"footnotes":""},"class_list":["post-5210","page","type-page","status-publish","hentry"],"post_mailing_queue_ids":[],"_links":{"self":[{"href":"https:\/\/agora.xtec.cat\/escramonfarrerons\/wp-json\/wp\/v2\/pages\/5210","targetHints":{"allow":["GET"]}}],"collection":[{"href":"https:\/\/agora.xtec.cat\/escramonfarrerons\/wp-json\/wp\/v2\/pages"}],"about":[{"href":"https:\/\/agora.xtec.cat\/escramonfarrerons\/wp-json\/wp\/v2\/types\/page"}],"author":[{"embeddable":true,"href":"https:\/\/agora.xtec.cat\/escramonfarrerons\/wp-json\/wp\/v2\/users\/7"}],"replies":[{"embeddable":true,"href":"https:\/\/agora.xtec.cat\/escramonfarrerons\/wp-json\/wp\/v2\/comments?post=5210"}],"version-history":[{"count":3,"href":"https:\/\/agora.xtec.cat\/escramonfarrerons\/wp-json\/wp\/v2\/pages\/5210\/revisions"}],"predecessor-version":[{"id":5645,"href":"https:\/\/agora.xtec.cat\/escramonfarrerons\/wp-json\/wp\/v2\/pages\/5210\/revisions\/5645"}],"wp:attachment":[{"href":"https:\/\/agora.xtec.cat\/escramonfarrerons\/wp-json\/wp\/v2\/media?parent=5210"}],"curies":[{"name":"wp","href":"https:\/\/api.w.org\/{rel}","templated":true}]}}