{"id":2317,"date":"2018-10-31T10:03:49","date_gmt":"2018-10-31T09:03:49","guid":{"rendered":"http:\/\/agora.xtec.cat\/escramonfarrerons\/?page_id=2317"},"modified":"2025-11-01T19:49:09","modified_gmt":"2025-11-01T18:49:09","slug":"qui-som","status":"publish","type":"page","link":"https:\/\/agora.xtec.cat\/escramonfarrerons\/qui-som\/","title":{"rendered":"Qui som?"},"content":{"rendered":"<p style=\"text-align: left;\"><strong>EQUIP DIRECTIU:<\/strong><\/p>\n<ul>\n<li>Direcci\u00f3 centre: Eva Andreu<\/li>\n<li>Cap d&#8217;estudis: Laura Broto<\/li>\n<li>Secret\u00e0ria: Mireia Vilalta<\/li>\n<\/ul>\n<p><strong>TUTORIES ED. INFANTIL:<\/strong><\/p>\n<ul>\n<li>I3: Montse Menal.<\/li>\n<li>I4: Alba Ibarz_Coordinadora EI.<\/li>\n<li>I5: Mireia Vilalta.<\/li>\n<li>Suport EI: Rosa M. Meda.<\/li>\n<li>TEI: Maite Puig.<\/li>\n<\/ul>\n<p><strong>TUTORIES A ED. PRIM\u00c0RIA:<\/strong><\/p>\n<ul>\n<li>1r: V\u00edctor Rivero.<\/li>\n<li>2n: Neus Serradell.<\/li>\n<li>3r: Anna Ramon.<\/li>\n<li>4t: Ariadna Contreras_Coordinadora LIC.<\/li>\n<li>5\u00e8: N\u00faria Cir\u00e9s_ Coordinadora EP.<\/li>\n<li>6\u00e8: Adri\u00e0 Vallvey.<\/li>\n<li>Suport EP: Eva Andreu.<\/li>\n<\/ul>\n<p><strong>ESPECIALISTES:<\/strong><\/p>\n<ul>\n<li>Llengua estrangera_Angl\u00e8s: Roser Arqu\u00e9_Coordinadora TAC.<\/li>\n<li>Ed. F\u00edsica: Xavier Bach_<em>Coordinador RL<\/em><\/li>\n<li>M\u00fasica: Laura Broto.<\/li>\n<li>Religi\u00f3: Anna C\u00f2nsola.<\/li>\n<li>Ed. Especial: M\u00e0rius Visa.<\/li>\n<li>AEE: Anna Parra.<\/li>\n<li>TIS: Toni Vilalta.<\/li>\n<\/ul>\n<p><strong>INSPECCI\u00d3<\/strong>:<\/p>\n<ul>\n<li>Alba Castell\u00e0.<\/li>\n<\/ul>\n<p><strong>AUXILIAR ADMINISTRATIVA:<\/strong><\/p>\n<ul>\n<li>Anna Peir\u00f3.<\/li>\n<\/ul>\n<p><strong>SERVEIS EDUCATIUS EXTERNS:<\/strong><\/p>\n<ul>\n<li>EAP_Psic\u00f2loga: Judit Pons.<\/li>\n<li>Treballadora Social: Empar Gin\u00e9.<\/li>\n<li>Assessora LIC: Georgina Par\u00eds.<\/li>\n<li>Promotora escola: Lorena Bu\u00f1ales.<\/li>\n<li>CREDA: Xavier Pujades.<\/li>\n<li>CRP Pla Urgell: Anna Maci\u00e0 i Carme Jou.<\/li>\n<\/ul>\n<p><strong>MENJADOR<\/strong><\/p>\n<ul>\n<li>Monitoratge: Rosa Morales\/ Yolanda Bellet (coordinadora)\/ Nerea Mart\u00ednez<\/li>\n<\/ul>\n<p>&nbsp;<\/p>\n<p>&nbsp;<\/p>\n<p>&nbsp;<\/p>\n<p>&nbsp;<\/p>\n","protected":false},"excerpt":{"rendered":"<p>EQUIP DIRECTIU:<\/p>\n<ul>\n<li>Direcci\u00f3 centre: Eva Andreu<\/li>\n<li>Cap d&#8217;estudis: Laura Broto<\/li>\n<li>Secret\u00e0ria: Mireia Vilalta<\/li>\n<\/ul>\n<p>TUTORIES ED. INFANTIL:<\/p>\n<ul>\n<li>I3: Montse Menal.<\/li>\n<li>I4: Alba Ibarz_Coordinadora EI.<\/li>\n<li>I5: Mireia Vilalta.<\/li>\n<li>Suport EI: Rosa M. Meda.<\/li>\n<li>TEI: Maite Puig.<\/li>\n<\/ul>\n<p>TUTORIES A ED. PRIM\u00c0RIA:<\/p>\n<ul>\n<li>1r: V\u00edctor Rivero.<\/li>\n<li>2n: Neus Serradell.<\/li>\n<li>3r: Anna Ramon.<\/li>\n<li>4t: Ariadna Contreras_Coordinadora LIC.<\/li>\n<li>5\u00e8: N\u00faria Cir\u00e9s_ Coordinadora EP.<\/li>\n<li>6\u00e8: Adri\u00e0 Vallvey.<\/li>\n<li>Suport EP: Eva&hellip;  <a href=\"https:\/\/agora.xtec.cat\/escramonfarrerons\/qui-som\/\" title=\"Read Qui som?\">Llegeix m\u00e9s\u00bb<\/a><br \/>\n","protected":false},"author":7,"featured_media":0,"parent":0,"menu_order":0,"comment_status":"closed","ping_status":"closed","template":"","meta":{"_bbp_topic_count":0,"_bbp_reply_count":0,"_bbp_total_topic_count":0,"_bbp_total_reply_count":0,"_bbp_voice_count":0,"_bbp_anonymous_reply_count":0,"_bbp_topic_count_hidden":0,"_bbp_reply_count_hidden":0,"_bbp_forum_subforum_count":0,"footnotes":""},"class_list":["post-2317","page","type-page","status-publish","hentry"],"post_mailing_queue_ids":[],"_links":{"self":[{"href":"https:\/\/agora.xtec.cat\/escramonfarrerons\/wp-json\/wp\/v2\/pages\/2317","targetHints":{"allow":["GET"]}}],"collection":[{"href":"https:\/\/agora.xtec.cat\/escramonfarrerons\/wp-json\/wp\/v2\/pages"}],"about":[{"href":"https:\/\/agora.xtec.cat\/escramonfarrerons\/wp-json\/wp\/v2\/types\/page"}],"author":[{"embeddable":true,"href":"https:\/\/agora.xtec.cat\/escramonfarrerons\/wp-json\/wp\/v2\/users\/7"}],"replies":[{"embeddable":true,"href":"https:\/\/agora.xtec.cat\/escramonfarrerons\/wp-json\/wp\/v2\/comments?post=2317"}],"version-history":[{"count":9,"href":"https:\/\/agora.xtec.cat\/escramonfarrerons\/wp-json\/wp\/v2\/pages\/2317\/revisions"}],"predecessor-version":[{"id":6983,"href":"https:\/\/agora.xtec.cat\/escramonfarrerons\/wp-json\/wp\/v2\/pages\/2317\/revisions\/6983"}],"wp:attachment":[{"href":"https:\/\/agora.xtec.cat\/escramonfarrerons\/wp-json\/wp\/v2\/media?parent=2317"}],"curies":[{"name":"wp","href":"https:\/\/api.w.org\/{rel}","templated":true}]}}