{"id":87,"date":"2014-09-18T14:28:12","date_gmt":"2014-09-18T13:28:12","guid":{"rendered":"http:\/\/agora.xtec.cat\/escpompeuvalli\/?page_id=87"},"modified":"2017-05-11T19:06:59","modified_gmt":"2017-05-11T17:06:59","slug":"nivells","status":"publish","type":"page","link":"https:\/\/agora.xtec.cat\/escpompeuvalli\/nivells\/","title":{"rendered":"Nivells"},"content":{"rendered":"<p>De P3 a 6\u00e8 cada nivell t\u00e9 una p\u00e0gina pr\u00f2pia, que es creen mitjan\u00e7ant les categories.<\/p>\n<p>Endavant, indagueu-les!<\/p>\n<p>&nbsp;<\/p>\n<p><a href=\"http:\/\/agora.xtec.cat\/escpompeuvalli\/wp-content\/uploads\/usu6\/2014\/09\/albertbachiller.png\"><img loading=\"lazy\" decoding=\"async\" class=\"alignnone size-large wp-image-133\" src=\"http:\/\/agora.xtec.cat\/escpompeuvalli\/wp-content\/uploads\/usu6\/2014\/09\/albertbachiller-1024x221.png\" alt=\"Il\u00b7lustraci\u00f3 per Albert Bachiller\" width=\"1024\" height=\"221\" srcset=\"https:\/\/agora.xtec.cat\/escpompeuvalli\/wp-content\/uploads\/usu6\/2014\/09\/albertbachiller-1024x221.png 1024w, https:\/\/agora.xtec.cat\/escpompeuvalli\/wp-content\/uploads\/usu6\/2014\/09\/albertbachiller-300x64.png 300w, https:\/\/agora.xtec.cat\/escpompeuvalli\/wp-content\/uploads\/usu6\/2014\/09\/albertbachiller.png 1244w\" sizes=\"auto, (max-width: 1024px) 100vw, 1024px\" \/><\/a><\/p>\n","protected":false},"excerpt":{"rendered":"<p>De P3 a 6\u00e8 cada nivell t\u00e9 una p\u00e0gina pr\u00f2pia, que es creen mitjan\u00e7ant les categories. Endavant, indagueu-les! &nbsp;<\/p>\n","protected":false},"author":1,"featured_media":0,"parent":0,"menu_order":0,"comment_status":"closed","ping_status":"closed","template":"page-templates\/side-menu.php","meta":{"_bbp_topic_count":0,"_bbp_reply_count":0,"_bbp_total_topic_count":0,"_bbp_total_reply_count":0,"_bbp_voice_count":0,"_bbp_anonymous_reply_count":0,"_bbp_topic_count_hidden":0,"_bbp_reply_count_hidden":0,"_bbp_forum_subforum_count":0,"site-sidebar-layout":"default","site-content-layout":"","ast-site-content-layout":"","site-content-style":"default","site-sidebar-style":"default","ast-global-header-display":"","ast-banner-title-visibility":"","ast-main-header-display":"","ast-hfb-above-header-display":"","ast-hfb-below-header-display":"","ast-hfb-mobile-header-display":"","site-post-title":"","ast-breadcrumbs-content":"","ast-featured-img":"","footer-sml-layout":"","theme-transparent-header-meta":"","adv-header-id-meta":"","stick-header-meta":"","header-above-stick-meta":"","header-main-stick-meta":"","header-below-stick-meta":"","astra-migrate-meta-layouts":"default","ast-page-background-enabled":"default","ast-page-background-meta":{"desktop":{"background-color":"var(--ast-global-color-4)","background-image":"","background-repeat":"repeat","background-position":"center center","background-size":"auto","background-attachment":"scroll","background-type":"","background-media":"","overlay-type":"","overlay-color":"","overlay-opacity":"","overlay-gradient":""},"tablet":{"background-color":"","background-image":"","background-repeat":"repeat","background-position":"center center","background-size":"auto","background-attachment":"scroll","background-type":"","background-media":"","overlay-type":"","overlay-color":"","overlay-opacity":"","overlay-gradient":""},"mobile":{"background-color":"","background-image":"","background-repeat":"repeat","background-position":"center center","background-size":"auto","background-attachment":"scroll","background-type":"","background-media":"","overlay-type":"","overlay-color":"","overlay-opacity":"","overlay-gradient":""}},"ast-content-background-meta":{"desktop":{"background-color":"var(--ast-global-color-5)","background-image":"","background-repeat":"repeat","background-position":"center center","background-size":"auto","background-attachment":"scroll","background-type":"","background-media":"","overlay-type":"","overlay-color":"","overlay-opacity":"","overlay-gradient":""},"tablet":{"background-color":"var(--ast-global-color-5)","background-image":"","background-repeat":"repeat","background-position":"center center","background-size":"auto","background-attachment":"scroll","background-type":"","background-media":"","overlay-type":"","overlay-color":"","overlay-opacity":"","overlay-gradient":""},"mobile":{"background-color":"var(--ast-global-color-5)","background-image":"","background-repeat":"repeat","background-position":"center center","background-size":"auto","background-attachment":"scroll","background-type":"","background-media":"","overlay-type":"","overlay-color":"","overlay-opacity":"","overlay-gradient":""}},"footnotes":""},"class_list":["post-87","page","type-page","status-publish","hentry"],"post_mailing_queue_ids":[],"_links":{"self":[{"href":"https:\/\/agora.xtec.cat\/escpompeuvalli\/wp-json\/wp\/v2\/pages\/87","targetHints":{"allow":["GET"]}}],"collection":[{"href":"https:\/\/agora.xtec.cat\/escpompeuvalli\/wp-json\/wp\/v2\/pages"}],"about":[{"href":"https:\/\/agora.xtec.cat\/escpompeuvalli\/wp-json\/wp\/v2\/types\/page"}],"author":[{"embeddable":true,"href":"https:\/\/agora.xtec.cat\/escpompeuvalli\/wp-json\/wp\/v2\/users\/1"}],"replies":[{"embeddable":true,"href":"https:\/\/agora.xtec.cat\/escpompeuvalli\/wp-json\/wp\/v2\/comments?post=87"}],"version-history":[{"count":3,"href":"https:\/\/agora.xtec.cat\/escpompeuvalli\/wp-json\/wp\/v2\/pages\/87\/revisions"}],"predecessor-version":[{"id":548,"href":"https:\/\/agora.xtec.cat\/escpompeuvalli\/wp-json\/wp\/v2\/pages\/87\/revisions\/548"}],"wp:attachment":[{"href":"https:\/\/agora.xtec.cat\/escpompeuvalli\/wp-json\/wp\/v2\/media?parent=87"}],"curies":[{"name":"wp","href":"https:\/\/api.w.org\/{rel}","templated":true}]}}