{"id":727,"date":"2017-10-26T10:53:58","date_gmt":"2017-10-26T08:53:58","guid":{"rendered":"http:\/\/agora.xtec.cat\/escpompeuvalli\/?page_id=727"},"modified":"2020-01-27T15:30:29","modified_gmt":"2020-01-27T14:30:29","slug":"projecte-lletra-a-lletra","status":"publish","type":"page","link":"https:\/\/agora.xtec.cat\/escpompeuvalli\/projecte-lletra-a-lletra\/","title":{"rendered":"Projecte: &#8220;Lletra a lletra&#8221;"},"content":{"rendered":"<p>El projecte\u00a0<strong>Lletra a lletra fem municipi\u00a0<\/strong>de suport a les compet\u00e8ncies ling\u00fc\u00edstiques vol\u00a0contribuir a la\u00a0millora de l&#8217;\u00e8xit escolar i del rendiment educatiu\u00a0de l&#8217;alumnat de la demarcaci\u00f3 de Barcelona, a trav\u00e9s d&#8217;accions que promoguin i acompanyin els processos d&#8217;aprenentatge de les diferents dimensions d&#8217;aquesta compet\u00e8ncia: comunicaci\u00f3 oral, comprensi\u00f3 lectora, expressi\u00f3 escrita, liter\u00e0ria i pluriling\u00fce i intercultural.<\/p>\n<p>L&#8217;escenari on es desenvolupa aquest suport \u00e9s el territori, amb l&#8217;actuaci\u00f3 conjunta de tots els agents i serveis educatius. El projecte t\u00e9 especialment en compte les biblioteques com a equipament educatiu municipal, els centres educatius i els ens locals.<\/p>\n<p>El tema sobre el que es treballar\u00e0 en aquesta nova edici\u00f3 del projecte \u00e9s el\u00a0<strong>municipi<\/strong>. L\u2019alumnat cercar\u00e0 informaci\u00f3 a partir de diverses fonts sobre aspectes significatius del seu municipi i crearan la seva pr\u00f2pia obra, compartint els aprenentatges realitzats amb la resta de la poblaci\u00f3.<\/p>\n<p>A l&#8217;escola, aquest projecte se seguir\u00e0 realitzant al 2n curs d&#8217;Educaci\u00f3 Prim\u00e0ria.<\/p>\n<p>A continuaci\u00f3, teniu m\u00e9s informaci\u00f3 del proc\u00e9s de treball:<\/p>\n<p style=\"text-align: center;\"><a href=\"http:\/\/agora.xtec.cat\/escpompeuvalli\/wp-content\/uploads\/usu6\/2017\/10\/Autors-locals.pdf\">Autors locals<\/a><\/p>\n<p style=\"text-align: center;\"><a href=\"http:\/\/agora.xtec.cat\/escpompeuvalli\/wp-content\/uploads\/usu6\/2017\/06\/IMG_25552.jpg\"><img loading=\"lazy\" decoding=\"async\" class=\"alignnone wp-image-602\" src=\"http:\/\/agora.xtec.cat\/escpompeuvalli\/wp-content\/uploads\/usu6\/2017\/06\/IMG_25552-1024x683.jpg\" alt=\"\" width=\"555\" height=\"370\" srcset=\"https:\/\/agora.xtec.cat\/escpompeuvalli\/wp-content\/uploads\/usu6\/2017\/06\/IMG_25552-1024x683.jpg 1024w, https:\/\/agora.xtec.cat\/escpompeuvalli\/wp-content\/uploads\/usu6\/2017\/06\/IMG_25552-300x200.jpg 300w, https:\/\/agora.xtec.cat\/escpompeuvalli\/wp-content\/uploads\/usu6\/2017\/06\/IMG_25552-768x512.jpg 768w\" sizes=\"auto, (max-width: 555px) 100vw, 555px\" \/><\/a><\/p>\n<p style=\"text-align: center;\">EMPARAULEM-NOS<\/p>\n<p>&nbsp;<\/p>\n<p><a href=\"https:\/\/agora.xtec.cat\/escpompeuvalli\/wp-content\/uploads\/usu6\/2020\/01\/IMG_20190531_151622.jpg\"><img loading=\"lazy\" decoding=\"async\" class=\"wp-image-3645 aligncenter\" src=\"https:\/\/agora.xtec.cat\/escpompeuvalli\/wp-content\/uploads\/usu6\/2020\/01\/IMG_20190531_151622-1024x768.jpg\" alt=\"\" width=\"517\" height=\"388\" srcset=\"https:\/\/agora.xtec.cat\/escpompeuvalli\/wp-content\/uploads\/usu6\/2020\/01\/IMG_20190531_151622-1024x768.jpg 1024w, https:\/\/agora.xtec.cat\/escpompeuvalli\/wp-content\/uploads\/usu6\/2020\/01\/IMG_20190531_151622-300x225.jpg 300w, https:\/\/agora.xtec.cat\/escpompeuvalli\/wp-content\/uploads\/usu6\/2020\/01\/IMG_20190531_151622-768x576.jpg 768w, https:\/\/agora.xtec.cat\/escpompeuvalli\/wp-content\/uploads\/usu6\/2020\/01\/IMG_20190531_151622-200x150.jpg 200w\" sizes=\"auto, (max-width: 517px) 100vw, 517px\" \/><\/a><\/p>\n<p>&nbsp;<\/p>\n<p>&nbsp;<\/p>\n","protected":false},"excerpt":{"rendered":"<p>El projecte\u00a0Lletra a lletra fem municipi\u00a0de suport a les compet\u00e8ncies ling\u00fc\u00edstiques vol\u00a0contribuir a la\u00a0millora de l&#8217;\u00e8xit escolar i del rendiment educatiu\u00a0de l&#8217;alumnat de la demarcaci\u00f3 de Barcelona, a trav\u00e9s d&#8217;accions que promoguin i acompanyin els processos d&#8217;aprenentatge de les diferents dimensions d&#8217;aquesta compet\u00e8ncia: comunicaci\u00f3 oral, comprensi\u00f3 lectora, expressi\u00f3 escrita, liter\u00e0ria i pluriling\u00fce i intercultural. L&#8217;escenari [&hellip;]<\/p>\n","protected":false},"author":1,"featured_media":0,"parent":0,"menu_order":0,"comment_status":"closed","ping_status":"closed","template":"","meta":{"_bbp_topic_count":0,"_bbp_reply_count":0,"_bbp_total_topic_count":0,"_bbp_total_reply_count":0,"_bbp_voice_count":0,"_bbp_anonymous_reply_count":0,"_bbp_topic_count_hidden":0,"_bbp_reply_count_hidden":0,"_bbp_forum_subforum_count":0,"site-sidebar-layout":"default","site-content-layout":"","ast-site-content-layout":"","site-content-style":"default","site-sidebar-style":"default","ast-global-header-display":"","ast-banner-title-visibility":"","ast-main-header-display":"","ast-hfb-above-header-display":"","ast-hfb-below-header-display":"","ast-hfb-mobile-header-display":"","site-post-title":"","ast-breadcrumbs-content":"","ast-featured-img":"","footer-sml-layout":"","theme-transparent-header-meta":"","adv-header-id-meta":"","stick-header-meta":"","header-above-stick-meta":"","header-main-stick-meta":"","header-below-stick-meta":"","astra-migrate-meta-layouts":"default","ast-page-background-enabled":"default","ast-page-background-meta":{"desktop":{"background-color":"var(--ast-global-color-4)","background-image":"","background-repeat":"repeat","background-position":"center center","background-size":"auto","background-attachment":"scroll","background-type":"","background-media":"","overlay-type":"","overlay-color":"","overlay-opacity":"","overlay-gradient":""},"tablet":{"background-color":"","background-image":"","background-repeat":"repeat","background-position":"center center","background-size":"auto","background-attachment":"scroll","background-type":"","background-media":"","overlay-type":"","overlay-color":"","overlay-opacity":"","overlay-gradient":""},"mobile":{"background-color":"","background-image":"","background-repeat":"repeat","background-position":"center center","background-size":"auto","background-attachment":"scroll","background-type":"","background-media":"","overlay-type":"","overlay-color":"","overlay-opacity":"","overlay-gradient":""}},"ast-content-background-meta":{"desktop":{"background-color":"var(--ast-global-color-5)","background-image":"","background-repeat":"repeat","background-position":"center center","background-size":"auto","background-attachment":"scroll","background-type":"","background-media":"","overlay-type":"","overlay-color":"","overlay-opacity":"","overlay-gradient":""},"tablet":{"background-color":"var(--ast-global-color-5)","background-image":"","background-repeat":"repeat","background-position":"center center","background-size":"auto","background-attachment":"scroll","background-type":"","background-media":"","overlay-type":"","overlay-color":"","overlay-opacity":"","overlay-gradient":""},"mobile":{"background-color":"var(--ast-global-color-5)","background-image":"","background-repeat":"repeat","background-position":"center center","background-size":"auto","background-attachment":"scroll","background-type":"","background-media":"","overlay-type":"","overlay-color":"","overlay-opacity":"","overlay-gradient":""}},"footnotes":""},"class_list":["post-727","page","type-page","status-publish","hentry"],"post_mailing_queue_ids":[],"_links":{"self":[{"href":"https:\/\/agora.xtec.cat\/escpompeuvalli\/wp-json\/wp\/v2\/pages\/727","targetHints":{"allow":["GET"]}}],"collection":[{"href":"https:\/\/agora.xtec.cat\/escpompeuvalli\/wp-json\/wp\/v2\/pages"}],"about":[{"href":"https:\/\/agora.xtec.cat\/escpompeuvalli\/wp-json\/wp\/v2\/types\/page"}],"author":[{"embeddable":true,"href":"https:\/\/agora.xtec.cat\/escpompeuvalli\/wp-json\/wp\/v2\/users\/1"}],"replies":[{"embeddable":true,"href":"https:\/\/agora.xtec.cat\/escpompeuvalli\/wp-json\/wp\/v2\/comments?post=727"}],"version-history":[{"count":2,"href":"https:\/\/agora.xtec.cat\/escpompeuvalli\/wp-json\/wp\/v2\/pages\/727\/revisions"}],"predecessor-version":[{"id":3646,"href":"https:\/\/agora.xtec.cat\/escpompeuvalli\/wp-json\/wp\/v2\/pages\/727\/revisions\/3646"}],"wp:attachment":[{"href":"https:\/\/agora.xtec.cat\/escpompeuvalli\/wp-json\/wp\/v2\/media?parent=727"}],"curies":[{"name":"wp","href":"https:\/\/api.w.org\/{rel}","templated":true}]}}