{"id":66,"date":"2014-09-18T12:40:47","date_gmt":"2014-09-18T11:40:47","guid":{"rendered":"http:\/\/agora.xtec.cat\/escpompeuvalli\/?page_id=66"},"modified":"2017-05-07T19:49:07","modified_gmt":"2017-05-07T17:49:07","slug":"serveis","status":"publish","type":"page","link":"https:\/\/agora.xtec.cat\/escpompeuvalli\/serveis\/","title":{"rendered":"Serveis"},"content":{"rendered":"<p>Els nostres serveis s\u00f3n:<\/p>\n<ul>\n<li>MENJADOR. El servei de menjador \u00e9s el responsable dels alumnes que durant les hores dels migdia \u00e9s queden en el centre. Durant aquestes dues hores i mitja els alumnes dinen i fan activitats de lleure dirigides per l\u2019equip de monitores. Aquest servei est\u00e0 gestionat per una empresa privada contractada per l\u2019escola. Un equip de monitores titulades vetlla pel compliment de les normes higi\u00e8niques i d\u2019educaci\u00f3 pr\u00f2pies de la nostra societat mentre els nens i nenes dinen i la resta de l\u2019estona la dediquen a realitzar les activitats de lleure que tenen programades per als alumnes.<\/li>\n<\/ul>\n<ul>\n<li>SERVEI D\u2019ACOLLIDA. L\u2019escola organitza un servei d\u2019acollida pels alumnes que ho necessitin, en horari de mat\u00ed (de 8 a 9 h).<\/li>\n<\/ul>\n","protected":false},"excerpt":{"rendered":"<p>Els nostres serveis s\u00f3n: MENJADOR. El servei de menjador \u00e9s el responsable dels alumnes que durant les hores dels migdia \u00e9s queden en el centre. Durant aquestes dues hores i mitja els alumnes dinen i fan activitats de lleure dirigides per l\u2019equip de monitores. Aquest servei est\u00e0 gestionat per una empresa privada contractada per l\u2019escola. [&hellip;]<\/p>\n","protected":false},"author":1,"featured_media":0,"parent":0,"menu_order":0,"comment_status":"closed","ping_status":"closed","template":"page-templates\/side-menu.php","meta":{"_bbp_topic_count":0,"_bbp_reply_count":0,"_bbp_total_topic_count":0,"_bbp_total_reply_count":0,"_bbp_voice_count":0,"_bbp_anonymous_reply_count":0,"_bbp_topic_count_hidden":0,"_bbp_reply_count_hidden":0,"_bbp_forum_subforum_count":0,"site-sidebar-layout":"default","site-content-layout":"","ast-site-content-layout":"","site-content-style":"default","site-sidebar-style":"default","ast-global-header-display":"","ast-banner-title-visibility":"","ast-main-header-display":"","ast-hfb-above-header-display":"","ast-hfb-below-header-display":"","ast-hfb-mobile-header-display":"","site-post-title":"","ast-breadcrumbs-content":"","ast-featured-img":"","footer-sml-layout":"","theme-transparent-header-meta":"","adv-header-id-meta":"","stick-header-meta":"","header-above-stick-meta":"","header-main-stick-meta":"","header-below-stick-meta":"","astra-migrate-meta-layouts":"default","ast-page-background-enabled":"default","ast-page-background-meta":{"desktop":{"background-color":"var(--ast-global-color-4)","background-image":"","background-repeat":"repeat","background-position":"center center","background-size":"auto","background-attachment":"scroll","background-type":"","background-media":"","overlay-type":"","overlay-color":"","overlay-opacity":"","overlay-gradient":""},"tablet":{"background-color":"","background-image":"","background-repeat":"repeat","background-position":"center center","background-size":"auto","background-attachment":"scroll","background-type":"","background-media":"","overlay-type":"","overlay-color":"","overlay-opacity":"","overlay-gradient":""},"mobile":{"background-color":"","background-image":"","background-repeat":"repeat","background-position":"center center","background-size":"auto","background-attachment":"scroll","background-type":"","background-media":"","overlay-type":"","overlay-color":"","overlay-opacity":"","overlay-gradient":""}},"ast-content-background-meta":{"desktop":{"background-color":"var(--ast-global-color-5)","background-image":"","background-repeat":"repeat","background-position":"center center","background-size":"auto","background-attachment":"scroll","background-type":"","background-media":"","overlay-type":"","overlay-color":"","overlay-opacity":"","overlay-gradient":""},"tablet":{"background-color":"var(--ast-global-color-5)","background-image":"","background-repeat":"repeat","background-position":"center center","background-size":"auto","background-attachment":"scroll","background-type":"","background-media":"","overlay-type":"","overlay-color":"","overlay-opacity":"","overlay-gradient":""},"mobile":{"background-color":"var(--ast-global-color-5)","background-image":"","background-repeat":"repeat","background-position":"center center","background-size":"auto","background-attachment":"scroll","background-type":"","background-media":"","overlay-type":"","overlay-color":"","overlay-opacity":"","overlay-gradient":""}},"footnotes":""},"class_list":["post-66","page","type-page","status-publish","hentry"],"post_mailing_queue_ids":[],"_links":{"self":[{"href":"https:\/\/agora.xtec.cat\/escpompeuvalli\/wp-json\/wp\/v2\/pages\/66","targetHints":{"allow":["GET"]}}],"collection":[{"href":"https:\/\/agora.xtec.cat\/escpompeuvalli\/wp-json\/wp\/v2\/pages"}],"about":[{"href":"https:\/\/agora.xtec.cat\/escpompeuvalli\/wp-json\/wp\/v2\/types\/page"}],"author":[{"embeddable":true,"href":"https:\/\/agora.xtec.cat\/escpompeuvalli\/wp-json\/wp\/v2\/users\/1"}],"replies":[{"embeddable":true,"href":"https:\/\/agora.xtec.cat\/escpompeuvalli\/wp-json\/wp\/v2\/comments?post=66"}],"version-history":[{"count":3,"href":"https:\/\/agora.xtec.cat\/escpompeuvalli\/wp-json\/wp\/v2\/pages\/66\/revisions"}],"predecessor-version":[{"id":536,"href":"https:\/\/agora.xtec.cat\/escpompeuvalli\/wp-json\/wp\/v2\/pages\/66\/revisions\/536"}],"wp:attachment":[{"href":"https:\/\/agora.xtec.cat\/escpompeuvalli\/wp-json\/wp\/v2\/media?parent=66"}],"curies":[{"name":"wp","href":"https:\/\/api.w.org\/{rel}","templated":true}]}}