{"id":523,"date":"2017-05-07T19:02:47","date_gmt":"2017-05-07T17:02:47","guid":{"rendered":"http:\/\/agora.xtec.cat\/escpompeuvalli\/?page_id=523"},"modified":"2018-03-01T20:56:39","modified_gmt":"2018-03-01T19:56:39","slug":"ampa","status":"publish","type":"page","link":"https:\/\/agora.xtec.cat\/escpompeuvalli\/ampa\/","title":{"rendered":"Som l&#8217;AMPA"},"content":{"rendered":"<p>Benvinguts i benvingudes a la p\u00e0gina de l&#8217;AMPA de l&#8217;escola Pompeu Fabra, de Vallirana.<\/p>\n<p><a href=\"http:\/\/agora.xtec.cat\/escpompeuvalli\/wp-content\/uploads\/usu6\/2017\/03\/jornada-pintura.jpg\"><img loading=\"lazy\" decoding=\"async\" class=\"size-full wp-image-488 aligncenter\" src=\"http:\/\/agora.xtec.cat\/escpompeuvalli\/wp-content\/uploads\/usu6\/2017\/03\/jornada-pintura.jpg\" alt=\"\" width=\"1008\" height=\"756\" srcset=\"https:\/\/agora.xtec.cat\/escpompeuvalli\/wp-content\/uploads\/usu6\/2017\/03\/jornada-pintura.jpg 1008w, https:\/\/agora.xtec.cat\/escpompeuvalli\/wp-content\/uploads\/usu6\/2017\/03\/jornada-pintura-300x225.jpg 300w, https:\/\/agora.xtec.cat\/escpompeuvalli\/wp-content\/uploads\/usu6\/2017\/03\/jornada-pintura-768x576.jpg 768w, https:\/\/agora.xtec.cat\/escpompeuvalli\/wp-content\/uploads\/usu6\/2017\/03\/jornada-pintura-200x150.jpg 200w\" sizes=\"auto, (max-width: 1008px) 100vw, 1008px\" \/><\/a><\/p>\n<p style=\"text-align: center;\"><a href=\"http:\/\/agora.xtec.cat\/escpompeuvalli\/wp-content\/uploads\/usu6\/2017\/05\/IIjornades-arranjaments.jpg\"><img loading=\"lazy\" decoding=\"async\" class=\"alignnone size-large wp-image-1478\" src=\"http:\/\/agora.xtec.cat\/escpompeuvalli\/wp-content\/uploads\/usu6\/2017\/05\/IIjornades-arranjaments-1024x768.jpg\" alt=\"\" width=\"1024\" height=\"768\" srcset=\"https:\/\/agora.xtec.cat\/escpompeuvalli\/wp-content\/uploads\/usu6\/2017\/05\/IIjornades-arranjaments-1024x768.jpg 1024w, https:\/\/agora.xtec.cat\/escpompeuvalli\/wp-content\/uploads\/usu6\/2017\/05\/IIjornades-arranjaments-300x225.jpg 300w, https:\/\/agora.xtec.cat\/escpompeuvalli\/wp-content\/uploads\/usu6\/2017\/05\/IIjornades-arranjaments-768x576.jpg 768w, https:\/\/agora.xtec.cat\/escpompeuvalli\/wp-content\/uploads\/usu6\/2017\/05\/IIjornades-arranjaments-200x150.jpg 200w\" sizes=\"auto, (max-width: 1024px) 100vw, 1024px\" \/><\/a><\/p>\n<p style=\"text-align: center;\">Al mateix temps, aqu\u00ed teniu la p\u00e0gina amb les novetats que anem publicant!<\/p>\n<p style=\"text-align: center;\"><a href=\"http:\/\/agora.xtec.cat\/escpompeuvalli\/categoria\/ampa\/\">http:\/\/agora.xtec.cat\/escpompeuvalli\/categoria\/ampa\/<\/a><\/p>\n","protected":false},"excerpt":{"rendered":"<p>Benvinguts i benvingudes a la p\u00e0gina de l&#8217;AMPA de l&#8217;escola Pompeu Fabra, de Vallirana. Al mateix temps, aqu\u00ed teniu la p\u00e0gina amb les novetats que anem publicant! http:\/\/agora.xtec.cat\/escpompeuvalli\/categoria\/ampa\/<\/p>\n","protected":false},"author":1,"featured_media":0,"parent":0,"menu_order":0,"comment_status":"closed","ping_status":"closed","template":"","meta":{"_bbp_topic_count":0,"_bbp_reply_count":0,"_bbp_total_topic_count":0,"_bbp_total_reply_count":0,"_bbp_voice_count":0,"_bbp_anonymous_reply_count":0,"_bbp_topic_count_hidden":0,"_bbp_reply_count_hidden":0,"_bbp_forum_subforum_count":0,"site-sidebar-layout":"default","site-content-layout":"","ast-site-content-layout":"","site-content-style":"default","site-sidebar-style":"default","ast-global-header-display":"","ast-banner-title-visibility":"","ast-main-header-display":"","ast-hfb-above-header-display":"","ast-hfb-below-header-display":"","ast-hfb-mobile-header-display":"","site-post-title":"","ast-breadcrumbs-content":"","ast-featured-img":"","footer-sml-layout":"","theme-transparent-header-meta":"","adv-header-id-meta":"","stick-header-meta":"","header-above-stick-meta":"","header-main-stick-meta":"","header-below-stick-meta":"","astra-migrate-meta-layouts":"default","ast-page-background-enabled":"default","ast-page-background-meta":{"desktop":{"background-color":"var(--ast-global-color-4)","background-image":"","background-repeat":"repeat","background-position":"center center","background-size":"auto","background-attachment":"scroll","background-type":"","background-media":"","overlay-type":"","overlay-color":"","overlay-opacity":"","overlay-gradient":""},"tablet":{"background-color":"","background-image":"","background-repeat":"repeat","background-position":"center center","background-size":"auto","background-attachment":"scroll","background-type":"","background-media":"","overlay-type":"","overlay-color":"","overlay-opacity":"","overlay-gradient":""},"mobile":{"background-color":"","background-image":"","background-repeat":"repeat","background-position":"center center","background-size":"auto","background-attachment":"scroll","background-type":"","background-media":"","overlay-type":"","overlay-color":"","overlay-opacity":"","overlay-gradient":""}},"ast-content-background-meta":{"desktop":{"background-color":"var(--ast-global-color-5)","background-image":"","background-repeat":"repeat","background-position":"center center","background-size":"auto","background-attachment":"scroll","background-type":"","background-media":"","overlay-type":"","overlay-color":"","overlay-opacity":"","overlay-gradient":""},"tablet":{"background-color":"var(--ast-global-color-5)","background-image":"","background-repeat":"repeat","background-position":"center center","background-size":"auto","background-attachment":"scroll","background-type":"","background-media":"","overlay-type":"","overlay-color":"","overlay-opacity":"","overlay-gradient":""},"mobile":{"background-color":"var(--ast-global-color-5)","background-image":"","background-repeat":"repeat","background-position":"center center","background-size":"auto","background-attachment":"scroll","background-type":"","background-media":"","overlay-type":"","overlay-color":"","overlay-opacity":"","overlay-gradient":""}},"footnotes":""},"class_list":["post-523","page","type-page","status-publish","hentry"],"post_mailing_queue_ids":[],"_links":{"self":[{"href":"https:\/\/agora.xtec.cat\/escpompeuvalli\/wp-json\/wp\/v2\/pages\/523","targetHints":{"allow":["GET"]}}],"collection":[{"href":"https:\/\/agora.xtec.cat\/escpompeuvalli\/wp-json\/wp\/v2\/pages"}],"about":[{"href":"https:\/\/agora.xtec.cat\/escpompeuvalli\/wp-json\/wp\/v2\/types\/page"}],"author":[{"embeddable":true,"href":"https:\/\/agora.xtec.cat\/escpompeuvalli\/wp-json\/wp\/v2\/users\/1"}],"replies":[{"embeddable":true,"href":"https:\/\/agora.xtec.cat\/escpompeuvalli\/wp-json\/wp\/v2\/comments?post=523"}],"version-history":[{"count":3,"href":"https:\/\/agora.xtec.cat\/escpompeuvalli\/wp-json\/wp\/v2\/pages\/523\/revisions"}],"predecessor-version":[{"id":1480,"href":"https:\/\/agora.xtec.cat\/escpompeuvalli\/wp-json\/wp\/v2\/pages\/523\/revisions\/1480"}],"wp:attachment":[{"href":"https:\/\/agora.xtec.cat\/escpompeuvalli\/wp-json\/wp\/v2\/media?parent=523"}],"curies":[{"name":"wp","href":"https:\/\/api.w.org\/{rel}","templated":true}]}}