{"id":28,"date":"2014-09-18T12:29:35","date_gmt":"2014-09-18T11:29:35","guid":{"rendered":"http:\/\/agora.xtec.cat\/escpompeuvalli\/?page_id=28"},"modified":"2026-01-29T09:32:19","modified_gmt":"2026-01-29T08:32:19","slug":"consell-escolar","status":"publish","type":"page","link":"https:\/\/agora.xtec.cat\/escpompeuvalli\/lescola\/consell-escolar\/","title":{"rendered":"Consell escolar"},"content":{"rendered":"<p style=\"color: #444444;\">El Consell Escolar de l&#8217;escola Pompeu Fabra (Vallirana) est\u00e0 format pels membres seg\u00fcents:<\/p>\n<table style=\"height: 244px; border-color: #000000; width: 792px;\">\n<tbody>\n<tr>\n<td style=\"width: 205px;\"><strong>Equip directiu<\/strong><\/td>\n<td style=\"width: 579px;\">\n<ul>\n<li>Jenifer Parrilla Berm\u00fadez (Presidenta)<\/li>\n<li>Sandra Moreno Chavero(Cap d&#8217;Estudis)<\/li>\n<li>Carolina Varela Zarco (Secret\u00e0ria)<\/li>\n<\/ul>\n<\/td>\n<\/tr>\n<tr>\n<td style=\"width: 205px;\"><strong>Ajuntament<\/strong><\/td>\n<td style=\"width: 579px;\">\n<ul>\n<li>H\u00e9ctor Mena Chueco (Regidor d&#8217;educaci\u00f3)<\/li>\n<\/ul>\n<\/td>\n<\/tr>\n<tr>\n<td style=\"width: 205px;\"><strong>PAS<\/strong><\/td>\n<td style=\"width: 579px;\">\n<ul>\n<li>Carolina Toledo Plata (Administrativa)<\/li>\n<\/ul>\n<\/td>\n<\/tr>\n<tr>\n<td style=\"width: 205px;\"><strong>Pares i mares<\/strong><\/td>\n<td style=\"width: 579px;\">\n<ul>\n<li>Estefan\u00eda Barrera Cuesta<\/li>\n<li>Jennifer Carmona Roig<\/li>\n<li>Jessica del Pino<\/li>\n<li>Gemma Also<\/li>\n<li>Alberto Alonso Mart\u00edn<\/li>\n<\/ul>\n<\/td>\n<\/tr>\n<tr>\n<td style=\"width: 205px;\"><strong>AMPA<\/strong><\/td>\n<td style=\"width: 579px;\">\n<ul>\n<li>Ra\u00fal Redondo<\/li>\n<\/ul>\n<\/td>\n<\/tr>\n<tr>\n<td style=\"width: 205px;\"><strong>Mestres<\/strong><\/td>\n<td style=\"width: 579px;\">\n<ul>\n<li>Nerea Garc\u00eda<\/li>\n<li>N\u00faria Tudela Pallerola<\/li>\n<li>Ang\u00e8lica Moreno Bru\u00f1a<\/li>\n<li>Mireia Ferrer<\/li>\n<\/ul>\n<\/td>\n<\/tr>\n<tr>\n<td style=\"width: 205px;\"><strong>Referent en coeducaci\u00f3<\/strong><\/td>\n<td style=\"width: 579px;\">\n<ul>\n<li>Lara Calduch<\/li>\n<\/ul>\n<\/td>\n<\/tr>\n<\/tbody>\n<\/table>\n<p style=\"color: #444444;\">\n","protected":false},"excerpt":{"rendered":"<p>El Consell Escolar de l&#8217;escola Pompeu Fabra (Vallirana) est\u00e0 format pels membres seg\u00fcents: Equip directiu Jenifer Parrilla Berm\u00fadez (Presidenta) Sandra Moreno Chavero(Cap d&#8217;Estudis) Carolina Varela Zarco (Secret\u00e0ria) Ajuntament H\u00e9ctor Mena Chueco (Regidor d&#8217;educaci\u00f3) PAS Carolina Toledo Plata (Administrativa) Pares i mares Estefan\u00eda Barrera Cuesta Jennifer Carmona Roig Jessica del Pino Gemma Also Alberto Alonso Mart\u00edn [&hellip;]<\/p>\n","protected":false},"author":1,"featured_media":0,"parent":22,"menu_order":30,"comment_status":"closed","ping_status":"closed","template":"","meta":{"_bbp_topic_count":0,"_bbp_reply_count":0,"_bbp_total_topic_count":0,"_bbp_total_reply_count":0,"_bbp_voice_count":0,"_bbp_anonymous_reply_count":0,"_bbp_topic_count_hidden":0,"_bbp_reply_count_hidden":0,"_bbp_forum_subforum_count":0,"site-sidebar-layout":"default","site-content-layout":"","ast-site-content-layout":"default","site-content-style":"default","site-sidebar-style":"default","ast-global-header-display":"","ast-banner-title-visibility":"","ast-main-header-display":"","ast-hfb-above-header-display":"","ast-hfb-below-header-display":"","ast-hfb-mobile-header-display":"","site-post-title":"","ast-breadcrumbs-content":"","ast-featured-img":"","footer-sml-layout":"","theme-transparent-header-meta":"default","adv-header-id-meta":"","stick-header-meta":"","header-above-stick-meta":"","header-main-stick-meta":"","header-below-stick-meta":"","astra-migrate-meta-layouts":"set","ast-page-background-enabled":"default","ast-page-background-meta":{"desktop":{"background-color":"var(--ast-global-color-4)","background-image":"","background-repeat":"repeat","background-position":"center center","background-size":"auto","background-attachment":"scroll","background-type":"","background-media":"","overlay-type":"","overlay-color":"","overlay-opacity":"","overlay-gradient":""},"tablet":{"background-color":"","background-image":"","background-repeat":"repeat","background-position":"center center","background-size":"auto","background-attachment":"scroll","background-type":"","background-media":"","overlay-type":"","overlay-color":"","overlay-opacity":"","overlay-gradient":""},"mobile":{"background-color":"","background-image":"","background-repeat":"repeat","background-position":"center center","background-size":"auto","background-attachment":"scroll","background-type":"","background-media":"","overlay-type":"","overlay-color":"","overlay-opacity":"","overlay-gradient":""}},"ast-content-background-meta":{"desktop":{"background-color":"var(--ast-global-color-5)","background-image":"","background-repeat":"repeat","background-position":"center center","background-size":"auto","background-attachment":"scroll","background-type":"","background-media":"","overlay-type":"","overlay-color":"","overlay-opacity":"","overlay-gradient":""},"tablet":{"background-color":"var(--ast-global-color-5)","background-image":"","background-repeat":"repeat","background-position":"center center","background-size":"auto","background-attachment":"scroll","background-type":"","background-media":"","overlay-type":"","overlay-color":"","overlay-opacity":"","overlay-gradient":""},"mobile":{"background-color":"var(--ast-global-color-5)","background-image":"","background-repeat":"repeat","background-position":"center center","background-size":"auto","background-attachment":"scroll","background-type":"","background-media":"","overlay-type":"","overlay-color":"","overlay-opacity":"","overlay-gradient":""}},"footnotes":""},"class_list":["post-28","page","type-page","status-publish","hentry"],"post_mailing_queue_ids":[],"_links":{"self":[{"href":"https:\/\/agora.xtec.cat\/escpompeuvalli\/wp-json\/wp\/v2\/pages\/28","targetHints":{"allow":["GET"]}}],"collection":[{"href":"https:\/\/agora.xtec.cat\/escpompeuvalli\/wp-json\/wp\/v2\/pages"}],"about":[{"href":"https:\/\/agora.xtec.cat\/escpompeuvalli\/wp-json\/wp\/v2\/types\/page"}],"author":[{"embeddable":true,"href":"https:\/\/agora.xtec.cat\/escpompeuvalli\/wp-json\/wp\/v2\/users\/1"}],"replies":[{"embeddable":true,"href":"https:\/\/agora.xtec.cat\/escpompeuvalli\/wp-json\/wp\/v2\/comments?post=28"}],"version-history":[{"count":6,"href":"https:\/\/agora.xtec.cat\/escpompeuvalli\/wp-json\/wp\/v2\/pages\/28\/revisions"}],"predecessor-version":[{"id":5992,"href":"https:\/\/agora.xtec.cat\/escpompeuvalli\/wp-json\/wp\/v2\/pages\/28\/revisions\/5992"}],"up":[{"embeddable":true,"href":"https:\/\/agora.xtec.cat\/escpompeuvalli\/wp-json\/wp\/v2\/pages\/22"}],"wp:attachment":[{"href":"https:\/\/agora.xtec.cat\/escpompeuvalli\/wp-json\/wp\/v2\/media?parent=28"}],"curies":[{"name":"wp","href":"https:\/\/api.w.org\/{rel}","templated":true}]}}