{"id":64,"date":"2014-09-18T12:39:08","date_gmt":"2014-09-18T11:39:08","guid":{"rendered":"http:\/\/agora.xtec.cat\/escpompeureus\/?page_id=64"},"modified":"2025-01-16T21:17:38","modified_gmt":"2025-01-16T20:17:38","slug":"projecte-educatiu","status":"publish","type":"page","link":"https:\/\/agora.xtec.cat\/escpompeureus\/projecte-educatiu\/","title":{"rendered":"Erasmus +"},"content":{"rendered":"<p>Els projectes europeus Erasmus + permeten als centres participants obrir una finestra al m\u00f3n i descobrir noves metodologies, cultures europees i persones que ens permetran tenir una visi\u00f3 m\u00e9s amplia i tolerant del m\u00f3n que ens envolta.<\/p>\n<p>Aquests projectes\u00a0 permetran el desenvolupament, transfer\u00e8ncia i\/o implementaci\u00f3 de pr\u00e0ctiques innovadores en els centres, tot tenint una repercusi\u00f3 local, regional, nacional i europeu, com ara:<\/p>\n<ul>\n<li>Difusi\u00f3 de pr\u00e0ctiques de refer\u00e8ncia<\/li>\n<li>Impuls de compet\u00e8ncies b\u00e0siques, especialment, emprenedoria, lleng\u00fces i TAC<\/li>\n<li>Implementaci\u00f3 de pr\u00e0ctiques innovadores<\/li>\n<li>Increment formaci\u00f3 inicial i cont\u00ednua<\/li>\n<li>Prevenci\u00f3 de l\u2019abandonament escolar<\/li>\n<li>Participaci\u00f3 de grups desafavorits<\/li>\n<\/ul>\n<p>\u00c9s per aquest motiu que la nostra escola participa en aquests tipus de projectes des de l\u2019any 2013 (abans anomenat Comenius) fins l\u2019actualitat.\u00a0 Actualment ens trobem implementant un projecte Erasmus Ka101\u00a0<em>New Looks<\/em>\u00a0per implementar pr\u00e0ctiques innovadores a l\u2019etapa d\u2019infantil i un projecte ka219 anomenat\u00a0<em>3, 2, 1 Action<\/em>\u00a0basat principalment en el teatre.<\/p>\n<p>&nbsp;<\/p>\n<p><a class=\"menu-link sub-menu-link\" href=\"https:\/\/agora.xtec.cat\/escpompeureus\/categoria\/erasmus\/erasmus-ka219-3-2-1-action\/?customize_changeset_uuid=64aa2219-e8be-403d-a230-85fe085e0d21&amp;customize_messenger_channel=preview-1\">Erasmus + ka219 3, 2, 1 ACTION<\/a><\/p>\n<p><a class=\"menu-link sub-menu-link\" href=\"https:\/\/agora.xtec.cat\/escpompeureus\/categoria\/erasmus\/erasmus-ka101-3-2-1-action\/?customize_changeset_uuid=64aa2219-e8be-403d-a230-85fe085e0d21&amp;customize_messenger_channel=preview-1\">Erasmus ka101 3, 2, 1 ACTION<\/a><\/p>\n<p><a class=\"menu-link sub-menu-link\" href=\"https:\/\/agora.xtec.cat\/escpompeureus\/categoria\/erasmus\/erasmus-ka101-new-looks-etapa-infantil\/?customize_changeset_uuid=64aa2219-e8be-403d-a230-85fe085e0d21&amp;customize_messenger_channel=preview-0\">Erasmus ka101 New Looks (etapa infantil)<\/a><\/p>\n<p>&nbsp;<\/p>\n","protected":false},"excerpt":{"rendered":"<p>Els projectes europeus Erasmus + permeten als centres participants obrir una finestra al m\u00f3n i descobrir noves metodologies, cultures europees i persones que ens permetran tenir una visi\u00f3 m\u00e9s amplia i tolerant del m\u00f3n que ens envolta.<br \/>\nAquests projectes\u00a0 permetran el desenvolupament, transfer\u00e8ncia i\/o implementaci\u00f3 de&hellip;  <a href=\"https:\/\/agora.xtec.cat\/escpompeureus\/projecte-educatiu\/\" title=\"Read Erasmus +\">Llegeix m\u00e9s\u00bb<\/a><\/p>\n","protected":false},"author":1,"featured_media":0,"parent":0,"menu_order":0,"comment_status":"closed","ping_status":"closed","template":"page-templates\/side-menu.php","meta":{"_bbp_topic_count":0,"_bbp_reply_count":0,"_bbp_total_topic_count":0,"_bbp_total_reply_count":0,"_bbp_voice_count":0,"_bbp_anonymous_reply_count":0,"_bbp_topic_count_hidden":0,"_bbp_reply_count_hidden":0,"_bbp_forum_subforum_count":0,"footnotes":""},"class_list":["post-64","page","type-page","status-publish","hentry"],"post_mailing_queue_ids":[],"_links":{"self":[{"href":"https:\/\/agora.xtec.cat\/escpompeureus\/wp-json\/wp\/v2\/pages\/64","targetHints":{"allow":["GET"]}}],"collection":[{"href":"https:\/\/agora.xtec.cat\/escpompeureus\/wp-json\/wp\/v2\/pages"}],"about":[{"href":"https:\/\/agora.xtec.cat\/escpompeureus\/wp-json\/wp\/v2\/types\/page"}],"author":[{"embeddable":true,"href":"https:\/\/agora.xtec.cat\/escpompeureus\/wp-json\/wp\/v2\/users\/1"}],"replies":[{"embeddable":true,"href":"https:\/\/agora.xtec.cat\/escpompeureus\/wp-json\/wp\/v2\/comments?post=64"}],"version-history":[{"count":3,"href":"https:\/\/agora.xtec.cat\/escpompeureus\/wp-json\/wp\/v2\/pages\/64\/revisions"}],"predecessor-version":[{"id":766,"href":"https:\/\/agora.xtec.cat\/escpompeureus\/wp-json\/wp\/v2\/pages\/64\/revisions\/766"}],"wp:attachment":[{"href":"https:\/\/agora.xtec.cat\/escpompeureus\/wp-json\/wp\/v2\/media?parent=64"}],"curies":[{"name":"wp","href":"https:\/\/api.w.org\/{rel}","templated":true}]}}