{"id":36,"date":"2014-09-18T12:33:11","date_gmt":"2014-09-18T11:33:11","guid":{"rendered":"http:\/\/agora.xtec.cat\/escpompeureus\/?page_id=36"},"modified":"2025-02-06T13:23:07","modified_gmt":"2025-02-06T12:23:07","slug":"sortides","status":"publish","type":"page","link":"https:\/\/agora.xtec.cat\/escpompeureus\/lescola\/sortides\/","title":{"rendered":"Sortides"},"content":{"rendered":"<h5 style=\"text-align: left;\"><em><strong>A continuaci\u00f3 trobareu les diferents <\/strong><\/em><em><strong>sortides aprovades pel curs 2024-2025<\/strong><\/em><\/h5>\n<table style=\"width: 101.189%; height: 1406px;\">\n<tbody>\n<tr style=\"height: 673px;\">\n<td style=\"width: 740px; height: 673px;\">\n<h1>EDUCACI\u00d3 INFANTIL<\/h1>\n<ul>\n<li style=\"font-weight: 400;\" aria-level=\"1\"><span style=\"font-weight: 400;\">Celebraci\u00f3 de les festes tradicionals de: la Castanyada, Carnaval, Sant Jordi&#8230;\u00a0\u00a0<\/span><\/li>\n<li style=\"font-weight: 400;\" aria-level=\"1\"><span style=\"font-weight: 400;\">Coneixem Reus<\/span><\/li>\n<li style=\"font-weight: 400;\" aria-level=\"1\"><span style=\"font-weight: 400;\">Tomb de Nadal per Reus<\/span><\/li>\n<li style=\"font-weight: 400;\" aria-level=\"1\"><span style=\"font-weight: 400;\">Cantata llar d\u2019infants<\/span><\/li>\n<li style=\"font-weight: 400;\" aria-level=\"1\"><span style=\"font-weight: 400;\">Festa el Ti\u00f3\u00a0<\/span><\/li>\n<li style=\"font-weight: 400;\" aria-level=\"1\"><span style=\"font-weight: 400;\">Sortida al teatre Bartrina per veure l\u2019obra de teatre \u201cSense lluna\u201d<\/span><\/li>\n<li style=\"font-weight: 400;\" aria-level=\"1\"><span style=\"font-weight: 400;\">Sortida al l\u2019Orfe\u00f3 Reusenc per veure l\u2019obra de teatre \u201cSeven goatlings\u201d\u00a0<\/span><\/li>\n<li style=\"font-weight: 400;\" aria-level=\"1\"><span style=\"font-weight: 400;\">Visita al Parc de Sant Jordi<\/span><\/li>\n<li style=\"font-weight: 400;\" aria-level=\"1\"><span style=\"font-weight: 400;\">Excursi\u00f3 a \u201cLes 7 cabretes\u201d. Botarell<\/span><\/li>\n<li style=\"font-weight: 400;\" aria-level=\"1\"><span style=\"font-weight: 400;\">Sortida a Parcs de Reus<\/span><\/li>\n<li style=\"font-weight: 400;\" aria-level=\"1\"><span style=\"font-weight: 400;\">Sortida a la Biblioteca\u00a0<\/span><\/li>\n<li style=\"font-weight: 400;\" aria-level=\"1\"><span style=\"font-weight: 400;\">Visita a la Comissaria de la Gu\u00e0rdia Urbana<\/span><\/li>\n<li style=\"font-weight: 400;\" aria-level=\"1\"><span style=\"font-weight: 400;\">Taller \u201cmestres, \u00e0vies recuperadores de contes\u201d<\/span><\/li>\n<li style=\"font-weight: 400;\" aria-level=\"1\"><span style=\"font-weight: 400;\">Taller: Ara toca festa!\u00a0<\/span><\/li>\n<li style=\"font-weight: 400;\" aria-level=\"1\"><span style=\"font-weight: 400;\">Taller: Ara s\u00f3c Cos\u201d\u00a0<\/span><\/li>\n<li style=\"font-weight: 400;\" aria-level=\"1\"><span style=\"font-weight: 400;\">Taller: Casa Nav\u00e0s- El Jard\u00ed m\u00e0gic de cal Nav\u00e0s<\/span><\/li>\n<li style=\"font-weight: 400;\" aria-level=\"1\"><span style=\"font-weight: 400;\">Teatre a l\u2019escola: Companyia \u201cCom Vulguis\u201d amb l\u2019obra \u201cLa mama dels arbres\u201d<\/span><\/li>\n<li style=\"font-weight: 400;\" aria-level=\"1\"><span style=\"font-weight: 400;\">Sortida Mercat\u00a0<\/span><\/li>\n<li style=\"font-weight: 400;\" aria-level=\"1\"><span style=\"font-weight: 400;\">Festa del corpus \u201ccoca amb cireres i gegants\u201d<\/span><\/li>\n<li style=\"font-weight: 400;\" aria-level=\"1\"><span style=\"font-weight: 400;\">Taller les escoles van al conservatori\u00a0<\/span><\/li>\n<li style=\"font-weight: 400;\" aria-level=\"1\"><span style=\"font-weight: 400;\">Taller el petit TOUBAB<\/span><\/li>\n<li style=\"font-weight: 400;\" aria-level=\"1\"><span style=\"font-weight: 400;\">Col\u00f2nies a la Poble de C\u00e9rvoles. 20-21 de Maig<\/span><\/li>\n<li style=\"font-weight: 400;\" aria-level=\"1\"><span style=\"font-weight: 400;\">Sortida a la platja. Salou\u00a0<\/span><\/li>\n<li style=\"font-weight: 400;\" aria-level=\"1\"><span style=\"font-weight: 400;\">Gimcana fi de curs<\/span><\/li>\n<li style=\"font-weight: 400;\" aria-level=\"1\"><span style=\"font-weight: 400;\">Pendent d\u2019altres activitats<\/span><\/li>\n<\/ul>\n<\/td>\n<\/tr>\n<tr style=\"height: 73px;\">\n<td style=\"width: 740px; height: 73px;\">\n<h1>CICLE INICIAL<\/h1>\n<ul>\n<li style=\"font-weight: 400;\" aria-level=\"1\"><span style=\"font-weight: 400;\">Celebraci\u00f3 de les festes tradicionals de: la Castanyada, Carnaval, Festa Ti\u00f3, Sant Jordi\u2026<\/span><\/li>\n<li style=\"font-weight: 400;\" aria-level=\"1\"><span style=\"font-weight: 400;\">Sortida de tardor: Miseric\u00f2rdia (1r i 2n)<\/span><\/li>\n<li style=\"font-weight: 400;\" aria-level=\"1\"><span style=\"font-weight: 400;\">Taller: \u00e0vies recuperadores de contes (1r i 2n)<\/span><\/li>\n<li style=\"font-weight: 400;\" aria-level=\"1\"><span style=\"font-weight: 400;\">Visita al mercat central (2n)\u00a0<\/span><\/li>\n<li style=\"font-weight: 400;\" aria-level=\"1\"><span style=\"font-weight: 400;\">Sortides al Teatre:<\/span>\n<ul>\n<li style=\"list-style-type: none;\">\n<ul>\n<li style=\"font-weight: 400;\" aria-level=\"1\">La mongeta m\u00e0gica <span style=\"font-weight: 400;\">(1r)<\/span><\/li>\n<li style=\"font-weight: 400;\" aria-level=\"1\">Pinocho <span style=\"font-weight: 400;\">(2n)<\/span><\/li>\n<\/ul>\n<\/li>\n<\/ul>\n<\/li>\n<\/ul>\n<ul>\n<li style=\"font-weight: 400;\" aria-level=\"1\"><span style=\"font-weight: 400;\">Sortida a la Biblioteca Municipal (2n)<\/span><\/li>\n<li style=\"font-weight: 400;\" aria-level=\"1\"><span style=\"font-weight: 400;\">Sortida Mel Muria(1r i 2n)<\/span><\/li>\n<li style=\"font-weight: 400;\" aria-level=\"1\"><span style=\"font-weight: 400;\">Places i monuments de la ciutat (Pla\u00e7a del Prim) (1r i 2n)<\/span><\/li>\n<li style=\"font-weight: 400;\" aria-level=\"1\"><span style=\"font-weight: 400;\">Els carrers de l\u2019aigua (1r i 2n)<\/span><\/li>\n<li style=\"font-weight: 400;\" aria-level=\"1\"><span style=\"font-weight: 400;\">La Clicka (2n)<\/span><\/li>\n<li style=\"font-weight: 400;\" aria-level=\"1\"><span style=\"font-weight: 400;\">Les escoles al conservatori (1r)<\/span><\/li>\n<li style=\"font-weight: 400;\" aria-level=\"1\"><span style=\"font-weight: 400;\">Corpus\/ Ballada de gegants (1r i 2n)<\/span><\/li>\n<li style=\"font-weight: 400;\" aria-level=\"1\"><span style=\"font-weight: 400;\">Sortida al Parc Sam\u00e0 (1r i 2n)<\/span><\/li>\n<li style=\"font-weight: 400;\" aria-level=\"1\"><span style=\"font-weight: 400;\">Hola Sant Pere! (1r)<\/span><\/li>\n<li style=\"font-weight: 400;\" aria-level=\"1\"><span style=\"font-weight: 400;\">Col\u00f2nies a la Pobla de C\u00e9rvoles 2<\/span><span style=\"font-weight: 400;\">0 i 21 de Maig (tota l\u2019escola)<\/span><\/li>\n<li style=\"font-weight: 400;\" aria-level=\"1\"><span style=\"font-weight: 400;\">Sortides per Reus<\/span><\/li>\n<\/ul>\n<\/td>\n<\/tr>\n<tr style=\"height: 32px;\">\n<td style=\"width: 740px; height: 32px;\">\n<h1>CICLE MITJ\u00c0<\/h1>\n<ul>\n<li aria-level=\"1\">Celebraci\u00f3 de les festes tradicionals de: la Castanyada, Carnaval, Festa Ti\u00f3, Sant Jordi&#8230;<\/li>\n<li aria-level=\"1\">Nadala a TV Reus (3r)<\/li>\n<li style=\"font-weight: 400;\" aria-level=\"1\"><span style=\"font-weight: 400;\">Educaci\u00f3 Vi\u00e0ria: sessi\u00f3 te\u00f2rica a l\u2019aula i pr\u00e0ctica al carrer (3r)<\/span><\/li>\n<li style=\"font-weight: 400;\" aria-level=\"1\"><span style=\"font-weight: 400;\">Activitat familiar sobre construcci\u00f3 genograma familiar (3r)<\/span><\/li>\n<li style=\"font-weight: 400;\" aria-level=\"1\"><span style=\"font-weight: 400;\">Entrevista a Mireia Ribas sobre recerca i arbres familiars (3r)<\/span><\/li>\n<li style=\"font-weight: 400;\" aria-level=\"1\"><span style=\"font-weight: 400;\">Reus ciutat Medieval. Ans educaci\u00f3 (3r)<\/span><\/li>\n<li style=\"font-weight: 400;\" aria-level=\"1\"><span style=\"font-weight: 400;\">Ruta Modernista. C\u00f2dol educaci\u00f3 (3r)<\/span><\/li>\n<li style=\"font-weight: 400;\" aria-level=\"1\"><span style=\"font-weight: 400;\">Artistes a l\u2019aula. Mari\u00e0 Fortuny (3r)<\/span><\/li>\n<li style=\"font-weight: 400;\" aria-level=\"1\"><span style=\"font-weight: 400;\">B\u00f2bila d\u2019en Sugranyes (3r)<\/span><\/li>\n<li style=\"font-weight: 400;\" aria-level=\"1\"><span style=\"font-weight: 400;\">Centre de lectura (3r)<\/span><\/li>\n<li style=\"font-weight: 400;\" aria-level=\"1\"><span style=\"font-weight: 400;\">Institut d\u2019horticultura- Visita als m\u00f2duls de producci\u00f3 agroecol\u00f2gica i educaci\u00f3 ambiental (3r)<\/span><\/li>\n<li style=\"font-weight: 400;\" aria-level=\"1\"><span style=\"font-weight: 400;\">Exposici\u00f3 oral teatralitzada de projecte a les fam\u00edlies (3r i 4t)<\/span><\/li>\n<li style=\"font-weight: 400;\" aria-level=\"1\"><span style=\"font-weight: 400;\">Suport vital b\u00e0sic (3r i 4t)<\/span><\/li>\n<li style=\"font-weight: 400;\" aria-level=\"1\"><span style=\"font-weight: 400;\">Ocells del parc (3r)<\/span><\/li>\n<li style=\"font-weight: 400;\" aria-level=\"1\"><span style=\"font-weight: 400;\">Teatre \u201cRebobina T. Bartrina (3r)<\/span><\/li>\n<li style=\"font-weight: 400;\" aria-level=\"1\"><span style=\"font-weight: 400;\">Aprendre a menjar sa (Universitat Rovira i Virgili) (4t)<\/span><\/li>\n<li style=\"font-weight: 400;\" aria-level=\"1\"><span style=\"font-weight: 400;\">Visita al centre d\u2019Alzheime (4t)<\/span><\/li>\n<li style=\"font-weight: 400;\" aria-level=\"1\"><span style=\"font-weight: 400;\">Lectura de \u201cEls gegants van al dentista\u201d i entrevista amb l\u2019autora (4t)<\/span><\/li>\n<li style=\"font-weight: 400;\" aria-level=\"1\"><span style=\"font-weight: 400;\">Sortida a la biblioteca Xavier Amor\u00f3s (4t)<\/span><\/li>\n<li style=\"font-weight: 400;\" aria-level=\"1\"><span style=\"font-weight: 400;\">Projecte de dansa: la Pe i la Cordi (4t)<\/span><\/li>\n<li style=\"font-weight: 400;\" aria-level=\"1\"><span style=\"font-weight: 400;\">Castell Monestir d\u2019Escornalbou, pant\u00e0 Riudecanyes i parc e\u00f2lic (4t)<\/span><\/li>\n<li style=\"font-weight: 400;\" aria-level=\"1\"><span style=\"font-weight: 400;\">Teatre \u201cAlad\u00edn\u201d en angl\u00e8s 25\/3\/25 Orfe\u00f3 reusenc (4t)<\/span><\/li>\n<li style=\"font-weight: 400;\" aria-level=\"1\">Sortides de senderisme :\n<ul>\n<li style=\"font-weight: 400;\" aria-level=\"1\"><span style=\"font-weight: 400;\">Barrancs i rieres (3r i 4t)<\/span><\/li>\n<li style=\"font-weight: 400;\" aria-level=\"1\"><span style=\"font-weight: 400;\">Descobrim Reus, orientaci\u00f3 urbana (3r i 4t)<\/span><\/li>\n<\/ul>\n<\/li>\n<\/ul>\n<ul>\n<li style=\"font-weight: 400;\" aria-level=\"1\"><span style=\"font-weight: 400;\">Sortida a la Boca de la mina: un passeig l\u00fadic, un passeig de Pau (3r i 4t)<\/span><\/li>\n<li style=\"font-weight: 400;\" aria-level=\"1\"><span style=\"font-weight: 400;\">Platja Llarga, bosc de la Marquesa (3r i 4t)<\/span><\/li>\n<li style=\"font-weight: 400;\" aria-level=\"1\"><span style=\"font-weight: 400;\">Orientaci\u00f3 Parc Sant Jordi (3r i 4t)<\/span><\/li>\n<\/ul>\n<\/td>\n<\/tr>\n<tr style=\"height: 628px;\">\n<td style=\"width: 740px; height: 628px;\">\n<h1>CICLE SUPERIOR<\/h1>\n<ul>\n<li style=\"font-weight: 400;\" aria-level=\"1\"><span style=\"font-weight: 400;\">Celebraci\u00f3 de les festes tradicionals de: la Castanyada, Carnaval, Sant Jordi\u2026\u00a0<\/span><\/li>\n<li style=\"font-weight: 400;\" aria-level=\"1\"><span style=\"font-weight: 400;\">Teatre Imaginautes (5\u00e8 i 6\u00e8)<\/span><\/li>\n<li style=\"font-weight: 400;\" aria-level=\"1\"><span style=\"font-weight: 400;\">Exposici\u00f3 de La Caixa (5\u00e8-6\u00e8)<\/span><\/li>\n<li style=\"font-weight: 400;\" aria-level=\"1\"><span style=\"font-weight: 400;\">Pista de gel o activitat de Nadal (5\u00e8-6\u00e8).<\/span><\/li>\n<li style=\"font-weight: 400;\" aria-level=\"1\"><span style=\"font-weight: 400;\">First Lego League. (6\u00e8)<\/span><\/li>\n<li style=\"font-weight: 400;\" aria-level=\"1\"><span style=\"font-weight: 400;\">Activitats a les Biblioteques P\u00fabliques de Reus (6\u00e8)<\/span><\/li>\n<li style=\"font-weight: 400;\" aria-level=\"1\"><span style=\"font-weight: 400;\">Senderisme: (5\u00e8 i 6\u00e8): Torre d\u2019en Dol\u00e7a<\/span><\/li>\n<li style=\"font-weight: 400;\" aria-level=\"1\"><span style=\"font-weight: 400;\">Senderisme: (5\u00e8 i 6\u00e8): Almoster<\/span><\/li>\n<li style=\"font-weight: 400;\" aria-level=\"1\"><span style=\"font-weight: 400;\">Senderisme: (5\u00e8 i 6\u00e8): Gorgs de la Febr\u00f3<\/span><\/li>\n<li style=\"font-weight: 400;\" aria-level=\"1\"><span style=\"font-weight: 400;\">Circuits permanents d\u2019orientaci\u00f3: Descobreix Reus <\/span><span style=\"font-weight: 400;\">(5\u00e8-6\u00e8)<\/span><\/li>\n<li style=\"font-weight: 400;\" aria-level=\"1\"><span style=\"font-weight: 400;\">Mostra de teatre (5\u00e8)<\/span><\/li>\n<li style=\"font-weight: 400;\" aria-level=\"1\"><span style=\"font-weight: 400;\">Concerts musicals:\u00a0 Cant\u00e0nia\u00a0 (Barcelona), Fem coral (Reus)<\/span><\/li>\n<li style=\"font-weight: 400;\" aria-level=\"1\"><span style=\"font-weight: 400;\">Col\u00f2nies\u00a0 -20 i 21 de maig- (Escola)<\/span><\/li>\n<li style=\"font-weight: 400;\" aria-level=\"1\"><span style=\"font-weight: 400;\">Jornades de Tastet atletisme (5\u00e8-6\u00e8)<\/span><\/li>\n<li style=\"font-weight: 400;\" aria-level=\"1\"><span style=\"font-weight: 400;\">Tallers Are (Reus) (5\u00e8-6\u00e8)<\/span><\/li>\n<li style=\"font-weight: 400;\" aria-level=\"1\"><span style=\"font-weight: 400;\">Sortida al Museu de Barcelona\u00a0 (5\u00e8-6\u00e8)<\/span><\/li>\n<li style=\"font-weight: 400;\" aria-level=\"1\"><span style=\"font-weight: 400;\">Sortida al Museu de Tarragona (5\u00e8-6\u00e8)<\/span><\/li>\n<li style=\"font-weight: 400;\" aria-level=\"1\"><span style=\"font-weight: 400;\">Activitats a Barcelona (5\u00e8-6\u00e8)<\/span><\/li>\n<li style=\"font-weight: 400;\" aria-level=\"1\"><span style=\"font-weight: 400;\">Activitats per l\u2019entorn de Reus (5\u00e8 i 6\u00e8)<\/span><\/li>\n<li style=\"font-weight: 400;\" aria-level=\"1\"><span style=\"font-weight: 400;\">Activitat f\u00edsica pel Dia de l\u2019Esport (5\u00e8 i 6\u00e8)<\/span><\/li>\n<li style=\"font-weight: 400;\" aria-level=\"1\"><span style=\"font-weight: 400;\">Sortida final de curs (5\u00e8 i 6\u00e8)<\/span><\/li>\n<li style=\"font-weight: 400;\" aria-level=\"1\"><span style=\"font-weight: 400;\">Sortida a la platja (6\u00e8)<\/span><\/li>\n<li style=\"font-weight: 400;\" aria-level=\"1\"><span style=\"font-weight: 400;\">Sortida al Jumpland d\u2019aventura Ponts i tirolines (5\u00e8 i 6\u00e8)<\/span><\/li>\n<li style=\"font-weight: 400;\" aria-level=\"1\"><span style=\"font-weight: 400;\">Nit a l\u2019escola (6\u00e8)<\/span><\/li>\n<\/ul>\n<\/td>\n<\/tr>\n<\/tbody>\n<\/table>\n<p>&nbsp;<\/p>\n","protected":false},"excerpt":{"rendered":"<p>A continuaci\u00f3 trobareu les diferents sortides aprovades pel curs 2024-2025<\/p>\n<p>EDUCACI\u00d3 INFANTIL<\/p>\n<ul>\n<li style=\"font-weight: 400;\" aria-level=\"1\">Celebraci\u00f3 de les festes tradicionals de: la Castanyada, Carnaval, Sant Jordi&#8230;\u00a0\u00a0<\/li>\n<li style=\"font-weight: 400;\" aria-level=\"1\">Coneixem Reus<\/li>\n<li style=\"font-weight: 400;\" aria-level=\"1\">Tomb de Nadal per Reus<\/li>\n<li style=\"font-weight: 400;\" aria-level=\"1\">Cantata llar d\u2019infants<\/li>\n<li style=\"font-weight: 400;\" aria-level=\"1\">Festa el Ti\u00f3\u00a0<\/li>\n<li&hellip;  <a href=\"https:\/\/agora.xtec.cat\/escpompeureus\/lescola\/sortides\/\" title=\"Read Sortides\">Llegeix m\u00e9s\u00bb<\/a><br \/>\n","protected":false},"author":1,"featured_media":0,"parent":22,"menu_order":70,"comment_status":"closed","ping_status":"closed","template":"page-templates\/side-menu.php","meta":{"_bbp_topic_count":0,"_bbp_reply_count":0,"_bbp_total_topic_count":0,"_bbp_total_reply_count":0,"_bbp_voice_count":0,"_bbp_anonymous_reply_count":0,"_bbp_topic_count_hidden":0,"_bbp_reply_count_hidden":0,"_bbp_forum_subforum_count":0,"footnotes":""},"class_list":["post-36","page","type-page","status-publish","hentry"],"post_mailing_queue_ids":[],"_links":{"self":[{"href":"https:\/\/agora.xtec.cat\/escpompeureus\/wp-json\/wp\/v2\/pages\/36","targetHints":{"allow":["GET"]}}],"collection":[{"href":"https:\/\/agora.xtec.cat\/escpompeureus\/wp-json\/wp\/v2\/pages"}],"about":[{"href":"https:\/\/agora.xtec.cat\/escpompeureus\/wp-json\/wp\/v2\/types\/page"}],"author":[{"embeddable":true,"href":"https:\/\/agora.xtec.cat\/escpompeureus\/wp-json\/wp\/v2\/users\/1"}],"replies":[{"embeddable":true,"href":"https:\/\/agora.xtec.cat\/escpompeureus\/wp-json\/wp\/v2\/comments?post=36"}],"version-history":[{"count":6,"href":"https:\/\/agora.xtec.cat\/escpompeureus\/wp-json\/wp\/v2\/pages\/36\/revisions"}],"predecessor-version":[{"id":2774,"href":"https:\/\/agora.xtec.cat\/escpompeureus\/wp-json\/wp\/v2\/pages\/36\/revisions\/2774"}],"up":[{"embeddable":true,"href":"https:\/\/agora.xtec.cat\/escpompeureus\/wp-json\/wp\/v2\/pages\/22"}],"wp:attachment":[{"href":"https:\/\/agora.xtec.cat\/escpompeureus\/wp-json\/wp\/v2\/media?parent=36"}],"curies":[{"name":"wp","href":"https:\/\/api.w.org\/{rel}","templated":true}]}}