{"id":34,"date":"2019-05-07T12:32:18","date_gmt":"2019-05-07T10:32:18","guid":{"rendered":"http:\/\/agora.xtec.cat\/escpompeureus\/?page_id=34"},"modified":"2024-01-18T13:48:45","modified_gmt":"2024-01-18T12:48:45","slug":"identitat-del-centre","status":"publish","type":"page","link":"https:\/\/agora.xtec.cat\/escpompeureus\/lescola\/identitat-del-centre\/","title":{"rendered":"Identitat del centre"},"content":{"rendered":"<h3 style=\"text-align: center;\"><strong>TRETS D\u2019IDENTITAT DE L&#8217;ESCOLA POMPEU FABRA-REUS<\/strong><\/h3>\n<p><img loading=\"lazy\" decoding=\"async\" class=\"aligncenter size-full wp-image-2464\" src=\"https:\/\/agora.xtec.cat\/escpompeureus\/wp-content\/uploads\/usu2004\/2024\/01\/Els-10-valors-en-que-volem-educar-lalumnat.jpg\" alt=\"Valors\" width=\"2432\" height=\"1824\" srcset=\"https:\/\/agora.xtec.cat\/escpompeureus\/wp-content\/uploads\/usu2004\/2024\/01\/Els-10-valors-en-que-volem-educar-lalumnat.jpg 2432w, https:\/\/agora.xtec.cat\/escpompeureus\/wp-content\/uploads\/usu2004\/2024\/01\/Els-10-valors-en-que-volem-educar-lalumnat-300x225.jpg 300w, https:\/\/agora.xtec.cat\/escpompeureus\/wp-content\/uploads\/usu2004\/2024\/01\/Els-10-valors-en-que-volem-educar-lalumnat-1024x768.jpg 1024w, https:\/\/agora.xtec.cat\/escpompeureus\/wp-content\/uploads\/usu2004\/2024\/01\/Els-10-valors-en-que-volem-educar-lalumnat-768x576.jpg 768w, https:\/\/agora.xtec.cat\/escpompeureus\/wp-content\/uploads\/usu2004\/2024\/01\/Els-10-valors-en-que-volem-educar-lalumnat-1536x1152.jpg 1536w, https:\/\/agora.xtec.cat\/escpompeureus\/wp-content\/uploads\/usu2004\/2024\/01\/Els-10-valors-en-que-volem-educar-lalumnat-2048x1536.jpg 2048w, https:\/\/agora.xtec.cat\/escpompeureus\/wp-content\/uploads\/usu2004\/2024\/01\/Els-10-valors-en-que-volem-educar-lalumnat-200x150.jpg 200w\" sizes=\"auto, (max-width: 2432px) 100vw, 2432px\" \/><\/p>\n<blockquote>\n<h4><em><strong>Escola plural<\/strong><\/em><\/h4>\n<\/blockquote>\n<p>Eduquem per conviure i enriquir-nos en la diversitat, promovem la conviv\u00e8ncia, la toler\u00e0ncia, i la igualtat sense distincions socioculturals, de sexe,de religi\u00f3, de llengua&#8230;.<\/p>\n<blockquote>\n<h4><em><strong>Escola Catalana<\/strong><\/em><\/h4>\n<\/blockquote>\n<p>El catal\u00e0 \u00e9s la llengua vehicular i d\u2019aprenentatge.<\/p>\n<p>Donem a con\u00e8ixer els elements culturals identificatius de Catalunya i els proporcionem coneixements de les altres realitats, fomentant el respecte, la solidaritat i la pertinen\u00e7a a la comunitat internacional.<\/p>\n<blockquote>\n<h4><em><strong>Escola inclusiva<\/strong><\/em><\/h4>\n<\/blockquote>\n<p>Vetllem per la millora de la cohesi\u00f3 social, garantint la integraci\u00f3 escolar i social de tot l\u2019alumnat.<\/p>\n<blockquote>\n<h4><em><strong>Escola coeducativa<\/strong><\/em><\/h4>\n<\/blockquote>\n<p>El nostre Centre practica una educaci\u00f3 per a la igualtat, sense discriminaci\u00f3 per ra\u00f3 de sexe. L&#8217;educaci\u00f3 sexual ha de conduir cap al respecte a la pr\u00f2pia persona i a la de l&#8217;altra.<\/p>\n<blockquote>\n<h4><em><strong>Escola democr\u00e0tica<\/strong><\/em><\/h4>\n<\/blockquote>\n<p>Transmetrem als\/les alumnes els valors b\u00e0sics d&#8217;una societat democr\u00e0tica, el respecte als propis deures i als drets i llibertats de tots.<\/p>\n<blockquote>\n<h4><em><strong>Escola laica<\/strong> <\/em><\/h4>\n<\/blockquote>\n<p>Treballem per fomentar el respecte a les diferents creences i religions incidint en la cultura de la pau i el respecte dels drets humans.<\/p>\n<blockquote>\n<h4><em><strong>Escola oberta a l&#8217;entorn<\/strong> <\/em><\/h4>\n<\/blockquote>\n<p>Oberta a les fam\u00edlies Potenciem la participaci\u00f3 conjunta de tota la comunitat educativa en la realitat escolar.<\/p>\n<p>L\u2019 escola resta oberta a l\u2019intercanvi amb associacions, institucions i centres de la localitat que afavoreixin el proc\u00e9s formatiu\u00a0que s\u2019avinguin amb la l\u00ednia del centre, participant en el Pla Educatiu d\u2019Entorn de Reus.<\/p>\n<blockquote>\n<h4><em><strong>Escola<\/strong><\/em><em><strong>\u00a0respectuosa amb el medi ambient<\/strong><\/em><\/h4>\n<\/blockquote>\n<p>Volem formar ciutadans i ciutadanes responsables capa\u00e7os de fer un \u00fas racional de tot all\u00f2 que els envolta dins del respecte cap a les persones i la natura.<\/p>\n<blockquote>\n<h4><strong><em>L\u2019escola i les noves tecnologies<\/em> <\/strong><\/h4>\n<\/blockquote>\n<p>Pensem que les noves tecnologies s\u00f3n un element essencial avui dia per formar-se, aprendre i comunicar-se. Desenvolupem en els alumnes compet\u00e8ncies digitals (\u00fas de les TAC)\u00a0per a que puguin esdevenir persones aut\u00f2nomes, eficaces, responsables, cr\u00edtiques i reflexives en la selecci\u00f3, tractament i utilitzaci\u00f3 de la informaci\u00f3 i les seves fonts, en diferents suports i tecnologies.<\/p>\n","protected":false},"excerpt":{"rendered":"<p>TRETS D\u2019IDENTITAT DE L&#8217;ESCOLA POMPEU FABRA-REUS<\/p>\n<p>Escola plural<\/p>\n<p>Eduquem per conviure i enriquir-nos en la diversitat, promovem la conviv\u00e8ncia, la toler\u00e0ncia, i la igualtat sense distincions socioculturals, de sexe,de religi\u00f3, de llengua&#8230;.<\/p>\n<p>Escola Catalana<\/p>\n<p>El catal\u00e0 \u00e9s la llengua vehicular i d\u2019aprenentatge.<br \/>\nDonem a con\u00e8ixer els elements culturals identificatius de&hellip;  <a href=\"https:\/\/agora.xtec.cat\/escpompeureus\/lescola\/identitat-del-centre\/\" title=\"Read Identitat del centre\">Llegeix m\u00e9s\u00bb<\/a><\/p>\n","protected":false},"author":1,"featured_media":0,"parent":22,"menu_order":60,"comment_status":"closed","ping_status":"closed","template":"page-templates\/side-menu.php","meta":{"_bbp_topic_count":0,"_bbp_reply_count":0,"_bbp_total_topic_count":0,"_bbp_total_reply_count":0,"_bbp_voice_count":0,"_bbp_anonymous_reply_count":0,"_bbp_topic_count_hidden":0,"_bbp_reply_count_hidden":0,"_bbp_forum_subforum_count":0,"footnotes":""},"class_list":["post-34","page","type-page","status-publish","hentry"],"post_mailing_queue_ids":[],"_links":{"self":[{"href":"https:\/\/agora.xtec.cat\/escpompeureus\/wp-json\/wp\/v2\/pages\/34","targetHints":{"allow":["GET"]}}],"collection":[{"href":"https:\/\/agora.xtec.cat\/escpompeureus\/wp-json\/wp\/v2\/pages"}],"about":[{"href":"https:\/\/agora.xtec.cat\/escpompeureus\/wp-json\/wp\/v2\/types\/page"}],"author":[{"embeddable":true,"href":"https:\/\/agora.xtec.cat\/escpompeureus\/wp-json\/wp\/v2\/users\/1"}],"replies":[{"embeddable":true,"href":"https:\/\/agora.xtec.cat\/escpompeureus\/wp-json\/wp\/v2\/comments?post=34"}],"version-history":[{"count":5,"href":"https:\/\/agora.xtec.cat\/escpompeureus\/wp-json\/wp\/v2\/pages\/34\/revisions"}],"predecessor-version":[{"id":2470,"href":"https:\/\/agora.xtec.cat\/escpompeureus\/wp-json\/wp\/v2\/pages\/34\/revisions\/2470"}],"up":[{"embeddable":true,"href":"https:\/\/agora.xtec.cat\/escpompeureus\/wp-json\/wp\/v2\/pages\/22"}],"wp:attachment":[{"href":"https:\/\/agora.xtec.cat\/escpompeureus\/wp-json\/wp\/v2\/media?parent=34"}],"curies":[{"name":"wp","href":"https:\/\/api.w.org\/{rel}","templated":true}]}}