{"id":32,"date":"2014-09-18T12:31:33","date_gmt":"2014-09-18T11:31:33","guid":{"rendered":"http:\/\/agora.xtec.cat\/escpompeureus\/?page_id=32"},"modified":"2026-01-08T13:41:37","modified_gmt":"2026-01-08T12:41:37","slug":"calendari-del-curs","status":"publish","type":"page","link":"https:\/\/agora.xtec.cat\/escpompeureus\/lescola\/calendari-del-curs\/","title":{"rendered":"Calendari del curs"},"content":{"rendered":"<h3 style=\"text-align: center;\">CALENDARI ESCOLAR CURS 25-26<\/h3>\n<p>&nbsp;<\/p>\n<p><strong>1 de setembre de 2025:<\/strong> Inici de les activitats del professorat del centre.<\/p>\n<p><strong>8 de setembre de 2025:<\/strong> Inici de les classes de 8:30h a 13h i 15h a16:30h<\/p>\n<p><strong>20 de desembre de 2025 \/ 8 de gener de 2026:<\/strong> Vacances de Nadal.<\/p>\n<p><strong>30 mar\u00e7 al 7 d&#8217;abril del 2026:<\/strong> Vacances de Setmana Santa.<\/p>\n<p><strong>19 de juny de 2025:<\/strong> Acaben les classes a tots els centres.<\/p>\n<p style=\"text-align: center;\"><strong>Dies festius<\/strong><\/p>\n<p style=\"text-align: left;\"><strong>Per a l&#8217;any 2025<\/strong>:<\/p>\n<p style=\"text-align: left;\"><em>11 de setembre (Diada)<\/em><\/p>\n<p><em>25 de setembre (Miseric\u00f2rdia)<\/em><\/p>\n<p><em>12 d\u2019octubre<\/em><\/p>\n<p><em>1 de novembre (Tots Sants)<\/em><\/p>\n<p><em>6 de desembre (dia de la Constituci\u00f3)<\/em><\/p>\n<p><em>8 de desembre (la Immaculada)<\/em><\/p>\n<p><em>25 de desembre (Nadal)<\/em><\/p>\n<p><em>26 de desembre (St. Esteve)<\/em><\/p>\n<p><strong>Per a l&#8217;any 2026:<\/strong><\/p>\n<p><em>1 de gener (Cap d\u2019any)<\/em><\/p>\n<p><em>6 de gener (Reis)<\/em><\/p>\n<p><em>18 d&#8217;abril (Divendres Sant)<\/em><\/p>\n<p><em>6 d\u2019abril (Dilluns de Pasqua)<\/em><\/p>\n<p><em>1 de maig (Festa del Treball)<\/em><\/p>\n<p><em>24 de juny (St. Joan)<\/em><\/p>\n<p><em>29 de juny (Sant Pere)<\/em><\/p>\n<p>&nbsp;<\/p>\n<h4 style=\"text-align: center;\"><strong>Dies de lliure disposici\u00f3<\/strong><\/h4>\n<p>31 d&#8217;octubre de 2025<\/p>\n<p>5 de desembre de 2025<\/p>\n<p>16 i 17 de febrer de 2026<\/p>\n<p>30 d&#8217;abril de 2026<\/p>\n<p>Tamb\u00e9 s\u2019ha aprovat fer <strong>l\u2019entrada progressiva a I3<\/strong> des del dia 8 al 11 de setembre de 8:30 a 13h. Per a l&#8217;alumnat que inicia l\u2019escolaritzaci\u00f3 a I3 s\u2019organitza un breu per\u00edode d\u2019adaptaci\u00f3 que suposa una certa modificaci\u00f3 dels horaris dels 3 primers dies de classe, que es fa saber a les fam\u00edlies en les reunions pr\u00e8vies corresponents.<\/p>\n<p>El dia 19 de desembre de 2025 es realitzar\u00e0 la <strong>jornada continuada<\/strong> de 8:30 a 12:30.<\/p>\n<p>I en el per\u00edode del 8 al 19 de juny de 2026 tamb\u00e9 es far\u00e0 la jornada continuada en horari de 8:30 a 12:30h<\/p>\n<p>L\u2019<b>horari lectiu<\/b> del centre \u00e9s de 8:30 a 13:00 h i de 15:00 a 16:30 h per a tots els alumnes del centre.<\/p>\n<p>&nbsp;<\/p>\n","protected":false},"excerpt":{"rendered":"<p>CALENDARI ESCOLAR CURS 25-26<br \/>\n&nbsp;<br \/>\n1 de setembre de 2025: Inici de les activitats del professorat del centre.<br \/>\n8 de setembre de 2025: Inici de les classes de 8:30h a 13h i 15h a16:30h<br \/>\n20 de desembre de 2025 \/ 8 de gener de 2026: Vacances de Nadal.<br \/>\n30 mar\u00e7&hellip;  <a href=\"https:\/\/agora.xtec.cat\/escpompeureus\/lescola\/calendari-del-curs\/\" title=\"Read Calendari del curs\">Llegeix m\u00e9s\u00bb<\/a><\/p>\n","protected":false},"author":1,"featured_media":0,"parent":22,"menu_order":50,"comment_status":"closed","ping_status":"closed","template":"page-templates\/side-menu.php","meta":{"_bbp_topic_count":0,"_bbp_reply_count":0,"_bbp_total_topic_count":0,"_bbp_total_reply_count":0,"_bbp_voice_count":0,"_bbp_anonymous_reply_count":0,"_bbp_topic_count_hidden":0,"_bbp_reply_count_hidden":0,"_bbp_forum_subforum_count":0,"footnotes":""},"class_list":["post-32","page","type-page","status-publish","hentry"],"post_mailing_queue_ids":[],"_links":{"self":[{"href":"https:\/\/agora.xtec.cat\/escpompeureus\/wp-json\/wp\/v2\/pages\/32","targetHints":{"allow":["GET"]}}],"collection":[{"href":"https:\/\/agora.xtec.cat\/escpompeureus\/wp-json\/wp\/v2\/pages"}],"about":[{"href":"https:\/\/agora.xtec.cat\/escpompeureus\/wp-json\/wp\/v2\/types\/page"}],"author":[{"embeddable":true,"href":"https:\/\/agora.xtec.cat\/escpompeureus\/wp-json\/wp\/v2\/users\/1"}],"replies":[{"embeddable":true,"href":"https:\/\/agora.xtec.cat\/escpompeureus\/wp-json\/wp\/v2\/comments?post=32"}],"version-history":[{"count":6,"href":"https:\/\/agora.xtec.cat\/escpompeureus\/wp-json\/wp\/v2\/pages\/32\/revisions"}],"predecessor-version":[{"id":2860,"href":"https:\/\/agora.xtec.cat\/escpompeureus\/wp-json\/wp\/v2\/pages\/32\/revisions\/2860"}],"up":[{"embeddable":true,"href":"https:\/\/agora.xtec.cat\/escpompeureus\/wp-json\/wp\/v2\/pages\/22"}],"wp:attachment":[{"href":"https:\/\/agora.xtec.cat\/escpompeureus\/wp-json\/wp\/v2\/media?parent=32"}],"curies":[{"name":"wp","href":"https:\/\/api.w.org\/{rel}","templated":true}]}}