{"id":28,"date":"2014-09-18T12:29:35","date_gmt":"2014-09-18T11:29:35","guid":{"rendered":"http:\/\/agora.xtec.cat\/escpompeureus\/?page_id=28"},"modified":"2020-11-11T14:13:43","modified_gmt":"2020-11-11T13:13:43","slug":"consell-escolar","status":"publish","type":"page","link":"https:\/\/agora.xtec.cat\/escpompeureus\/lescola\/consell-escolar\/","title":{"rendered":"Consell escolar"},"content":{"rendered":"<h2><strong>Qu\u00e8 \u00e9s el Consell Escolar?<\/strong><\/h2>\n<p>El Consell Escolar \u00e9s l\u2019\u00f2rgan de participaci\u00f3 en el control i gesti\u00f3 del centre dels diferents sectors que constitueixen la comunitat educativa. (alumnes, professors, pares i personal d\u2019administraci\u00f3 i serveis).<\/p>\n<h2><strong>Qui forma part del Consell Escolar?<\/strong><\/h2>\n<ul>\n<li>La directora de l\u2019Escola, que ser\u00e0 la presidenta.<\/li>\n<li>La cap d\u2019estudis.<\/li>\n<li>4 mestres triats pel Claustre.<\/li>\n<li>4 representants dels pares dels alumnes.<\/li>\n<li>Un representant del personal d\u2019administraci\u00f3 i serveis.<\/li>\n<li>Un regidor o representant de l\u2019Ajuntament del municipi.<\/li>\n<li>La secret\u00e0ria de l\u2019escola, que actua com a secret\u00e0ria del Consell Escolar, i que t\u00e9 veu per\u00f2 no vot.<\/li>\n<\/ul>\n<h2><strong>Com es renova el Consell Escolar?<\/strong><\/h2>\n<p>El proc\u00e9s de renovaci\u00f3 dels membres del Consell Escolar es desenvolupa durant el primer trimestre de cada dos cursos acad\u00e8mics. El Consell escolar es renova per meitats cada dos anys, de forma alternativa.<\/p>\n<p>Enguany el Departament d\u2019Educaci\u00f3, atesa la situaci\u00f3 de la pand\u00e8mia a Catalunya, ha pres la resoluci\u00f3 d\u2019ajornar per un any la convocat\u00f2ria d\u2019eleccions per a la renovaci\u00f3 parcial dels consells escolars, a fi de minimitzar el risc de contagi entre la poblaci\u00f3 i preservar l\u2019escola com un entorn segur. Aix\u00ed,\u00a0<strong>els i les representants dels diferents sectors que havien de ser objecte de renovaci\u00f3, se\u2019ls prorrogar\u00e0 el mandat fins a la celebraci\u00f3 de les eleccions<\/strong>.<\/p>\n<h2><strong>Com \u00e9s el funcionament del Consell Escolar?<\/strong><\/h2>\n<p>El Consell Escolar es reuneix, com a m\u00ednim, una vegada al trimestre i sempre que el convoqui la directora o quan sigui sol\u00b7licitat per almenys un ter\u00e7 dels seus membres. En tot cas \u00e9s preceptiu, a m\u00e9s, una reuni\u00f3 a principi de curs i una altra al final. L\u2019assist\u00e8ncia a les sessions del Consell Escolar \u00e9s obligat\u00f2ria per a tots els seus membres. El Consell Escolar adoptar\u00e0 els acords per majoria simple excepte en els seg\u00fcents casos:<\/p>\n<ul>\n<li>Aprovaci\u00f3 del pressupost i de la seva execuci\u00f3, que es fa per majoria absoluta.<\/li>\n<li>Aprovaci\u00f3 del Projecte Educatiu i del Reglament de R\u00e8gim Intern, i de les seves modificacions, que es fa per majoria de dos ter\u00e7os.<\/li>\n<\/ul>\n<h2><strong>Quines compet\u00e8ncies t\u00e9 el Consell Escolar?<\/strong><\/h2>\n<p>a) Aprovar el projecte educatiu.<\/p>\n<p>b) Aprovar la programaci\u00f3 general anual del centre i avaluar-ne el desenvolupament i els resultats.<\/p>\n<p>c) Aprovar les propostes d&#8217;acords de coresponsabilitat, convenis i altres acords de col\u00b7laboraci\u00f3 del centre amb entitats o institucions.<\/p>\n<p>d) Aprovar les normes d&#8217;organitzaci\u00f3 i funcionament i les modificacions corresponents.<\/p>\n<p>e) Aprovar la carta de comprom\u00eds educatiu.<\/p>\n<p>f) Aprovar el pressupost del centre i el rendiment de comptes.<\/p>\n<p>g) Intervenir en el procediment d&#8217;admissi\u00f3 d&#8217;alumnes.<\/p>\n<p>h) Participar en el procediment de selecci\u00f3 i en la proposta de cessament del director o directora.<\/p>\n<p>i) Intervenir en la resoluci\u00f3 dels conflictes.<\/p>\n<p>j) Aprovar les directrius per a la programaci\u00f3 d&#8217;activitats escolars. complement\u00e0ries i d&#8217;activitats extraescolars, i avaluar-ne el desenvolupament.<\/p>\n<p>k) Participar en les an\u00e0lisis i les avaluacions del funcionament general del centre i con\u00e8ixer l&#8217;evoluci\u00f3 del rendiment escolar.<\/p>\n<p>l) Aprovar els criteris de col\u00b7laboraci\u00f3 amb altres centres i amb l&#8217;entorn.<\/p>\n","protected":false},"excerpt":{"rendered":"<p>Qu\u00e8 \u00e9s el Consell Escolar?<br \/>\nEl Consell Escolar \u00e9s l\u2019\u00f2rgan de participaci\u00f3 en el control i gesti\u00f3 del centre dels diferents sectors que constitueixen la comunitat educativa. (alumnes, professors, pares i personal d\u2019administraci\u00f3 i serveis).<br \/>\nQui forma part del Consell Escolar?<\/p>\n<ul>\n<li>La directora de l\u2019Escola, que ser\u00e0 la&hellip;  <a href=\"https:\/\/agora.xtec.cat\/escpompeureus\/lescola\/consell-escolar\/\" title=\"Read Consell escolar\">Llegeix m\u00e9s\u00bb<\/a><br \/>\n","protected":false},"author":1,"featured_media":0,"parent":22,"menu_order":30,"comment_status":"closed","ping_status":"closed","template":"page-templates\/side-menu.php","meta":{"_bbp_topic_count":0,"_bbp_reply_count":0,"_bbp_total_topic_count":0,"_bbp_total_reply_count":0,"_bbp_voice_count":0,"_bbp_anonymous_reply_count":0,"_bbp_topic_count_hidden":0,"_bbp_reply_count_hidden":0,"_bbp_forum_subforum_count":0,"footnotes":""},"class_list":["post-28","page","type-page","status-publish","hentry"],"post_mailing_queue_ids":[],"_links":{"self":[{"href":"https:\/\/agora.xtec.cat\/escpompeureus\/wp-json\/wp\/v2\/pages\/28","targetHints":{"allow":["GET"]}}],"collection":[{"href":"https:\/\/agora.xtec.cat\/escpompeureus\/wp-json\/wp\/v2\/pages"}],"about":[{"href":"https:\/\/agora.xtec.cat\/escpompeureus\/wp-json\/wp\/v2\/types\/page"}],"author":[{"embeddable":true,"href":"https:\/\/agora.xtec.cat\/escpompeureus\/wp-json\/wp\/v2\/users\/1"}],"replies":[{"embeddable":true,"href":"https:\/\/agora.xtec.cat\/escpompeureus\/wp-json\/wp\/v2\/comments?post=28"}],"version-history":[{"count":2,"href":"https:\/\/agora.xtec.cat\/escpompeureus\/wp-json\/wp\/v2\/pages\/28\/revisions"}],"predecessor-version":[{"id":1558,"href":"https:\/\/agora.xtec.cat\/escpompeureus\/wp-json\/wp\/v2\/pages\/28\/revisions\/1558"}],"up":[{"embeddable":true,"href":"https:\/\/agora.xtec.cat\/escpompeureus\/wp-json\/wp\/v2\/pages\/22"}],"wp:attachment":[{"href":"https:\/\/agora.xtec.cat\/escpompeureus\/wp-json\/wp\/v2\/media?parent=28"}],"curies":[{"name":"wp","href":"https:\/\/api.w.org\/{rel}","templated":true}]}}