{"id":2729,"date":"2025-01-16T21:54:23","date_gmt":"2025-01-16T20:54:23","guid":{"rendered":"https:\/\/agora.xtec.cat\/escpompeureus\/?page_id=2729"},"modified":"2025-01-16T21:54:23","modified_gmt":"2025-01-16T20:54:23","slug":"teixim-ecosistema-educatiu","status":"publish","type":"page","link":"https:\/\/agora.xtec.cat\/escpompeureus\/teixim-ecosistema-educatiu\/","title":{"rendered":"TEIXIM- ecosistema educatiu"},"content":{"rendered":"<p><b>La nostra missi\u00f3 com a escola Pompeu Fabra, escola p\u00fablica de la ciutat de Reus, inclou promoure unes millors oportunitats educatives per tots l\u2019alumnat del centre.<\/b><span style=\"font-weight: 400;\"> A<\/span><span style=\"font-family: inherit; font-size: 1em;\">quest repte l\u2019hem d\u2019abordar des de l\u2019espai lectiu i del no lectiu alineat amb la comunitat educativa.<\/span><\/p>\n<p><span style=\"font-weight: 400;\">Aquesta idea enlla\u00e7a amb la concepci\u00f3 que tant<\/span><b> el municipi com la comunitat formen part d\u2019un ecosistema que educa als infants i joves.<\/b> <b> <\/b><span style=\"font-weight: 400;\">Tota aquesta xarxa l\u2019hem de <\/span><b>construir a trav\u00e9s d\u2019aliances i treball col\u00b7laboratiu <\/b><span style=\"font-weight: 400;\">amb els agents de la comunitat (entitats, associacions, empreses culturals, l\u00fadiques i esportives,..).\u00a0<\/span><\/p>\n<p><b>Per qu\u00e8 \u00e9s important proporcionar m\u00e9s oportunitats educatives de qualitat?<\/b><span style=\"font-weight: 400;\">\u00a0<\/span><\/p>\n<ul>\n<li style=\"font-weight: 400;\" aria-level=\"1\"><span style=\"font-weight: 400;\">Contribueix a reduir les desigualtats<\/span><span style=\"font-weight: 400;\">. L\u2019acc\u00e9s desigual a les activitats complement\u00e0ries i extraescolars implica un bretxa de 6000 hores d\u2019oportunitats educatives.\u00a0<\/span><\/li>\n<li style=\"font-weight: 400;\" aria-level=\"1\"><span style=\"font-weight: 400;\">Genera importants efectes positius en persones, familiars i comunitats.<\/span><span style=\"font-weight: 400;\"> Tant dins l\u2019\u00e0mbit escolar (reduir l\u2019absentisme i l\u2019abandonament escolar) com en l\u2019\u00e0mbit personal o familiar (autonomia, autoestima,&#8230;) i comunitari (refor\u00e7a cohesi\u00f3 social i teixit associatiu).\u00a0<\/span><\/li>\n<li style=\"font-weight: 400;\" aria-level=\"1\"><span style=\"font-weight: 400;\">Ajuda a estar m\u00e9s preparats pel al futur.<\/span><span style=\"font-weight: 400;\"> Perqu\u00e8 son m\u00e9s capa\u00e7os per donar respostes a la societat complexa amb incertesa i canvis constants.\u00a0\u00a0<\/span><\/li>\n<\/ul>\n<p><b>OBJECTIUS DEL PROJECTE TEIXIM- ecosistema educatiu<\/b><\/p>\n<ul>\n<li style=\"font-weight: 400;\" aria-level=\"1\"><span style=\"font-weight: 400;\">Oferir a l\u2019alumnat experi\u00e8ncies enriquidores, motivadores i transformadores que els facin cr\u00e9ixer com a ciutadans.\u00a0\u00a0<\/span><\/li>\n<li style=\"font-weight: 400;\" aria-level=\"1\"><span style=\"font-weight: 400;\">Concretar oportunitats educatives a temps complet de qualitat per reduir les desigualtats.<\/span><\/li>\n<li style=\"font-weight: 400;\" aria-level=\"1\"><span style=\"font-weight: 400;\">Crear un ecosistema educatiu variat, ric, divers i m\u00e9s fort connectant el centre educatiu amb els agents socials.<\/span><\/li>\n<li style=\"font-weight: 400;\" aria-level=\"1\"><span style=\"font-weight: 400;\">Personalitzar les experi\u00e8ncies d\u2019aprenentatge de l\u2019alumnat en el temps no lectiu.<\/span><\/li>\n<li style=\"font-weight: 400;\" aria-level=\"1\"><span style=\"font-weight: 400;\">Afavorir la participaci\u00f3 dels infants i les seves fam\u00edlies en realitats socials, econ\u00f2miques i culturals diferenciades de la seva realitat i de l\u2019escola.\u00a0<\/span><\/li>\n<li style=\"font-weight: 400;\" aria-level=\"1\"><span style=\"font-weight: 400;\">Potenciar els talents i interessos dels infants i estimular la seva motivaci\u00f3 vers l\u2019aprenentatge.\u00a0<\/span><\/li>\n<li style=\"font-weight: 400;\" aria-level=\"1\"><span style=\"font-weight: 400;\"><span style=\"font-weight: 400;\">Generar relacions col\u00b7laboratives amb les entitats i associacions del barri i la ciutat.<\/span><\/span>&nbsp;<\/li>\n<\/ul>\n","protected":false},"excerpt":{"rendered":"<p>La nostra missi\u00f3 com a escola Pompeu Fabra, escola p\u00fablica de la ciutat de Reus, inclou promoure unes millors oportunitats educatives per tots l\u2019alumnat del centre. Aquest repte l\u2019hem d\u2019abordar des de l\u2019espai lectiu i del no lectiu alineat amb la comunitat educativa.<br \/>\nAquesta idea enlla\u00e7a&hellip;  <a href=\"https:\/\/agora.xtec.cat\/escpompeureus\/teixim-ecosistema-educatiu\/\" title=\"Read TEIXIM- ecosistema educatiu\">Llegeix m\u00e9s\u00bb<\/a><\/p>\n","protected":false},"author":1,"featured_media":0,"parent":0,"menu_order":0,"comment_status":"closed","ping_status":"closed","template":"","meta":{"_bbp_topic_count":0,"_bbp_reply_count":0,"_bbp_total_topic_count":0,"_bbp_total_reply_count":0,"_bbp_voice_count":0,"_bbp_anonymous_reply_count":0,"_bbp_topic_count_hidden":0,"_bbp_reply_count_hidden":0,"_bbp_forum_subforum_count":0,"footnotes":""},"class_list":["post-2729","page","type-page","status-publish","hentry"],"post_mailing_queue_ids":[],"_links":{"self":[{"href":"https:\/\/agora.xtec.cat\/escpompeureus\/wp-json\/wp\/v2\/pages\/2729","targetHints":{"allow":["GET"]}}],"collection":[{"href":"https:\/\/agora.xtec.cat\/escpompeureus\/wp-json\/wp\/v2\/pages"}],"about":[{"href":"https:\/\/agora.xtec.cat\/escpompeureus\/wp-json\/wp\/v2\/types\/page"}],"author":[{"embeddable":true,"href":"https:\/\/agora.xtec.cat\/escpompeureus\/wp-json\/wp\/v2\/users\/1"}],"replies":[{"embeddable":true,"href":"https:\/\/agora.xtec.cat\/escpompeureus\/wp-json\/wp\/v2\/comments?post=2729"}],"version-history":[{"count":1,"href":"https:\/\/agora.xtec.cat\/escpompeureus\/wp-json\/wp\/v2\/pages\/2729\/revisions"}],"predecessor-version":[{"id":2730,"href":"https:\/\/agora.xtec.cat\/escpompeureus\/wp-json\/wp\/v2\/pages\/2729\/revisions\/2730"}],"wp:attachment":[{"href":"https:\/\/agora.xtec.cat\/escpompeureus\/wp-json\/wp\/v2\/media?parent=2729"}],"curies":[{"name":"wp","href":"https:\/\/api.w.org\/{rel}","templated":true}]}}