{"id":2724,"date":"2025-01-16T21:42:42","date_gmt":"2025-01-16T20:42:42","guid":{"rendered":"https:\/\/agora.xtec.cat\/escpompeureus\/?page_id=2724"},"modified":"2025-01-16T21:42:42","modified_gmt":"2025-01-16T20:42:42","slug":"pompeu-a-escena","status":"publish","type":"page","link":"https:\/\/agora.xtec.cat\/escpompeureus\/pompeu-a-escena\/","title":{"rendered":"Pompeu a escena!"},"content":{"rendered":"<p><strong>Pompeu a escena!<\/strong> \u00e9s un projecte d&#8217;expressi\u00f3 dram\u00e0tica que es fa a tota la prim\u00e0ria. Cada grup de 1r a 6\u00e8 realitza una sessi\u00f3 setmanal d&#8217;expressi\u00f3 dram\u00e0tica.<\/p>\n<p>Els objectius principals del projecte s\u00f3n:<\/p>\n<p><b>Millorar la capacitat d\u2019expressar i comunicar pensaments, emocions i viv\u00e8ncies <\/b><span style=\"font-weight: 400;\">utilitzant t\u00e8cniques d\u2019expressi\u00f3 dram\u00e0tica (gest, veu i moviment) i elements b\u00e0sics del llenguatge dram\u00e0tic (improvisaci\u00f3, construcci\u00f3 de personatges o \u00fas de l&#8217;espai esc\u00e8nic).<\/span><\/p>\n<p><b>Incrementar el gust per les manifestacions art\u00edstiques de l\u2019alumnat.<\/b><b>\u00a0 \u00a0 \u00a0 \u00a0 \u00a0 \u00a0 \u00a0 \u00a0 \u00a0 \u00a0 \u00a0 \u00a0 \u00a0 \u00a0 \u00a0 \u00a0 \u00a0 \u00a0 \u00a0 \u00a0 \u00a0 \u00a0 \u00a0 \u00a0 \u00a0 \u00a0 \u00a0 \u00a0 \u00a0 \u00a0 \u00a0 \u00a0 \u00a0 \u00a0 \u00a0 \u00a0 \u00a0 \u00a0 \u00a0 \u00a0 \u00a0 \u00a0 \u00a0 \u00a0 \u00a0 \u00a0 \u00a0 \u00a0 \u00a0 \u00a0 \u00a0 \u00a0 \u00a0 \u00a0 \u00a0 \u00a0 \u00a0 \u00a0 \u00a0 \u00a0 \u00a0 \u00a0 \u00a0 \u00a0 \u00a0 \u00a0 \u00a0 \u00a0 \u00a0 \u00a0 \u00a0<\/b><\/p>\n<p><img loading=\"lazy\" decoding=\"async\" class=\"size-medium wp-image-2725 alignleft\" src=\"https:\/\/agora.xtec.cat\/escpompeureus\/wp-content\/uploads\/usu2004\/2025\/01\/1733906297148-225x300.jpg\" alt=\"\" width=\"225\" height=\"300\" \/><b>Augmentar la flu\u00efdesa i confian\u00e7a en la comunicaci\u00f3 oral en llengua catalana de l\u2019alumnat<\/b><span style=\"font-weight: 400;\">, mitjan\u00e7ant activitats teatrals, di\u00e0legs improvisats i representacions, on cada grup en far\u00e0 una com a m\u00ednim.\u00a0<\/span><\/p>\n<p><b>Fomentar el treball comunitari i la participaci\u00f3 cultural en les produccions<\/b><span style=\"font-weight: 400;\">, col\u00b7laborant amb agents externs.<\/span><b>\u00a0 \u00a0 \u00a0 \u00a0 \u00a0\u00a0<\/b><\/p>\n<p><b>Aconseguir que l<\/b><b>\u2019alumnat desenvolupi habilitats socials i de conviv\u00e8ncia<\/b><span style=\"font-weight: 400;\">, mitjan\u00e7ant la col\u00b7laboraci\u00f3 i el t<\/span><span style=\"font-weight: 400;\">reball en equip a trav\u00e9s de les produccions, fomentant el pensament cr\u00edtic, les actituds de toler\u00e0ncia i respecte cap als altres.<\/span><\/p>\n","protected":false},"excerpt":{"rendered":"<p>Pompeu a escena! \u00e9s un projecte d&#8217;expressi\u00f3 dram\u00e0tica que es fa a tota la prim\u00e0ria. Cada grup de 1r a 6\u00e8 realitza una sessi\u00f3 setmanal d&#8217;expressi\u00f3 dram\u00e0tica.<br \/>\nEls objectius principals del projecte s\u00f3n:<br \/>\nMillorar la capacitat d\u2019expressar i comunicar pensaments, emocions i viv\u00e8ncies utilitzant t\u00e8cniques d\u2019expressi\u00f3 dram\u00e0tica&hellip;  <a href=\"https:\/\/agora.xtec.cat\/escpompeureus\/pompeu-a-escena\/\" title=\"Read Pompeu a escena!\">Llegeix m\u00e9s\u00bb<\/a><\/p>\n","protected":false},"author":1,"featured_media":0,"parent":0,"menu_order":0,"comment_status":"closed","ping_status":"closed","template":"","meta":{"_bbp_topic_count":0,"_bbp_reply_count":0,"_bbp_total_topic_count":0,"_bbp_total_reply_count":0,"_bbp_voice_count":0,"_bbp_anonymous_reply_count":0,"_bbp_topic_count_hidden":0,"_bbp_reply_count_hidden":0,"_bbp_forum_subforum_count":0,"footnotes":""},"class_list":["post-2724","page","type-page","status-publish","hentry"],"post_mailing_queue_ids":[],"_links":{"self":[{"href":"https:\/\/agora.xtec.cat\/escpompeureus\/wp-json\/wp\/v2\/pages\/2724","targetHints":{"allow":["GET"]}}],"collection":[{"href":"https:\/\/agora.xtec.cat\/escpompeureus\/wp-json\/wp\/v2\/pages"}],"about":[{"href":"https:\/\/agora.xtec.cat\/escpompeureus\/wp-json\/wp\/v2\/types\/page"}],"author":[{"embeddable":true,"href":"https:\/\/agora.xtec.cat\/escpompeureus\/wp-json\/wp\/v2\/users\/1"}],"replies":[{"embeddable":true,"href":"https:\/\/agora.xtec.cat\/escpompeureus\/wp-json\/wp\/v2\/comments?post=2724"}],"version-history":[{"count":1,"href":"https:\/\/agora.xtec.cat\/escpompeureus\/wp-json\/wp\/v2\/pages\/2724\/revisions"}],"predecessor-version":[{"id":2727,"href":"https:\/\/agora.xtec.cat\/escpompeureus\/wp-json\/wp\/v2\/pages\/2724\/revisions\/2727"}],"wp:attachment":[{"href":"https:\/\/agora.xtec.cat\/escpompeureus\/wp-json\/wp\/v2\/media?parent=2724"}],"curies":[{"name":"wp","href":"https:\/\/api.w.org\/{rel}","templated":true}]}}