{"id":2711,"date":"2025-01-16T21:00:54","date_gmt":"2025-01-16T20:00:54","guid":{"rendered":"https:\/\/agora.xtec.cat\/escpompeureus\/?page_id=2711"},"modified":"2025-01-16T21:00:54","modified_gmt":"2025-01-16T20:00:54","slug":"faig-cesire","status":"publish","type":"page","link":"https:\/\/agora.xtec.cat\/escpompeureus\/faig-cesire\/","title":{"rendered":"FAIG- CESIRE"},"content":{"rendered":"<p><img decoding=\"async\" src=\"https:\/\/serveiseducatius.xtec.cat\/cesire\/wp-content\/uploads\/usu2650\/2024\/02\/Banner_2-1400.jpg\" \/><\/p>\n<p>FAIG \u00e9s un programa experimental de suport a la innovaci\u00f3 del Departament d\u2019Educaci\u00f3 de Catalunya promogut per la Direcci\u00f3 General d\u2019Innovaci\u00f3, Digitalitzaci\u00f3 i Curr\u00edculum.<\/p>\n<p>El programa FAIG afavoreix l&#8217;APRENENTATGE AMB SENTIT. Dona suport a la innovaci\u00f3 educativa en centres que desenvolupen metodologies actives d\u2019aprenentatge, a trav\u00e9s de les quals infants i joves esdevenen agents clau per reimaginar el m\u00f3n envers la just\u00edcia global.<\/p>\n<p>El programa FAIG gira al voltant de 3 eixos: aprenentatge per projectes, l&#8217;actitud maker i la fabricaci\u00f3 digital i els desafiaments i els reptes socials.<\/p>\n<p>El programa FAIG t\u00e9 una durada de 3 cursos amb formaci\u00f3 pels mestres i implementaci\u00f3 de projectes amb sentit.<\/p>\n<p>Per con\u00e8ixer m\u00e9s sobre el projecte FAIG, podeu consultar la seg\u00fcent <a href=\"https:\/\/serveiseducatius.xtec.cat\/cesire\/faig-fent-per-aprendre-imaginant-globalment\/\">p\u00e0gina web.\u00a0<\/a><\/p>\n","protected":false},"excerpt":{"rendered":"<p>FAIG \u00e9s un programa experimental de suport a la innovaci\u00f3 del Departament d\u2019Educaci\u00f3 de Catalunya promogut per la Direcci\u00f3 General d\u2019Innovaci\u00f3, Digitalitzaci\u00f3 i Curr\u00edculum.<br \/>\nEl programa FAIG afavoreix l&#8217;APRENENTATGE AMB SENTIT. Dona suport a la innovaci\u00f3 educativa en centres que desenvolupen metodologies actives d\u2019aprenentatge, a trav\u00e9s&hellip;  <a href=\"https:\/\/agora.xtec.cat\/escpompeureus\/faig-cesire\/\" title=\"Read FAIG- CESIRE\">Llegeix m\u00e9s\u00bb<\/a><\/p>\n","protected":false},"author":1,"featured_media":0,"parent":0,"menu_order":0,"comment_status":"closed","ping_status":"closed","template":"","meta":{"_bbp_topic_count":0,"_bbp_reply_count":0,"_bbp_total_topic_count":0,"_bbp_total_reply_count":0,"_bbp_voice_count":0,"_bbp_anonymous_reply_count":0,"_bbp_topic_count_hidden":0,"_bbp_reply_count_hidden":0,"_bbp_forum_subforum_count":0,"footnotes":""},"class_list":["post-2711","page","type-page","status-publish","hentry"],"post_mailing_queue_ids":[],"_links":{"self":[{"href":"https:\/\/agora.xtec.cat\/escpompeureus\/wp-json\/wp\/v2\/pages\/2711","targetHints":{"allow":["GET"]}}],"collection":[{"href":"https:\/\/agora.xtec.cat\/escpompeureus\/wp-json\/wp\/v2\/pages"}],"about":[{"href":"https:\/\/agora.xtec.cat\/escpompeureus\/wp-json\/wp\/v2\/types\/page"}],"author":[{"embeddable":true,"href":"https:\/\/agora.xtec.cat\/escpompeureus\/wp-json\/wp\/v2\/users\/1"}],"replies":[{"embeddable":true,"href":"https:\/\/agora.xtec.cat\/escpompeureus\/wp-json\/wp\/v2\/comments?post=2711"}],"version-history":[{"count":1,"href":"https:\/\/agora.xtec.cat\/escpompeureus\/wp-json\/wp\/v2\/pages\/2711\/revisions"}],"predecessor-version":[{"id":2712,"href":"https:\/\/agora.xtec.cat\/escpompeureus\/wp-json\/wp\/v2\/pages\/2711\/revisions\/2712"}],"wp:attachment":[{"href":"https:\/\/agora.xtec.cat\/escpompeureus\/wp-json\/wp\/v2\/media?parent=2711"}],"curies":[{"name":"wp","href":"https:\/\/api.w.org\/{rel}","templated":true}]}}