{"id":4642,"date":"2024-02-10T20:51:11","date_gmt":"2024-02-10T19:51:11","guid":{"rendered":"https:\/\/agora.xtec.cat\/escpompeufabrall\/?page_id=4642"},"modified":"2024-02-21T13:47:26","modified_gmt":"2024-02-21T12:47:26","slug":"horari-datencio-a-les-families","status":"publish","type":"page","link":"https:\/\/agora.xtec.cat\/escpompeufabrall\/documentacio-families\/horari-datencio-a-les-families\/","title":{"rendered":"Horari d&#8217;atenci\u00f3 a les fam\u00edlies"},"content":{"rendered":"<p><strong>ADMINISTRACI\u00d3<\/strong><strong>:<\/strong> de dilluns a divendres de 9h a 13:00h i de 15h a 16:30h<\/p>\n","protected":false},"excerpt":{"rendered":"<p>ADMINISTRACI\u00d3: de dilluns a divendres de 9h a 13:00h i de 15h a 16:30h<\/p>\n","protected":false},"author":1,"featured_media":0,"parent":4592,"menu_order":5,"comment_status":"closed","ping_status":"closed","template":"page-templates\/side-menu.php","meta":{"_bbp_topic_count":0,"_bbp_reply_count":0,"_bbp_total_topic_count":0,"_bbp_total_reply_count":0,"_bbp_voice_count":0,"_bbp_anonymous_reply_count":0,"_bbp_topic_count_hidden":0,"_bbp_reply_count_hidden":0,"_bbp_forum_subforum_count":0,"footnotes":""},"class_list":["post-4642","page","type-page","status-publish","hentry"],"post_mailing_queue_ids":[],"_links":{"self":[{"href":"https:\/\/agora.xtec.cat\/escpompeufabrall\/wp-json\/wp\/v2\/pages\/4642","targetHints":{"allow":["GET"]}}],"collection":[{"href":"https:\/\/agora.xtec.cat\/escpompeufabrall\/wp-json\/wp\/v2\/pages"}],"about":[{"href":"https:\/\/agora.xtec.cat\/escpompeufabrall\/wp-json\/wp\/v2\/types\/page"}],"author":[{"embeddable":true,"href":"https:\/\/agora.xtec.cat\/escpompeufabrall\/wp-json\/wp\/v2\/users\/1"}],"replies":[{"embeddable":true,"href":"https:\/\/agora.xtec.cat\/escpompeufabrall\/wp-json\/wp\/v2\/comments?post=4642"}],"version-history":[{"count":1,"href":"https:\/\/agora.xtec.cat\/escpompeufabrall\/wp-json\/wp\/v2\/pages\/4642\/revisions"}],"predecessor-version":[{"id":4643,"href":"https:\/\/agora.xtec.cat\/escpompeufabrall\/wp-json\/wp\/v2\/pages\/4642\/revisions\/4643"}],"up":[{"embeddable":true,"href":"https:\/\/agora.xtec.cat\/escpompeufabrall\/wp-json\/wp\/v2\/pages\/4592"}],"wp:attachment":[{"href":"https:\/\/agora.xtec.cat\/escpompeufabrall\/wp-json\/wp\/v2\/media?parent=4642"}],"curies":[{"name":"wp","href":"https:\/\/api.w.org\/{rel}","templated":true}]}}