{"id":4634,"date":"2024-02-07T13:57:27","date_gmt":"2024-02-07T12:57:27","guid":{"rendered":"https:\/\/agora.xtec.cat\/escpompeufabrall\/?page_id=4634"},"modified":"2025-01-21T17:32:52","modified_gmt":"2025-01-21T16:32:52","slug":"consell-escolar","status":"publish","type":"page","link":"https:\/\/agora.xtec.cat\/escpompeufabrall\/lescola\/consell-escolar\/","title":{"rendered":"Consell escolar"},"content":{"rendered":"<p>El Consell Escolar del centre \u00e9s l&#8217;\u00f2rgan col\u00b7legiat de participaci\u00f3 de la comunitat escolar en el govern de centre. Les seves funcions s\u00f3n participar en l&#8217;aprovaci\u00f3 del projecte educatiu, de la programaci\u00f3 general anual, de les normes de funcionament, de la gesti\u00f3 econ\u00f2mica del centre i dels convenis o acords amb altres entitats o institucions, aix\u00ed com qualsevol\u00a0altra funci\u00f3\u00a0que li sigui atribu\u00efda per les normes legals o reglament\u00e0ries.<\/p>\n<table style=\"border-collapse: collapse; width: 100%; height: 848px;\">\n<tbody>\n<tr style=\"height: 145px;\">\n<td style=\"width: 50%; height: 145px;\">\n<h3><strong>Equip directiu<\/strong><\/h3>\n<\/td>\n<td style=\"width: 50%; height: 145px;\"><span style=\"font-family: Arial, serif;\"><span style=\"font-size: medium;\"><strong>Directora:<\/strong> Maria Francesca Mateu Martinez<\/span><\/span><\/p>\n<p><span style=\"font-family: Arial, serif;\"><span style=\"font-size: medium;\"><strong>Cap d&#8217;estudis:<\/strong> Emili Pereira Olivera<\/span><\/span><\/p>\n<p><span style=\"font-family: Arial, serif;\"><span style=\"font-size: medium;\"><strong>Secretari\/\u00e0ria:<\/strong> Elisabet Casas Periz<\/span><\/span><\/td>\n<\/tr>\n<tr style=\"height: 66px;\">\n<td style=\"width: 50%; height: 66px;\">\n<h3><strong>Representant de l&#8217;ajuntament<\/strong><\/h3>\n<\/td>\n<td style=\"width: 50%; height: 66px;\"><span style=\"font-family: Arial, serif;\"><span style=\"font-size: medium;\">Silvia Barris Roca<\/span><\/span><\/td>\n<\/tr>\n<tr style=\"height: 66px;\">\n<td style=\"width: 50%; height: 66px;\">\n<h3><strong>Representant de l&#8217;AMPA<\/strong><\/h3>\n<\/td>\n<td style=\"width: 50%; height: 66px;\"><span style=\"font-family: Arial, serif;\"><span style=\"font-size: medium;\">Xus Gich<\/span><\/span><\/td>\n<\/tr>\n<tr style=\"height: 231px;\">\n<td style=\"width: 50%; height: 231px;\">\n<h3><strong>Representants de pares i mares<\/strong><\/h3>\n<\/td>\n<td style=\"width: 50%; height: 231px;\"><span style=\"font-family: Arial, serif;\"><span style=\"font-size: medium;\">Anna Gil Ripoll<\/span><\/span><\/p>\n<p><span style=\"font-family: Arial, serif;\"><span style=\"font-size: medium;\">Edith Roig Macau<\/span><\/span><\/p>\n<p><span style=\"font-family: Arial, serif;\"><span style=\"font-size: medium;\">Julia Mikulasekova<\/span><\/span><\/p>\n<p><span style=\"font-family: Arial, serif;\"><span style=\"font-size: medium;\">Sandra Ares L\u00f3pez<\/span><\/span><\/p>\n<p><span style=\"font-family: Arial, serif;\"><span style=\"font-size: medium;\">Vanesa Carr\u00e9s Vent\u00f3s<\/span><\/span><\/td>\n<\/tr>\n<tr style=\"height: 66px;\">\n<td style=\"width: 50%; height: 66px;\">\n<h3><strong>Representant del PAS<\/strong><\/h3>\n<\/td>\n<td style=\"width: 50%; height: 66px;\"><span style=\"font-family: Arial, serif;\"><span style=\"font-size: medium;\"> Gemma P\u00e9rez Macau<\/span><\/span><\/td>\n<\/tr>\n<tr style=\"height: 274px;\">\n<td style=\"width: 50%; height: 274px;\">\n<h3><strong>Representants del professorat<\/strong><\/h3>\n<\/td>\n<td style=\"width: 50%; height: 274px;\"><span style=\"font-family: Arial, serif;\"><span style=\"font-size: medium;\">Eva Navarro<\/p>\n<p><\/span><\/span><span style=\"font-family: Arial, serif;\"><span style=\"font-size: medium;\">Cristina Malirach<br \/>\n<\/span><\/span><br \/>\n<span style=\"font-family: Arial, serif;\"><span style=\"font-size: medium;\">Carles Fibla<br \/>\n<\/span><\/span><br \/>\n<span style=\"font-family: Arial, serif;\"><span style=\"font-size: medium;\">Mariona Llistar<br \/>\n<\/span><\/span><br \/>\n<span style=\"font-family: Arial, serif;\"><span style=\"font-size: medium;\">M\u00f2nica Clotet Mart\u00edn<br \/>\n<\/span><\/span><br \/>\n<span style=\"font-family: Arial, serif;\"><span style=\"font-size: medium;\">Olga Campdelacreu Rodr\u00edguez<\/span><\/span><\/td>\n<\/tr>\n<\/tbody>\n<\/table>\n<p>&nbsp;<\/p>\n","protected":false},"excerpt":{"rendered":"<p>El Consell Escolar del centre \u00e9s l&#8217;\u00f2rgan col\u00b7legiat de participaci\u00f3 de la comunitat escolar en el govern de centre. Les seves funcions s\u00f3n participar en l&#8217;aprovaci\u00f3 del projecte educatiu, de la programaci\u00f3 general anual, de les normes de funcionament, de la gesti\u00f3 econ\u00f2mica del centre&hellip;  <a href=\"https:\/\/agora.xtec.cat\/escpompeufabrall\/lescola\/consell-escolar\/\" title=\"Read Consell escolar\">Llegeix m\u00e9s\u00bb<\/a><\/p>\n","protected":false},"author":1,"featured_media":0,"parent":4602,"menu_order":20,"comment_status":"closed","ping_status":"closed","template":"page-templates\/side-menu.php","meta":{"_bbp_topic_count":0,"_bbp_reply_count":0,"_bbp_total_topic_count":0,"_bbp_total_reply_count":0,"_bbp_voice_count":0,"_bbp_anonymous_reply_count":0,"_bbp_topic_count_hidden":0,"_bbp_reply_count_hidden":0,"_bbp_forum_subforum_count":0,"footnotes":""},"class_list":["post-4634","page","type-page","status-publish","hentry"],"post_mailing_queue_ids":[],"_links":{"self":[{"href":"https:\/\/agora.xtec.cat\/escpompeufabrall\/wp-json\/wp\/v2\/pages\/4634","targetHints":{"allow":["GET"]}}],"collection":[{"href":"https:\/\/agora.xtec.cat\/escpompeufabrall\/wp-json\/wp\/v2\/pages"}],"about":[{"href":"https:\/\/agora.xtec.cat\/escpompeufabrall\/wp-json\/wp\/v2\/types\/page"}],"author":[{"embeddable":true,"href":"https:\/\/agora.xtec.cat\/escpompeufabrall\/wp-json\/wp\/v2\/users\/1"}],"replies":[{"embeddable":true,"href":"https:\/\/agora.xtec.cat\/escpompeufabrall\/wp-json\/wp\/v2\/comments?post=4634"}],"version-history":[{"count":6,"href":"https:\/\/agora.xtec.cat\/escpompeufabrall\/wp-json\/wp\/v2\/pages\/4634\/revisions"}],"predecessor-version":[{"id":4952,"href":"https:\/\/agora.xtec.cat\/escpompeufabrall\/wp-json\/wp\/v2\/pages\/4634\/revisions\/4952"}],"up":[{"embeddable":true,"href":"https:\/\/agora.xtec.cat\/escpompeufabrall\/wp-json\/wp\/v2\/pages\/4602"}],"wp:attachment":[{"href":"https:\/\/agora.xtec.cat\/escpompeufabrall\/wp-json\/wp\/v2\/media?parent=4634"}],"curies":[{"name":"wp","href":"https:\/\/api.w.org\/{rel}","templated":true}]}}