{"id":4602,"date":"2024-02-06T13:25:04","date_gmt":"2024-02-06T12:25:04","guid":{"rendered":"https:\/\/agora.xtec.cat\/escpompeufabrall\/?page_id=4602"},"modified":"2024-02-07T14:00:33","modified_gmt":"2024-02-07T13:00:33","slug":"lescola","status":"publish","type":"page","link":"https:\/\/agora.xtec.cat\/escpompeufabrall\/lescola\/","title":{"rendered":"L&#8217;escola"},"content":{"rendered":"<p>En aquesta secci\u00f3 podeu trobar tota la informaci\u00f3 necess\u00e0ria per a fer-nos una idea general de l\u2019escola: hist\u00f2ria, ubicaci\u00f3, instal\u00b7lacions, equip docent, consell escolar, calendari i informacions pr\u00e0ctiques.<\/p>\n<p>Hi ha p\u00e0gines que encara no les tenim acabades, o que encara estan en construcci\u00f3. Poc a\u00a0 poc les anirem acabant o actualitzant. Mentrestant, entreu i gaudiu!<\/p>\n","protected":false},"excerpt":{"rendered":"<p>En aquesta secci\u00f3 podeu trobar tota la informaci\u00f3 necess\u00e0ria per a fer-nos una idea general de l\u2019escola: hist\u00f2ria, ubicaci\u00f3, instal\u00b7lacions, equip docent, consell escolar, calendari i informacions pr\u00e0ctiques.<br \/>\nHi ha p\u00e0gines que encara no les tenim acabades, o que encara estan en construcci\u00f3. Poc a\u00a0 poc&hellip;  <a href=\"https:\/\/agora.xtec.cat\/escpompeufabrall\/lescola\/\" title=\"Read L&#8217;escola\">Llegeix m\u00e9s\u00bb<\/a><\/p>\n","protected":false},"author":1,"featured_media":0,"parent":0,"menu_order":0,"comment_status":"closed","ping_status":"closed","template":"page-templates\/side-menu.php","meta":{"_bbp_topic_count":0,"_bbp_reply_count":0,"_bbp_total_topic_count":0,"_bbp_total_reply_count":0,"_bbp_voice_count":0,"_bbp_anonymous_reply_count":0,"_bbp_topic_count_hidden":0,"_bbp_reply_count_hidden":0,"_bbp_forum_subforum_count":0,"footnotes":""},"class_list":["post-4602","page","type-page","status-publish","hentry"],"post_mailing_queue_ids":[],"_links":{"self":[{"href":"https:\/\/agora.xtec.cat\/escpompeufabrall\/wp-json\/wp\/v2\/pages\/4602","targetHints":{"allow":["GET"]}}],"collection":[{"href":"https:\/\/agora.xtec.cat\/escpompeufabrall\/wp-json\/wp\/v2\/pages"}],"about":[{"href":"https:\/\/agora.xtec.cat\/escpompeufabrall\/wp-json\/wp\/v2\/types\/page"}],"author":[{"embeddable":true,"href":"https:\/\/agora.xtec.cat\/escpompeufabrall\/wp-json\/wp\/v2\/users\/1"}],"replies":[{"embeddable":true,"href":"https:\/\/agora.xtec.cat\/escpompeufabrall\/wp-json\/wp\/v2\/comments?post=4602"}],"version-history":[{"count":2,"href":"https:\/\/agora.xtec.cat\/escpompeufabrall\/wp-json\/wp\/v2\/pages\/4602\/revisions"}],"predecessor-version":[{"id":4620,"href":"https:\/\/agora.xtec.cat\/escpompeufabrall\/wp-json\/wp\/v2\/pages\/4602\/revisions\/4620"}],"wp:attachment":[{"href":"https:\/\/agora.xtec.cat\/escpompeufabrall\/wp-json\/wp\/v2\/media?parent=4602"}],"curies":[{"name":"wp","href":"https:\/\/api.w.org\/{rel}","templated":true}]}}