{"id":937,"date":"2018-04-17T09:20:04","date_gmt":"2018-04-17T07:20:04","guid":{"rendered":"http:\/\/agora.xtec.cat\/escpompeufabra\/?page_id=937"},"modified":"2018-04-17T09:21:46","modified_gmt":"2018-04-17T07:21:46","slug":"apadrinament-lector","status":"publish","type":"page","link":"https:\/\/agora.xtec.cat\/escpompeufabra\/apadrinament-lector\/","title":{"rendered":"Apadrinament lector"},"content":{"rendered":"<p><a href=\"http:\/\/agora.xtec.cat\/escpompeufabra\/wp-content\/uploads\/usu1654\/2018\/01\/DSC_0278-1.jpg\"><img loading=\"lazy\" decoding=\"async\" class=\"aligncenter size-medium wp-image-560\" src=\"http:\/\/agora.xtec.cat\/escpompeufabra\/wp-content\/uploads\/usu1654\/2018\/01\/DSC_0278-1-300x169.jpg\" alt=\"\" width=\"300\" height=\"169\" \/><\/a><\/p>\n<p>L&#8217;escola ha incorporat dins del Pla de lectura,\u00a0<strong><em>l&#8217;Apadrinament lector<\/em><\/strong>. Aquest consisteix en compartir un espai i un temps per a la lectura una sessi\u00f3 setmana.\u00a0Els nens de cicle Superior actuen de padrins i padrines dels alumnes de Cicle Inicial\u00a0(6\u00e8 amb\u00a0 amb 2n). Els grans s\u00f3n els encarregats d&#8217; iniciar-los en\u00a0\u00a0la lectura \u00a0a trav\u00e9s de textos curts i despr\u00e9s amb contes, ajudant-los en la dicci\u00f3, l&#8217;entonaci\u00f3 i\u00a0\u00a0comprensi\u00f3. S&#8217;establiran lligams afectius entre els padrins i fillols al voltant de la lectura, creant contextos significatius d&#8217;aprenentatge (els petits llegeixen perqu\u00e8 alg\u00fa els entengui i perqu\u00e8 alg\u00fa l&#8217;interessa escoltar-los). Amb aix\u00f2 esperem fomentar tamb\u00e9 la conviv\u00e8ncia i la cooperaci\u00f3 entre cicles i educar en la responsabilitat i el comprom\u00eds.<\/p>\n","protected":false},"excerpt":{"rendered":"<p><a href=\"http:\/\/agora.xtec.cat\/escpompeufabra\/wp-content\/uploads\/usu1654\/2018\/01\/DSC_0278-1.jpg\"><\/a><br \/>\nL&#8217;escola ha incorporat dins del Pla de lectura,\u00a0l&#8217;Apadrinament lector. Aquest consisteix en compartir un espai i un temps per a la lectura una sessi\u00f3 setmana.\u00a0Els nens de cicle Superior actuen de padrins i padrines dels alumnes de Cicle Inicial\u00a0(6\u00e8 amb\u00a0 amb 2n). Els grans&hellip;  <a href=\"https:\/\/agora.xtec.cat\/escpompeufabra\/apadrinament-lector\/\" title=\"Read Apadrinament lector\">Llegeix m\u00e9s\u00bb<\/a><\/p>\n","protected":false},"author":1,"featured_media":0,"parent":0,"menu_order":0,"comment_status":"closed","ping_status":"closed","template":"","meta":{"_bbp_topic_count":0,"_bbp_reply_count":0,"_bbp_total_topic_count":0,"_bbp_total_reply_count":0,"_bbp_voice_count":0,"_bbp_anonymous_reply_count":0,"_bbp_topic_count_hidden":0,"_bbp_reply_count_hidden":0,"_bbp_forum_subforum_count":0,"footnotes":""},"class_list":["post-937","page","type-page","status-publish","hentry"],"post_mailing_queue_ids":[],"_links":{"self":[{"href":"https:\/\/agora.xtec.cat\/escpompeufabra\/wp-json\/wp\/v2\/pages\/937","targetHints":{"allow":["GET"]}}],"collection":[{"href":"https:\/\/agora.xtec.cat\/escpompeufabra\/wp-json\/wp\/v2\/pages"}],"about":[{"href":"https:\/\/agora.xtec.cat\/escpompeufabra\/wp-json\/wp\/v2\/types\/page"}],"author":[{"embeddable":true,"href":"https:\/\/agora.xtec.cat\/escpompeufabra\/wp-json\/wp\/v2\/users\/1"}],"replies":[{"embeddable":true,"href":"https:\/\/agora.xtec.cat\/escpompeufabra\/wp-json\/wp\/v2\/comments?post=937"}],"version-history":[{"count":2,"href":"https:\/\/agora.xtec.cat\/escpompeufabra\/wp-json\/wp\/v2\/pages\/937\/revisions"}],"predecessor-version":[{"id":942,"href":"https:\/\/agora.xtec.cat\/escpompeufabra\/wp-json\/wp\/v2\/pages\/937\/revisions\/942"}],"wp:attachment":[{"href":"https:\/\/agora.xtec.cat\/escpompeufabra\/wp-json\/wp\/v2\/media?parent=937"}],"curies":[{"name":"wp","href":"https:\/\/api.w.org\/{rel}","templated":true}]}}