{"id":922,"date":"2018-04-17T09:09:36","date_gmt":"2018-04-17T07:09:36","guid":{"rendered":"http:\/\/agora.xtec.cat\/escpompeufabra\/?page_id=922"},"modified":"2018-04-17T09:11:12","modified_gmt":"2018-04-17T07:11:12","slug":"projecte-de-reutilitzacio-de-llibres-i-material-didactic","status":"publish","type":"page","link":"https:\/\/agora.xtec.cat\/escpompeufabra\/projecte-de-reutilitzacio-de-llibres-i-material-didactic\/","title":{"rendered":"Projecte de Reutilitzaci\u00f3 de llibres i material did\u00e0ctic"},"content":{"rendered":"<p><a href=\"http:\/\/agora.xtec.cat\/escpompeufabra\/wp-content\/uploads\/usu1654\/2018\/04\/Llibres.jpg\"><img loading=\"lazy\" decoding=\"async\" class=\"aligncenter size-medium wp-image-927\" src=\"http:\/\/agora.xtec.cat\/escpompeufabra\/wp-content\/uploads\/usu1654\/2018\/04\/Llibres-300x200.jpg\" alt=\"\" width=\"300\" height=\"200\" \/><\/a><\/p>\n<p>Estem portant a terme el <strong>Projecte de<\/strong> <strong>Reutilitzaci\u00f3 de llibres i material did\u00e0ctic<\/strong>, afavorint l\u2019estalvi econ\u00f2mic a les fam\u00edlies i conscienciant l\u2019alumnat en la import\u00e0ncia de tenir cura del material com\u00fa.<\/p>\n<p>Aquest \u00e9s un\u00a0 projecte que duem a terme amb esfor\u00e7 i convicci\u00f3. Creiem en la reutilitzaci\u00f3, en el compartir i en el valor de cuidar les coses. Aix\u00ed transmetem al nostre alumnat la import\u00e0ncia d\u2019aprofitar els llibres any rere any, sense deixar de banda l\u2019estalvi econ\u00f2mic que suposa per a les fam\u00edlies.<\/p>\n<p>\u00c9s un projecte iniciat el curs 2005-06, el qual\u00a0 va comen\u00e7ar com una iniciativa del claustre de professors, adquirint en un primer moment diccionaris de catal\u00e0 , castell\u00e0 i angl\u00e8s per un cicle.<\/p>\n<p>L\u2019any seg\u00fcent, i comptant amb la subvenci\u00f3 rebuda per l\u2019Administraci\u00f3\u00a0 duem a terme la compra de m\u00e9s diccionaris, i del llibre de m\u00fasica per tota la prim\u00e0ria. El tercer any del projecte comprem tots els llibres d\u2019angl\u00e8s de prim\u00e0ria. A partir d\u2019aqu\u00ed, comencem un segon per\u00edode de projecte per tres anys m\u00e9s, i amb els ajust de l\u2019Administraci\u00f3 i de les fam\u00edlies. El nostre objectiu \u00e9s disposar de tot el banc de llibres a l\u2019escola. Comprem cada curs algun llibres per a\u00a0 cada cicle, i les fam\u00edlies col\u00b7laboren comprant un dels llibres del curs i deixant-lo a l\u2019escola, per tal de poder gaudir d\u2019aquest projecte.<\/p>\n<p>Un cop hem tingut tots els llibres socialitzats (sempre tenint en compte que els de cicle inicial s\u00f3n llibres que no socialitzem perqu\u00e8 s\u00f3n utilitzats com a quadern de treball), cada fam\u00edlia ha d\u2019abonar a l\u2019 inici de curs una quota per tal de poder formar part del banc de llibres socialitzats.<\/p>\n<p>&nbsp;<\/p>\n<p>De moment el projecte \u00e9s tot un \u00e8xit. Engeguem aquestes iniciatives amb la il\u00b7lusi\u00f3 de poder aconseguir tots els objectius que ens hem proposat: disminuir la despesa de llibres a les fam\u00edlies, fer-nos tots m\u00e9s solidaris, contribuir a la sostenibilitat del nostre entorn,&#8230;, i, en definitiva, aconseguir valors i principis de toler\u00e0ncia i respecte que tan oblidats semblen en el nostre m\u00f3n actual.<\/p>\n","protected":false},"excerpt":{"rendered":"<p><a href=\"http:\/\/agora.xtec.cat\/escpompeufabra\/wp-content\/uploads\/usu1654\/2018\/04\/Llibres.jpg\"><\/a><br \/>\nEstem portant a terme el Projecte de Reutilitzaci\u00f3 de llibres i material did\u00e0ctic, afavorint l\u2019estalvi econ\u00f2mic a les fam\u00edlies i conscienciant l\u2019alumnat en la import\u00e0ncia de tenir cura del material com\u00fa.<br \/>\nAquest \u00e9s un\u00a0 projecte que duem a terme amb esfor\u00e7 i convicci\u00f3. Creiem en&hellip;  <a href=\"https:\/\/agora.xtec.cat\/escpompeufabra\/projecte-de-reutilitzacio-de-llibres-i-material-didactic\/\" title=\"Read Projecte de Reutilitzaci\u00f3 de llibres i material did\u00e0ctic\">Llegeix m\u00e9s\u00bb<\/a><\/p>\n","protected":false},"author":1,"featured_media":0,"parent":0,"menu_order":0,"comment_status":"closed","ping_status":"closed","template":"","meta":{"_bbp_topic_count":0,"_bbp_reply_count":0,"_bbp_total_topic_count":0,"_bbp_total_reply_count":0,"_bbp_voice_count":0,"_bbp_anonymous_reply_count":0,"_bbp_topic_count_hidden":0,"_bbp_reply_count_hidden":0,"_bbp_forum_subforum_count":0,"footnotes":""},"class_list":["post-922","page","type-page","status-publish","hentry"],"post_mailing_queue_ids":[],"_links":{"self":[{"href":"https:\/\/agora.xtec.cat\/escpompeufabra\/wp-json\/wp\/v2\/pages\/922","targetHints":{"allow":["GET"]}}],"collection":[{"href":"https:\/\/agora.xtec.cat\/escpompeufabra\/wp-json\/wp\/v2\/pages"}],"about":[{"href":"https:\/\/agora.xtec.cat\/escpompeufabra\/wp-json\/wp\/v2\/types\/page"}],"author":[{"embeddable":true,"href":"https:\/\/agora.xtec.cat\/escpompeufabra\/wp-json\/wp\/v2\/users\/1"}],"replies":[{"embeddable":true,"href":"https:\/\/agora.xtec.cat\/escpompeufabra\/wp-json\/wp\/v2\/comments?post=922"}],"version-history":[{"count":2,"href":"https:\/\/agora.xtec.cat\/escpompeufabra\/wp-json\/wp\/v2\/pages\/922\/revisions"}],"predecessor-version":[{"id":928,"href":"https:\/\/agora.xtec.cat\/escpompeufabra\/wp-json\/wp\/v2\/pages\/922\/revisions\/928"}],"wp:attachment":[{"href":"https:\/\/agora.xtec.cat\/escpompeufabra\/wp-json\/wp\/v2\/media?parent=922"}],"curies":[{"name":"wp","href":"https:\/\/api.w.org\/{rel}","templated":true}]}}