{"id":909,"date":"2018-04-17T08:51:29","date_gmt":"2018-04-17T06:51:29","guid":{"rendered":"http:\/\/agora.xtec.cat\/escpompeufabra\/?page_id=909"},"modified":"2018-09-20T09:18:40","modified_gmt":"2018-09-20T07:18:40","slug":"what-a-fun-art-english-2-in-1","status":"publish","type":"page","link":"https:\/\/agora.xtec.cat\/escpompeufabra\/what-a-fun-art-english-2-in-1\/","title":{"rendered":"What a fun, Art &#038; English 2 in 1"},"content":{"rendered":"<p>Aquest projecte es va iniciar ja fa uns anys amb l\u2019objectiu de fomentar la llengua anglesa en un entorn m\u00e9s l\u00fadic i d\u2019aplicaci\u00f3 pr\u00e0ctica. Per aquesta ra\u00f3, es va escollir l\u2019\u00e0rea de pl\u00e0stica que actualment ja es duu a terme a tota prim\u00e0ria. El projecte mant\u00e9 el mateix t\u00edtol inicial \u201cWhat a fun, Art &amp; English, 2 in 1!\u201d.<\/p>\n<p>La prendre la decisi\u00f3 d\u2019escollir la pl\u00e0stica com a \u00e0rea no ling\u00fc\u00edstica,\u00a0 perqu\u00e8\u00a0 els alumnes poden aprendre realitzant activitats\u00a0 pr\u00f2pies de la seva edat i, per tant, agradables i motivadores: dibuixar, pintar, manipular, retallar, inventar, crear. A m\u00e9s a m\u00e9s, pode globalitzar esdeveniments d\u2019actualitat que succeixen a l\u2019escola i que es poden relacionar amb l\u2019art.<\/p>\n<p>\u00c9s molt positiu pels alumnes poder gaudir d\u2019aquesta experi\u00e8ncia, donat que la gran majoria portaran una traject\u00f2ria pr\u00e8via de viure la pl\u00e0stica en angl\u00e8s i, com a conseq\u00fc\u00e8ncia, tindran l\u2019oportunitat de practicar i utilitzar l\u00e8xic introdu\u00eft anteriorment. Aix\u00f2 tamb\u00e9 permetr\u00e0 centrar-nos millor amb els nous conceptes propis de l\u2019\u00e0rea de pl\u00e0stica, que esdevindran cada cop m\u00e9s concrets i espec\u00edfics.<\/p>\n<p>&nbsp;<\/p>\n","protected":false},"excerpt":{"rendered":"<p>Aquest projecte es va iniciar ja fa uns anys amb l\u2019objectiu de fomentar la llengua anglesa en un entorn m\u00e9s l\u00fadic i d\u2019aplicaci\u00f3 pr\u00e0ctica. Per aquesta ra\u00f3, es va escollir l\u2019\u00e0rea de pl\u00e0stica que actualment ja es duu a terme a tota prim\u00e0ria. El projecte&hellip;  <a href=\"https:\/\/agora.xtec.cat\/escpompeufabra\/what-a-fun-art-english-2-in-1\/\" title=\"Read What a fun, Art &#038; English 2 in 1\">Llegeix m\u00e9s\u00bb<\/a><\/p>\n","protected":false},"author":1,"featured_media":0,"parent":0,"menu_order":0,"comment_status":"closed","ping_status":"closed","template":"","meta":{"_bbp_topic_count":0,"_bbp_reply_count":0,"_bbp_total_topic_count":0,"_bbp_total_reply_count":0,"_bbp_voice_count":0,"_bbp_anonymous_reply_count":0,"_bbp_topic_count_hidden":0,"_bbp_reply_count_hidden":0,"_bbp_forum_subforum_count":0,"footnotes":""},"class_list":["post-909","page","type-page","status-publish","hentry"],"post_mailing_queue_ids":[],"_links":{"self":[{"href":"https:\/\/agora.xtec.cat\/escpompeufabra\/wp-json\/wp\/v2\/pages\/909","targetHints":{"allow":["GET"]}}],"collection":[{"href":"https:\/\/agora.xtec.cat\/escpompeufabra\/wp-json\/wp\/v2\/pages"}],"about":[{"href":"https:\/\/agora.xtec.cat\/escpompeufabra\/wp-json\/wp\/v2\/types\/page"}],"author":[{"embeddable":true,"href":"https:\/\/agora.xtec.cat\/escpompeufabra\/wp-json\/wp\/v2\/users\/1"}],"replies":[{"embeddable":true,"href":"https:\/\/agora.xtec.cat\/escpompeufabra\/wp-json\/wp\/v2\/comments?post=909"}],"version-history":[{"count":3,"href":"https:\/\/agora.xtec.cat\/escpompeufabra\/wp-json\/wp\/v2\/pages\/909\/revisions"}],"predecessor-version":[{"id":1679,"href":"https:\/\/agora.xtec.cat\/escpompeufabra\/wp-json\/wp\/v2\/pages\/909\/revisions\/1679"}],"wp:attachment":[{"href":"https:\/\/agora.xtec.cat\/escpompeufabra\/wp-json\/wp\/v2\/media?parent=909"}],"curies":[{"name":"wp","href":"https:\/\/api.w.org\/{rel}","templated":true}]}}