{"id":893,"date":"2018-04-17T08:39:34","date_gmt":"2018-04-17T06:39:34","guid":{"rendered":"http:\/\/agora.xtec.cat\/escpompeufabra\/?page_id=893"},"modified":"2018-04-17T08:41:29","modified_gmt":"2018-04-17T06:41:29","slug":"escola-verda-medi-ambient","status":"publish","type":"page","link":"https:\/\/agora.xtec.cat\/escpompeufabra\/escola-verda-medi-ambient\/","title":{"rendered":"Escola Verda. Medi ambient"},"content":{"rendered":"<p><a href=\"http:\/\/agora.xtec.cat\/escpompeufabra\/wp-content\/uploads\/usu1654\/2018\/04\/pagina-escola-verda-1.jpg\"><img loading=\"lazy\" decoding=\"async\" class=\"aligncenter size-medium wp-image-887\" src=\"http:\/\/agora.xtec.cat\/escpompeufabra\/wp-content\/uploads\/usu1654\/2018\/04\/pagina-escola-verda-1-300x300.jpg\" alt=\"\" width=\"300\" height=\"300\" \/><\/a><\/p>\n<p>Formem part d\u2019un projecte dels Departaments de Medi Ambient i Educaci\u00f3 en el que s&#8217;integren aquelles escoles que tenen un Pla per tal d&#8217; afavorir una bona actitud i una implicaci\u00f3 responsable en la defensa i cura del medi ambient.<\/p>\n<p>Les Escoles Verdes \u00e9s un projecte dels Departaments de Medi Ambient i Educaci\u00f3 en les que s&#8217; integren aquelles escoles que han elaborat un Pla per tal d&#8217; afavorir una bona actitud davant el medi ambient.<\/p>\n<p>La nostra escola ha estat treballant un projecte\u00a0 mediambiental durant 3 cursos per tal d&#8217; afavorir una actitud responsable i respectuosa amb el medi natural i el nostre entorn. Ara,un cop acabat el projecte tenim l\u2019oportunitat de formar part d\u2019aquesta xarxa d\u2019escoles Verdes. Tanmateix hem elaborat un nou Pla d\u2019Acci\u00f3 per tres anys m\u00e9s, per tal d\u2019 afian\u00e7ar les accions que ja est\u00e0vem fent i per dur-ne a terme de noves. Aix\u00f2 ens compromet a continuar treballant en aquesta l\u00ednia i establir nous camps d&#8217; actuaci\u00f3 per tal que aquest eix transversal sigui un dels trets identificatius de la nostra escola.<\/p>\n<p>Els objectius del \u201cPrograma Escoles Verdes\u201d s\u00f3n incorporar els valors de l&#8217;Educaci\u00f3 per a la sostenibilitat en tots els \u00e0mbits de la vida\u00a0 escolar, bo i promovent l\u2019activa participaci\u00f3 i una eficient implicaci\u00f3 de la comunitat educativa en la millora del seu entorn, i amb la possibilitat de fer una xarxa entre els diversos centres escolars que hi participen.<\/p>\n<p><strong>El nostre objectiu\u00a0 \u00e9s fer del nostre alumnat uns futurs ciutadans que respectin el medi ambient i es comprometin amb la construcci\u00f3 d\u2019una societat sostenible.<\/strong><\/p>\n<p>Aquest \u00e9s el distintiu que aquest curs ens atorgaran al Pompeu, un distintiu que \u00e9s el s\u00edmbol d\u2019una cultura de centre, una forma de conviure i de veure el m\u00f3n.<\/p>\n","protected":false},"excerpt":{"rendered":"<p><a href=\"http:\/\/agora.xtec.cat\/escpompeufabra\/wp-content\/uploads\/usu1654\/2018\/04\/pagina-escola-verda-1.jpg\"><\/a><br \/>\nFormem part d\u2019un projecte dels Departaments de Medi Ambient i Educaci\u00f3 en el que s&#8217;integren aquelles escoles que tenen un Pla per tal d&#8217; afavorir una bona actitud i una implicaci\u00f3 responsable en la defensa i cura del medi ambient.<br \/>\nLes Escoles Verdes \u00e9s un&hellip;  <a href=\"https:\/\/agora.xtec.cat\/escpompeufabra\/escola-verda-medi-ambient\/\" title=\"Read Escola Verda. Medi ambient\">Llegeix m\u00e9s\u00bb<\/a><\/p>\n","protected":false},"author":1,"featured_media":0,"parent":0,"menu_order":0,"comment_status":"closed","ping_status":"closed","template":"","meta":{"_bbp_topic_count":0,"_bbp_reply_count":0,"_bbp_total_topic_count":0,"_bbp_total_reply_count":0,"_bbp_voice_count":0,"_bbp_anonymous_reply_count":0,"_bbp_topic_count_hidden":0,"_bbp_reply_count_hidden":0,"_bbp_forum_subforum_count":0,"footnotes":""},"class_list":["post-893","page","type-page","status-publish","hentry"],"post_mailing_queue_ids":[],"_links":{"self":[{"href":"https:\/\/agora.xtec.cat\/escpompeufabra\/wp-json\/wp\/v2\/pages\/893","targetHints":{"allow":["GET"]}}],"collection":[{"href":"https:\/\/agora.xtec.cat\/escpompeufabra\/wp-json\/wp\/v2\/pages"}],"about":[{"href":"https:\/\/agora.xtec.cat\/escpompeufabra\/wp-json\/wp\/v2\/types\/page"}],"author":[{"embeddable":true,"href":"https:\/\/agora.xtec.cat\/escpompeufabra\/wp-json\/wp\/v2\/users\/1"}],"replies":[{"embeddable":true,"href":"https:\/\/agora.xtec.cat\/escpompeufabra\/wp-json\/wp\/v2\/comments?post=893"}],"version-history":[{"count":2,"href":"https:\/\/agora.xtec.cat\/escpompeufabra\/wp-json\/wp\/v2\/pages\/893\/revisions"}],"predecessor-version":[{"id":899,"href":"https:\/\/agora.xtec.cat\/escpompeufabra\/wp-json\/wp\/v2\/pages\/893\/revisions\/899"}],"wp:attachment":[{"href":"https:\/\/agora.xtec.cat\/escpompeufabra\/wp-json\/wp\/v2\/media?parent=893"}],"curies":[{"name":"wp","href":"https:\/\/api.w.org\/{rel}","templated":true}]}}