{"id":5282,"date":"2021-02-17T16:20:32","date_gmt":"2021-02-17T15:20:32","guid":{"rendered":"http:\/\/agora.xtec.cat\/escpompeufabra\/?page_id=5282"},"modified":"2021-02-25T10:08:30","modified_gmt":"2021-02-25T09:08:30","slug":"hort-galliner-i-el-nostre-jardinet","status":"publish","type":"page","link":"https:\/\/agora.xtec.cat\/escpompeufabra\/hort-galliner-i-el-nostre-jardinet\/","title":{"rendered":"Hort, galliner i el nostre jardinet"},"content":{"rendered":"<p>A la nostra escola, el <strong>Pompeu Fabra<\/strong>,\u00a0 gaudim de diferents espais d\u2019aprenentatge, un d\u2019ells \u00e9s <strong>el nostre hort<\/strong>. Els nens i nenes d\u2019educaci\u00f3 infantil en tenim cura. Cada any, al setembre, fem un treball previ per preparar la terra abans de plantar i anem a comprar el planter per iniciar la temporada i treballar-hi al llarg de tot el curs tot plantant, regant i treient males herbes per finalment, poder collir i gaudir dels fruits que hem cuidat al llarg dels mesos.<\/p>\n<p>Un altre espai molt valorat \u00e9s <strong>el galliner<\/strong>. Els i les alumnes d\u2019educaci\u00f3 infantil compartim el galliner i col\u00b7laborem activament i amb molta il\u00b7lusi\u00f3 de les tasques que comporta gaudir d\u2019aquests animals: posar aigua als abeuradors, menjar a les menjadores, donar-los verdures de l\u2019hort que nosaltres no podem aprofitar, netejar, passar el rasclet i posar palla neta al ponedor, recollir els ous&#8230; i fins i tot tenim el repte de fer el seguiment d\u2019ous fecundats fins arribar a la cria de pollets.<\/p>\n<p>A m\u00e9s a m\u00e9s, tamb\u00e9 aprofitem com a eina pedag\u00f2gica <strong>el nostre jardinet<\/strong>, aqu\u00ed hi tenim plantes arom\u00e0tiques, medicinals,&#8230; que ens ajuden, entre altres,\u00a0 a controlar les plagues de l\u2019hort. Tamb\u00e9 hi ha arbres fruiters\u00a0 dels quals en fem el seguiment al llarg de les estacions i podem veure en els seus diferents estats i degustar els seus fruits. Aprofitem que el Dia Mundial de la Natura coincideix amb l\u2019arribada de la primavera per celebrar-ho plantant diferents tipus de flors i tenint-ne cura.<\/p>\n<p>Les activitats que podem dur a terme en aquests <strong>tres espais ecol\u00f2gics<\/strong>, ajuden a millorar el <strong>desenvolupament integral de l\u2019alumnat<\/strong> a trav\u00e9s de l\u2019observaci\u00f3, l\u2019experimentaci\u00f3 directa i vivencial, la responsabilitat i l\u2019aprenentatge cooperatiu. Amb aquest <strong>treball cooperatiu<\/strong> afavorim la conviv\u00e8ncia, la cohesi\u00f3 de grup, el treball en equip i el di\u00e0leg, aix\u00ed com l\u2019esperit cr\u00edtic i el raonament hipot\u00e8tic-deductiu.\u00a0 Amb l\u2019objectiu general que l\u2019alumnat aprengui a respectar el medi ambient i l\u2019entorn natural.<\/p>\n<p>Tot aquest treball no seria possible sense mantenir una relaci\u00f3 estreta amb tota la <strong>comunitat educativa<\/strong> del centre, ja que per tenir cura de tots aquest espais, necessitem l\u2019ajuda i la col\u00b7laboraci\u00f3 d\u2019altres agents educadors: pares, mares, padrins, padrines,&#8230; que fan que puguem gaudir plegats de tots aquest aprenentatges.<\/p>\n<p>D\u2019altra banda, aquests espais ens permeten iniciar-nos en <strong>l\u2019aprenentatge servei<\/strong> ja que cada any, compartim una jornada amb els nens i nenes de les escoles bressol del municipi. Els fem de guies pels diferents racons del nostre pati i compartim plegats activitats com: donar menjar a les gallines, plegar els ous, recon\u00e8ixer diferents hortalisses que hi hagi plantades a l\u2019hort, trasplantar planter per a que se l\u2019enduguin,&#8230; tot compartint aprenentatges. \u00c9s una activitat que sempre l\u2019esperem amb moltes ganes i la gaudim amb molta il\u00b7lusi\u00f3!<\/p>\n<p>&nbsp;<\/p>\n<p><a href=\"https:\/\/agora.xtec.cat\/escpompeufabra\/wp-content\/uploads\/usu1654\/2021\/02\/IMG-20210224-WA0006.jpg\"><img loading=\"lazy\" decoding=\"async\" class=\"alignleft size-medium wp-image-5324\" src=\"https:\/\/agora.xtec.cat\/escpompeufabra\/wp-content\/uploads\/usu1654\/2021\/02\/IMG-20210224-WA0006-247x300.jpg\" alt=\"\" width=\"247\" height=\"300\" srcset=\"https:\/\/agora.xtec.cat\/escpompeufabra\/wp-content\/uploads\/usu1654\/2021\/02\/IMG-20210224-WA0006-247x300.jpg 247w, https:\/\/agora.xtec.cat\/escpompeufabra\/wp-content\/uploads\/usu1654\/2021\/02\/IMG-20210224-WA0006-768x934.jpg 768w, https:\/\/agora.xtec.cat\/escpompeufabra\/wp-content\/uploads\/usu1654\/2021\/02\/IMG-20210224-WA0006-842x1024.jpg 842w, https:\/\/agora.xtec.cat\/escpompeufabra\/wp-content\/uploads\/usu1654\/2021\/02\/IMG-20210224-WA0006.jpg 1191w\" sizes=\"auto, (max-width: 247px) 100vw, 247px\" \/><\/a> <a href=\"https:\/\/agora.xtec.cat\/escpompeufabra\/wp-content\/uploads\/usu1654\/2021\/02\/galliner-reduida.jpg\"><img loading=\"lazy\" decoding=\"async\" class=\"wp-image-5326 alignright\" src=\"https:\/\/agora.xtec.cat\/escpompeufabra\/wp-content\/uploads\/usu1654\/2021\/02\/galliner-reduida-300x169.jpg\" alt=\"\" width=\"434\" height=\"244\" srcset=\"https:\/\/agora.xtec.cat\/escpompeufabra\/wp-content\/uploads\/usu1654\/2021\/02\/galliner-reduida-300x169.jpg 300w, https:\/\/agora.xtec.cat\/escpompeufabra\/wp-content\/uploads\/usu1654\/2021\/02\/galliner-reduida.jpg 448w\" sizes=\"auto, (max-width: 434px) 100vw, 434px\" \/><\/a> <a href=\"https:\/\/agora.xtec.cat\/escpompeufabra\/wp-content\/uploads\/usu1654\/2021\/02\/DSCF6727.jpg\"><img loading=\"lazy\" decoding=\"async\" class=\"aligncenter wp-image-5325\" src=\"https:\/\/agora.xtec.cat\/escpompeufabra\/wp-content\/uploads\/usu1654\/2021\/02\/DSCF6727-300x225.jpg\" alt=\"\" width=\"380\" height=\"285\" srcset=\"https:\/\/agora.xtec.cat\/escpompeufabra\/wp-content\/uploads\/usu1654\/2021\/02\/DSCF6727-300x225.jpg 300w, https:\/\/agora.xtec.cat\/escpompeufabra\/wp-content\/uploads\/usu1654\/2021\/02\/DSCF6727-200x150.jpg 200w, https:\/\/agora.xtec.cat\/escpompeufabra\/wp-content\/uploads\/usu1654\/2021\/02\/DSCF6727.jpg 448w\" sizes=\"auto, (max-width: 380px) 100vw, 380px\" \/><\/a><\/p>\n","protected":false},"excerpt":{"rendered":"<p>A la nostra escola, el Pompeu Fabra,\u00a0 gaudim de diferents espais d\u2019aprenentatge, un d\u2019ells \u00e9s el nostre hort. Els nens i nenes d\u2019educaci\u00f3 infantil en tenim cura. Cada any, al setembre, fem un treball previ per preparar la terra abans de plantar i anem a&hellip;  <a href=\"https:\/\/agora.xtec.cat\/escpompeufabra\/hort-galliner-i-el-nostre-jardinet\/\" title=\"Read Hort, galliner i el nostre jardinet\">Llegeix m\u00e9s\u00bb<\/a><\/p>\n","protected":false},"author":1,"featured_media":0,"parent":0,"menu_order":0,"comment_status":"closed","ping_status":"closed","template":"","meta":{"_bbp_topic_count":0,"_bbp_reply_count":0,"_bbp_total_topic_count":0,"_bbp_total_reply_count":0,"_bbp_voice_count":0,"_bbp_anonymous_reply_count":0,"_bbp_topic_count_hidden":0,"_bbp_reply_count_hidden":0,"_bbp_forum_subforum_count":0,"footnotes":""},"class_list":["post-5282","page","type-page","status-publish","hentry"],"post_mailing_queue_ids":[],"_links":{"self":[{"href":"https:\/\/agora.xtec.cat\/escpompeufabra\/wp-json\/wp\/v2\/pages\/5282","targetHints":{"allow":["GET"]}}],"collection":[{"href":"https:\/\/agora.xtec.cat\/escpompeufabra\/wp-json\/wp\/v2\/pages"}],"about":[{"href":"https:\/\/agora.xtec.cat\/escpompeufabra\/wp-json\/wp\/v2\/types\/page"}],"author":[{"embeddable":true,"href":"https:\/\/agora.xtec.cat\/escpompeufabra\/wp-json\/wp\/v2\/users\/1"}],"replies":[{"embeddable":true,"href":"https:\/\/agora.xtec.cat\/escpompeufabra\/wp-json\/wp\/v2\/comments?post=5282"}],"version-history":[{"count":3,"href":"https:\/\/agora.xtec.cat\/escpompeufabra\/wp-json\/wp\/v2\/pages\/5282\/revisions"}],"predecessor-version":[{"id":5328,"href":"https:\/\/agora.xtec.cat\/escpompeufabra\/wp-json\/wp\/v2\/pages\/5282\/revisions\/5328"}],"wp:attachment":[{"href":"https:\/\/agora.xtec.cat\/escpompeufabra\/wp-json\/wp\/v2\/media?parent=5282"}],"curies":[{"name":"wp","href":"https:\/\/api.w.org\/{rel}","templated":true}]}}