{"id":5248,"date":"2021-02-09T11:22:13","date_gmt":"2021-02-09T10:22:13","guid":{"rendered":"http:\/\/agora.xtec.cat\/escpompeufabra\/?page_id=5248"},"modified":"2021-02-09T11:22:13","modified_gmt":"2021-02-09T10:22:13","slug":"programa-escolar-contra-el-bulling-fundacio-barca","status":"publish","type":"page","link":"https:\/\/agora.xtec.cat\/escpompeufabra\/programa-escolar-contra-el-bulling-fundacio-barca\/","title":{"rendered":"Programa escolar contra el Bulling (FUNDACI\u00d3 BAR\u00c7A)"},"content":{"rendered":"<p>Des del curs 2017-18 formem part del programa escolar contra el Bulling de la Fundaci\u00f3 Bar\u00e7a.<\/p>\n<p>La Fundaci\u00f3 del Bar\u00e7a ha dissenyat una metodologia adaptada al curr\u00edculum escolar de prim\u00e0ria a les escoles per ensenyar a identificar i prevenir l&#8217;assetjament escolar. Es tracta d&#8217;una metodologia que aborda la prevenci\u00f3 d&#8217;aquesta problem\u00e0tica a trav\u00e9s de din\u00e0miques l\u00fadiques i participatives on l\u2019esport \u00e9s l\u2019eix vertebrador.<\/p>\n<p>El programa inclou formaci\u00f3 i assessorament pedag\u00f2gic per als\u00a0mestres que implementaran set sessions a trav\u00e9s de les assignatures<\/p>\n<p><span style=\"font-family: inherit; font-size: 1em;\">\u00a0d&#8217;educaci\u00f3 f\u00edsica, tutoria i visual i pl\u00e0stica.<\/span><\/p>\n<p><img loading=\"lazy\" decoding=\"async\" class=\" wp-image-5249 alignright\" src=\"https:\/\/agora.xtec.cat\/escpompeufabra\/wp-content\/uploads\/usu1654\/2021\/02\/fund-bcn1.jpg\" alt=\"\" width=\"356\" height=\"219\" srcset=\"https:\/\/agora.xtec.cat\/escpompeufabra\/wp-content\/uploads\/usu1654\/2021\/02\/fund-bcn1.jpg 405w, https:\/\/agora.xtec.cat\/escpompeufabra\/wp-content\/uploads\/usu1654\/2021\/02\/fund-bcn1-300x184.jpg 300w\" sizes=\"auto, (max-width: 356px) 100vw, 356px\" \/><\/p>\n<p>A m\u00e9s a m\u00e9s l&#8217;equip docent rebem la formaci\u00f3 per part dels especialistes de la Fundaci\u00f3 i ens proporcionen material did\u00e0ctic per tal de fer un treball acurat, que proporciona millores en la conviv\u00e8ncia del nostre alumnat.<\/p>\n<p>&nbsp;<\/p>\n<p>&nbsp;<\/p>\n","protected":false},"excerpt":{"rendered":"<p>Des del curs 2017-18 formem part del programa escolar contra el Bulling de la Fundaci\u00f3 Bar\u00e7a.<br \/>\nLa Fundaci\u00f3 del Bar\u00e7a ha dissenyat una metodologia adaptada al curr\u00edculum escolar de prim\u00e0ria a les escoles per ensenyar a identificar i prevenir l&#8217;assetjament escolar. Es tracta d&#8217;una metodologia que&hellip;  <a href=\"https:\/\/agora.xtec.cat\/escpompeufabra\/programa-escolar-contra-el-bulling-fundacio-barca\/\" title=\"Read Programa escolar contra el Bulling (FUNDACI\u00d3 BAR\u00c7A)\">Llegeix m\u00e9s\u00bb<\/a><\/p>\n","protected":false},"author":1,"featured_media":0,"parent":0,"menu_order":0,"comment_status":"closed","ping_status":"closed","template":"","meta":{"_bbp_topic_count":0,"_bbp_reply_count":0,"_bbp_total_topic_count":0,"_bbp_total_reply_count":0,"_bbp_voice_count":0,"_bbp_anonymous_reply_count":0,"_bbp_topic_count_hidden":0,"_bbp_reply_count_hidden":0,"_bbp_forum_subforum_count":0,"footnotes":""},"class_list":["post-5248","page","type-page","status-publish","hentry"],"post_mailing_queue_ids":[],"_links":{"self":[{"href":"https:\/\/agora.xtec.cat\/escpompeufabra\/wp-json\/wp\/v2\/pages\/5248","targetHints":{"allow":["GET"]}}],"collection":[{"href":"https:\/\/agora.xtec.cat\/escpompeufabra\/wp-json\/wp\/v2\/pages"}],"about":[{"href":"https:\/\/agora.xtec.cat\/escpompeufabra\/wp-json\/wp\/v2\/types\/page"}],"author":[{"embeddable":true,"href":"https:\/\/agora.xtec.cat\/escpompeufabra\/wp-json\/wp\/v2\/users\/1"}],"replies":[{"embeddable":true,"href":"https:\/\/agora.xtec.cat\/escpompeufabra\/wp-json\/wp\/v2\/comments?post=5248"}],"version-history":[{"count":1,"href":"https:\/\/agora.xtec.cat\/escpompeufabra\/wp-json\/wp\/v2\/pages\/5248\/revisions"}],"predecessor-version":[{"id":5251,"href":"https:\/\/agora.xtec.cat\/escpompeufabra\/wp-json\/wp\/v2\/pages\/5248\/revisions\/5251"}],"wp:attachment":[{"href":"https:\/\/agora.xtec.cat\/escpompeufabra\/wp-json\/wp\/v2\/media?parent=5248"}],"curies":[{"name":"wp","href":"https:\/\/api.w.org\/{rel}","templated":true}]}}