{"id":5228,"date":"2021-02-09T10:33:03","date_gmt":"2021-02-09T09:33:03","guid":{"rendered":"http:\/\/agora.xtec.cat\/escpompeufabra\/?page_id=5228"},"modified":"2021-02-09T10:33:03","modified_gmt":"2021-02-09T09:33:03","slug":"aprenentatge-servei-aps-grans-i-petits-aprenem-junts","status":"publish","type":"page","link":"https:\/\/agora.xtec.cat\/escpompeufabra\/aprenentatge-servei-aps-grans-i-petits-aprenem-junts\/","title":{"rendered":"Aprenentatge Servei (APS) &#8221; Grans i petits aprenem junts&#8221;"},"content":{"rendered":"<p><strong><em>Perqu\u00e8 fem aquest projecte?<\/em><\/strong><\/p>\n<p>Volem que el nostre centre estigui obert a l\u2019entorn, on els nostres alumnes aprenguin a viure i a conviure, interactu\u00efn amb aquest i es comprometin a la seva millora.<\/p>\n<p>Perqu\u00e8 veiem la necessitat d\u2019establir noves modalitats d\u2019aprenentatge m\u00e9s vivencials, d\u2019altres formes d\u2019ensenyar i aprendre. I un dels aspectes que ens preocupen \u00e9s educar-los en el respecte cap a les persones. Hem valorat la possibilitat d\u2019acostar-nos a noves realitats, que potser no els s\u00f3n tant properes, com el treball amb les persones grans, que creiem que ens donar\u00e0 moltes oportunitats per aprendre i ser millor persones.<\/p>\n<p>&nbsp;<\/p>\n<p>Aquest projecte t\u00e9 la intenci\u00f3 de fomentar l\u2019esperit solidari dels alumnes, els\u00a0 valors com el respecte, la toler\u00e0ncia, la generositat&#8230; Tamb\u00e9 creiem que \u00e9s una bona oportunitat per aprendre amb la gent gran, de les seves experi\u00e8ncies i viv\u00e8ncies i alhora podem col\u00b7laborar amb ells tenint en compte les seves necessitats.<\/p>\n<p>&nbsp;<\/p>\n<p><strong><em>Qu\u00e8 pretenem?<\/p>\n<p><\/em><\/strong><\/p>\n<p>L&#8217;objectiu general del projecte \u00e9s aconseguir que resultin significatius els aprenentatges adquirits pels alumnes en el marc de l&#8217;assignatura d\u2019 educaci\u00f3 en valors i tutoria i, d\u2019aquesta manera, contribueixin a la seva formaci\u00f3 integral com a persones.. No obstant aix\u00f2, \u00e9s evident que el projecte va m\u00e9s enll\u00e0 de l&#8217;assignatura en la qual s&#8217;emmarca i pret\u00e9n formar nens i nenes sensibles respecte a les necessitats del seu entorn m\u00e9s proper i amb capacitat i iniciativa per transformar-lo a partir de la gratu\u00eftat i el comprom\u00eds<\/p>\n<p>Pretenem:<\/p>\n<ul>\n<li>Potenciar les habilitats socials i comunicatives de tots els participants.<\/li>\n<li>Potenciar actituds i valors com la responsabilitat, el comprom\u00eds, la solidaritat, l\u2019empatia i el respecte.<\/li>\n<li>Estimular l&#8217;apropament i la interacci\u00f3 entre persones de diferents edats per eliminar estereotips previs i millorar el coneixement mutu.<\/li>\n<li>Oferir espais i moments d&#8217;interrelaci\u00f3 personal que redueixin la tend\u00e8ncia a l&#8217;a\u00efllament.<\/li>\n<li>Intensificar la col\u00b7laboraci\u00f3 entre l&#8217;escola i altres entitats del municipi<\/li>\n<\/ul>\n<p>&nbsp;<\/p>\n<p><strong><em>Quan i com ho farem?<\/em><\/strong><\/p>\n<p>Durem a terme el projecte els divendres a la tarda.<\/p>\n<p>Cada setmana anir\u00e0 a la resid\u00e8ncia un grup d\u2019uns 12 a 15 alumnes (cal acabar d\u2019acordar segons el nombre d\u2019avis i \u00e0vies).<\/p>\n<p>La resta d\u2019alumnat es quedar\u00e0 a l\u2019escola fent projecte i tutoria amb grup redu\u00eft. Per tal de fer efectiva aquesta organitzaci\u00f3 necessitem un altre mestre de suport per a poder repartir-nos en els tres grups. Per tant, les sessions seran rotatives i ho anir\u00e0 cada setmana un dels tres grups.<\/p>\n<p>&nbsp;<\/p>\n<p><strong><em>Quines activitats durem a terme?<\/em><\/strong><\/p>\n<p>Hem pactat amb les educadores de la resid\u00e8ncia que les activitats les anirem acordant a un mes vista, ja que volem que siguin iniciativa de l\u2019alumnat, per\u00f2 cal que elles ens donin el vist-i-plau.<\/p>\n<p>Les primeres sessions, per\u00f2, seran de presentaci\u00f3 del projecte, dubtes, con\u00e8ixer la resid\u00e8ncia i als avis i \u00e0vies.<\/p>\n<p>Les possibles activitats que vam definir a la primera reuni\u00f3 amb la resid\u00e8ncia s\u00f3n:<\/p>\n<p>Bingo, mandales, jocs de taula, memory, jocs antics que ens expliquin els avis, sortides properes, manualitats can\u00e7ons, contes i hist\u00f2ries, m\u00fasica, tallers de postals&#8230;<\/p>\n<p>&nbsp;<\/p>\n<p><strong><em>Com avaluarem el projecte?<\/em><\/strong><\/p>\n<p>La idea inicial \u00e9s fer un portafoli on anem recollint totes les valoracions, actvitats, imatges&#8230; que sorgeixin del projecte.<\/p>\n<p>Cada sessi\u00f3 farem una valoraci\u00f3 reflexiva, on es parli de les emocions, coneixements.. que han experimentat a cada sessi\u00f3. Amb aquesta reflexi\u00f3 farem un diari de l\u2019experi\u00e8ncia (amb una fitxa preparada pr\u00e8viament) i que poden omplir a casa.<\/p>\n<p>La resta de material l\u2019anirem elaborant segons el proojecte: disseny d\u2019activitats, imatges&#8230;<\/p>\n<p>Al final elaborarem un q\u00fcestionari on l\u2019alumnat valori el projecte en general.<\/p>\n","protected":false},"excerpt":{"rendered":"<p>Perqu\u00e8 fem aquest projecte?<br \/>\nVolem que el nostre centre estigui obert a l\u2019entorn, on els nostres alumnes aprenguin a viure i a conviure, interactu\u00efn amb aquest i es comprometin a la seva millora.<br \/>\nPerqu\u00e8 veiem la necessitat d\u2019establir noves modalitats d\u2019aprenentatge m\u00e9s vivencials, d\u2019altres formes d\u2019ensenyar i&hellip;  <a href=\"https:\/\/agora.xtec.cat\/escpompeufabra\/aprenentatge-servei-aps-grans-i-petits-aprenem-junts\/\" title=\"Read Aprenentatge Servei (APS) &#8221; Grans i petits aprenem junts&#8221;\">Llegeix m\u00e9s\u00bb<\/a><\/p>\n","protected":false},"author":1,"featured_media":0,"parent":0,"menu_order":0,"comment_status":"closed","ping_status":"closed","template":"","meta":{"_bbp_topic_count":0,"_bbp_reply_count":0,"_bbp_total_topic_count":0,"_bbp_total_reply_count":0,"_bbp_voice_count":0,"_bbp_anonymous_reply_count":0,"_bbp_topic_count_hidden":0,"_bbp_reply_count_hidden":0,"_bbp_forum_subforum_count":0,"footnotes":""},"class_list":["post-5228","page","type-page","status-publish","hentry"],"post_mailing_queue_ids":[],"_links":{"self":[{"href":"https:\/\/agora.xtec.cat\/escpompeufabra\/wp-json\/wp\/v2\/pages\/5228","targetHints":{"allow":["GET"]}}],"collection":[{"href":"https:\/\/agora.xtec.cat\/escpompeufabra\/wp-json\/wp\/v2\/pages"}],"about":[{"href":"https:\/\/agora.xtec.cat\/escpompeufabra\/wp-json\/wp\/v2\/types\/page"}],"author":[{"embeddable":true,"href":"https:\/\/agora.xtec.cat\/escpompeufabra\/wp-json\/wp\/v2\/users\/1"}],"replies":[{"embeddable":true,"href":"https:\/\/agora.xtec.cat\/escpompeufabra\/wp-json\/wp\/v2\/comments?post=5228"}],"version-history":[{"count":1,"href":"https:\/\/agora.xtec.cat\/escpompeufabra\/wp-json\/wp\/v2\/pages\/5228\/revisions"}],"predecessor-version":[{"id":5230,"href":"https:\/\/agora.xtec.cat\/escpompeufabra\/wp-json\/wp\/v2\/pages\/5228\/revisions\/5230"}],"wp:attachment":[{"href":"https:\/\/agora.xtec.cat\/escpompeufabra\/wp-json\/wp\/v2\/media?parent=5228"}],"curies":[{"name":"wp","href":"https:\/\/api.w.org\/{rel}","templated":true}]}}