{"id":26,"date":"2014-09-18T12:24:32","date_gmt":"2014-09-18T11:24:32","guid":{"rendered":"http:\/\/agora.xtec.cat\/escpompeufabra\/?page_id=26"},"modified":"2019-09-30T12:19:51","modified_gmt":"2019-09-30T10:19:51","slug":"historia","status":"publish","type":"page","link":"https:\/\/agora.xtec.cat\/escpompeufabra\/lescola\/historia\/","title":{"rendered":"Qui som?"},"content":{"rendered":"<p>L\u2019escola data del 1980, des de llavors ha experimentat diverses reformes i ampliacions, la darrera al 2012-2013, per l\u2019increment del nombre d\u2019alumnat en els darrers 10 anys.<\/p>\n<p>&nbsp;<\/p>\n<p style=\"text-align: justify;\">Els trets d\u2019identitat de la nostra escola concreten com volem que sigui, en definitiva, on\u00a0 mira i cap a on camina.<\/p>\n<p style=\"text-align: justify;\">El <span style=\"color: #ff0000;\">POMPEU FABRA<\/span> ens definim com una escola p\u00fablica, catalana, laica,\u00a0 integradora, activa i oberta a l&#8217;entorn i que vetlla pel desenvolupament integral de l&#8217;alumnat.<\/p>\n<p style=\"text-align: justify;\">El nostre funcionament es basa en la participaci\u00f3 activa de tots els elements que formen la nostra comunitat educativa:\u00a0l&#8217;alumnat, el professorat, les fam\u00edlies i altres professionals.<\/p>\n<p style=\"text-align: justify;\">\n<p style=\"text-align: justify;\">Som una <span style=\"color: #3366ff;\"><b>escola p\u00fablica<\/b><\/span>, on tots els nens i nenes hi poden trobar un espai de suport per al seu creixement personal.<\/p>\n<p style=\"text-align: justify;\">Som una <span style=\"color: #ff6600;\"><b>escola oberta i receptiva<\/b><\/span><b>, <\/b>\u00a0que escolta i t\u00e9 en compte on som i la realitat que ens toca viure i que promou la cohesi\u00f3 social.<\/p>\n<p style=\"text-align: justify;\">Som una <span style=\"color: #008000;\"><b>escola democr\u00e0tica, plural<\/b><\/span><b>, <\/b>que fomenta l\u2019equitat, la coeducaci\u00f3 i valors, com la llibertat personal, la responsabilitat, la solidaritat, el respecte i la igualtat.<\/p>\n<p style=\"text-align: justify;\">Som una <span style=\"color: #ff0000;\"><b>escola respectuosa<\/b><\/span> amb el nostre context cultural i social, que vetlla pel respecte a l\u2019altre i a la conviv\u00e8ncia.<\/p>\n<p style=\"text-align: justify;\">Som una <span style=\"color: #00ccff;\"><b>escola arrelada<\/b><\/span> als costums, tradicions, forma de vida del nostre pa\u00eds.<\/p>\n<p style=\"text-align: justify;\">Som una <span style=\"color: #333399;\"><b>escola participativa<\/b><\/span> que suma i reconeix els esfor\u00e7os de tots, perqu\u00e8 creiem imprescindible l&#8217;aportaci\u00f3 de tothom per fer la feina ben feta.<\/p>\n<p style=\"text-align: justify;\">Som una <span style=\"color: #99cc00;\"><b>escola que apr\u00e8n<\/b><\/span>, que reflexiona sobre la pr\u00e0ctica di\u00e0ria i que es q\u00fcestiona el m\u00f3n on vivim i aposta dia a dia, per la seva millora.<\/p>\n<p style=\"text-align: justify;\">Som una <span style=\"color: #ffcc00;\"><b>escola compromesa<\/b><\/span> amb el medi ambient<b>. <\/b>Eduquem pel respecte i la preservaci\u00f3 del nostre entorn.<\/p>\n<p>&nbsp;<\/p>\n<p>&nbsp;<\/p>\n","protected":false},"excerpt":{"rendered":"<p>L\u2019escola data del 1980, des de llavors ha experimentat diverses reformes i ampliacions, la darrera al 2012-2013, per l\u2019increment del nombre d\u2019alumnat en els darrers 10 anys.<br \/>\n&nbsp;<br \/>\nEls trets d\u2019identitat de la nostra escola concreten com volem que sigui, en definitiva, on\u00a0 mira i cap a&hellip;  <a href=\"https:\/\/agora.xtec.cat\/escpompeufabra\/lescola\/historia\/\" title=\"Read Qui som?\">Llegeix m\u00e9s\u00bb<\/a><\/p>\n","protected":false},"author":1,"featured_media":0,"parent":22,"menu_order":20,"comment_status":"closed","ping_status":"closed","template":"page-templates\/side-menu.php","meta":{"_bbp_topic_count":0,"_bbp_reply_count":0,"_bbp_total_topic_count":0,"_bbp_total_reply_count":0,"_bbp_voice_count":0,"_bbp_anonymous_reply_count":0,"_bbp_topic_count_hidden":0,"_bbp_reply_count_hidden":0,"_bbp_forum_subforum_count":0,"footnotes":""},"class_list":["post-26","page","type-page","status-publish","hentry"],"post_mailing_queue_ids":[],"_links":{"self":[{"href":"https:\/\/agora.xtec.cat\/escpompeufabra\/wp-json\/wp\/v2\/pages\/26","targetHints":{"allow":["GET"]}}],"collection":[{"href":"https:\/\/agora.xtec.cat\/escpompeufabra\/wp-json\/wp\/v2\/pages"}],"about":[{"href":"https:\/\/agora.xtec.cat\/escpompeufabra\/wp-json\/wp\/v2\/types\/page"}],"author":[{"embeddable":true,"href":"https:\/\/agora.xtec.cat\/escpompeufabra\/wp-json\/wp\/v2\/users\/1"}],"replies":[{"embeddable":true,"href":"https:\/\/agora.xtec.cat\/escpompeufabra\/wp-json\/wp\/v2\/comments?post=26"}],"version-history":[{"count":3,"href":"https:\/\/agora.xtec.cat\/escpompeufabra\/wp-json\/wp\/v2\/pages\/26\/revisions"}],"predecessor-version":[{"id":3402,"href":"https:\/\/agora.xtec.cat\/escpompeufabra\/wp-json\/wp\/v2\/pages\/26\/revisions\/3402"}],"up":[{"embeddable":true,"href":"https:\/\/agora.xtec.cat\/escpompeufabra\/wp-json\/wp\/v2\/pages\/22"}],"wp:attachment":[{"href":"https:\/\/agora.xtec.cat\/escpompeufabra\/wp-json\/wp\/v2\/media?parent=26"}],"curies":[{"name":"wp","href":"https:\/\/api.w.org\/{rel}","templated":true}]}}