{"id":84,"date":"2014-09-18T14:11:31","date_gmt":"2014-09-18T13:11:31","guid":{"rendered":"http:\/\/agora.xtec.cat\/escpoble-sec\/?page_id=84"},"modified":"2016-09-07T21:31:42","modified_gmt":"2016-09-07T20:31:42","slug":"activitats-extraescolars","status":"publish","type":"page","link":"https:\/\/agora.xtec.cat\/escpoble-sec\/serveis\/activitats-extraescolars\/","title":{"rendered":"Activitats extraescolars"},"content":{"rendered":"<div style=\"text-align: center;\"><b><u>CURS \u00a02015-16<\/u><\/b><\/div>\n<div><b><u>\u00a0<\/u><\/b><\/div>\n<div>\n<div><span lang=\"CA\"><b>Aquestes s\u00f3n les activitats extraescolars<\/b><\/span><\/div>\n<div><span lang=\"CA\"><b>\u00a0<\/b><\/span><\/div>\n<div>\n<table border=\"1\" cellspacing=\"0\" cellpadding=\"0\">\n<tbody>\n<tr>\n<td valign=\"top\"><b><span lang=\"CA\">DILLUNS<\/span><\/b><\/td>\n<td valign=\"top\"><b><span lang=\"CA\">DIMARTS<\/span><\/b><\/td>\n<td valign=\"top\"><b><span lang=\"CA\">DIMECRES<\/span><\/b><\/td>\n<td valign=\"top\"><b><span lang=\"CA\">DIJOUS<\/span><\/b><\/td>\n<td valign=\"top\"><b><span lang=\"CA\">DIVENDRES<\/span><\/b><\/td>\n<\/tr>\n<tr>\n<td valign=\"top\"><span lang=\"CA\"><b>Futbol sala<\/b><\/span><\/p>\n<p><span lang=\"CA\"><b>Angl\u00e8s teatral<\/b><\/span><\/p>\n<p><span lang=\"CA\"><b>Judo<\/b><\/span><\/td>\n<td valign=\"top\"><span lang=\"CA\"><b>Iniciaci\u00f3 esportiva<\/b><\/span><\/p>\n<p><span lang=\"CA\"><b>V\u00f2lei<\/b><\/span><\/p>\n<p><span lang=\"CA\"><b>Iniciaci\u00f3 al Circ<\/b><\/span><\/td>\n<td valign=\"top\"><b>Futbol sala<\/b><\/p>\n<p><b>Angl\u00e8s teatral<\/b><\/td>\n<td valign=\"top\"><span lang=\"CA\"><b>Iniciaci\u00f3 esportiva<\/b><\/span><\/p>\n<p><span lang=\"CA\"><b>V\u00f2lei<\/b><\/span><\/p>\n<p><span lang=\"CA\"><b>Capoeira<\/b><\/span><\/p>\n<p><span lang=\"CA\"><b>Nataci\u00f3 petits<\/b><\/span><\/td>\n<td valign=\"top\"><span lang=\"CA\"><b>Iniciaci\u00f3 al Circ<\/b><\/span><\/p>\n<p><span lang=\"CA\"><b>Patinatge<\/b><\/span><\/p>\n<p><span lang=\"CA\"><b>Nataci\u00f3 grans<\/b><\/span><\/p>\n<p><span lang=\"CA\"><b>Activitat musical<\/b>\u00a0<\/span><\/td>\n<\/tr>\n<\/tbody>\n<\/table>\n<\/div>\n<blockquote>\n<div>\n<div>\n<p><b><span lang=\"CA\">\u00a0<\/span><\/b><\/p>\n<\/div>\n<\/div>\n<\/blockquote>\n<div><b><span lang=\"CA\">La coordinadora <\/span><\/b><span lang=\"CA\">de les <b>activitats extraescolars<\/b> \u00e9s <b>Loli Monllor<\/b>.<\/span><\/div>\n<div><\/div>\n<blockquote><p>L\u2019horari d\u2019atenci\u00f3 a les fam\u00edlies \u00e9s el seg\u00fcent:<br \/>\n<span lang=\"CA\">&#8211;\u00a0\u00a0\u00a0\u00a0\u00a0\u00a0\u00a0 <\/span><span lang=\"CA\">\u00a0De dilluns a divendres de <b>16.30 a 18.00 hores<\/b>.<\/span><\/p><\/blockquote>\n<\/div>\n","protected":false},"excerpt":{"rendered":"<p>CURS \u00a02015-16 \u00a0 Aquestes s\u00f3n les activitats extraescolars \u00a0 DILLUNS DIMARTS DIMECRES DIJOUS DIVENDRES Futbol sala Angl\u00e8s teatral Judo Iniciaci\u00f3 esportiva V\u00f2lei Iniciaci\u00f3 al Circ Futbol sala Angl\u00e8s teatral Iniciaci\u00f3 esportiva V\u00f2lei Capoeira Nataci\u00f3 petits Iniciaci\u00f3 al Circ Patinatge Nataci\u00f3 grans Activitat musical\u00a0 \u00a0 La coordinadora de les activitats extraescolars \u00e9s Loli Monllor. L\u2019horari d\u2019atenci\u00f3 [&hellip;]<\/p>\n","protected":false},"author":1,"featured_media":0,"parent":66,"menu_order":60,"comment_status":"closed","ping_status":"closed","template":"page-templates\/side-menu.php","meta":{"_bbp_topic_count":0,"_bbp_reply_count":0,"_bbp_total_topic_count":0,"_bbp_total_reply_count":0,"_bbp_voice_count":0,"_bbp_anonymous_reply_count":0,"_bbp_topic_count_hidden":0,"_bbp_reply_count_hidden":0,"_bbp_forum_subforum_count":0,"site-sidebar-layout":"default","site-content-layout":"","ast-site-content-layout":"","site-content-style":"default","site-sidebar-style":"default","ast-global-header-display":"","ast-banner-title-visibility":"","ast-main-header-display":"","ast-hfb-above-header-display":"","ast-hfb-below-header-display":"","ast-hfb-mobile-header-display":"","site-post-title":"","ast-breadcrumbs-content":"","ast-featured-img":"","footer-sml-layout":"","theme-transparent-header-meta":"","adv-header-id-meta":"","stick-header-meta":"","header-above-stick-meta":"","header-main-stick-meta":"","header-below-stick-meta":"","astra-migrate-meta-layouts":"default","ast-page-background-enabled":"default","ast-page-background-meta":{"desktop":{"background-color":"var(--ast-global-color-4)","background-image":"","background-repeat":"repeat","background-position":"center center","background-size":"auto","background-attachment":"scroll","background-type":"","background-media":"","overlay-type":"","overlay-color":"","overlay-opacity":"","overlay-gradient":""},"tablet":{"background-color":"","background-image":"","background-repeat":"repeat","background-position":"center center","background-size":"auto","background-attachment":"scroll","background-type":"","background-media":"","overlay-type":"","overlay-color":"","overlay-opacity":"","overlay-gradient":""},"mobile":{"background-color":"","background-image":"","background-repeat":"repeat","background-position":"center center","background-size":"auto","background-attachment":"scroll","background-type":"","background-media":"","overlay-type":"","overlay-color":"","overlay-opacity":"","overlay-gradient":""}},"ast-content-background-meta":{"desktop":{"background-color":"var(--ast-global-color-5)","background-image":"","background-repeat":"repeat","background-position":"center center","background-size":"auto","background-attachment":"scroll","background-type":"","background-media":"","overlay-type":"","overlay-color":"","overlay-opacity":"","overlay-gradient":""},"tablet":{"background-color":"var(--ast-global-color-5)","background-image":"","background-repeat":"repeat","background-position":"center center","background-size":"auto","background-attachment":"scroll","background-type":"","background-media":"","overlay-type":"","overlay-color":"","overlay-opacity":"","overlay-gradient":""},"mobile":{"background-color":"var(--ast-global-color-5)","background-image":"","background-repeat":"repeat","background-position":"center center","background-size":"auto","background-attachment":"scroll","background-type":"","background-media":"","overlay-type":"","overlay-color":"","overlay-opacity":"","overlay-gradient":""}},"footnotes":""},"class_list":["post-84","page","type-page","status-publish","hentry"],"post_mailing_queue_ids":[],"_links":{"self":[{"href":"https:\/\/agora.xtec.cat\/escpoble-sec\/wp-json\/wp\/v2\/pages\/84","targetHints":{"allow":["GET"]}}],"collection":[{"href":"https:\/\/agora.xtec.cat\/escpoble-sec\/wp-json\/wp\/v2\/pages"}],"about":[{"href":"https:\/\/agora.xtec.cat\/escpoble-sec\/wp-json\/wp\/v2\/types\/page"}],"author":[{"embeddable":true,"href":"https:\/\/agora.xtec.cat\/escpoble-sec\/wp-json\/wp\/v2\/users\/1"}],"replies":[{"embeddable":true,"href":"https:\/\/agora.xtec.cat\/escpoble-sec\/wp-json\/wp\/v2\/comments?post=84"}],"version-history":[{"count":2,"href":"https:\/\/agora.xtec.cat\/escpoble-sec\/wp-json\/wp\/v2\/pages\/84\/revisions"}],"predecessor-version":[{"id":530,"href":"https:\/\/agora.xtec.cat\/escpoble-sec\/wp-json\/wp\/v2\/pages\/84\/revisions\/530"}],"up":[{"embeddable":true,"href":"https:\/\/agora.xtec.cat\/escpoble-sec\/wp-json\/wp\/v2\/pages\/66"}],"wp:attachment":[{"href":"https:\/\/agora.xtec.cat\/escpoble-sec\/wp-json\/wp\/v2\/media?parent=84"}],"curies":[{"name":"wp","href":"https:\/\/api.w.org\/{rel}","templated":true}]}}