{"id":38,"date":"2014-09-18T12:34:08","date_gmt":"2014-09-18T11:34:08","guid":{"rendered":"http:\/\/agora.xtec.cat\/escpoble-sec\/?page_id=38"},"modified":"2023-02-16T16:52:39","modified_gmt":"2023-02-16T15:52:39","slug":"salut","status":"publish","type":"page","link":"https:\/\/agora.xtec.cat\/escpoble-sec\/lescola\/salut\/","title":{"rendered":"Salut"},"content":{"rendered":"<p>&nbsp;<\/p>\n<ul>\n<li><a style=\"color: #2795b6;\" href=\"https:\/\/agora.xtec.cat\/escpoble-sec\/wp-content\/uploads\/usu1204\/2022\/11\/CRITERIS-PER-A-LA-NO-ASSISTENCIA-DE-LALUMNAT-A-LESCOLA.pdf\">Criteris per a la no assist\u00e8ncia de l&#8217;alumnat a l&#8217;escola en cas de malaltia<\/a><\/li>\n<li><a href=\"http:\/\/agora.xtec.cat\/escpoble-sec\/wp-content\/uploads\/usu1204\/2014\/09\/Administraci\u00f3-Medicaments.doc.docx\">Formulari per a l&#8217;administraci\u00f3 de medicaments<\/a><\/li>\n<\/ul>\n<p>&nbsp;<\/p>\n<ul>\n<li><span style=\"text-decoration: underline;\"><strong>MINDFULNESS:<\/strong><\/span><\/li>\n<\/ul>\n<p><a href=\"https:\/\/agora.xtec.cat\/escpoble-sec\/wp-content\/uploads\/usu1204\/2023\/02\/IMG_20220927_101036-scaled.jpg\"><img loading=\"lazy\" decoding=\"async\" class=\"wp-image-22008 aligncenter\" src=\"https:\/\/agora.xtec.cat\/escpoble-sec\/wp-content\/uploads\/usu1204\/2023\/02\/IMG_20220927_101036-1024x472.jpg\" alt=\"\" width=\"655\" height=\"302\" srcset=\"https:\/\/agora.xtec.cat\/escpoble-sec\/wp-content\/uploads\/usu1204\/2023\/02\/IMG_20220927_101036-1024x472.jpg 1024w, https:\/\/agora.xtec.cat\/escpoble-sec\/wp-content\/uploads\/usu1204\/2023\/02\/IMG_20220927_101036-300x138.jpg 300w, https:\/\/agora.xtec.cat\/escpoble-sec\/wp-content\/uploads\/usu1204\/2023\/02\/IMG_20220927_101036-768x354.jpg 768w, https:\/\/agora.xtec.cat\/escpoble-sec\/wp-content\/uploads\/usu1204\/2023\/02\/IMG_20220927_101036-1536x708.jpg 1536w, https:\/\/agora.xtec.cat\/escpoble-sec\/wp-content\/uploads\/usu1204\/2023\/02\/IMG_20220927_101036-2048x944.jpg 2048w\" sizes=\"auto, (max-width: 655px) 100vw, 655px\" \/><\/a><\/p>\n<p>Una mare de l&#8217;escola, l&#8217;Agata, \u00e9s experta en Mindfulness. Ella ens fa uns tallers setmanals per segon any consecutiu. Fam\u00edlies i alumnes estan molt satisfetes amb aquesta activitat. \u00c9s important poder donar eines a les criatures per a qu\u00e8 puguin treballar en el seu propi benestar mitjant\u00e7ant t\u00e8cniques molt senzilles que poden integrar en el seu dia a dia. A continuaci\u00f3 podeu llegir el seg\u00fcent article, escrit per ella mateixa, i publicat a la SMARTECA:\u00a0<a href=\"https:\/\/agora.xtec.cat\/escpoble-sec\/wp-content\/uploads\/usu1204\/2023\/02\/Cultivar-la-salud-integral-de-los-ninos-Agata-K.pdf\">Cultivar la salud integral de los ni\u00f1os &#8211; Agata Ko<\/a><a href=\"https:\/\/agora.xtec.cat\/escpoble-sec\/wp-content\/uploads\/usu1204\/2023\/02\/Cultivar-la-salud-integral-de-los-ninos-Agata-K.pdf\">walczuk<\/a><\/p>\n<p>&nbsp;<\/p>\n<p>&nbsp;<\/p>\n<p>&nbsp;<\/p>\n<p>&nbsp;<\/p>\n","protected":false},"excerpt":{"rendered":"<p>&nbsp; Criteris per a la no assist\u00e8ncia de l&#8217;alumnat a l&#8217;escola en cas de malaltia Formulari per a l&#8217;administraci\u00f3 de medicaments &nbsp; MINDFULNESS: Una mare de l&#8217;escola, l&#8217;Agata, \u00e9s experta en Mindfulness. Ella ens fa uns tallers setmanals per segon any consecutiu. Fam\u00edlies i alumnes estan molt satisfetes amb aquesta activitat. \u00c9s important poder donar [&hellip;]<\/p>\n","protected":false},"author":1,"featured_media":0,"parent":22,"menu_order":80,"comment_status":"closed","ping_status":"closed","template":"page-templates\/side-menu.php","meta":{"_bbp_topic_count":0,"_bbp_reply_count":0,"_bbp_total_topic_count":0,"_bbp_total_reply_count":0,"_bbp_voice_count":0,"_bbp_anonymous_reply_count":0,"_bbp_topic_count_hidden":0,"_bbp_reply_count_hidden":0,"_bbp_forum_subforum_count":0,"site-sidebar-layout":"default","site-content-layout":"","ast-site-content-layout":"","site-content-style":"default","site-sidebar-style":"default","ast-global-header-display":"","ast-banner-title-visibility":"","ast-main-header-display":"","ast-hfb-above-header-display":"","ast-hfb-below-header-display":"","ast-hfb-mobile-header-display":"","site-post-title":"","ast-breadcrumbs-content":"","ast-featured-img":"","footer-sml-layout":"","theme-transparent-header-meta":"","adv-header-id-meta":"","stick-header-meta":"","header-above-stick-meta":"","header-main-stick-meta":"","header-below-stick-meta":"","astra-migrate-meta-layouts":"default","ast-page-background-enabled":"default","ast-page-background-meta":{"desktop":{"background-color":"var(--ast-global-color-4)","background-image":"","background-repeat":"repeat","background-position":"center center","background-size":"auto","background-attachment":"scroll","background-type":"","background-media":"","overlay-type":"","overlay-color":"","overlay-opacity":"","overlay-gradient":""},"tablet":{"background-color":"","background-image":"","background-repeat":"repeat","background-position":"center center","background-size":"auto","background-attachment":"scroll","background-type":"","background-media":"","overlay-type":"","overlay-color":"","overlay-opacity":"","overlay-gradient":""},"mobile":{"background-color":"","background-image":"","background-repeat":"repeat","background-position":"center center","background-size":"auto","background-attachment":"scroll","background-type":"","background-media":"","overlay-type":"","overlay-color":"","overlay-opacity":"","overlay-gradient":""}},"ast-content-background-meta":{"desktop":{"background-color":"var(--ast-global-color-5)","background-image":"","background-repeat":"repeat","background-position":"center center","background-size":"auto","background-attachment":"scroll","background-type":"","background-media":"","overlay-type":"","overlay-color":"","overlay-opacity":"","overlay-gradient":""},"tablet":{"background-color":"var(--ast-global-color-5)","background-image":"","background-repeat":"repeat","background-position":"center center","background-size":"auto","background-attachment":"scroll","background-type":"","background-media":"","overlay-type":"","overlay-color":"","overlay-opacity":"","overlay-gradient":""},"mobile":{"background-color":"var(--ast-global-color-5)","background-image":"","background-repeat":"repeat","background-position":"center center","background-size":"auto","background-attachment":"scroll","background-type":"","background-media":"","overlay-type":"","overlay-color":"","overlay-opacity":"","overlay-gradient":""}},"footnotes":""},"class_list":["post-38","page","type-page","status-publish","hentry"],"post_mailing_queue_ids":[],"_links":{"self":[{"href":"https:\/\/agora.xtec.cat\/escpoble-sec\/wp-json\/wp\/v2\/pages\/38","targetHints":{"allow":["GET"]}}],"collection":[{"href":"https:\/\/agora.xtec.cat\/escpoble-sec\/wp-json\/wp\/v2\/pages"}],"about":[{"href":"https:\/\/agora.xtec.cat\/escpoble-sec\/wp-json\/wp\/v2\/types\/page"}],"author":[{"embeddable":true,"href":"https:\/\/agora.xtec.cat\/escpoble-sec\/wp-json\/wp\/v2\/users\/1"}],"replies":[{"embeddable":true,"href":"https:\/\/agora.xtec.cat\/escpoble-sec\/wp-json\/wp\/v2\/comments?post=38"}],"version-history":[{"count":4,"href":"https:\/\/agora.xtec.cat\/escpoble-sec\/wp-json\/wp\/v2\/pages\/38\/revisions"}],"predecessor-version":[{"id":22009,"href":"https:\/\/agora.xtec.cat\/escpoble-sec\/wp-json\/wp\/v2\/pages\/38\/revisions\/22009"}],"up":[{"embeddable":true,"href":"https:\/\/agora.xtec.cat\/escpoble-sec\/wp-json\/wp\/v2\/pages\/22"}],"wp:attachment":[{"href":"https:\/\/agora.xtec.cat\/escpoble-sec\/wp-json\/wp\/v2\/media?parent=38"}],"curies":[{"name":"wp","href":"https:\/\/api.w.org\/{rel}","templated":true}]}}