{"id":26,"date":"2014-09-18T12:24:32","date_gmt":"2014-09-18T11:24:32","guid":{"rendered":"http:\/\/agora.xtec.cat\/escpoble-sec\/?page_id=26"},"modified":"2021-08-26T19:37:52","modified_gmt":"2021-08-26T17:37:52","slug":"historia","status":"publish","type":"page","link":"https:\/\/agora.xtec.cat\/escpoble-sec\/lescola\/historia\/","title":{"rendered":"Hist\u00f2ria"},"content":{"rendered":"<p><span style=\"font-weight: 400;\">L&#8217;any 1859 tot el terreny on ara hi ha l&#8217;escola era una sola finca anomenada La Satalia. La Satalia era el nom d\u2019una font i tamb\u00e9 n\u2019hi havia una altra que es deia la Font Trobada. La nostra escola est\u00e0 ubicada entre les dues fonts. <\/span><\/p>\n<p><span style=\"font-weight: 400;\">El propietari de la finca la va vendre a un senyor que es deia Ramon Pag\u00e8s. Aquest nou propietari la va explotar com a pedrera. Igual que les altres finques del voltant. Totes eren pedreres. <\/span><\/p>\n<p>La finca del senyor Pag\u00e8s era coneguda com \u201cLa jesu\u00efta\u201d perqu\u00e8 el renom d\u2019ell era \u201cel jesu\u00efta\u201d.<\/p>\n<p>Despr\u00e9s de deixar d&#8217;explotar la pedrera el senyor Pag\u00e8s va fer construir unes vivendes i quan s\u2019estava preparant l\u2019Exposici\u00f3 Universal de l\u2019any 1929, l\u2019Ajuntament va expropiar molts terrenys de la muntanya de Montju\u00efc, entre ells aquesta finca. Aleshores es van enderrocar les vivendes i va passar a ser terreny municipal del Parc de Montju\u00efc. De totes maneres no es va acabar d\u2019urbanitzar i es va anar poblant de barraques fins que cap als anys 60 es van reubicar les fam\u00edlies que vivien a les barraques i aquestes van ser enderrocades.<\/p>\n<p>El terreny va continuar sent municipal i cap a la d\u00e8cada dels 70 es va construir l\u2019escola.<\/p>\n<p>Va comen\u00e7ar a funcionar l&#8217;octubre de l&#8217;any 1977 amb el nom de Colegio Nacional \u00a0Mixto Carlos I.<\/p>\n<p>&nbsp;<\/p>\n<p><a href=\"https:\/\/agora.xtec.cat\/escpoble-sec\/wp-content\/uploads\/usu1204\/2021\/08\/PRESENTACIO-XERRADA-.pdf\">Aqu\u00ed teniu la presentaci\u00f3 que es va fer amb motiu del 40\u00e8 aniversari de l&#8217;escola el 30 de maig de 2017<\/a><\/p>\n<p>&nbsp;<\/p>\n<p>&nbsp;<\/p>\n","protected":false},"excerpt":{"rendered":"<p>L&#8217;any 1859 tot el terreny on ara hi ha l&#8217;escola era una sola finca anomenada La Satalia. La Satalia era el nom d\u2019una font i tamb\u00e9 n\u2019hi havia una altra que es deia la Font Trobada. La nostra escola est\u00e0 ubicada entre les dues fonts. El propietari de la finca la va vendre a un [&hellip;]<\/p>\n","protected":false},"author":1,"featured_media":0,"parent":22,"menu_order":20,"comment_status":"closed","ping_status":"closed","template":"page-templates\/side-menu.php","meta":{"_bbp_topic_count":0,"_bbp_reply_count":0,"_bbp_total_topic_count":0,"_bbp_total_reply_count":0,"_bbp_voice_count":0,"_bbp_anonymous_reply_count":0,"_bbp_topic_count_hidden":0,"_bbp_reply_count_hidden":0,"_bbp_forum_subforum_count":0,"site-sidebar-layout":"default","site-content-layout":"","ast-site-content-layout":"","site-content-style":"default","site-sidebar-style":"default","ast-global-header-display":"","ast-banner-title-visibility":"","ast-main-header-display":"","ast-hfb-above-header-display":"","ast-hfb-below-header-display":"","ast-hfb-mobile-header-display":"","site-post-title":"","ast-breadcrumbs-content":"","ast-featured-img":"","footer-sml-layout":"","theme-transparent-header-meta":"","adv-header-id-meta":"","stick-header-meta":"","header-above-stick-meta":"","header-main-stick-meta":"","header-below-stick-meta":"","astra-migrate-meta-layouts":"default","ast-page-background-enabled":"default","ast-page-background-meta":{"desktop":{"background-color":"var(--ast-global-color-4)","background-image":"","background-repeat":"repeat","background-position":"center center","background-size":"auto","background-attachment":"scroll","background-type":"","background-media":"","overlay-type":"","overlay-color":"","overlay-opacity":"","overlay-gradient":""},"tablet":{"background-color":"","background-image":"","background-repeat":"repeat","background-position":"center center","background-size":"auto","background-attachment":"scroll","background-type":"","background-media":"","overlay-type":"","overlay-color":"","overlay-opacity":"","overlay-gradient":""},"mobile":{"background-color":"","background-image":"","background-repeat":"repeat","background-position":"center center","background-size":"auto","background-attachment":"scroll","background-type":"","background-media":"","overlay-type":"","overlay-color":"","overlay-opacity":"","overlay-gradient":""}},"ast-content-background-meta":{"desktop":{"background-color":"var(--ast-global-color-5)","background-image":"","background-repeat":"repeat","background-position":"center center","background-size":"auto","background-attachment":"scroll","background-type":"","background-media":"","overlay-type":"","overlay-color":"","overlay-opacity":"","overlay-gradient":""},"tablet":{"background-color":"var(--ast-global-color-5)","background-image":"","background-repeat":"repeat","background-position":"center center","background-size":"auto","background-attachment":"scroll","background-type":"","background-media":"","overlay-type":"","overlay-color":"","overlay-opacity":"","overlay-gradient":""},"mobile":{"background-color":"var(--ast-global-color-5)","background-image":"","background-repeat":"repeat","background-position":"center center","background-size":"auto","background-attachment":"scroll","background-type":"","background-media":"","overlay-type":"","overlay-color":"","overlay-opacity":"","overlay-gradient":""}},"footnotes":""},"class_list":["post-26","page","type-page","status-publish","hentry"],"post_mailing_queue_ids":[],"_links":{"self":[{"href":"https:\/\/agora.xtec.cat\/escpoble-sec\/wp-json\/wp\/v2\/pages\/26","targetHints":{"allow":["GET"]}}],"collection":[{"href":"https:\/\/agora.xtec.cat\/escpoble-sec\/wp-json\/wp\/v2\/pages"}],"about":[{"href":"https:\/\/agora.xtec.cat\/escpoble-sec\/wp-json\/wp\/v2\/types\/page"}],"author":[{"embeddable":true,"href":"https:\/\/agora.xtec.cat\/escpoble-sec\/wp-json\/wp\/v2\/users\/1"}],"replies":[{"embeddable":true,"href":"https:\/\/agora.xtec.cat\/escpoble-sec\/wp-json\/wp\/v2\/comments?post=26"}],"version-history":[{"count":4,"href":"https:\/\/agora.xtec.cat\/escpoble-sec\/wp-json\/wp\/v2\/pages\/26\/revisions"}],"predecessor-version":[{"id":19902,"href":"https:\/\/agora.xtec.cat\/escpoble-sec\/wp-json\/wp\/v2\/pages\/26\/revisions\/19902"}],"up":[{"embeddable":true,"href":"https:\/\/agora.xtec.cat\/escpoble-sec\/wp-json\/wp\/v2\/pages\/22"}],"wp:attachment":[{"href":"https:\/\/agora.xtec.cat\/escpoble-sec\/wp-json\/wp\/v2\/media?parent=26"}],"curies":[{"name":"wp","href":"https:\/\/api.w.org\/{rel}","templated":true}]}}