{"id":23054,"date":"2023-12-20T21:00:32","date_gmt":"2023-12-20T20:00:32","guid":{"rendered":"https:\/\/agora.xtec.cat\/escpoble-sec\/?page_id=23054"},"modified":"2026-01-19T16:30:11","modified_gmt":"2026-01-19T15:30:11","slug":"preinscripcio-i-matricula","status":"publish","type":"page","link":"https:\/\/agora.xtec.cat\/escpoble-sec\/preinscripcio-i-matricula\/","title":{"rendered":"PREINSCRIPCI\u00d3 I MATR\u00cdCULA 26-27"},"content":{"rendered":"<h2 style=\"text-align: justify;\"><img loading=\"lazy\" decoding=\"async\" class=\"wp-image-25112 alignleft\" src=\"https:\/\/agora.xtec.cat\/escpoble-sec\/wp-content\/uploads\/usu1204\/2026\/01\/Captura-de-pantalla-2026-01-14-151510-300x133.png\" alt=\"\" width=\"485\" height=\"215\" srcset=\"https:\/\/agora.xtec.cat\/escpoble-sec\/wp-content\/uploads\/usu1204\/2026\/01\/Captura-de-pantalla-2026-01-14-151510-300x133.png 300w, https:\/\/agora.xtec.cat\/escpoble-sec\/wp-content\/uploads\/usu1204\/2026\/01\/Captura-de-pantalla-2026-01-14-151510.png 717w\" sizes=\"auto, (max-width: 485px) 100vw, 485px\" \/><\/h2>\n<p>&nbsp;<\/p>\n<h3><\/h3>\n<p>&nbsp;<\/p>\n<p>Per a m\u00e9s informaci\u00f3, podeu consultar al web del Consorci d&#8217;Educaci\u00f3 en el seg\u00fcent <a href=\"https:\/\/www.edubcn.cat\/ca\/alumnat_i_familia\/informacio_general_matriculacio\/preinscripcio_info\">enlla\u00e7<\/a>.<\/p>\n<p>&nbsp;<\/p>\n<p>&nbsp;<\/p>\n<p>&nbsp;<\/p>\n","protected":false},"excerpt":{"rendered":"<p>&nbsp; &nbsp; Per a m\u00e9s informaci\u00f3, podeu consultar al web del Consorci d&#8217;Educaci\u00f3 en el seg\u00fcent enlla\u00e7. &nbsp; &nbsp; &nbsp;<\/p>\n","protected":false},"author":1,"featured_media":0,"parent":0,"menu_order":0,"comment_status":"closed","ping_status":"closed","template":"","meta":{"_bbp_topic_count":0,"_bbp_reply_count":0,"_bbp_total_topic_count":0,"_bbp_total_reply_count":0,"_bbp_voice_count":0,"_bbp_anonymous_reply_count":0,"_bbp_topic_count_hidden":0,"_bbp_reply_count_hidden":0,"_bbp_forum_subforum_count":0,"site-sidebar-layout":"default","site-content-layout":"","ast-site-content-layout":"default","site-content-style":"default","site-sidebar-style":"default","ast-global-header-display":"","ast-banner-title-visibility":"","ast-main-header-display":"","ast-hfb-above-header-display":"","ast-hfb-below-header-display":"","ast-hfb-mobile-header-display":"","site-post-title":"","ast-breadcrumbs-content":"","ast-featured-img":"","footer-sml-layout":"","theme-transparent-header-meta":"default","adv-header-id-meta":"","stick-header-meta":"","header-above-stick-meta":"","header-main-stick-meta":"","header-below-stick-meta":"","astra-migrate-meta-layouts":"set","ast-page-background-enabled":"default","ast-page-background-meta":{"desktop":{"background-color":"var(--ast-global-color-4)","background-image":"","background-repeat":"repeat","background-position":"center center","background-size":"auto","background-attachment":"scroll","background-type":"","background-media":"","overlay-type":"","overlay-color":"","overlay-opacity":"","overlay-gradient":""},"tablet":{"background-color":"","background-image":"","background-repeat":"repeat","background-position":"center center","background-size":"auto","background-attachment":"scroll","background-type":"","background-media":"","overlay-type":"","overlay-color":"","overlay-opacity":"","overlay-gradient":""},"mobile":{"background-color":"","background-image":"","background-repeat":"repeat","background-position":"center center","background-size":"auto","background-attachment":"scroll","background-type":"","background-media":"","overlay-type":"","overlay-color":"","overlay-opacity":"","overlay-gradient":""}},"ast-content-background-meta":{"desktop":{"background-color":"var(--ast-global-color-5)","background-image":"","background-repeat":"repeat","background-position":"center center","background-size":"auto","background-attachment":"scroll","background-type":"","background-media":"","overlay-type":"","overlay-color":"","overlay-opacity":"","overlay-gradient":""},"tablet":{"background-color":"var(--ast-global-color-5)","background-image":"","background-repeat":"repeat","background-position":"center center","background-size":"auto","background-attachment":"scroll","background-type":"","background-media":"","overlay-type":"","overlay-color":"","overlay-opacity":"","overlay-gradient":""},"mobile":{"background-color":"var(--ast-global-color-5)","background-image":"","background-repeat":"repeat","background-position":"center center","background-size":"auto","background-attachment":"scroll","background-type":"","background-media":"","overlay-type":"","overlay-color":"","overlay-opacity":"","overlay-gradient":""}},"footnotes":""},"class_list":["post-23054","page","type-page","status-publish","hentry"],"post_mailing_queue_ids":[],"_links":{"self":[{"href":"https:\/\/agora.xtec.cat\/escpoble-sec\/wp-json\/wp\/v2\/pages\/23054","targetHints":{"allow":["GET"]}}],"collection":[{"href":"https:\/\/agora.xtec.cat\/escpoble-sec\/wp-json\/wp\/v2\/pages"}],"about":[{"href":"https:\/\/agora.xtec.cat\/escpoble-sec\/wp-json\/wp\/v2\/types\/page"}],"author":[{"embeddable":true,"href":"https:\/\/agora.xtec.cat\/escpoble-sec\/wp-json\/wp\/v2\/users\/1"}],"replies":[{"embeddable":true,"href":"https:\/\/agora.xtec.cat\/escpoble-sec\/wp-json\/wp\/v2\/comments?post=23054"}],"version-history":[{"count":7,"href":"https:\/\/agora.xtec.cat\/escpoble-sec\/wp-json\/wp\/v2\/pages\/23054\/revisions"}],"predecessor-version":[{"id":25125,"href":"https:\/\/agora.xtec.cat\/escpoble-sec\/wp-json\/wp\/v2\/pages\/23054\/revisions\/25125"}],"wp:attachment":[{"href":"https:\/\/agora.xtec.cat\/escpoble-sec\/wp-json\/wp\/v2\/media?parent=23054"}],"curies":[{"name":"wp","href":"https:\/\/api.w.org\/{rel}","templated":true}]}}