{"id":13042,"date":"2018-04-10T09:48:01","date_gmt":"2018-04-10T07:48:01","guid":{"rendered":"http:\/\/projectes.xtec.cat\/programacioirobotica\/?page_id=13042"},"modified":"2018-04-10T09:48:01","modified_gmt":"2018-04-10T07:48:01","slug":"m6-sessio11","status":"publish","type":"page","link":"https:\/\/agora.xtec.cat\/escpoble-sec\/curs-scratch-primaria\/modul-6-sessio-2-bis\/m6-sessio11\/","title":{"rendered":"Sessi\u00f3 11. Atenci\u00f3 arriba el moment de provar el robot!"},"content":{"rendered":"<h2><span id=\"Pla_de_treball\">Pla de treball<\/span><\/h2>\n<div style=\"padding-left: 50px;\">\n<ul>\n<li>Funcionament del robot<\/li>\n<\/ul>\n<\/div>\n<hr \/>\n<div id='gallery-1' class='gallery galleryid-13042 gallery-columns-9 gallery-size-medium'><figure class='gallery-item'>\n\t\t\t<div class='gallery-icon landscape'>\n\t\t\t\t<a href='https:\/\/agora.xtec.cat\/escpoble-sec\/general\/educacio-infantil-a-la-ludoteca-del-sortidor\/attachment\/img_9063\/'><img loading=\"lazy\" decoding=\"async\" width=\"300\" height=\"225\" src=\"https:\/\/agora.xtec.cat\/escpoble-sec\/wp-content\/uploads\/usu1204\/2019\/12\/IMG_9063-300x225.jpg\" class=\"attachment-medium size-medium\" alt=\"\" srcset=\"https:\/\/agora.xtec.cat\/escpoble-sec\/wp-content\/uploads\/usu1204\/2019\/12\/IMG_9063-300x225.jpg 300w, https:\/\/agora.xtec.cat\/escpoble-sec\/wp-content\/uploads\/usu1204\/2019\/12\/IMG_9063-768x576.jpg 768w, https:\/\/agora.xtec.cat\/escpoble-sec\/wp-content\/uploads\/usu1204\/2019\/12\/IMG_9063-1024x768.jpg 1024w, https:\/\/agora.xtec.cat\/escpoble-sec\/wp-content\/uploads\/usu1204\/2019\/12\/IMG_9063-200x150.jpg 200w\" sizes=\"auto, (max-width: 300px) 100vw, 300px\" \/><\/a>\n\t\t\t<\/div><\/figure>\n\t\t<\/div>\n\n<hr \/>\n<h2><span id=\"Poseu a_prova_el_vostre_projecte8230\"><span id=\"A_per_feina8230\">Poseu\u00a0a prova el vostre robot\u2026<\/span><\/span><\/h2>\n<p>En aquesta sessi\u00f3 posarem a prova els robots de tots els companys i les companyes i els donarem la nostra opini\u00f3. No nom\u00e9s hem de provar que funcionin correctament, sin\u00f3 tamb\u00e9 si entenem les instruccions del seu funcionament.<\/p>\n<p>A la vegada, recollirem les propostes de millora dels nostres companys.<\/p>\n<hr \/>\n<h2><span id=\"i_feu_els_canvis_que_siguin_necessaris\"><span id=\"Anem_programant_i_donant_forma\">i feu els canvis que siguin necessaris<\/span><\/span><\/h2>\n<p>\u00c9s el moment de modificar el vostre robot tenint en compte i valorant els comentaris i aportacions dels altres grups.<\/p>\n<p>Heu de deixar el vostre robot a punt per la presentaci\u00f3 assegurant-vos del bon funcionament de totes les seves funcions.<\/p>\n<p>Ara s\u00ed que ja esteu a punt de finalitzar el robot.<\/p>\n<p>&nbsp;<\/p>\n","protected":false},"excerpt":{"rendered":"<p>Pla de treball Funcionament del robot Poseu\u00a0a prova el vostre robot\u2026 En aquesta sessi\u00f3 posarem a prova els robots de tots els companys i les companyes i els donarem la nostra opini\u00f3. No nom\u00e9s hem de provar que funcionin correctament, sin\u00f3 tamb\u00e9 si entenem les instruccions del seu funcionament. A la vegada, recollirem les propostes [&hellip;]<\/p>\n","protected":false},"author":1,"featured_media":0,"parent":15865,"menu_order":11,"comment_status":"closed","ping_status":"closed","template":"page-templates\/side-menu.php","meta":{"_bbp_topic_count":0,"_bbp_reply_count":0,"_bbp_total_topic_count":0,"_bbp_total_reply_count":0,"_bbp_voice_count":0,"_bbp_anonymous_reply_count":0,"_bbp_topic_count_hidden":0,"_bbp_reply_count_hidden":0,"_bbp_forum_subforum_count":0,"site-sidebar-layout":"default","site-content-layout":"","ast-site-content-layout":"","site-content-style":"default","site-sidebar-style":"default","ast-global-header-display":"","ast-banner-title-visibility":"","ast-main-header-display":"","ast-hfb-above-header-display":"","ast-hfb-below-header-display":"","ast-hfb-mobile-header-display":"","site-post-title":"","ast-breadcrumbs-content":"","ast-featured-img":"","footer-sml-layout":"","theme-transparent-header-meta":"","adv-header-id-meta":"","stick-header-meta":"","header-above-stick-meta":"","header-main-stick-meta":"","header-below-stick-meta":"","astra-migrate-meta-layouts":"default","ast-page-background-enabled":"default","ast-page-background-meta":{"desktop":{"background-color":"var(--ast-global-color-4)","background-image":"","background-repeat":"repeat","background-position":"center center","background-size":"auto","background-attachment":"scroll","background-type":"","background-media":"","overlay-type":"","overlay-color":"","overlay-opacity":"","overlay-gradient":""},"tablet":{"background-color":"","background-image":"","background-repeat":"repeat","background-position":"center center","background-size":"auto","background-attachment":"scroll","background-type":"","background-media":"","overlay-type":"","overlay-color":"","overlay-opacity":"","overlay-gradient":""},"mobile":{"background-color":"","background-image":"","background-repeat":"repeat","background-position":"center center","background-size":"auto","background-attachment":"scroll","background-type":"","background-media":"","overlay-type":"","overlay-color":"","overlay-opacity":"","overlay-gradient":""}},"ast-content-background-meta":{"desktop":{"background-color":"var(--ast-global-color-5)","background-image":"","background-repeat":"repeat","background-position":"center center","background-size":"auto","background-attachment":"scroll","background-type":"","background-media":"","overlay-type":"","overlay-color":"","overlay-opacity":"","overlay-gradient":""},"tablet":{"background-color":"var(--ast-global-color-5)","background-image":"","background-repeat":"repeat","background-position":"center center","background-size":"auto","background-attachment":"scroll","background-type":"","background-media":"","overlay-type":"","overlay-color":"","overlay-opacity":"","overlay-gradient":""},"mobile":{"background-color":"var(--ast-global-color-5)","background-image":"","background-repeat":"repeat","background-position":"center center","background-size":"auto","background-attachment":"scroll","background-type":"","background-media":"","overlay-type":"","overlay-color":"","overlay-opacity":"","overlay-gradient":""}},"footnotes":""},"class_list":["post-13042","page","type-page","status-publish","hentry"],"post_mailing_queue_ids":[],"_links":{"self":[{"href":"https:\/\/agora.xtec.cat\/escpoble-sec\/wp-json\/wp\/v2\/pages\/13042","targetHints":{"allow":["GET"]}}],"collection":[{"href":"https:\/\/agora.xtec.cat\/escpoble-sec\/wp-json\/wp\/v2\/pages"}],"about":[{"href":"https:\/\/agora.xtec.cat\/escpoble-sec\/wp-json\/wp\/v2\/types\/page"}],"author":[{"embeddable":true,"href":"https:\/\/agora.xtec.cat\/escpoble-sec\/wp-json\/wp\/v2\/users\/1"}],"replies":[{"embeddable":true,"href":"https:\/\/agora.xtec.cat\/escpoble-sec\/wp-json\/wp\/v2\/comments?post=13042"}],"version-history":[{"count":0,"href":"https:\/\/agora.xtec.cat\/escpoble-sec\/wp-json\/wp\/v2\/pages\/13042\/revisions"}],"up":[{"embeddable":true,"href":"https:\/\/agora.xtec.cat\/escpoble-sec\/wp-json\/wp\/v2\/pages\/15865"}],"wp:attachment":[{"href":"https:\/\/agora.xtec.cat\/escpoble-sec\/wp-json\/wp\/v2\/media?parent=13042"}],"curies":[{"name":"wp","href":"https:\/\/api.w.org\/{rel}","templated":true}]}}