{"id":13018,"date":"2018-04-10T09:43:39","date_gmt":"2018-04-10T07:43:39","guid":{"rendered":"http:\/\/projectes.xtec.cat\/programacioirobotica\/?page_id=13018"},"modified":"2018-04-10T09:43:39","modified_gmt":"2018-04-10T07:43:39","slug":"m5-sessio11","status":"publish","type":"page","link":"https:\/\/agora.xtec.cat\/escpoble-sec\/curs-scratch-primaria\/modul-5\/m5-sessio11\/","title":{"rendered":"Sessi\u00f3 11.  Provant el vostre GameOver"},"content":{"rendered":"<h2><span id=\"Pla_de_treball\">Pla de treball<\/span><\/h2>\n<div style=\"padding-left: 50px;\">\n<ul>\n<li>Revisi\u00f3 de la descripci\u00f3 del projecte.<\/li>\n<li>Control de funcionament del projecte.<\/li>\n<li>Proves sobre les instruccions del joc.<\/li>\n<\/ul>\n<\/div>\n<hr \/>\n<h2><span id=\"A_per_feina8230\">Poseu\u00a0a prova el vostre projecte&#8230;<\/span><\/h2>\n<p>En aquesta sessi\u00f3 posarem a prova els jocs de tots els companys i companyes i els donarem la nostra opini\u00f3. No nom\u00e9s hem de provar que funcionin correctament, sin\u00f3 tamb\u00e9 si entenem les instruccions de joc.<\/p>\n<p>A la vegada, recollirem el que la resta de grups ens comenta sobre el nostre joc. Aquests comentaris s\u00f3n molt important ja que us ajudaran a millorar-lo.<\/p>\n<hr \/>\n<h2><span id=\"Anem_programant_i_donant_forma\">i feu els canvis que siguin necessaris<\/span><\/h2>\n<p>\u00c9s el moment de modificar el vostre projecte tenint en compte i valorant els comentaris i aportacions.<\/p>\n<p>Heu de deixar el vostre joc a punt per la presentaci\u00f3. Som-hi!<\/p>\n<p>&nbsp;<\/p>\n","protected":false},"excerpt":{"rendered":"<p>Pla de treball Revisi\u00f3 de la descripci\u00f3 del projecte. Control de funcionament del projecte. Proves sobre les instruccions del joc. Poseu\u00a0a prova el vostre projecte&#8230; En aquesta sessi\u00f3 posarem a prova els jocs de tots els companys i companyes i els donarem la nostra opini\u00f3. No nom\u00e9s hem de provar que funcionin correctament, sin\u00f3 tamb\u00e9 [&hellip;]<\/p>\n","protected":false},"author":1,"featured_media":0,"parent":8181,"menu_order":11,"comment_status":"closed","ping_status":"closed","template":"","meta":{"_bbp_topic_count":0,"_bbp_reply_count":0,"_bbp_total_topic_count":0,"_bbp_total_reply_count":0,"_bbp_voice_count":0,"_bbp_anonymous_reply_count":0,"_bbp_topic_count_hidden":0,"_bbp_reply_count_hidden":0,"_bbp_forum_subforum_count":0,"site-sidebar-layout":"default","site-content-layout":"","ast-site-content-layout":"","site-content-style":"default","site-sidebar-style":"default","ast-global-header-display":"","ast-banner-title-visibility":"","ast-main-header-display":"","ast-hfb-above-header-display":"","ast-hfb-below-header-display":"","ast-hfb-mobile-header-display":"","site-post-title":"","ast-breadcrumbs-content":"","ast-featured-img":"","footer-sml-layout":"","theme-transparent-header-meta":"","adv-header-id-meta":"","stick-header-meta":"","header-above-stick-meta":"","header-main-stick-meta":"","header-below-stick-meta":"","astra-migrate-meta-layouts":"default","ast-page-background-enabled":"default","ast-page-background-meta":{"desktop":{"background-color":"var(--ast-global-color-4)","background-image":"","background-repeat":"repeat","background-position":"center center","background-size":"auto","background-attachment":"scroll","background-type":"","background-media":"","overlay-type":"","overlay-color":"","overlay-opacity":"","overlay-gradient":""},"tablet":{"background-color":"","background-image":"","background-repeat":"repeat","background-position":"center center","background-size":"auto","background-attachment":"scroll","background-type":"","background-media":"","overlay-type":"","overlay-color":"","overlay-opacity":"","overlay-gradient":""},"mobile":{"background-color":"","background-image":"","background-repeat":"repeat","background-position":"center center","background-size":"auto","background-attachment":"scroll","background-type":"","background-media":"","overlay-type":"","overlay-color":"","overlay-opacity":"","overlay-gradient":""}},"ast-content-background-meta":{"desktop":{"background-color":"var(--ast-global-color-5)","background-image":"","background-repeat":"repeat","background-position":"center center","background-size":"auto","background-attachment":"scroll","background-type":"","background-media":"","overlay-type":"","overlay-color":"","overlay-opacity":"","overlay-gradient":""},"tablet":{"background-color":"var(--ast-global-color-5)","background-image":"","background-repeat":"repeat","background-position":"center center","background-size":"auto","background-attachment":"scroll","background-type":"","background-media":"","overlay-type":"","overlay-color":"","overlay-opacity":"","overlay-gradient":""},"mobile":{"background-color":"var(--ast-global-color-5)","background-image":"","background-repeat":"repeat","background-position":"center center","background-size":"auto","background-attachment":"scroll","background-type":"","background-media":"","overlay-type":"","overlay-color":"","overlay-opacity":"","overlay-gradient":""}},"footnotes":""},"class_list":["post-13018","page","type-page","status-publish","hentry"],"post_mailing_queue_ids":[],"_links":{"self":[{"href":"https:\/\/agora.xtec.cat\/escpoble-sec\/wp-json\/wp\/v2\/pages\/13018","targetHints":{"allow":["GET"]}}],"collection":[{"href":"https:\/\/agora.xtec.cat\/escpoble-sec\/wp-json\/wp\/v2\/pages"}],"about":[{"href":"https:\/\/agora.xtec.cat\/escpoble-sec\/wp-json\/wp\/v2\/types\/page"}],"author":[{"embeddable":true,"href":"https:\/\/agora.xtec.cat\/escpoble-sec\/wp-json\/wp\/v2\/users\/1"}],"replies":[{"embeddable":true,"href":"https:\/\/agora.xtec.cat\/escpoble-sec\/wp-json\/wp\/v2\/comments?post=13018"}],"version-history":[{"count":0,"href":"https:\/\/agora.xtec.cat\/escpoble-sec\/wp-json\/wp\/v2\/pages\/13018\/revisions"}],"up":[{"embeddable":true,"href":"https:\/\/agora.xtec.cat\/escpoble-sec\/wp-json\/wp\/v2\/pages\/8181"}],"wp:attachment":[{"href":"https:\/\/agora.xtec.cat\/escpoble-sec\/wp-json\/wp\/v2\/media?parent=13018"}],"curies":[{"name":"wp","href":"https:\/\/api.w.org\/{rel}","templated":true}]}}