{"id":84,"date":"2014-09-18T14:11:31","date_gmt":"2014-09-18T13:11:31","guid":{"rendered":"http:\/\/agora.xtec.cat\/escpiverd\/?page_id=84"},"modified":"2021-09-15T19:13:22","modified_gmt":"2021-09-15T17:13:22","slug":"activitats-extraescolars","status":"publish","type":"page","link":"https:\/\/agora.xtec.cat\/escpiverd\/serveis\/activitats-extraescolars\/","title":{"rendered":"Activitats extraescolars"},"content":{"rendered":"<p>Com cada inici de curs, des de l&#8217;AMPA, ens posem en contacte amb vosaltres per tal d&#8217;informar-vos de l&#8217;oferta d&#8217;extraescolars pensada per enguany.<\/p>\n<ul>\n<li>El termini d&#8217;inscripci\u00f3 \u00e9s el <strong>fins al 20 de setembre<\/strong>.<\/li>\n<li>Inici activitats <strong>4 d&#8217;octubre<\/strong><\/li>\n<li>La comissi\u00f3 estar\u00e0 <strong>presencialment al local de l&#8217;AMPA dimecres 15 i divendres 17 de setembre, de 16h a 18h<\/strong> per les fam\u00edlies que necessitin ajuda per fer la inscripci\u00f3 o resoldre dubtes.<\/li>\n<li style=\"text-align: left;\">L&#8217;Ajuntament de Palafrugell ha convocat una<strong> subvenci\u00f3 per a ajudar a aquelles fam\u00edlies m\u00e9s vulnerables<\/strong> al pagament de les activitats extraescolar. Podeu <a href=\"https:\/\/seu.palafrugell.cat\/tramits\/ajuts-i-subvencions\/ajuts-per-a-activitats-extraescolars-curs-2021-2022-a-les-persones-en-situacio-de-vulnerabilitat-per-la-covid-19\">accedir al web de l&#8217;Ajuntament clicant aquest enlla\u00e7<\/a>.<\/li>\n<\/ul>\n<p><a href=\"https:\/\/agora.xtec.cat\/escpiverd\/wp-content\/uploads\/usu1610\/2021\/09\/graella-extraescolars-21-22-scaled.jpg\"><img loading=\"lazy\" decoding=\"async\" class=\"aligncenter wp-image-17734 size-full\" src=\"https:\/\/agora.xtec.cat\/escpiverd\/wp-content\/uploads\/usu1610\/2021\/09\/graella-extraescolars-21-22-scaled.jpg\" alt=\"\" width=\"1147\" height=\"2560\" srcset=\"https:\/\/agora.xtec.cat\/escpiverd\/wp-content\/uploads\/usu1610\/2021\/09\/graella-extraescolars-21-22-scaled.jpg 1147w, https:\/\/agora.xtec.cat\/escpiverd\/wp-content\/uploads\/usu1610\/2021\/09\/graella-extraescolars-21-22-134x300.jpg 134w, https:\/\/agora.xtec.cat\/escpiverd\/wp-content\/uploads\/usu1610\/2021\/09\/graella-extraescolars-21-22-459x1024.jpg 459w, https:\/\/agora.xtec.cat\/escpiverd\/wp-content\/uploads\/usu1610\/2021\/09\/graella-extraescolars-21-22-768x1714.jpg 768w, https:\/\/agora.xtec.cat\/escpiverd\/wp-content\/uploads\/usu1610\/2021\/09\/graella-extraescolars-21-22-688x1536.jpg 688w, https:\/\/agora.xtec.cat\/escpiverd\/wp-content\/uploads\/usu1610\/2021\/09\/graella-extraescolars-21-22-918x2048.jpg 918w\" sizes=\"auto, (max-width: 1147px) 100vw, 1147px\" \/><\/a><\/p>\n<p>Trobareu m\u00e9s informaci\u00f3 sobre les diferents activitats, juntament amb els tel\u00e8fons de contacte i les fulles d&#8217;inscripci\u00f3, en els seg\u00fcents enlla\u00e7os.<\/p>\n<ul>\n<li><a href=\"https:\/\/drive.google.com\/file\/d\/1alluyckExEtWMRaeCdhgIk5GYtlsEwLf\/view?usp=sharing\">Full inscripci\u00f3 activitats extraescolars.<\/a><\/li>\n<li><a href=\"https:\/\/drive.google.com\/file\/d\/1O_zz08XVgHbL4ewOBosZcxWvrld8lean\/view?usp=sharing\">Tel\u00e8fons i correus electr\u00f2nics de contacte.<\/a><\/li>\n<\/ul>\n<p>&nbsp;<\/p>\n<ul>\n<li><a href=\"https:\/\/seu.palafrugell.cat\/tramits\/ajuts-i-subvencions\/ajuts-per-a-activitats-extraescolars-curs-2021-2022-a-les-persones-en-situacio-de-vulnerabilitat-per-la-covid-19\">Acc\u00e9s al web de l&#8217;Ajuntament per demanar l&#8217;ajut per a extraescolars<\/a><\/li>\n<li><a href=\"https:\/\/drive.google.com\/file\/d\/1KmI89u17lPOc5WdLnfuwzAcYI0JlRbjX\/view?usp=sharing\">Normativa que regula l&#8217;ajut per a extraescolars<\/a><\/li>\n<\/ul>\n<p><a href=\"https:\/\/agora.xtec.cat\/escpiverd\/wp-content\/uploads\/usu1610\/2021\/09\/subvencio-extraescolar-scaled.jpg\"><br \/>\n<\/a><a href=\"https:\/\/seu.palafrugell.cat\/tramits\/ajuts-i-subvencions\/ajuts-per-a-activitats-extraescolars-curs-2021-2022-a-les-persones-en-situacio-de-vulnerabilitat-per-la-covid-19\"><img loading=\"lazy\" decoding=\"async\" class=\"aligncenter wp-image-17735 size-large\" src=\"https:\/\/agora.xtec.cat\/escpiverd\/wp-content\/uploads\/usu1610\/2021\/09\/subvencio-extraescolar-1024x576.jpg\" alt=\"\" width=\"1024\" height=\"576\" srcset=\"https:\/\/agora.xtec.cat\/escpiverd\/wp-content\/uploads\/usu1610\/2021\/09\/subvencio-extraescolar-1024x576.jpg 1024w, https:\/\/agora.xtec.cat\/escpiverd\/wp-content\/uploads\/usu1610\/2021\/09\/subvencio-extraescolar-300x169.jpg 300w, https:\/\/agora.xtec.cat\/escpiverd\/wp-content\/uploads\/usu1610\/2021\/09\/subvencio-extraescolar-768x432.jpg 768w, https:\/\/agora.xtec.cat\/escpiverd\/wp-content\/uploads\/usu1610\/2021\/09\/subvencio-extraescolar-1536x864.jpg 1536w, https:\/\/agora.xtec.cat\/escpiverd\/wp-content\/uploads\/usu1610\/2021\/09\/subvencio-extraescolar-2048x1151.jpg 2048w\" sizes=\"auto, (max-width: 1024px) 100vw, 1024px\" \/><\/a><\/p>\n","protected":false},"excerpt":{"rendered":"<p>Com cada inici de curs, des de l&#8217;AMPA, ens posem en contacte amb vosaltres per tal d&#8217;informar-vos de l&#8217;oferta d&#8217;extraescolars pensada per enguany. El termini d&#8217;inscripci\u00f3 \u00e9s el fins al 20 de setembre. Inici activitats 4 d&#8217;octubre La comissi\u00f3 estar\u00e0 presencialment al local de l&#8217;AMPA dimecres 15 i divendres 17 de setembre, de 16h a [&hellip;]<\/p>\n","protected":false},"author":1,"featured_media":0,"parent":66,"menu_order":60,"comment_status":"closed","ping_status":"closed","template":"page-templates\/side-menu.php","meta":{"_bbp_topic_count":0,"_bbp_reply_count":0,"_bbp_total_topic_count":0,"_bbp_total_reply_count":0,"_bbp_voice_count":0,"_bbp_anonymous_reply_count":0,"_bbp_topic_count_hidden":0,"_bbp_reply_count_hidden":0,"_bbp_forum_subforum_count":0,"site-sidebar-layout":"default","site-content-layout":"","ast-site-content-layout":"","site-content-style":"default","site-sidebar-style":"default","ast-global-header-display":"","ast-banner-title-visibility":"","ast-main-header-display":"","ast-hfb-above-header-display":"","ast-hfb-below-header-display":"","ast-hfb-mobile-header-display":"","site-post-title":"","ast-breadcrumbs-content":"","ast-featured-img":"","footer-sml-layout":"","theme-transparent-header-meta":"","adv-header-id-meta":"","stick-header-meta":"","header-above-stick-meta":"","header-main-stick-meta":"","header-below-stick-meta":"","astra-migrate-meta-layouts":"default","ast-page-background-enabled":"default","ast-page-background-meta":{"desktop":{"background-color":"var(--ast-global-color-4)","background-image":"","background-repeat":"repeat","background-position":"center center","background-size":"auto","background-attachment":"scroll","background-type":"","background-media":"","overlay-type":"","overlay-color":"","overlay-opacity":"","overlay-gradient":""},"tablet":{"background-color":"","background-image":"","background-repeat":"repeat","background-position":"center center","background-size":"auto","background-attachment":"scroll","background-type":"","background-media":"","overlay-type":"","overlay-color":"","overlay-opacity":"","overlay-gradient":""},"mobile":{"background-color":"","background-image":"","background-repeat":"repeat","background-position":"center center","background-size":"auto","background-attachment":"scroll","background-type":"","background-media":"","overlay-type":"","overlay-color":"","overlay-opacity":"","overlay-gradient":""}},"ast-content-background-meta":{"desktop":{"background-color":"var(--ast-global-color-5)","background-image":"","background-repeat":"repeat","background-position":"center center","background-size":"auto","background-attachment":"scroll","background-type":"","background-media":"","overlay-type":"","overlay-color":"","overlay-opacity":"","overlay-gradient":""},"tablet":{"background-color":"var(--ast-global-color-5)","background-image":"","background-repeat":"repeat","background-position":"center center","background-size":"auto","background-attachment":"scroll","background-type":"","background-media":"","overlay-type":"","overlay-color":"","overlay-opacity":"","overlay-gradient":""},"mobile":{"background-color":"var(--ast-global-color-5)","background-image":"","background-repeat":"repeat","background-position":"center center","background-size":"auto","background-attachment":"scroll","background-type":"","background-media":"","overlay-type":"","overlay-color":"","overlay-opacity":"","overlay-gradient":""}},"footnotes":""},"class_list":["post-84","page","type-page","status-publish","hentry"],"post_mailing_queue_ids":[],"_links":{"self":[{"href":"https:\/\/agora.xtec.cat\/escpiverd\/wp-json\/wp\/v2\/pages\/84","targetHints":{"allow":["GET"]}}],"collection":[{"href":"https:\/\/agora.xtec.cat\/escpiverd\/wp-json\/wp\/v2\/pages"}],"about":[{"href":"https:\/\/agora.xtec.cat\/escpiverd\/wp-json\/wp\/v2\/types\/page"}],"author":[{"embeddable":true,"href":"https:\/\/agora.xtec.cat\/escpiverd\/wp-json\/wp\/v2\/users\/1"}],"replies":[{"embeddable":true,"href":"https:\/\/agora.xtec.cat\/escpiverd\/wp-json\/wp\/v2\/comments?post=84"}],"version-history":[{"count":4,"href":"https:\/\/agora.xtec.cat\/escpiverd\/wp-json\/wp\/v2\/pages\/84\/revisions"}],"predecessor-version":[{"id":17739,"href":"https:\/\/agora.xtec.cat\/escpiverd\/wp-json\/wp\/v2\/pages\/84\/revisions\/17739"}],"up":[{"embeddable":true,"href":"https:\/\/agora.xtec.cat\/escpiverd\/wp-json\/wp\/v2\/pages\/66"}],"wp:attachment":[{"href":"https:\/\/agora.xtec.cat\/escpiverd\/wp-json\/wp\/v2\/media?parent=84"}],"curies":[{"name":"wp","href":"https:\/\/api.w.org\/{rel}","templated":true}]}}