{"id":73,"date":"2014-09-18T14:01:51","date_gmt":"2014-09-18T13:01:51","guid":{"rendered":"http:\/\/agora.xtec.cat\/escpiverd\/?page_id=73"},"modified":"2026-04-30T16:40:51","modified_gmt":"2026-04-30T14:40:51","slug":"menjador-escolar","status":"publish","type":"page","link":"https:\/\/agora.xtec.cat\/escpiverd\/serveis\/menjador-escolar\/","title":{"rendered":"Menjador escolar"},"content":{"rendered":"<p><a href=\"https:\/\/drive.google.com\/file\/d\/1_HuZJ3ZyKbrjQ0vOyu1MX5AExk3b5x4K\/view?usp=sharing\">Men\u00fas Maig_2026<\/a><\/p>\n<p>El servei de menjador de l\u2019escola \u00e9s gestionat pel Consell Comarcal del Baix Empord\u00e0. <a href=\"https:\/\/www.baixemporda.cat\/ca\/arees\/ensenyament\/menus-escolars\/escola-pi-verd\/\">A la p\u00e0gina del Consell Comarcal hi trobareu m\u00e9s informaci\u00f3<\/a> i documentaci\u00f3 sobre el servei.<\/p>\n<table style=\"border-collapse: collapse; width: 100%;\" border=\"1\">\n<tbody>\n<tr>\n<td style=\"width: 100%;\">Men\u00fa alumne\/a fix (Utilitza el servei un m\u00ednim de 4 vegades\/mes):\u00a0 \u00a0 \u00a0 <strong>7,03 \u20ac\/men\u00fa<\/strong>Men\u00fa alumne\/a espor\u00e0dic (No fa \u00fas del servei un m\u00ednim de 4 vegades\/mes):\u00a0<strong> \u00a07,38 \u20ac\/men\u00fa<\/strong>L&#8217;Ajuntament de Palafrugell concedeix un ajut de <strong>0,70\u20ac<\/strong> sobre el men\u00fa fix a l&#8217;alumnat resident al municipi de Palafrugell i amb el rebut domiciliat.<\/td>\n<\/tr>\n<\/tbody>\n<\/table>\n<p>Per a qualsevol informaci\u00f3 o dubte relacionat amb el servei de menjador podeu passar de les 9h fins a les 10h pel menjador de l\u2019escola. Pregunteu per la Sara Garcia.<\/p>\n<p>L&#8217;alumnat d\u2019Educaci\u00f3 Infantil que usi aquest servei, caldr\u00e0 que porti una bata.<\/p>\n","protected":false},"excerpt":{"rendered":"<p>Men\u00fas Maig_2026 El servei de menjador de l\u2019escola \u00e9s gestionat pel Consell Comarcal del Baix Empord\u00e0. A la p\u00e0gina del Consell Comarcal hi trobareu m\u00e9s informaci\u00f3 i documentaci\u00f3 sobre el servei. Men\u00fa alumne\/a fix (Utilitza el servei un m\u00ednim de 4 vegades\/mes):\u00a0 \u00a0 \u00a0 7,03 \u20ac\/men\u00faMen\u00fa alumne\/a espor\u00e0dic (No fa \u00fas del servei un m\u00ednim [&hellip;]<\/p>\n","protected":false},"author":1,"featured_media":0,"parent":66,"menu_order":30,"comment_status":"closed","ping_status":"closed","template":"page-templates\/side-menu.php","meta":{"_bbp_topic_count":0,"_bbp_reply_count":0,"_bbp_total_topic_count":0,"_bbp_total_reply_count":0,"_bbp_voice_count":0,"_bbp_anonymous_reply_count":0,"_bbp_topic_count_hidden":0,"_bbp_reply_count_hidden":0,"_bbp_forum_subforum_count":0,"site-sidebar-layout":"default","site-content-layout":"","ast-site-content-layout":"default","site-content-style":"default","site-sidebar-style":"default","ast-global-header-display":"","ast-banner-title-visibility":"","ast-main-header-display":"","ast-hfb-above-header-display":"","ast-hfb-below-header-display":"","ast-hfb-mobile-header-display":"","site-post-title":"","ast-breadcrumbs-content":"","ast-featured-img":"","footer-sml-layout":"","theme-transparent-header-meta":"","adv-header-id-meta":"","stick-header-meta":"","header-above-stick-meta":"","header-main-stick-meta":"","header-below-stick-meta":"","astra-migrate-meta-layouts":"set","ast-page-background-enabled":"default","ast-page-background-meta":{"desktop":{"background-color":"var(--ast-global-color-4)","background-image":"","background-repeat":"repeat","background-position":"center center","background-size":"auto","background-attachment":"scroll","background-type":"","background-media":"","overlay-type":"","overlay-color":"","overlay-opacity":"","overlay-gradient":""},"tablet":{"background-color":"","background-image":"","background-repeat":"repeat","background-position":"center center","background-size":"auto","background-attachment":"scroll","background-type":"","background-media":"","overlay-type":"","overlay-color":"","overlay-opacity":"","overlay-gradient":""},"mobile":{"background-color":"","background-image":"","background-repeat":"repeat","background-position":"center center","background-size":"auto","background-attachment":"scroll","background-type":"","background-media":"","overlay-type":"","overlay-color":"","overlay-opacity":"","overlay-gradient":""}},"ast-content-background-meta":{"desktop":{"background-color":"var(--ast-global-color-5)","background-image":"","background-repeat":"repeat","background-position":"center center","background-size":"auto","background-attachment":"scroll","background-type":"","background-media":"","overlay-type":"","overlay-color":"","overlay-opacity":"","overlay-gradient":""},"tablet":{"background-color":"var(--ast-global-color-5)","background-image":"","background-repeat":"repeat","background-position":"center center","background-size":"auto","background-attachment":"scroll","background-type":"","background-media":"","overlay-type":"","overlay-color":"","overlay-opacity":"","overlay-gradient":""},"mobile":{"background-color":"var(--ast-global-color-5)","background-image":"","background-repeat":"repeat","background-position":"center center","background-size":"auto","background-attachment":"scroll","background-type":"","background-media":"","overlay-type":"","overlay-color":"","overlay-opacity":"","overlay-gradient":""}},"footnotes":""},"class_list":["post-73","page","type-page","status-publish","hentry"],"post_mailing_queue_ids":[],"_links":{"self":[{"href":"https:\/\/agora.xtec.cat\/escpiverd\/wp-json\/wp\/v2\/pages\/73","targetHints":{"allow":["GET"]}}],"collection":[{"href":"https:\/\/agora.xtec.cat\/escpiverd\/wp-json\/wp\/v2\/pages"}],"about":[{"href":"https:\/\/agora.xtec.cat\/escpiverd\/wp-json\/wp\/v2\/types\/page"}],"author":[{"embeddable":true,"href":"https:\/\/agora.xtec.cat\/escpiverd\/wp-json\/wp\/v2\/users\/1"}],"replies":[{"embeddable":true,"href":"https:\/\/agora.xtec.cat\/escpiverd\/wp-json\/wp\/v2\/comments?post=73"}],"version-history":[{"count":6,"href":"https:\/\/agora.xtec.cat\/escpiverd\/wp-json\/wp\/v2\/pages\/73\/revisions"}],"predecessor-version":[{"id":20180,"href":"https:\/\/agora.xtec.cat\/escpiverd\/wp-json\/wp\/v2\/pages\/73\/revisions\/20180"}],"up":[{"embeddable":true,"href":"https:\/\/agora.xtec.cat\/escpiverd\/wp-json\/wp\/v2\/pages\/66"}],"wp:attachment":[{"href":"https:\/\/agora.xtec.cat\/escpiverd\/wp-json\/wp\/v2\/media?parent=73"}],"curies":[{"name":"wp","href":"https:\/\/api.w.org\/{rel}","templated":true}]}}