{"id":36,"date":"2014-09-18T12:33:11","date_gmt":"2014-09-18T10:33:11","guid":{"rendered":"http:\/\/agora.xtec.cat\/escpiverd\/?page_id=36"},"modified":"2025-09-05T12:31:24","modified_gmt":"2025-09-05T10:31:24","slug":"material-escolar","status":"publish","type":"page","link":"https:\/\/agora.xtec.cat\/escpiverd\/informacio-de-centre\/material-escolar\/","title":{"rendered":"Material escolar"},"content":{"rendered":"<p style=\"text-align: left;\">Us volem fer arribar el detall de material necessari de cares al <strong>curs escolar 2025\/26, aix\u00ed com les respectives quotes i preus del material<\/strong>.<\/p>\n<p style=\"text-align: left;\">Per l&#8217;alumnat d&#8217;inclusi\u00f3 el preu dels quaderns canvia.<\/p>\n<p style=\"text-align: left;\">Enguany, amb el val escolar, cal tenir en compte que el preu pot rebaixar.<\/p>\n<p style=\"text-align: left;\">Trobareu m\u00e9s informaci\u00f3 als documents adjunts. En cas de dubte poseu-vos directament en contacte amb l&#8217;escola.<\/p>\n<table class=\"aligncenter\" style=\"width: 250px;\" cellspacing=\"30\" cellpadding=\"10\">\n<tbody>\n<tr>\n<td style=\"width: 100%; text-align: center;\" colspan=\"3\">Descarregueu els vostres documents<\/td>\n<\/tr>\n<tr>\n<td style=\"width: 38px; text-align: center;\"><a href=\"https:\/\/drive.google.com\/file\/d\/14Hit-wGNey9gfDlrpF09ICSPisZeD3i_\/view?usp=drive_link\">I3<\/a><\/td>\n<td style=\"width: 38px; text-align: center;\"><a href=\"https:\/\/drive.google.com\/file\/d\/1rFUqoDSjx9a-mvurPpe46HIIVwpqqKq9\/view?usp=drive_link\">I4<\/a><\/td>\n<td style=\"width: 38px; text-align: center;\"><a href=\"https:\/\/drive.google.com\/file\/d\/1qSrkXFiqgBmicwVwdMilZ6qwMp0Of_AP\/view?usp=drive_link\">I5<\/a><\/td>\n<\/tr>\n<tr style=\"height: 32px;\">\n<td style=\"width: 38px; text-align: center; height: 32px;\"><a href=\"https:\/\/drive.google.com\/file\/d\/1z0e7YtBRISrz_vDoNUWQDZwo3R929SFf\/view?usp=drive_link\">1r<\/a><\/td>\n<td style=\"width: 38px; text-align: center; height: 32px;\"><a href=\"https:\/\/drive.google.com\/file\/d\/1z0e7YtBRISrz_vDoNUWQDZwo3R929SFf\/view?usp=drive_link\">2n<\/a><\/td>\n<td style=\"width: 38px; text-align: center; height: 32px;\"><a href=\"https:\/\/drive.google.com\/file\/d\/1z0e7YtBRISrz_vDoNUWQDZwo3R929SFf\/view?usp=drive_link\">3r<\/a><\/td>\n<\/tr>\n<tr style=\"height: 32px;\">\n<td style=\"width: 38px; text-align: center; height: 32px;\"><a href=\"https:\/\/drive.google.com\/file\/d\/1z0e7YtBRISrz_vDoNUWQDZwo3R929SFf\/view?usp=drive_link\">4t<\/a><\/td>\n<td style=\"width: 38px; text-align: center; height: 32px;\"><a href=\"https:\/\/drive.google.com\/file\/d\/1z0e7YtBRISrz_vDoNUWQDZwo3R929SFf\/view?usp=drive_link\">5\u00e8<\/a><\/td>\n<td style=\"width: 38px; text-align: center; height: 32px;\"><a href=\"https:\/\/drive.google.com\/file\/d\/1z0e7YtBRISrz_vDoNUWQDZwo3R929SFf\/view?usp=drive_link\">6\u00e8<\/a><\/td>\n<\/tr>\n<\/tbody>\n<\/table>\n","protected":false},"excerpt":{"rendered":"<p>Us volem fer arribar el detall de material necessari de cares al curs escolar 2025\/26, aix\u00ed com les respectives quotes i preus del material. Per l&#8217;alumnat d&#8217;inclusi\u00f3 el preu dels quaderns canvia. Enguany, amb el val escolar, cal tenir en compte que el preu pot rebaixar. Trobareu m\u00e9s informaci\u00f3 als documents adjunts. En cas de [&hellip;]<\/p>\n","protected":false},"author":1,"featured_media":0,"parent":18076,"menu_order":3,"comment_status":"closed","ping_status":"closed","template":"page-templates\/side-menu.php","meta":{"_bbp_topic_count":0,"_bbp_reply_count":0,"_bbp_total_topic_count":0,"_bbp_total_reply_count":0,"_bbp_voice_count":0,"_bbp_anonymous_reply_count":0,"_bbp_topic_count_hidden":0,"_bbp_reply_count_hidden":0,"_bbp_forum_subforum_count":0,"site-sidebar-layout":"default","site-content-layout":"","ast-site-content-layout":"default","site-content-style":"default","site-sidebar-style":"default","ast-global-header-display":"","ast-banner-title-visibility":"","ast-main-header-display":"","ast-hfb-above-header-display":"","ast-hfb-below-header-display":"","ast-hfb-mobile-header-display":"","site-post-title":"","ast-breadcrumbs-content":"","ast-featured-img":"","footer-sml-layout":"","theme-transparent-header-meta":"","adv-header-id-meta":"","stick-header-meta":"","header-above-stick-meta":"","header-main-stick-meta":"","header-below-stick-meta":"","astra-migrate-meta-layouts":"set","ast-page-background-enabled":"default","ast-page-background-meta":{"desktop":{"background-color":"var(--ast-global-color-4)","background-image":"","background-repeat":"repeat","background-position":"center center","background-size":"auto","background-attachment":"scroll","background-type":"","background-media":"","overlay-type":"","overlay-color":"","overlay-opacity":"","overlay-gradient":""},"tablet":{"background-color":"","background-image":"","background-repeat":"repeat","background-position":"center center","background-size":"auto","background-attachment":"scroll","background-type":"","background-media":"","overlay-type":"","overlay-color":"","overlay-opacity":"","overlay-gradient":""},"mobile":{"background-color":"","background-image":"","background-repeat":"repeat","background-position":"center center","background-size":"auto","background-attachment":"scroll","background-type":"","background-media":"","overlay-type":"","overlay-color":"","overlay-opacity":"","overlay-gradient":""}},"ast-content-background-meta":{"desktop":{"background-color":"var(--ast-global-color-5)","background-image":"","background-repeat":"repeat","background-position":"center center","background-size":"auto","background-attachment":"scroll","background-type":"","background-media":"","overlay-type":"","overlay-color":"","overlay-opacity":"","overlay-gradient":""},"tablet":{"background-color":"var(--ast-global-color-5)","background-image":"","background-repeat":"repeat","background-position":"center center","background-size":"auto","background-attachment":"scroll","background-type":"","background-media":"","overlay-type":"","overlay-color":"","overlay-opacity":"","overlay-gradient":""},"mobile":{"background-color":"var(--ast-global-color-5)","background-image":"","background-repeat":"repeat","background-position":"center center","background-size":"auto","background-attachment":"scroll","background-type":"","background-media":"","overlay-type":"","overlay-color":"","overlay-opacity":"","overlay-gradient":""}},"footnotes":""},"class_list":["post-36","page","type-page","status-publish","hentry"],"post_mailing_queue_ids":[],"_links":{"self":[{"href":"https:\/\/agora.xtec.cat\/escpiverd\/wp-json\/wp\/v2\/pages\/36","targetHints":{"allow":["GET"]}}],"collection":[{"href":"https:\/\/agora.xtec.cat\/escpiverd\/wp-json\/wp\/v2\/pages"}],"about":[{"href":"https:\/\/agora.xtec.cat\/escpiverd\/wp-json\/wp\/v2\/types\/page"}],"author":[{"embeddable":true,"href":"https:\/\/agora.xtec.cat\/escpiverd\/wp-json\/wp\/v2\/users\/1"}],"replies":[{"embeddable":true,"href":"https:\/\/agora.xtec.cat\/escpiverd\/wp-json\/wp\/v2\/comments?post=36"}],"version-history":[{"count":6,"href":"https:\/\/agora.xtec.cat\/escpiverd\/wp-json\/wp\/v2\/pages\/36\/revisions"}],"predecessor-version":[{"id":20045,"href":"https:\/\/agora.xtec.cat\/escpiverd\/wp-json\/wp\/v2\/pages\/36\/revisions\/20045"}],"up":[{"embeddable":true,"href":"https:\/\/agora.xtec.cat\/escpiverd\/wp-json\/wp\/v2\/pages\/18076"}],"wp:attachment":[{"href":"https:\/\/agora.xtec.cat\/escpiverd\/wp-json\/wp\/v2\/media?parent=36"}],"curies":[{"name":"wp","href":"https:\/\/api.w.org\/{rel}","templated":true}]}}