{"id":34,"date":"2014-09-18T12:32:18","date_gmt":"2014-09-18T10:32:18","guid":{"rendered":"http:\/\/agora.xtec.cat\/escpiverd\/?page_id=34"},"modified":"2025-02-10T12:01:02","modified_gmt":"2025-02-10T11:01:02","slug":"projectes","status":"publish","type":"page","link":"https:\/\/agora.xtec.cat\/escpiverd\/lescola\/projectes\/","title":{"rendered":"Projectes"},"content":{"rendered":"\n<figure class=\"wp-block-image aligncenter size-large is-resized\"><a href=\"https:\/\/agora.xtec.cat\/escpiverd\/wp-content\/uploads\/usu1610\/2025\/02\/lectura-1.png\"><img loading=\"lazy\" decoding=\"async\" width=\"1024\" height=\"776\" src=\"https:\/\/agora.xtec.cat\/escpiverd\/wp-content\/uploads\/usu1610\/2025\/02\/lectura-1-1024x776.png\" alt=\"\" class=\"wp-image-19837\" style=\"aspect-ratio:1.5;object-fit:cover;width:485px;height:auto\" srcset=\"https:\/\/agora.xtec.cat\/escpiverd\/wp-content\/uploads\/usu1610\/2025\/02\/lectura-1-1024x776.png 1024w, https:\/\/agora.xtec.cat\/escpiverd\/wp-content\/uploads\/usu1610\/2025\/02\/lectura-1-300x227.png 300w, https:\/\/agora.xtec.cat\/escpiverd\/wp-content\/uploads\/usu1610\/2025\/02\/lectura-1-768x582.png 768w, https:\/\/agora.xtec.cat\/escpiverd\/wp-content\/uploads\/usu1610\/2025\/02\/lectura-1.png 1069w\" sizes=\"auto, (max-width: 1024px) 100vw, 1024px\" \/><\/a><\/figure>\n\n\n<p><b>\u00a0<span style=\"color: #008000;\">CRUSPICONTES <\/span><\/b><b>&#8211; <\/b><span style=\"font-weight: 400;\">Gaudim de la lectura fent que l&#8217;alumnat s&#8217;emporti cada setmana a casa un llibre que ha triat de la biblioteca d&#8217;aula i, d&#8217;aquesta manera pugui gaudir, juntament amb la fam\u00edlia, d&#8217;aquest conte escollit. Per Nadal\u00a0s&#8217;amplia aquesta biblioteca d&#8217;aula amb la compra d&#8217;un llibre que ha realitzat la fam\u00edlia amb la quota de material.<\/span><\/p>\n\n\n<figure class=\"wp-block-image aligncenter size-large is-resized\"><a href=\"https:\/\/agora.xtec.cat\/escpiverd\/wp-content\/uploads\/usu1610\/2025\/02\/petitcomediant.png\"><img loading=\"lazy\" decoding=\"async\" width=\"1024\" height=\"632\" src=\"https:\/\/agora.xtec.cat\/escpiverd\/wp-content\/uploads\/usu1610\/2025\/02\/petitcomediant-1024x632.png\" alt=\"\" class=\"wp-image-19842\" style=\"width:498px;height:auto\" srcset=\"https:\/\/agora.xtec.cat\/escpiverd\/wp-content\/uploads\/usu1610\/2025\/02\/petitcomediant-1024x632.png 1024w, https:\/\/agora.xtec.cat\/escpiverd\/wp-content\/uploads\/usu1610\/2025\/02\/petitcomediant-300x185.png 300w, https:\/\/agora.xtec.cat\/escpiverd\/wp-content\/uploads\/usu1610\/2025\/02\/petitcomediant-768x474.png 768w, https:\/\/agora.xtec.cat\/escpiverd\/wp-content\/uploads\/usu1610\/2025\/02\/petitcomediant.png 1202w\" sizes=\"auto, (max-width: 1024px) 100vw, 1024px\" \/><\/a><\/figure>\n\n\n\n<p><b><span style=\"color: #339966;\"><span style=\"color: #008000;\">PETITS COMEDIANTS <\/span><\/span><\/b><b>&#8211; <\/b><span style=\"font-weight: 400;\">Ens endinsem dins el m\u00f3n teatral on cada aula, de I5, 2n, 4t i 6\u00e8, prepara una obra teatral que s&#8217;acaba representant a l&#8217;escola (en el cas dels de I5 que realitzen la representaci\u00f3 de Sant Jordi) o al Teatre Municipal (les aules de prim\u00e0ria)<\/span><\/p>\n\n\n\n<figure class=\"wp-block-image aligncenter size-large is-resized\"><a href=\"https:\/\/agora.xtec.cat\/escpiverd\/wp-content\/uploads\/usu1610\/2025\/02\/colors.png\"><img loading=\"lazy\" decoding=\"async\" width=\"1024\" height=\"636\" src=\"https:\/\/agora.xtec.cat\/escpiverd\/wp-content\/uploads\/usu1610\/2025\/02\/colors-1024x636.png\" alt=\"\" class=\"wp-image-19845\" style=\"width:510px;height:auto\" srcset=\"https:\/\/agora.xtec.cat\/escpiverd\/wp-content\/uploads\/usu1610\/2025\/02\/colors-1024x636.png 1024w, https:\/\/agora.xtec.cat\/escpiverd\/wp-content\/uploads\/usu1610\/2025\/02\/colors-300x186.png 300w, https:\/\/agora.xtec.cat\/escpiverd\/wp-content\/uploads\/usu1610\/2025\/02\/colors-768x477.png 768w, https:\/\/agora.xtec.cat\/escpiverd\/wp-content\/uploads\/usu1610\/2025\/02\/colors.png 1210w\" sizes=\"auto, (max-width: 1024px) 100vw, 1024px\" \/><\/a><\/figure>\n\n\n\n<p><span style=\"color: #008000;\"><b>MIRADES DE COLORS<\/b><\/span><b>&nbsp;<\/b><b>&#8211; <\/b><span style=\"font-weight: 400;\">Es realitzen activitats per facilitar la comunicaci\u00f3 amb les fam\u00edlies i ajudar-les en la participaci\u00f3 a l&#8217;escola: programa &#8220;De bona arbre bona fruita&#8221;, tallers amb fam\u00edlies, Manduka Cultural, l&#8217;aplicaci\u00f3 Din\u00e0ntia, xerrades amb fam\u00edlia&#8230;<\/span><\/p>\n\n\n\n<figure class=\"wp-block-image aligncenter size-large is-resized\"><a href=\"https:\/\/agora.xtec.cat\/escpiverd\/wp-content\/uploads\/usu1610\/2025\/02\/laveu.png\"><img loading=\"lazy\" decoding=\"async\" width=\"1024\" height=\"646\" src=\"https:\/\/agora.xtec.cat\/escpiverd\/wp-content\/uploads\/usu1610\/2025\/02\/laveu-1024x646.png\" alt=\"\" class=\"wp-image-19847\" style=\"width:534px;height:auto\" srcset=\"https:\/\/agora.xtec.cat\/escpiverd\/wp-content\/uploads\/usu1610\/2025\/02\/laveu-1024x646.png 1024w, https:\/\/agora.xtec.cat\/escpiverd\/wp-content\/uploads\/usu1610\/2025\/02\/laveu-300x189.png 300w, https:\/\/agora.xtec.cat\/escpiverd\/wp-content\/uploads\/usu1610\/2025\/02\/laveu-768x485.png 768w, https:\/\/agora.xtec.cat\/escpiverd\/wp-content\/uploads\/usu1610\/2025\/02\/laveu.png 1215w\" sizes=\"auto, (max-width: 1024px) 100vw, 1024px\" \/><\/a><\/figure>\n\n\n\n<p><b>&nbsp;<\/b><b><span style=\"color: #008000;\">LA VEU<\/span> &#8211; <\/b><span style=\"font-weight: 400;\">Dins l&#8217;\u00e0rea de m\u00fasica treballem diferents can\u00e7ons de castanyada, concerts de nadal, can\u00e7\u00f3 del dia de la pau, etc&#8230; i realitzem la Cantata Escolar de Palafrugell amb els alumnes de 3r al Teatre Municipal de Palafrugell i la &#8220;Cantadeta d&#8217;Havaneres&#8221; amb els alumnes de 5\u00e8 a l&#8217;Auditori de Girona, juntament amb altres escoles de les comarques gironines.<\/span><\/p>\n\n\n\n<figure class=\"wp-block-image aligncenter size-large is-resized\"><a href=\"https:\/\/agora.xtec.cat\/escpiverd\/wp-content\/uploads\/usu1610\/2025\/02\/escoltam.png\"><img loading=\"lazy\" decoding=\"async\" width=\"1024\" height=\"762\" src=\"https:\/\/agora.xtec.cat\/escpiverd\/wp-content\/uploads\/usu1610\/2025\/02\/escoltam-1024x762.png\" alt=\"\" class=\"wp-image-19849\" style=\"width:522px;height:auto\" srcset=\"https:\/\/agora.xtec.cat\/escpiverd\/wp-content\/uploads\/usu1610\/2025\/02\/escoltam-1024x762.png 1024w, https:\/\/agora.xtec.cat\/escpiverd\/wp-content\/uploads\/usu1610\/2025\/02\/escoltam-300x223.png 300w, https:\/\/agora.xtec.cat\/escpiverd\/wp-content\/uploads\/usu1610\/2025\/02\/escoltam-768x571.png 768w, https:\/\/agora.xtec.cat\/escpiverd\/wp-content\/uploads\/usu1610\/2025\/02\/escoltam.png 1081w\" sizes=\"auto, (max-width: 1024px) 100vw, 1024px\" \/><\/a><\/figure>\n\n\n\n<p><b>&nbsp;<span style=\"color: #008000;\">ESCOLTA&#8217;M<\/span>&nbsp;<\/b><b>&#8211; <\/b><span style=\"font-weight: 400;\">Realitzem tutories individualitzades per tal d&#8217;atendre tot l&#8217;alumnat i puguem ser capa\u00e7os d&#8217;escoltar totes aquelles inquietuds, preocupacions o aspectes que l&#8217;alumnat vol explicar.<\/span><\/p>\n\n\n\n<figure class=\"wp-block-image aligncenter size-large is-resized\"><a href=\"https:\/\/agora.xtec.cat\/escpiverd\/wp-content\/uploads\/usu1610\/2025\/02\/siguestu.png\"><img loading=\"lazy\" decoding=\"async\" width=\"1024\" height=\"773\" src=\"https:\/\/agora.xtec.cat\/escpiverd\/wp-content\/uploads\/usu1610\/2025\/02\/siguestu-1024x773.png\" alt=\"\" class=\"wp-image-19850\" style=\"width:522px;height:auto\" srcset=\"https:\/\/agora.xtec.cat\/escpiverd\/wp-content\/uploads\/usu1610\/2025\/02\/siguestu-1024x773.png 1024w, https:\/\/agora.xtec.cat\/escpiverd\/wp-content\/uploads\/usu1610\/2025\/02\/siguestu-300x227.png 300w, https:\/\/agora.xtec.cat\/escpiverd\/wp-content\/uploads\/usu1610\/2025\/02\/siguestu-768x580.png 768w, https:\/\/agora.xtec.cat\/escpiverd\/wp-content\/uploads\/usu1610\/2025\/02\/siguestu.png 1079w\" sizes=\"auto, (max-width: 1024px) 100vw, 1024px\" \/><\/a><\/figure>\n\n\n\n<p><span style=\"color: #008000;\"><b>SIGUES TU <\/b><\/span><b>&#8211; <\/b><span style=\"font-weight: 400;\">Duem a terme aquest programa de Dipsalut on disposem de formaci\u00f3 i recursos per treballar les habilitats per a la vida a l&#8217;aula. Disposeu de la p\u00e0gina web on hi trobareu recursos per a les fam\u00edlies:<a href=\"_wp_link_placeholder\" data-wplink-edit=\"true\"> https:\/\/www.siguestu.cat\/<\/a><\/span><\/p>\n\n\n\n<p><\/p>\n\n\n\n<figure class=\"wp-block-image aligncenter size-large is-resized\"><a href=\"https:\/\/agora.xtec.cat\/escpiverd\/wp-content\/uploads\/usu1610\/2025\/02\/verda.png\"><img loading=\"lazy\" decoding=\"async\" width=\"1024\" height=\"772\" src=\"https:\/\/agora.xtec.cat\/escpiverd\/wp-content\/uploads\/usu1610\/2025\/02\/verda-1024x772.png\" alt=\"\" class=\"wp-image-19852\" style=\"width:548px;height:auto\" srcset=\"https:\/\/agora.xtec.cat\/escpiverd\/wp-content\/uploads\/usu1610\/2025\/02\/verda-1024x772.png 1024w, https:\/\/agora.xtec.cat\/escpiverd\/wp-content\/uploads\/usu1610\/2025\/02\/verda-300x226.png 300w, https:\/\/agora.xtec.cat\/escpiverd\/wp-content\/uploads\/usu1610\/2025\/02\/verda-768x579.png 768w, https:\/\/agora.xtec.cat\/escpiverd\/wp-content\/uploads\/usu1610\/2025\/02\/verda.png 1080w\" sizes=\"auto, (max-width: 1024px) 100vw, 1024px\" \/><\/a><\/figure>\n\n\n\n<p><b>\u00a0<\/b><span style=\"color: #008000;\"><b>ESCOLA VERDA<\/b><\/span> <b>&#8211; <\/b><span style=\"font-weight: 400;\">Fem que l&#8217;escola sigui un centre verd, on fomentem el reciclatge, cuidem un hort i realitzem tots aquells ODS (Objectius de Desenvolupament Sostenible).<\/span><\/p>\n\n\n\n<figure class=\"wp-block-image aligncenter size-large is-resized\"><a href=\"https:\/\/agora.xtec.cat\/escpiverd\/wp-content\/uploads\/usu1610\/2025\/02\/2025-02-10_11-59.png\"><img loading=\"lazy\" decoding=\"async\" width=\"1024\" height=\"768\" src=\"https:\/\/agora.xtec.cat\/escpiverd\/wp-content\/uploads\/usu1610\/2025\/02\/2025-02-10_11-59-1024x768.png\" alt=\"\" class=\"wp-image-19879\" style=\"width:516px;height:auto\" srcset=\"https:\/\/agora.xtec.cat\/escpiverd\/wp-content\/uploads\/usu1610\/2025\/02\/2025-02-10_11-59-1024x768.png 1024w, https:\/\/agora.xtec.cat\/escpiverd\/wp-content\/uploads\/usu1610\/2025\/02\/2025-02-10_11-59-300x225.png 300w, https:\/\/agora.xtec.cat\/escpiverd\/wp-content\/uploads\/usu1610\/2025\/02\/2025-02-10_11-59-768x576.png 768w, https:\/\/agora.xtec.cat\/escpiverd\/wp-content\/uploads\/usu1610\/2025\/02\/2025-02-10_11-59.png 1074w\" sizes=\"auto, (max-width: 1024px) 100vw, 1024px\" \/><\/a><\/figure>\n\n\n\n<p><span style=\"color: #008000;\"><b>PROJECTE INTERDISCIPLINARI<\/b><\/span><span style=\"font-weight: 400;\">\u00a0&#8211; Treball d\u2019un tema com\u00fa, on tota l\u2019escola treballa conjuntament al llarg del curs, a totes les \u00e0rees i en diferents \u00e0mbits<\/span><\/p>\n","protected":false},"excerpt":{"rendered":"<p>\u00a0CRUSPICONTES &#8211; Gaudim de la lectura fent que l&#8217;alumnat s&#8217;emporti cada setmana a casa un llibre que ha triat de la biblioteca d&#8217;aula i, d&#8217;aquesta manera pugui gaudir, juntament amb la fam\u00edlia, d&#8217;aquest conte escollit. Per Nadal\u00a0s&#8217;amplia aquesta biblioteca d&#8217;aula amb la compra d&#8217;un llibre que ha realitzat la fam\u00edlia amb la quota de material. [&hellip;]<\/p>\n","protected":false},"author":1,"featured_media":0,"parent":22,"menu_order":4,"comment_status":"closed","ping_status":"closed","template":"page-templates\/side-menu.php","meta":{"_bbp_topic_count":0,"_bbp_reply_count":0,"_bbp_total_topic_count":0,"_bbp_total_reply_count":0,"_bbp_voice_count":0,"_bbp_anonymous_reply_count":0,"_bbp_topic_count_hidden":0,"_bbp_reply_count_hidden":0,"_bbp_forum_subforum_count":0,"site-sidebar-layout":"default","site-content-layout":"","ast-site-content-layout":"default","site-content-style":"default","site-sidebar-style":"default","ast-global-header-display":"","ast-banner-title-visibility":"","ast-main-header-display":"","ast-hfb-above-header-display":"","ast-hfb-below-header-display":"","ast-hfb-mobile-header-display":"","site-post-title":"","ast-breadcrumbs-content":"","ast-featured-img":"","footer-sml-layout":"","theme-transparent-header-meta":"","adv-header-id-meta":"","stick-header-meta":"","header-above-stick-meta":"","header-main-stick-meta":"","header-below-stick-meta":"","astra-migrate-meta-layouts":"set","ast-page-background-enabled":"default","ast-page-background-meta":{"desktop":{"background-color":"var(--ast-global-color-4)","background-image":"","background-repeat":"repeat","background-position":"center center","background-size":"auto","background-attachment":"scroll","background-type":"","background-media":"","overlay-type":"","overlay-color":"","overlay-opacity":"","overlay-gradient":""},"tablet":{"background-color":"","background-image":"","background-repeat":"repeat","background-position":"center center","background-size":"auto","background-attachment":"scroll","background-type":"","background-media":"","overlay-type":"","overlay-color":"","overlay-opacity":"","overlay-gradient":""},"mobile":{"background-color":"","background-image":"","background-repeat":"repeat","background-position":"center center","background-size":"auto","background-attachment":"scroll","background-type":"","background-media":"","overlay-type":"","overlay-color":"","overlay-opacity":"","overlay-gradient":""}},"ast-content-background-meta":{"desktop":{"background-color":"var(--ast-global-color-5)","background-image":"","background-repeat":"repeat","background-position":"center center","background-size":"auto","background-attachment":"scroll","background-type":"","background-media":"","overlay-type":"","overlay-color":"","overlay-opacity":"","overlay-gradient":""},"tablet":{"background-color":"var(--ast-global-color-5)","background-image":"","background-repeat":"repeat","background-position":"center center","background-size":"auto","background-attachment":"scroll","background-type":"","background-media":"","overlay-type":"","overlay-color":"","overlay-opacity":"","overlay-gradient":""},"mobile":{"background-color":"var(--ast-global-color-5)","background-image":"","background-repeat":"repeat","background-position":"center center","background-size":"auto","background-attachment":"scroll","background-type":"","background-media":"","overlay-type":"","overlay-color":"","overlay-opacity":"","overlay-gradient":""}},"footnotes":""},"class_list":["post-34","page","type-page","status-publish","hentry"],"post_mailing_queue_ids":[],"_links":{"self":[{"href":"https:\/\/agora.xtec.cat\/escpiverd\/wp-json\/wp\/v2\/pages\/34","targetHints":{"allow":["GET"]}}],"collection":[{"href":"https:\/\/agora.xtec.cat\/escpiverd\/wp-json\/wp\/v2\/pages"}],"about":[{"href":"https:\/\/agora.xtec.cat\/escpiverd\/wp-json\/wp\/v2\/types\/page"}],"author":[{"embeddable":true,"href":"https:\/\/agora.xtec.cat\/escpiverd\/wp-json\/wp\/v2\/users\/1"}],"replies":[{"embeddable":true,"href":"https:\/\/agora.xtec.cat\/escpiverd\/wp-json\/wp\/v2\/comments?post=34"}],"version-history":[{"count":6,"href":"https:\/\/agora.xtec.cat\/escpiverd\/wp-json\/wp\/v2\/pages\/34\/revisions"}],"predecessor-version":[{"id":19880,"href":"https:\/\/agora.xtec.cat\/escpiverd\/wp-json\/wp\/v2\/pages\/34\/revisions\/19880"}],"up":[{"embeddable":true,"href":"https:\/\/agora.xtec.cat\/escpiverd\/wp-json\/wp\/v2\/pages\/22"}],"wp:attachment":[{"href":"https:\/\/agora.xtec.cat\/escpiverd\/wp-json\/wp\/v2\/media?parent=34"}],"curies":[{"name":"wp","href":"https:\/\/api.w.org\/{rel}","templated":true}]}}