{"id":26,"date":"2014-09-18T12:24:32","date_gmt":"2014-09-18T10:24:32","guid":{"rendered":"http:\/\/agora.xtec.cat\/escpiverd\/?page_id=26"},"modified":"2022-07-18T11:15:16","modified_gmt":"2022-07-18T09:15:16","slug":"historia","status":"publish","type":"page","link":"https:\/\/agora.xtec.cat\/escpiverd\/lescola\/historia\/","title":{"rendered":"Hist\u00f2ria"},"content":{"rendered":"<p class=\"western\" align=\"justify\"><span style=\"font-size: medium;\"><span style=\"font-family: Arial, sans-serif;\">L\u2019escola <\/span><span style=\"font-family: Arial, sans-serif;\"><b>Pi Verd <\/b>neix el setembre de 2006 amb tota la il\u00b7lusi\u00f3 i ganes de fer cr\u00e9ixer una escola nova amb la seva ess\u00e8ncia d&#8217;una escola activa i acollidora. Els primers anys es van plantar les primeres llavors en uns barracons amb l&#8217;ajuda de tota la comunitat escolar.<\/span><\/span><\/p>\n<p class=\"western\" align=\"justify\">Uns anys m\u00e9s tard es va construir el nou edifici on hem anat consolidant el que \u00e9s ara l&#8217;Escola Pi Verd, una escola que <span style=\"font-family: Arial, sans-serif;\">persisteix en ser una escola\u00a0<\/span><span style=\"font-family: Arial, sans-serif;\">nova,<\/span><span style=\"font-family: Arial, sans-serif;\"> oberta, moderna, una escola <\/span><span style=\"font-family: Arial, sans-serif;\">democr\u00e0tica i lliure, <\/span><span style=\"font-family: Arial, sans-serif;\">verda, capa\u00e7 de recollir els ingredients pedag\u00f2gics i did\u00e0ctics dels millors models educatius.<\/span><span style=\"font-size: medium;\">\u00a0<\/span><span style=\"font-family: Arial, sans-serif;\">Una escola que es repensa cada dia, durant tot l&#8217;any.\u00a0<\/span><\/p>\n<p class=\"western\" align=\"justify\"><span style=\"font-size: medium;\"><span style=\"font-family: Arial, sans-serif;\">Recentment hem celebrat el seu 15\u00e8 aniversari i ara toca fer balan\u00e7 del que s&#8217;ha plantat fins ara i cap a on volem anar. Durant aquests anys s&#8217;han engegat molt projectes liderats per diferents equips directius juntament amb tot el professorat que ha anat passant per l&#8217;escola i tot l&#8217;alumnat\u00a0<\/span><\/span><span style=\"font-family: Arial, sans-serif; font-size: medium;\"> que ho ha anat <\/span><span style=\"font-family: Arial, sans-serif; font-size: medium;\">omplint d\u2019alegria i vida.<\/span><span style=\"font-family: Arial, sans-serif; font-size: medium;\">\u00a0<\/span><\/p>\n<p class=\"western\" align=\"justify\"><span style=\"font-size: medium;\"><span style=\"font-family: Arial, sans-serif;\">La nostra<\/span><span style=\"font-family: Arial, sans-serif;\"> escola tamb\u00e9 <\/span><span style=\"font-family: Arial, sans-serif;\">\u00e9s <\/span><span style=\"font-family: Arial, sans-serif;\">capa\u00e7 d&#8217;aprendre dels moments de gran dificultat i cal que tingui una ment oberta pels canvis constants que viu l&#8217;educaci\u00f3 els \u00faltims anys<\/span><span style=\"font-family: Arial, sans-serif;\">.<\/span> <span style=\"font-family: Arial, sans-serif;\">El curr\u00edculum ens fa ser conscients que cal anar innovant amb el model educatiu actual i, d&#8217;aquesta manera, ens permet que els infants treballin amb els recursos que atenguin el seu moment d&#8217;aprenentatge. L&#8217;observaci\u00f3 dels mestres, i l&#8217;atenci\u00f3 continuada, ens permet una atenci\u00f3 individualitzada, i al mateix temps, col\u00b7lectiva, a trav\u00e9s de projectes reals que sorgeixen dels interessos de l&#8217;alumnat.<\/span><\/span><\/p>\n<p class=\"western\" align=\"justify\"><span style=\"font-size: medium;\"><span style=\"font-family: Arial, sans-serif;\">Som una escola on pretenem <\/span><span style=\"font-family: Arial, sans-serif;\">formar persones amb iniciativa, competents i creatives.\u00a0<\/span><\/span><\/p>\n<p class=\"western\" align=\"justify\">\n","protected":false},"excerpt":{"rendered":"<p>L\u2019escola Pi Verd neix el setembre de 2006 amb tota la il\u00b7lusi\u00f3 i ganes de fer cr\u00e9ixer una escola nova amb la seva ess\u00e8ncia d&#8217;una escola activa i acollidora. Els primers anys es van plantar les primeres llavors en uns barracons amb l&#8217;ajuda de tota la comunitat escolar. Uns anys m\u00e9s tard es va construir [&hellip;]<\/p>\n","protected":false},"author":1,"featured_media":0,"parent":22,"menu_order":1,"comment_status":"closed","ping_status":"closed","template":"page-templates\/side-menu.php","meta":{"_bbp_topic_count":0,"_bbp_reply_count":0,"_bbp_total_topic_count":0,"_bbp_total_reply_count":0,"_bbp_voice_count":0,"_bbp_anonymous_reply_count":0,"_bbp_topic_count_hidden":0,"_bbp_reply_count_hidden":0,"_bbp_forum_subforum_count":0,"site-sidebar-layout":"default","site-content-layout":"","ast-site-content-layout":"","site-content-style":"default","site-sidebar-style":"default","ast-global-header-display":"","ast-banner-title-visibility":"","ast-main-header-display":"","ast-hfb-above-header-display":"","ast-hfb-below-header-display":"","ast-hfb-mobile-header-display":"","site-post-title":"","ast-breadcrumbs-content":"","ast-featured-img":"","footer-sml-layout":"","theme-transparent-header-meta":"","adv-header-id-meta":"","stick-header-meta":"","header-above-stick-meta":"","header-main-stick-meta":"","header-below-stick-meta":"","astra-migrate-meta-layouts":"default","ast-page-background-enabled":"default","ast-page-background-meta":{"desktop":{"background-color":"var(--ast-global-color-4)","background-image":"","background-repeat":"repeat","background-position":"center center","background-size":"auto","background-attachment":"scroll","background-type":"","background-media":"","overlay-type":"","overlay-color":"","overlay-opacity":"","overlay-gradient":""},"tablet":{"background-color":"","background-image":"","background-repeat":"repeat","background-position":"center center","background-size":"auto","background-attachment":"scroll","background-type":"","background-media":"","overlay-type":"","overlay-color":"","overlay-opacity":"","overlay-gradient":""},"mobile":{"background-color":"","background-image":"","background-repeat":"repeat","background-position":"center center","background-size":"auto","background-attachment":"scroll","background-type":"","background-media":"","overlay-type":"","overlay-color":"","overlay-opacity":"","overlay-gradient":""}},"ast-content-background-meta":{"desktop":{"background-color":"var(--ast-global-color-5)","background-image":"","background-repeat":"repeat","background-position":"center center","background-size":"auto","background-attachment":"scroll","background-type":"","background-media":"","overlay-type":"","overlay-color":"","overlay-opacity":"","overlay-gradient":""},"tablet":{"background-color":"var(--ast-global-color-5)","background-image":"","background-repeat":"repeat","background-position":"center center","background-size":"auto","background-attachment":"scroll","background-type":"","background-media":"","overlay-type":"","overlay-color":"","overlay-opacity":"","overlay-gradient":""},"mobile":{"background-color":"var(--ast-global-color-5)","background-image":"","background-repeat":"repeat","background-position":"center center","background-size":"auto","background-attachment":"scroll","background-type":"","background-media":"","overlay-type":"","overlay-color":"","overlay-opacity":"","overlay-gradient":""}},"footnotes":""},"class_list":["post-26","page","type-page","status-publish","hentry"],"post_mailing_queue_ids":[],"_links":{"self":[{"href":"https:\/\/agora.xtec.cat\/escpiverd\/wp-json\/wp\/v2\/pages\/26","targetHints":{"allow":["GET"]}}],"collection":[{"href":"https:\/\/agora.xtec.cat\/escpiverd\/wp-json\/wp\/v2\/pages"}],"about":[{"href":"https:\/\/agora.xtec.cat\/escpiverd\/wp-json\/wp\/v2\/types\/page"}],"author":[{"embeddable":true,"href":"https:\/\/agora.xtec.cat\/escpiverd\/wp-json\/wp\/v2\/users\/1"}],"replies":[{"embeddable":true,"href":"https:\/\/agora.xtec.cat\/escpiverd\/wp-json\/wp\/v2\/comments?post=26"}],"version-history":[{"count":3,"href":"https:\/\/agora.xtec.cat\/escpiverd\/wp-json\/wp\/v2\/pages\/26\/revisions"}],"predecessor-version":[{"id":18545,"href":"https:\/\/agora.xtec.cat\/escpiverd\/wp-json\/wp\/v2\/pages\/26\/revisions\/18545"}],"up":[{"embeddable":true,"href":"https:\/\/agora.xtec.cat\/escpiverd\/wp-json\/wp\/v2\/pages\/22"}],"wp:attachment":[{"href":"https:\/\/agora.xtec.cat\/escpiverd\/wp-json\/wp\/v2\/media?parent=26"}],"curies":[{"name":"wp","href":"https:\/\/api.w.org\/{rel}","templated":true}]}}