{"id":17865,"date":"2021-11-28T20:09:24","date_gmt":"2021-11-28T19:09:24","guid":{"rendered":"https:\/\/agora.xtec.cat\/escpiverd\/?page_id=17865"},"modified":"2025-10-22T10:39:48","modified_gmt":"2025-10-22T08:39:48","slug":"galeries-fotografiques","status":"publish","type":"page","link":"https:\/\/agora.xtec.cat\/escpiverd\/lescola\/galeries-fotografiques\/","title":{"rendered":"Galeries fotogr\u00e0fiques"},"content":{"rendered":"\n<div class=\"wp-block-getwid-images-slider has-arrows-inside has-dots-inside has-images-center has-cropped-images alignwide\"><div class=\"wp-block-getwid-images-slider__wrapper\" data-effect=\"slide\" data-slides-show=\"1\" data-slides-show-laptop=\"1\" data-slides-show-tablet=\"1\" data-slides-show-mobile=\"1\" data-slides-scroll=\"1\" data-autoplay=\"false\" data-pause-hover=\"false\" data-autoplay-speed=\"6000\" data-infinite=\"true\" data-animation-speed=\"800\" data-center-mode=\"false\" data-variable-width=\"false\" data-arrows=\"inside\" data-dots=\"inside\" data-spacing=\"none\"><div class=\"wp-block-getwid-images-slider__item\"><figure><img loading=\"lazy\" decoding=\"async\" width=\"2560\" height=\"1920\" src=\"https:\/\/agora.xtec.cat\/escpiverd\/wp-content\/uploads\/usu1610\/2025\/02\/IMG_5745-1-scaled.jpg\" data-id=\"19808\" data-link=\"https:\/\/agora.xtec.cat\/escpiverd\/lescola\/galeries-fotografiques\/attachment\/img_5745-1\/\" data-original-link=\"https:\/\/agora.xtec.cat\/escpiverd\/wp-content\/uploads\/usu1610\/2025\/02\/IMG_5745-1-scaled.jpg\" class=\"wp-block-getwid-images-slider__image wp-image-19808\" srcset=\"https:\/\/agora.xtec.cat\/escpiverd\/wp-content\/uploads\/usu1610\/2025\/02\/IMG_5745-1-scaled.jpg 2560w, https:\/\/agora.xtec.cat\/escpiverd\/wp-content\/uploads\/usu1610\/2025\/02\/IMG_5745-1-300x225.jpg 300w, https:\/\/agora.xtec.cat\/escpiverd\/wp-content\/uploads\/usu1610\/2025\/02\/IMG_5745-1-1024x768.jpg 1024w, https:\/\/agora.xtec.cat\/escpiverd\/wp-content\/uploads\/usu1610\/2025\/02\/IMG_5745-1-768x576.jpg 768w, https:\/\/agora.xtec.cat\/escpiverd\/wp-content\/uploads\/usu1610\/2025\/02\/IMG_5745-1-1536x1152.jpg 1536w, https:\/\/agora.xtec.cat\/escpiverd\/wp-content\/uploads\/usu1610\/2025\/02\/IMG_5745-1-2048x1536.jpg 2048w\" sizes=\"auto, (max-width: 2560px) 100vw, 2560px\" \/><\/figure><\/div><div class=\"wp-block-getwid-images-slider__item\"><figure><img loading=\"lazy\" decoding=\"async\" width=\"888\" height=\"585\" src=\"https:\/\/agora.xtec.cat\/escpiverd\/wp-content\/uploads\/usu1610\/2025\/02\/pinfantil-2.png\" data-id=\"19823\" data-link=\"https:\/\/agora.xtec.cat\/escpiverd\/lescola\/galeries-fotografiques\/attachment\/pinfantil-2\/\" data-original-link=\"https:\/\/agora.xtec.cat\/escpiverd\/wp-content\/uploads\/usu1610\/2025\/02\/pinfantil-2.png\" class=\"wp-block-getwid-images-slider__image wp-image-19823\" srcset=\"https:\/\/agora.xtec.cat\/escpiverd\/wp-content\/uploads\/usu1610\/2025\/02\/pinfantil-2.png 888w, https:\/\/agora.xtec.cat\/escpiverd\/wp-content\/uploads\/usu1610\/2025\/02\/pinfantil-2-300x198.png 300w, https:\/\/agora.xtec.cat\/escpiverd\/wp-content\/uploads\/usu1610\/2025\/02\/pinfantil-2-768x506.png 768w\" sizes=\"auto, (max-width: 888px) 100vw, 888px\" \/><\/figure><\/div><div class=\"wp-block-getwid-images-slider__item\"><figure><img loading=\"lazy\" decoding=\"async\" width=\"2560\" height=\"1920\" src=\"https:\/\/agora.xtec.cat\/escpiverd\/wp-content\/uploads\/usu1610\/2024\/04\/20240215_112903-2-scaled.jpg\" data-id=\"19245\" data-link=\"https:\/\/agora.xtec.cat\/escpiverd\/general\/visita-a-la-granja-de-mas-bes\/attachment\/20240215_112903-2\/\" data-original-link=\"https:\/\/agora.xtec.cat\/escpiverd\/wp-content\/uploads\/usu1610\/2024\/04\/20240215_112903-2-scaled.jpg\" class=\"wp-block-getwid-images-slider__image wp-image-19245\" srcset=\"https:\/\/agora.xtec.cat\/escpiverd\/wp-content\/uploads\/usu1610\/2024\/04\/20240215_112903-2-scaled.jpg 2560w, https:\/\/agora.xtec.cat\/escpiverd\/wp-content\/uploads\/usu1610\/2024\/04\/20240215_112903-2-300x225.jpg 300w, https:\/\/agora.xtec.cat\/escpiverd\/wp-content\/uploads\/usu1610\/2024\/04\/20240215_112903-2-1024x768.jpg 1024w, https:\/\/agora.xtec.cat\/escpiverd\/wp-content\/uploads\/usu1610\/2024\/04\/20240215_112903-2-768x576.jpg 768w, https:\/\/agora.xtec.cat\/escpiverd\/wp-content\/uploads\/usu1610\/2024\/04\/20240215_112903-2-1536x1152.jpg 1536w, https:\/\/agora.xtec.cat\/escpiverd\/wp-content\/uploads\/usu1610\/2024\/04\/20240215_112903-2-2048x1536.jpg 2048w, https:\/\/agora.xtec.cat\/escpiverd\/wp-content\/uploads\/usu1610\/2024\/04\/20240215_112903-2-200x150.jpg 200w\" sizes=\"auto, (max-width: 2560px) 100vw, 2560px\" \/><\/figure><\/div><div class=\"wp-block-getwid-images-slider__item\"><figure><img loading=\"lazy\" decoding=\"async\" width=\"2560\" height=\"1920\" src=\"https:\/\/agora.xtec.cat\/escpiverd\/wp-content\/uploads\/usu1610\/2023\/05\/20230421_162327-1-scaled.jpg\" data-id=\"18942\" data-link=\"https:\/\/agora.xtec.cat\/escpiverd\/general\/jocs-florals-2\/attachment\/20230421_162327-1\/\" data-original-link=\"https:\/\/agora.xtec.cat\/escpiverd\/wp-content\/uploads\/usu1610\/2023\/05\/20230421_162327-1-scaled.jpg\" class=\"wp-block-getwid-images-slider__image wp-image-18942\" srcset=\"https:\/\/agora.xtec.cat\/escpiverd\/wp-content\/uploads\/usu1610\/2023\/05\/20230421_162327-1-scaled.jpg 2560w, https:\/\/agora.xtec.cat\/escpiverd\/wp-content\/uploads\/usu1610\/2023\/05\/20230421_162327-1-300x225.jpg 300w, https:\/\/agora.xtec.cat\/escpiverd\/wp-content\/uploads\/usu1610\/2023\/05\/20230421_162327-1-1024x768.jpg 1024w, https:\/\/agora.xtec.cat\/escpiverd\/wp-content\/uploads\/usu1610\/2023\/05\/20230421_162327-1-768x576.jpg 768w, https:\/\/agora.xtec.cat\/escpiverd\/wp-content\/uploads\/usu1610\/2023\/05\/20230421_162327-1-1536x1152.jpg 1536w, https:\/\/agora.xtec.cat\/escpiverd\/wp-content\/uploads\/usu1610\/2023\/05\/20230421_162327-1-2048x1536.jpg 2048w, https:\/\/agora.xtec.cat\/escpiverd\/wp-content\/uploads\/usu1610\/2023\/05\/20230421_162327-1-200x150.jpg 200w\" sizes=\"auto, (max-width: 2560px) 100vw, 2560px\" \/><\/figure><\/div><\/div><\/div>\n\n\n<p><em>Nota: Estem treballant en aquest sistema de carpetes compartides per a fam\u00edlies. <a href=\"https:\/\/agora.xtec.cat\/escpiverd\/portada\/galeries-restringides\/\">Trobareu m\u00e9s informaci\u00f3 en aquest article<\/a>.<\/em><\/p>\n<p><span style=\"font-family: inherit; font-size: 1em;\">Des d&#8217;aquesta p\u00e0gina podreu accedir a les fotografies dels diversos nivells.<\/span><strong style=\"font-family: inherit; font-size: 1em;\"> L&#8217;acc\u00e9s est\u00e0 restringit a les fam\u00edlies del centre<\/strong><span style=\"font-family: inherit; font-size: 1em;\">. En cas de no tenir acc\u00e9s, poseu-vos en contacte amb la vostra tutoria.<\/span><\/p>\n<p>Recordeu que, per q\u00fcestions de privacitat i drets d&#8217;imatge, <strong>la visualitzaci\u00f3 i desc\u00e0rrega \u00e9s estrictament personal i familiar<\/strong>. Preguem no en feu redifusi\u00f3 sense autoritzaci\u00f3 de les persones implicades.<\/p>\n<table style=\"width: 90%; border-collapse: collapse; margin-left: auto; margin-right: auto; height: 132px;\" border=\"1\">\n<tbody>\n<tr style=\"height: 18px;\">\n<td style=\"height: 18px; text-align: center; width: 33.2796%;\" colspan=\"2\"><a href=\"https:\/\/drive.google.com\/drive\/folders\/1vKu93khhB_kAwYnFKyr7kRntJnQW-vHT?usp=share_link\" target=\"_blank\" rel=\"noopener\"><img loading=\"lazy\" decoding=\"async\" class=\"aligncenter wp-image-18640 size-full\" src=\"https:\/\/agora.xtec.cat\/escpiverd\/wp-content\/uploads\/usu1610\/2022\/11\/festes-i-esdeveniments.jpg\" alt=\"\" width=\"1000\" height=\"300\" srcset=\"https:\/\/agora.xtec.cat\/escpiverd\/wp-content\/uploads\/usu1610\/2022\/11\/festes-i-esdeveniments.jpg 1000w, https:\/\/agora.xtec.cat\/escpiverd\/wp-content\/uploads\/usu1610\/2022\/11\/festes-i-esdeveniments-300x90.jpg 300w, https:\/\/agora.xtec.cat\/escpiverd\/wp-content\/uploads\/usu1610\/2022\/11\/festes-i-esdeveniments-768x230.jpg 768w\" sizes=\"auto, (max-width: 1000px) 100vw, 1000px\" \/><\/a><\/td>\n<td style=\"text-align: center; width: 33.2796%;\"><a href=\"https:\/\/drive.google.com\/drive\/folders\/1f7sQThznZ7FN6_9M5PQTv8p7JYZapYTa?usp=share_link\" target=\"_blank\" rel=\"noopener\"><img loading=\"lazy\" decoding=\"async\" class=\"alignnone wp-image-18639 size-full\" src=\"https:\/\/agora.xtec.cat\/escpiverd\/wp-content\/uploads\/usu1610\/2022\/11\/ambients-infantil.jpg\" alt=\"\" width=\"500\" height=\"300\" srcset=\"https:\/\/agora.xtec.cat\/escpiverd\/wp-content\/uploads\/usu1610\/2022\/11\/ambients-infantil.jpg 500w, https:\/\/agora.xtec.cat\/escpiverd\/wp-content\/uploads\/usu1610\/2022\/11\/ambients-infantil-300x180.jpg 300w\" sizes=\"auto, (max-width: 500px) 100vw, 500px\" \/><\/a><\/td>\n<\/tr>\n<tr style=\"height: 78px;\">\n<td style=\"width: 33.2796%; text-align: center; height: 78px;\"><a href=\"https:\/\/drive.google.com\/drive\/folders\/1LNPXpqTPyeKuB7H1gIhdL-yg6M_XMqnR?usp=sharing\"><img loading=\"lazy\" decoding=\"async\" class=\"alignnone wp-image-20080 size-large\" src=\"https:\/\/agora.xtec.cat\/escpiverd\/wp-content\/uploads\/usu1610\/2025\/10\/1-1024x653.png\" alt=\"\" width=\"1024\" height=\"653\" srcset=\"https:\/\/agora.xtec.cat\/escpiverd\/wp-content\/uploads\/usu1610\/2025\/10\/1-1024x653.png 1024w, https:\/\/agora.xtec.cat\/escpiverd\/wp-content\/uploads\/usu1610\/2025\/10\/1-300x191.png 300w, https:\/\/agora.xtec.cat\/escpiverd\/wp-content\/uploads\/usu1610\/2025\/10\/1-768x490.png 768w, https:\/\/agora.xtec.cat\/escpiverd\/wp-content\/uploads\/usu1610\/2025\/10\/1.png 1240w\" sizes=\"auto, (max-width: 1024px) 100vw, 1024px\" \/><\/a><\/td>\n<td style=\"width: 33.2796%; height: 78px; text-align: center;\"><a href=\"https:\/\/drive.google.com\/drive\/folders\/1CEZSqbuG_FIQQMr-jQaFCaYxQKDOaw05?usp=sharing\"><img loading=\"lazy\" decoding=\"async\" class=\"alignnone wp-image-20081 size-large\" src=\"https:\/\/agora.xtec.cat\/escpiverd\/wp-content\/uploads\/usu1610\/2025\/10\/2-1024x653.png\" alt=\"\" width=\"1024\" height=\"653\" srcset=\"https:\/\/agora.xtec.cat\/escpiverd\/wp-content\/uploads\/usu1610\/2025\/10\/2-1024x653.png 1024w, https:\/\/agora.xtec.cat\/escpiverd\/wp-content\/uploads\/usu1610\/2025\/10\/2-300x191.png 300w, https:\/\/agora.xtec.cat\/escpiverd\/wp-content\/uploads\/usu1610\/2025\/10\/2-768x490.png 768w, https:\/\/agora.xtec.cat\/escpiverd\/wp-content\/uploads\/usu1610\/2025\/10\/2.png 1240w\" sizes=\"auto, (max-width: 1024px) 100vw, 1024px\" \/><\/a><\/td>\n<td style=\"width: 33.2796%; height: 78px; text-align: center;\"><a href=\"https:\/\/drive.google.com\/drive\/folders\/1rvulQ_iVCrVTL4JPamGRcRDrTc3g3yMf?usp=sharing\"><img loading=\"lazy\" decoding=\"async\" class=\"alignnone wp-image-20082 size-large\" src=\"https:\/\/agora.xtec.cat\/escpiverd\/wp-content\/uploads\/usu1610\/2025\/10\/3-1024x653.png\" alt=\"\" width=\"1024\" height=\"653\" srcset=\"https:\/\/agora.xtec.cat\/escpiverd\/wp-content\/uploads\/usu1610\/2025\/10\/3-1024x653.png 1024w, https:\/\/agora.xtec.cat\/escpiverd\/wp-content\/uploads\/usu1610\/2025\/10\/3-300x191.png 300w, https:\/\/agora.xtec.cat\/escpiverd\/wp-content\/uploads\/usu1610\/2025\/10\/3-768x490.png 768w, https:\/\/agora.xtec.cat\/escpiverd\/wp-content\/uploads\/usu1610\/2025\/10\/3.png 1240w\" sizes=\"auto, (max-width: 1024px) 100vw, 1024px\" \/><\/a><\/td>\n<\/tr>\n<tr style=\"height: 18px;\">\n<td style=\"width: 33.2796%; height: 18px; text-align: center;\"><a href=\"https:\/\/drive.google.com\/drive\/folders\/1oOEEgexg_V_hO1fNzTy-Q5AABo-oXyzJ?usp=sharing\"><img loading=\"lazy\" decoding=\"async\" class=\"alignnone wp-image-20083 size-large\" src=\"https:\/\/agora.xtec.cat\/escpiverd\/wp-content\/uploads\/usu1610\/2025\/10\/4-1024x653.png\" alt=\"\" width=\"1024\" height=\"653\" srcset=\"https:\/\/agora.xtec.cat\/escpiverd\/wp-content\/uploads\/usu1610\/2025\/10\/4-1024x653.png 1024w, https:\/\/agora.xtec.cat\/escpiverd\/wp-content\/uploads\/usu1610\/2025\/10\/4-300x191.png 300w, https:\/\/agora.xtec.cat\/escpiverd\/wp-content\/uploads\/usu1610\/2025\/10\/4-768x490.png 768w, https:\/\/agora.xtec.cat\/escpiverd\/wp-content\/uploads\/usu1610\/2025\/10\/4.png 1240w\" sizes=\"auto, (max-width: 1024px) 100vw, 1024px\" \/><\/a><\/td>\n<td style=\"width: 33.2796%; height: 18px; text-align: center;\"><a href=\"https:\/\/drive.google.com\/drive\/folders\/1rYP_WI42wVymPm1Wv2cuFw328hOduUsk?usp=drive_link\"><img loading=\"lazy\" decoding=\"async\" class=\"alignnone wp-image-20084 size-large\" src=\"https:\/\/agora.xtec.cat\/escpiverd\/wp-content\/uploads\/usu1610\/2025\/10\/5-1024x653.png\" alt=\"\" width=\"1024\" height=\"653\" srcset=\"https:\/\/agora.xtec.cat\/escpiverd\/wp-content\/uploads\/usu1610\/2025\/10\/5-1024x653.png 1024w, https:\/\/agora.xtec.cat\/escpiverd\/wp-content\/uploads\/usu1610\/2025\/10\/5-300x191.png 300w, https:\/\/agora.xtec.cat\/escpiverd\/wp-content\/uploads\/usu1610\/2025\/10\/5-768x490.png 768w, https:\/\/agora.xtec.cat\/escpiverd\/wp-content\/uploads\/usu1610\/2025\/10\/5.png 1240w\" sizes=\"auto, (max-width: 1024px) 100vw, 1024px\" \/><\/a><\/td>\n<td style=\"width: 33.2796%; height: 18px; text-align: center;\"><a href=\"https:\/\/drive.google.com\/drive\/folders\/1JdcSA-Mf1UC67OXxiM4BoS3sWZK8MdfM?usp=drive_link\"><img loading=\"lazy\" decoding=\"async\" class=\"alignnone wp-image-20085 size-large\" src=\"https:\/\/agora.xtec.cat\/escpiverd\/wp-content\/uploads\/usu1610\/2025\/10\/6-1024x653.png\" alt=\"\" width=\"1024\" height=\"653\" srcset=\"https:\/\/agora.xtec.cat\/escpiverd\/wp-content\/uploads\/usu1610\/2025\/10\/6-1024x653.png 1024w, https:\/\/agora.xtec.cat\/escpiverd\/wp-content\/uploads\/usu1610\/2025\/10\/6-300x191.png 300w, https:\/\/agora.xtec.cat\/escpiverd\/wp-content\/uploads\/usu1610\/2025\/10\/6-768x490.png 768w, https:\/\/agora.xtec.cat\/escpiverd\/wp-content\/uploads\/usu1610\/2025\/10\/6.png 1240w\" sizes=\"auto, (max-width: 1024px) 100vw, 1024px\" \/><\/a><\/td>\n<\/tr>\n<tr style=\"height: 18px;\">\n<td style=\"width: 33.2796%; height: 18px; text-align: center;\"><a href=\"https:\/\/drive.google.com\/drive\/folders\/1LWRF2IwnKwgnY9GJFD_R4QvmcDdJGzjl?usp=drive_link\"><img loading=\"lazy\" decoding=\"async\" class=\"alignnone wp-image-20086 size-large\" src=\"https:\/\/agora.xtec.cat\/escpiverd\/wp-content\/uploads\/usu1610\/2025\/10\/7-1024x653.png\" alt=\"\" width=\"1024\" height=\"653\" srcset=\"https:\/\/agora.xtec.cat\/escpiverd\/wp-content\/uploads\/usu1610\/2025\/10\/7-1024x653.png 1024w, https:\/\/agora.xtec.cat\/escpiverd\/wp-content\/uploads\/usu1610\/2025\/10\/7-300x191.png 300w, https:\/\/agora.xtec.cat\/escpiverd\/wp-content\/uploads\/usu1610\/2025\/10\/7-768x490.png 768w, https:\/\/agora.xtec.cat\/escpiverd\/wp-content\/uploads\/usu1610\/2025\/10\/7.png 1240w\" sizes=\"auto, (max-width: 1024px) 100vw, 1024px\" \/><\/a><\/td>\n<td style=\"width: 33.2796%; height: 18px; text-align: center;\"><a href=\"https:\/\/drive.google.com\/drive\/folders\/1CqlzUIcrpwstZmnS8NOlNWxk_5G5miRt?usp=drive_link\"><img loading=\"lazy\" decoding=\"async\" class=\"alignnone wp-image-20087 size-large\" src=\"https:\/\/agora.xtec.cat\/escpiverd\/wp-content\/uploads\/usu1610\/2025\/10\/8-1024x653.png\" alt=\"\" width=\"1024\" height=\"653\" srcset=\"https:\/\/agora.xtec.cat\/escpiverd\/wp-content\/uploads\/usu1610\/2025\/10\/8-1024x653.png 1024w, https:\/\/agora.xtec.cat\/escpiverd\/wp-content\/uploads\/usu1610\/2025\/10\/8-300x191.png 300w, https:\/\/agora.xtec.cat\/escpiverd\/wp-content\/uploads\/usu1610\/2025\/10\/8-768x490.png 768w, https:\/\/agora.xtec.cat\/escpiverd\/wp-content\/uploads\/usu1610\/2025\/10\/8.png 1240w\" sizes=\"auto, (max-width: 1024px) 100vw, 1024px\" \/><\/a><\/td>\n<td style=\"width: 33.2796%; height: 18px; text-align: center;\"><a href=\"https:\/\/drive.google.com\/drive\/folders\/1S4MXfROssjyRBml1TRnaGAW1YqbiTKaN?usp=drive_link\"><img loading=\"lazy\" decoding=\"async\" class=\"alignnone wp-image-20088 size-large\" src=\"https:\/\/agora.xtec.cat\/escpiverd\/wp-content\/uploads\/usu1610\/2025\/10\/9-1024x653.png\" alt=\"\" width=\"1024\" height=\"653\" srcset=\"https:\/\/agora.xtec.cat\/escpiverd\/wp-content\/uploads\/usu1610\/2025\/10\/9-1024x653.png 1024w, https:\/\/agora.xtec.cat\/escpiverd\/wp-content\/uploads\/usu1610\/2025\/10\/9-300x191.png 300w, https:\/\/agora.xtec.cat\/escpiverd\/wp-content\/uploads\/usu1610\/2025\/10\/9-768x490.png 768w, https:\/\/agora.xtec.cat\/escpiverd\/wp-content\/uploads\/usu1610\/2025\/10\/9.png 1240w\" sizes=\"auto, (max-width: 1024px) 100vw, 1024px\" \/><\/a><\/td>\n<\/tr>\n<\/tbody>\n<\/table>\n\n\n<p><\/p>\n","protected":false},"excerpt":{"rendered":"<p>Nota: Estem treballant en aquest sistema de carpetes compartides per a fam\u00edlies. Trobareu m\u00e9s informaci\u00f3 en aquest article. Des d&#8217;aquesta p\u00e0gina podreu accedir a les fotografies dels diversos nivells. L&#8217;acc\u00e9s est\u00e0 restringit a les fam\u00edlies del centre. En cas de no tenir acc\u00e9s, poseu-vos en contacte amb la vostra tutoria. Recordeu que, per q\u00fcestions de [&hellip;]<\/p>\n","protected":false},"author":1,"featured_media":0,"parent":22,"menu_order":6,"comment_status":"closed","ping_status":"closed","template":"page-templates\/side-menu.php","meta":{"_bbp_topic_count":0,"_bbp_reply_count":0,"_bbp_total_topic_count":0,"_bbp_total_reply_count":0,"_bbp_voice_count":0,"_bbp_anonymous_reply_count":0,"_bbp_topic_count_hidden":0,"_bbp_reply_count_hidden":0,"_bbp_forum_subforum_count":0,"site-sidebar-layout":"default","site-content-layout":"","ast-site-content-layout":"default","site-content-style":"default","site-sidebar-style":"default","ast-global-header-display":"","ast-banner-title-visibility":"","ast-main-header-display":"","ast-hfb-above-header-display":"","ast-hfb-below-header-display":"","ast-hfb-mobile-header-display":"","site-post-title":"","ast-breadcrumbs-content":"","ast-featured-img":"","footer-sml-layout":"","theme-transparent-header-meta":"","adv-header-id-meta":"","stick-header-meta":"","header-above-stick-meta":"","header-main-stick-meta":"","header-below-stick-meta":"","astra-migrate-meta-layouts":"set","ast-page-background-enabled":"default","ast-page-background-meta":{"desktop":{"background-color":"var(--ast-global-color-4)","background-image":"","background-repeat":"repeat","background-position":"center center","background-size":"auto","background-attachment":"scroll","background-type":"","background-media":"","overlay-type":"","overlay-color":"","overlay-opacity":"","overlay-gradient":""},"tablet":{"background-color":"","background-image":"","background-repeat":"repeat","background-position":"center center","background-size":"auto","background-attachment":"scroll","background-type":"","background-media":"","overlay-type":"","overlay-color":"","overlay-opacity":"","overlay-gradient":""},"mobile":{"background-color":"","background-image":"","background-repeat":"repeat","background-position":"center center","background-size":"auto","background-attachment":"scroll","background-type":"","background-media":"","overlay-type":"","overlay-color":"","overlay-opacity":"","overlay-gradient":""}},"ast-content-background-meta":{"desktop":{"background-color":"var(--ast-global-color-5)","background-image":"","background-repeat":"repeat","background-position":"center center","background-size":"auto","background-attachment":"scroll","background-type":"","background-media":"","overlay-type":"","overlay-color":"","overlay-opacity":"","overlay-gradient":""},"tablet":{"background-color":"var(--ast-global-color-5)","background-image":"","background-repeat":"repeat","background-position":"center center","background-size":"auto","background-attachment":"scroll","background-type":"","background-media":"","overlay-type":"","overlay-color":"","overlay-opacity":"","overlay-gradient":""},"mobile":{"background-color":"var(--ast-global-color-5)","background-image":"","background-repeat":"repeat","background-position":"center center","background-size":"auto","background-attachment":"scroll","background-type":"","background-media":"","overlay-type":"","overlay-color":"","overlay-opacity":"","overlay-gradient":""}},"footnotes":""},"class_list":["post-17865","page","type-page","status-publish","hentry"],"post_mailing_queue_ids":[],"_links":{"self":[{"href":"https:\/\/agora.xtec.cat\/escpiverd\/wp-json\/wp\/v2\/pages\/17865","targetHints":{"allow":["GET"]}}],"collection":[{"href":"https:\/\/agora.xtec.cat\/escpiverd\/wp-json\/wp\/v2\/pages"}],"about":[{"href":"https:\/\/agora.xtec.cat\/escpiverd\/wp-json\/wp\/v2\/types\/page"}],"author":[{"embeddable":true,"href":"https:\/\/agora.xtec.cat\/escpiverd\/wp-json\/wp\/v2\/users\/1"}],"replies":[{"embeddable":true,"href":"https:\/\/agora.xtec.cat\/escpiverd\/wp-json\/wp\/v2\/comments?post=17865"}],"version-history":[{"count":6,"href":"https:\/\/agora.xtec.cat\/escpiverd\/wp-json\/wp\/v2\/pages\/17865\/revisions"}],"predecessor-version":[{"id":20091,"href":"https:\/\/agora.xtec.cat\/escpiverd\/wp-json\/wp\/v2\/pages\/17865\/revisions\/20091"}],"up":[{"embeddable":true,"href":"https:\/\/agora.xtec.cat\/escpiverd\/wp-json\/wp\/v2\/pages\/22"}],"wp:attachment":[{"href":"https:\/\/agora.xtec.cat\/escpiverd\/wp-json\/wp\/v2\/media?parent=17865"}],"curies":[{"name":"wp","href":"https:\/\/api.w.org\/{rel}","templated":true}]}}