{"id":82,"date":"2014-09-18T14:10:51","date_gmt":"2014-09-18T13:10:51","guid":{"rendered":"http:\/\/agora.xtec.cat\/escpinyaderosa\/?page_id=82"},"modified":"2021-09-14T13:55:40","modified_gmt":"2021-09-14T11:55:40","slug":"documents-descarregables","status":"publish","type":"page","link":"https:\/\/agora.xtec.cat\/escpinyaderosa\/serveis\/documents-descarregables\/","title":{"rendered":"Documents descarregables"},"content":{"rendered":"<p>Autoritzaci\u00f3 per la realitzaci\u00f3 de PCR a l&#8217;escola:<\/p>\n<p><a href=\"https:\/\/sagratscorscentelles.cat\/template\/sagratscors\/uploads\/files\/autoritzacions-families-inici-curs-21-22-1.pdf\">Autoritzacions Fam\u00edlies_PCR<\/a><\/p>\n<p>Declaraci\u00f3 responsable:<\/p>\n<p><a href=\"https:\/\/documents.espai.educacio.gencat.cat\/FormularisModels\/CentresGestioAdministrativa\/A819.pdf\">Declaraci\u00f3 responsable Educaci\u00f3 infantil<\/a><\/p>\n<p><a href=\"https:\/\/documents.espai.educacio.gencat.cat\/FormularisModels\/CentresGestioAdministrativa\/A818.pdf\">Declaraci\u00f3 responsable Educaci\u00f3 prim\u00e0ria<\/a><\/p>\n","protected":false},"excerpt":{"rendered":"<p>Autoritzaci\u00f3 per la realitzaci\u00f3 de PCR a l&#8217;escola:<br \/>\n<a href=\"https:\/\/sagratscorscentelles.cat\/template\/sagratscors\/uploads\/files\/autoritzacions-families-inici-curs-21-22-1.pdf\">Autoritzacions Fam\u00edlies_PCR<\/a><br \/>\nDeclaraci\u00f3 responsable:<br \/>\n<a href=\"https:\/\/documents.espai.educacio.gencat.cat\/FormularisModels\/CentresGestioAdministrativa\/A819.pdf\">Declaraci\u00f3 responsable Educaci\u00f3 infantil<\/a><br \/>\n<a href=\"https:\/\/documents.espai.educacio.gencat.cat\/FormularisModels\/CentresGestioAdministrativa\/A818.pdf\">Declaraci\u00f3 responsable Educaci\u00f3 prim\u00e0ria<\/a><\/p>\n","protected":false},"author":1,"featured_media":0,"parent":66,"menu_order":60,"comment_status":"closed","ping_status":"closed","template":"page-templates\/side-menu.php","meta":{"_bbp_topic_count":0,"_bbp_reply_count":0,"_bbp_total_topic_count":0,"_bbp_total_reply_count":0,"_bbp_voice_count":0,"_bbp_anonymous_reply_count":0,"_bbp_topic_count_hidden":0,"_bbp_reply_count_hidden":0,"_bbp_forum_subforum_count":0,"footnotes":""},"class_list":["post-82","page","type-page","status-publish","hentry"],"post_mailing_queue_ids":[],"_links":{"self":[{"href":"https:\/\/agora.xtec.cat\/escpinyaderosa\/wp-json\/wp\/v2\/pages\/82","targetHints":{"allow":["GET"]}}],"collection":[{"href":"https:\/\/agora.xtec.cat\/escpinyaderosa\/wp-json\/wp\/v2\/pages"}],"about":[{"href":"https:\/\/agora.xtec.cat\/escpinyaderosa\/wp-json\/wp\/v2\/types\/page"}],"author":[{"embeddable":true,"href":"https:\/\/agora.xtec.cat\/escpinyaderosa\/wp-json\/wp\/v2\/users\/1"}],"replies":[{"embeddable":true,"href":"https:\/\/agora.xtec.cat\/escpinyaderosa\/wp-json\/wp\/v2\/comments?post=82"}],"version-history":[{"count":3,"href":"https:\/\/agora.xtec.cat\/escpinyaderosa\/wp-json\/wp\/v2\/pages\/82\/revisions"}],"predecessor-version":[{"id":1651,"href":"https:\/\/agora.xtec.cat\/escpinyaderosa\/wp-json\/wp\/v2\/pages\/82\/revisions\/1651"}],"up":[{"embeddable":true,"href":"https:\/\/agora.xtec.cat\/escpinyaderosa\/wp-json\/wp\/v2\/pages\/66"}],"wp:attachment":[{"href":"https:\/\/agora.xtec.cat\/escpinyaderosa\/wp-json\/wp\/v2\/media?parent=82"}],"curies":[{"name":"wp","href":"https:\/\/api.w.org\/{rel}","templated":true}]}}