{"id":73,"date":"2014-09-18T14:01:51","date_gmt":"2014-09-18T13:01:51","guid":{"rendered":"http:\/\/agora.xtec.cat\/escpinyaderosa\/?page_id=73"},"modified":"2026-01-14T09:00:06","modified_gmt":"2026-01-14T08:00:06","slug":"menjador-escolar","status":"publish","type":"page","link":"https:\/\/agora.xtec.cat\/escpinyaderosa\/serveis\/menjador-escolar\/","title":{"rendered":"Menjador escolar"},"content":{"rendered":"<h1 style=\"text-align: center;\"><span style=\"color: #99cc00;\">Menjador escolar<\/span><\/h1>\n<p>L&#8217;escola ofereix un Servei de menjador que dep\u00e8n del Consell Comarcal de la Selva. \u00c9s gestionat per l&#8217;empresa <strong>Serhs food<\/strong>\u00a0tant pel que fa a cuina com a monitoratge.<\/p>\n<p>Per qualsevol dubte o aclariment, podeu posar-vos en contacte amb el servei de menjador. L&#8217;horari d&#8217;oficina per l&#8217;atenci\u00f3 a les fam\u00edlies \u00e9s de 09:00h. a 14:00h. i de 15:00h. a 16:00h. de dilluns a dijous. Divendres fins les 15:00h.<\/p>\n<ul>\n<li>Via correu electr\u00f2nic: <span style=\"color: #0000ff;\"><em>serhsfoodeduca@grupserhs.com<\/em><\/span><\/li>\n<li>Via tel\u00e8fon al <strong>93 703 28 28<\/strong><\/li>\n<\/ul>\n<p>L&#8217;horari d&#8217;oficina per l&#8217;atenci\u00f3 a les fam\u00edlies de la coordinadora de menjador (Juani) \u00e9s de 08:30 h. a 10:00h. de dilluns a divendres.<\/p>\n<p>Correu electr\u00f2nic escola: <span style=\"color: #0000ff;\"><em>menjador.pinyadelarosa<span class=\"\">@grupserhs.com<\/span><\/em><\/span><\/p>\n<p>Coordinadora de menjador (Juani): <strong>607 92 99 57<\/strong> \/\/ opci\u00f3 WhatsApp<\/p>\n<p>Preu del men\u00fa:<\/p>\n<ul>\n<li>6,55 \u20ac Fixe o fixe discontinu.<\/li>\n<li>7,20 \u20ac eventual.<\/li>\n<\/ul>\n<p>Podeu trobar m\u00e9s informaci\u00f3, aix\u00ed com del men\u00fa mensual a l&#8217;app de l&#8217;escola.<\/p>\n<ul>\n<li style=\"list-style-type: none;\"><\/li>\n<\/ul>\n<div><\/div>\n<div>\n<p>Web del Consell Comarcal de la Selva:<a href=\"http:\/\/www.selva.cat\" rel=\"nofollow\">\u00a0\u00a0 www.selva.cat<\/a><\/p>\n<p><a href=\"https:\/\/agora.xtec.cat\/escpinyaderosa\/wp-content\/uploads\/usu1928\/2019\/12\/menjador1.jpg\"><img loading=\"lazy\" decoding=\"async\" class=\"wp-image-815 aligncenter\" src=\"https:\/\/agora.xtec.cat\/escpinyaderosa\/wp-content\/uploads\/usu1928\/2019\/12\/menjador1.jpg\" alt=\"\" width=\"645\" height=\"233\" srcset=\"https:\/\/agora.xtec.cat\/escpinyaderosa\/wp-content\/uploads\/usu1928\/2019\/12\/menjador1.jpg 620w, https:\/\/agora.xtec.cat\/escpinyaderosa\/wp-content\/uploads\/usu1928\/2019\/12\/menjador1-300x108.jpg 300w\" sizes=\"auto, (max-width: 645px) 100vw, 645px\" \/><\/a><\/p>\n<p><strong>Activitats del Menjador escolar<\/strong><\/p>\n<p>Aqu\u00ed us volem fer un recull de les darreres activitats que des del Menjador Escolar s&#8217;han realitzat. Com podeu veure, el nostre Menjador no s&#8217;atura per a res!<\/p>\n<\/div>\n<p><a href=\"https:\/\/agora.xtec.cat\/escpinyaderosa\/wp-content\/uploads\/usu1928\/2020\/02\/Fish-Revolution.jpg\"><img loading=\"lazy\" decoding=\"async\" class=\"alignnone wp-image-929\" src=\"https:\/\/agora.xtec.cat\/escpinyaderosa\/wp-content\/uploads\/usu1928\/2020\/02\/Fish-Revolution-217x300.jpg\" alt=\"\" width=\"410\" height=\"567\" srcset=\"https:\/\/agora.xtec.cat\/escpinyaderosa\/wp-content\/uploads\/usu1928\/2020\/02\/Fish-Revolution-217x300.jpg 217w, https:\/\/agora.xtec.cat\/escpinyaderosa\/wp-content\/uploads\/usu1928\/2020\/02\/Fish-Revolution-768x1063.jpg 768w, https:\/\/agora.xtec.cat\/escpinyaderosa\/wp-content\/uploads\/usu1928\/2020\/02\/Fish-Revolution-740x1024.jpg 740w\" sizes=\"auto, (max-width: 410px) 100vw, 410px\" \/><\/a><\/p>\n<div>\n<p><strong>Castanyada<\/strong><\/p>\n<p><a href=\"https:\/\/agora.xtec.cat\/escpinyaderosa\/wp-content\/uploads\/usu1928\/2019\/12\/menjador2.jpg\"><img loading=\"lazy\" decoding=\"async\" class=\"alignnone wp-image-816\" src=\"https:\/\/agora.xtec.cat\/escpinyaderosa\/wp-content\/uploads\/usu1928\/2019\/12\/menjador2.jpg\" alt=\"\" width=\"409\" height=\"605\" srcset=\"https:\/\/agora.xtec.cat\/escpinyaderosa\/wp-content\/uploads\/usu1928\/2019\/12\/menjador2.jpg 581w, https:\/\/agora.xtec.cat\/escpinyaderosa\/wp-content\/uploads\/usu1928\/2019\/12\/menjador2-203x300.jpg 203w\" sizes=\"auto, (max-width: 409px) 100vw, 409px\" \/><\/a><\/p>\n<p><strong>ENS HO PASSEM PIPA!<\/strong><\/p>\n<p><a href=\"https:\/\/agora.xtec.cat\/escpinyaderosa\/wp-content\/uploads\/usu1928\/2019\/05\/IMG-20190513-WA0002.jpg\"><img loading=\"lazy\" decoding=\"async\" class=\"alignnone wp-image-680\" src=\"https:\/\/agora.xtec.cat\/escpinyaderosa\/wp-content\/uploads\/usu1928\/2019\/05\/IMG-20190513-WA0002-1024x768.jpg\" alt=\"\" width=\"427\" height=\"320\" srcset=\"https:\/\/agora.xtec.cat\/escpinyaderosa\/wp-content\/uploads\/usu1928\/2019\/05\/IMG-20190513-WA0002-1024x768.jpg 1024w, https:\/\/agora.xtec.cat\/escpinyaderosa\/wp-content\/uploads\/usu1928\/2019\/05\/IMG-20190513-WA0002-300x225.jpg 300w, https:\/\/agora.xtec.cat\/escpinyaderosa\/wp-content\/uploads\/usu1928\/2019\/05\/IMG-20190513-WA0002-768x576.jpg 768w, https:\/\/agora.xtec.cat\/escpinyaderosa\/wp-content\/uploads\/usu1928\/2019\/05\/IMG-20190513-WA0002-200x150.jpg 200w, https:\/\/agora.xtec.cat\/escpinyaderosa\/wp-content\/uploads\/usu1928\/2019\/05\/IMG-20190513-WA0002.jpg 1599w\" sizes=\"auto, (max-width: 427px) 100vw, 427px\" \/><\/a>\u00a0 \u00a0 \u00a0 \u00a0\u00a0<a href=\"https:\/\/agora.xtec.cat\/escpinyaderosa\/wp-content\/uploads\/usu1928\/2019\/05\/IMG-20190513-WA0001.jpg\"><img loading=\"lazy\" decoding=\"async\" class=\"alignnone wp-image-679\" src=\"https:\/\/agora.xtec.cat\/escpinyaderosa\/wp-content\/uploads\/usu1928\/2019\/05\/IMG-20190513-WA0001-1024x576.jpg\" alt=\"\" width=\"566\" height=\"318\" srcset=\"https:\/\/agora.xtec.cat\/escpinyaderosa\/wp-content\/uploads\/usu1928\/2019\/05\/IMG-20190513-WA0001-1024x576.jpg 1024w, https:\/\/agora.xtec.cat\/escpinyaderosa\/wp-content\/uploads\/usu1928\/2019\/05\/IMG-20190513-WA0001-300x169.jpg 300w, https:\/\/agora.xtec.cat\/escpinyaderosa\/wp-content\/uploads\/usu1928\/2019\/05\/IMG-20190513-WA0001-768x432.jpg 768w, https:\/\/agora.xtec.cat\/escpinyaderosa\/wp-content\/uploads\/usu1928\/2019\/05\/IMG-20190513-WA0001.jpg 1600w\" sizes=\"auto, (max-width: 566px) 100vw, 566px\" \/><\/a> <a href=\"https:\/\/agora.xtec.cat\/escpinyaderosa\/wp-content\/uploads\/usu1928\/2019\/05\/IMG-20190513-WA0000.jpg\">+<\/a><\/p>\n<p><a href=\"https:\/\/agora.xtec.cat\/escpinyaderosa\/wp-content\/uploads\/usu1928\/2019\/05\/IMG-20190513-WA0004.jpg\"><img loading=\"lazy\" decoding=\"async\" class=\"alignnone wp-image-682\" src=\"https:\/\/agora.xtec.cat\/escpinyaderosa\/wp-content\/uploads\/usu1928\/2019\/05\/IMG-20190513-WA0004-768x1024.jpg\" alt=\"\" width=\"323\" height=\"430\" srcset=\"https:\/\/agora.xtec.cat\/escpinyaderosa\/wp-content\/uploads\/usu1928\/2019\/05\/IMG-20190513-WA0004-768x1024.jpg 768w, https:\/\/agora.xtec.cat\/escpinyaderosa\/wp-content\/uploads\/usu1928\/2019\/05\/IMG-20190513-WA0004-225x300.jpg 225w, https:\/\/agora.xtec.cat\/escpinyaderosa\/wp-content\/uploads\/usu1928\/2019\/05\/IMG-20190513-WA0004.jpg 1200w\" sizes=\"auto, (max-width: 323px) 100vw, 323px\" \/><\/a><img loading=\"lazy\" decoding=\"async\" class=\"alignnone wp-image-678\" src=\"https:\/\/agora.xtec.cat\/escpinyaderosa\/wp-content\/uploads\/usu1928\/2019\/05\/IMG-20190513-WA0000-1024x768.jpg\" alt=\"\" width=\"480\" height=\"360\" srcset=\"https:\/\/agora.xtec.cat\/escpinyaderosa\/wp-content\/uploads\/usu1928\/2019\/05\/IMG-20190513-WA0000-1024x768.jpg 1024w, https:\/\/agora.xtec.cat\/escpinyaderosa\/wp-content\/uploads\/usu1928\/2019\/05\/IMG-20190513-WA0000-300x225.jpg 300w, https:\/\/agora.xtec.cat\/escpinyaderosa\/wp-content\/uploads\/usu1928\/2019\/05\/IMG-20190513-WA0000-768x576.jpg 768w, https:\/\/agora.xtec.cat\/escpinyaderosa\/wp-content\/uploads\/usu1928\/2019\/05\/IMG-20190513-WA0000-200x150.jpg 200w, https:\/\/agora.xtec.cat\/escpinyaderosa\/wp-content\/uploads\/usu1928\/2019\/05\/IMG-20190513-WA0000.jpg 1599w\" sizes=\"auto, (max-width: 480px) 100vw, 480px\" \/><\/p>\n<p><strong>JORNADA AMERICANA<\/strong><\/p>\n<p><a href=\"https:\/\/agora.xtec.cat\/escpinyaderosa\/wp-content\/uploads\/usu1928\/2019\/05\/menu-america.jpg\"><img loading=\"lazy\" decoding=\"async\" class=\"alignnone wp-image-671\" src=\"https:\/\/agora.xtec.cat\/escpinyaderosa\/wp-content\/uploads\/usu1928\/2019\/05\/menu-america.jpg\" alt=\"\" width=\"391\" height=\"513\" srcset=\"https:\/\/agora.xtec.cat\/escpinyaderosa\/wp-content\/uploads\/usu1928\/2019\/05\/menu-america.jpg 605w, https:\/\/agora.xtec.cat\/escpinyaderosa\/wp-content\/uploads\/usu1928\/2019\/05\/menu-america-229x300.jpg 229w\" sizes=\"auto, (max-width: 391px) 100vw, 391px\" \/><\/a><a href=\"https:\/\/agora.xtec.cat\/escpinyaderosa\/wp-content\/uploads\/usu1928\/2019\/05\/IMG-20190513-WA0003.jpg\"><img loading=\"lazy\" decoding=\"async\" class=\"alignnone wp-image-681\" src=\"https:\/\/agora.xtec.cat\/escpinyaderosa\/wp-content\/uploads\/usu1928\/2019\/05\/IMG-20190513-WA0003-1024x768.jpg\" alt=\"\" width=\"489\" height=\"367\" srcset=\"https:\/\/agora.xtec.cat\/escpinyaderosa\/wp-content\/uploads\/usu1928\/2019\/05\/IMG-20190513-WA0003-1024x768.jpg 1024w, https:\/\/agora.xtec.cat\/escpinyaderosa\/wp-content\/uploads\/usu1928\/2019\/05\/IMG-20190513-WA0003-300x225.jpg 300w, https:\/\/agora.xtec.cat\/escpinyaderosa\/wp-content\/uploads\/usu1928\/2019\/05\/IMG-20190513-WA0003-768x576.jpg 768w, https:\/\/agora.xtec.cat\/escpinyaderosa\/wp-content\/uploads\/usu1928\/2019\/05\/IMG-20190513-WA0003-200x150.jpg 200w, https:\/\/agora.xtec.cat\/escpinyaderosa\/wp-content\/uploads\/usu1928\/2019\/05\/IMG-20190513-WA0003.jpg 1599w\" sizes=\"auto, (max-width: 489px) 100vw, 489px\" \/><\/a><\/p>\n<p><strong>TALLER DE CUINES, POSTRES DIVERTIDES<\/strong><\/p>\n<p><a href=\"https:\/\/agora.xtec.cat\/escpinyaderosa\/wp-content\/uploads\/usu1928\/2019\/04\/Taller-cuina.jpg\"><img loading=\"lazy\" decoding=\"async\" class=\"wp-image-648 alignleft\" src=\"https:\/\/agora.xtec.cat\/escpinyaderosa\/wp-content\/uploads\/usu1928\/2019\/04\/Taller-cuina.jpg\" alt=\"\" width=\"605\" height=\"454\" srcset=\"https:\/\/agora.xtec.cat\/escpinyaderosa\/wp-content\/uploads\/usu1928\/2019\/04\/Taller-cuina.jpg 793w, https:\/\/agora.xtec.cat\/escpinyaderosa\/wp-content\/uploads\/usu1928\/2019\/04\/Taller-cuina-300x225.jpg 300w, https:\/\/agora.xtec.cat\/escpinyaderosa\/wp-content\/uploads\/usu1928\/2019\/04\/Taller-cuina-768x576.jpg 768w, https:\/\/agora.xtec.cat\/escpinyaderosa\/wp-content\/uploads\/usu1928\/2019\/04\/Taller-cuina-200x150.jpg 200w\" sizes=\"auto, (max-width: 605px) 100vw, 605px\" \/><\/a><a href=\"https:\/\/agora.xtec.cat\/escpinyaderosa\/wp-content\/uploads\/usu1928\/2019\/04\/Taller-cuina2.jpg\"><img loading=\"lazy\" decoding=\"async\" class=\"size-full wp-image-649 alignleft\" src=\"https:\/\/agora.xtec.cat\/escpinyaderosa\/wp-content\/uploads\/usu1928\/2019\/04\/Taller-cuina2.jpg\" alt=\"\" width=\"454\" height=\"253\" srcset=\"https:\/\/agora.xtec.cat\/escpinyaderosa\/wp-content\/uploads\/usu1928\/2019\/04\/Taller-cuina2.jpg 454w, https:\/\/agora.xtec.cat\/escpinyaderosa\/wp-content\/uploads\/usu1928\/2019\/04\/Taller-cuina2-300x167.jpg 300w\" sizes=\"auto, (max-width: 454px) 100vw, 454px\" \/><\/a><\/p>\n<p>&nbsp;<\/p>\n<p>&nbsp;<\/p>\n<p>&nbsp;<\/p>\n<p>&nbsp;<\/p>\n<p>&nbsp;<\/p>\n<p>&nbsp;<\/p>\n<p>&nbsp;<\/p>\n<p>&nbsp;<\/p>\n<p>&nbsp;<\/p>\n<p>&nbsp;<\/p>\n<p>&nbsp;<\/p>\n<p>&nbsp;<\/p>\n<p><strong>21 DE MAR\u00c7 DIA INTERNACIONAL DELS BOSCOS \/\u00a0<\/strong><strong>29 DE MAR\u00c7 DIA INTERNACIONAL DE L&#8217;AIGUA<\/strong><\/p>\n<p>Scolarest a trav\u00e9s del seu projecte \u201c VAIG DE VERD\u201d es va sumar a aquesta acci\u00f3 per conscienciar a les fam\u00edlies sobre la cura i conservaci\u00f3 del medi ambient i l\u2019\u00fas responsable dels recursos naturals. Aquesta celebraci\u00f3 va ser una bona oportunitat per valorar tots els beneficis que ens brinden els arbres i de celebrar les maneres en qu\u00e8, els boscos, es mantenen i protegeixen.<br \/>\nEl nostre menjador es va vestir de verd i es van dur\u00a0a terme accions de conscienciaci\u00f3 per a benefici del med<\/p>\n<p>i ambient. Vam celebrar aquest gran dia tots vestits amb alguna pe\u00e7a verda.<\/p>\n<p><a href=\"https:\/\/agora.xtec.cat\/escpinyaderosa\/wp-content\/uploads\/usu1928\/2019\/04\/verd1.png\"><img loading=\"lazy\" decoding=\"async\" class=\"size-full wp-image-651 alignleft\" src=\"https:\/\/agora.xtec.cat\/escpinyaderosa\/wp-content\/uploads\/usu1928\/2019\/04\/verd1.png\" alt=\"\" width=\"386\" height=\"254\" srcset=\"https:\/\/agora.xtec.cat\/escpinyaderosa\/wp-content\/uploads\/usu1928\/2019\/04\/verd1.png 386w, https:\/\/agora.xtec.cat\/escpinyaderosa\/wp-content\/uploads\/usu1928\/2019\/04\/verd1-300x197.png 300w\" sizes=\"auto, (max-width: 386px) 100vw, 386px\" \/><\/a> <a href=\"https:\/\/agora.xtec.cat\/escpinyaderosa\/wp-content\/uploads\/usu1928\/2019\/04\/verd2.jpg\"><img loading=\"lazy\" decoding=\"async\" class=\"size-full wp-image-652 alignleft\" src=\"https:\/\/agora.xtec.cat\/escpinyaderosa\/wp-content\/uploads\/usu1928\/2019\/04\/verd2.jpg\" alt=\"\" width=\"361\" height=\"225\" srcset=\"https:\/\/agora.xtec.cat\/escpinyaderosa\/wp-content\/uploads\/usu1928\/2019\/04\/verd2.jpg 361w, https:\/\/agora.xtec.cat\/escpinyaderosa\/wp-content\/uploads\/usu1928\/2019\/04\/verd2-300x187.jpg 300w\" sizes=\"auto, (max-width: 361px) 100vw, 361px\" \/><\/a> <a href=\"https:\/\/agora.xtec.cat\/escpinyaderosa\/wp-content\/uploads\/usu1928\/2019\/04\/verd1.jpg\"><img loading=\"lazy\" decoding=\"async\" class=\"size-full wp-image-650 alignleft\" src=\"https:\/\/agora.xtec.cat\/escpinyaderosa\/wp-content\/uploads\/usu1928\/2019\/04\/verd1.jpg\" alt=\"\" width=\"385\" height=\"250\" srcset=\"https:\/\/agora.xtec.cat\/escpinyaderosa\/wp-content\/uploads\/usu1928\/2019\/04\/verd1.jpg 385w, https:\/\/agora.xtec.cat\/escpinyaderosa\/wp-content\/uploads\/usu1928\/2019\/04\/verd1-300x195.jpg 300w\" sizes=\"auto, (max-width: 385px) 100vw, 385px\" \/><\/a><\/p>\n<\/div>\n","protected":false},"excerpt":{"rendered":"<p>Menjador escolar<br \/>\nL&#8217;escola ofereix un Servei de menjador que dep\u00e8n del Consell Comarcal de la Selva. \u00c9s gestionat per l&#8217;empresa Serhs food\u00a0tant pel que fa a cuina com a monitoratge.<br \/>\nPer qualsevol dubte o aclariment, podeu posar-vos en contacte amb el servei de menjador. L&#8217;horari d&#8217;oficina per&hellip;  <a href=\"https:\/\/agora.xtec.cat\/escpinyaderosa\/serveis\/menjador-escolar\/\" title=\"Read Menjador escolar\">Llegeix m\u00e9s\u00bb<\/a><\/p>\n","protected":false},"author":1,"featured_media":0,"parent":66,"menu_order":30,"comment_status":"closed","ping_status":"closed","template":"page-templates\/side-menu.php","meta":{"_bbp_topic_count":0,"_bbp_reply_count":0,"_bbp_total_topic_count":0,"_bbp_total_reply_count":0,"_bbp_voice_count":0,"_bbp_anonymous_reply_count":0,"_bbp_topic_count_hidden":0,"_bbp_reply_count_hidden":0,"_bbp_forum_subforum_count":0,"footnotes":""},"class_list":["post-73","page","type-page","status-publish","hentry"],"post_mailing_queue_ids":[],"_links":{"self":[{"href":"https:\/\/agora.xtec.cat\/escpinyaderosa\/wp-json\/wp\/v2\/pages\/73","targetHints":{"allow":["GET"]}}],"collection":[{"href":"https:\/\/agora.xtec.cat\/escpinyaderosa\/wp-json\/wp\/v2\/pages"}],"about":[{"href":"https:\/\/agora.xtec.cat\/escpinyaderosa\/wp-json\/wp\/v2\/types\/page"}],"author":[{"embeddable":true,"href":"https:\/\/agora.xtec.cat\/escpinyaderosa\/wp-json\/wp\/v2\/users\/1"}],"replies":[{"embeddable":true,"href":"https:\/\/agora.xtec.cat\/escpinyaderosa\/wp-json\/wp\/v2\/comments?post=73"}],"version-history":[{"count":6,"href":"https:\/\/agora.xtec.cat\/escpinyaderosa\/wp-json\/wp\/v2\/pages\/73\/revisions"}],"predecessor-version":[{"id":2631,"href":"https:\/\/agora.xtec.cat\/escpinyaderosa\/wp-json\/wp\/v2\/pages\/73\/revisions\/2631"}],"up":[{"embeddable":true,"href":"https:\/\/agora.xtec.cat\/escpinyaderosa\/wp-json\/wp\/v2\/pages\/66"}],"wp:attachment":[{"href":"https:\/\/agora.xtec.cat\/escpinyaderosa\/wp-json\/wp\/v2\/media?parent=73"}],"curies":[{"name":"wp","href":"https:\/\/api.w.org\/{rel}","templated":true}]}}