{"id":601,"date":"2019-03-23T18:21:45","date_gmt":"2019-03-23T17:21:45","guid":{"rendered":"https:\/\/agora.xtec.cat\/escpinyaderosa\/?page_id=601"},"modified":"2020-10-05T10:37:39","modified_gmt":"2020-10-05T08:37:39","slug":"escoltem-com-parlen","status":"publish","type":"page","link":"https:\/\/agora.xtec.cat\/escpinyaderosa\/projectes\/escoltem-com-parlen\/","title":{"rendered":"Escoltem com parlen"},"content":{"rendered":"<p>L\u2019<b>Escoltem com parlen<\/b> porta com a objectiu donar als docents estrat\u00e8gies que permetin promoure en els seus alumnes el desenvolupament del llenguatge oral: proc\u00e9s d&#8217;adquisici\u00f3 del llenguatge, avaluaci\u00f3 del llenguatge, i adaptacions segons les caracter\u00edstiques del grup classe.<\/p>\n<p><a href=\"https:\/\/agora.xtec.cat\/escpinyaderosa\/wp-content\/uploads\/usu1928\/2019\/10\/Sense-t\u00edtol.jpg\"><img loading=\"lazy\" decoding=\"async\" class=\"alignnone size-full wp-image-772\" src=\"https:\/\/agora.xtec.cat\/escpinyaderosa\/wp-content\/uploads\/usu1928\/2019\/10\/Sense-t\u00edtol.jpg\" alt=\"\" width=\"265\" height=\"278\" \/><\/a><\/p>\n","protected":false},"excerpt":{"rendered":"<p>L\u2019Escoltem com parlen porta com a objectiu donar als docents estrat\u00e8gies que permetin promoure en els seus alumnes el desenvolupament del llenguatge oral: proc\u00e9s d&#8217;adquisici\u00f3 del llenguatge, avaluaci\u00f3 del llenguatge, i adaptacions segons les caracter\u00edstiques del grup classe.<br \/>\n<a href=\"https:\/\/agora.xtec.cat\/escpinyaderosa\/wp-content\/uploads\/usu1928\/2019\/10\/Sense-t\u00edtol.jpg\"><\/a><\/p>\n","protected":false},"author":1,"featured_media":0,"parent":574,"menu_order":0,"comment_status":"closed","ping_status":"closed","template":"","meta":{"_bbp_topic_count":0,"_bbp_reply_count":0,"_bbp_total_topic_count":0,"_bbp_total_reply_count":0,"_bbp_voice_count":0,"_bbp_anonymous_reply_count":0,"_bbp_topic_count_hidden":0,"_bbp_reply_count_hidden":0,"_bbp_forum_subforum_count":0,"footnotes":""},"class_list":["post-601","page","type-page","status-publish","hentry"],"post_mailing_queue_ids":[],"_links":{"self":[{"href":"https:\/\/agora.xtec.cat\/escpinyaderosa\/wp-json\/wp\/v2\/pages\/601","targetHints":{"allow":["GET"]}}],"collection":[{"href":"https:\/\/agora.xtec.cat\/escpinyaderosa\/wp-json\/wp\/v2\/pages"}],"about":[{"href":"https:\/\/agora.xtec.cat\/escpinyaderosa\/wp-json\/wp\/v2\/types\/page"}],"author":[{"embeddable":true,"href":"https:\/\/agora.xtec.cat\/escpinyaderosa\/wp-json\/wp\/v2\/users\/1"}],"replies":[{"embeddable":true,"href":"https:\/\/agora.xtec.cat\/escpinyaderosa\/wp-json\/wp\/v2\/comments?post=601"}],"version-history":[{"count":3,"href":"https:\/\/agora.xtec.cat\/escpinyaderosa\/wp-json\/wp\/v2\/pages\/601\/revisions"}],"predecessor-version":[{"id":773,"href":"https:\/\/agora.xtec.cat\/escpinyaderosa\/wp-json\/wp\/v2\/pages\/601\/revisions\/773"}],"up":[{"embeddable":true,"href":"https:\/\/agora.xtec.cat\/escpinyaderosa\/wp-json\/wp\/v2\/pages\/574"}],"wp:attachment":[{"href":"https:\/\/agora.xtec.cat\/escpinyaderosa\/wp-json\/wp\/v2\/media?parent=601"}],"curies":[{"name":"wp","href":"https:\/\/api.w.org\/{rel}","templated":true}]}}