{"id":586,"date":"2019-03-23T18:19:00","date_gmt":"2019-03-23T17:19:00","guid":{"rendered":"https:\/\/agora.xtec.cat\/escpinyaderosa\/?page_id=586"},"modified":"2020-10-05T10:57:22","modified_gmt":"2020-10-05T08:57:22","slug":"rcp-reanimacio-cardiopulmonar","status":"publish","type":"page","link":"https:\/\/agora.xtec.cat\/escpinyaderosa\/projectes\/rcp-reanimacio-cardiopulmonar\/","title":{"rendered":"RCP &#8211; Reanimaci\u00f3 Cardiopulmonar"},"content":{"rendered":"<p>M\u00e9s informaci\u00f3 del projecte a:<\/p>\n<p><a href=\"https:\/\/www.rcpalescola.com\/\">RCP a l&#8217;escola<\/a><\/p>\n<p><a href=\"https:\/\/agora.xtec.cat\/escpinyaderosa\/wp-content\/uploads\/usu1928\/2020\/10\/rcp.jpg\"><img loading=\"lazy\" decoding=\"async\" class=\"alignnone  wp-image-1302\" src=\"https:\/\/agora.xtec.cat\/escpinyaderosa\/wp-content\/uploads\/usu1928\/2020\/10\/rcp.jpg\" alt=\"\" width=\"173\" height=\"164\" \/><\/a><\/p>\n","protected":false},"excerpt":{"rendered":"<p>M\u00e9s informaci\u00f3 del projecte a:<br \/>\n<a href=\"https:\/\/www.rcpalescola.com\/\">RCP a l&#8217;escola<\/a><br \/>\n<a href=\"https:\/\/agora.xtec.cat\/escpinyaderosa\/wp-content\/uploads\/usu1928\/2020\/10\/rcp.jpg\"><\/a><\/p>\n","protected":false},"author":1,"featured_media":0,"parent":574,"menu_order":0,"comment_status":"closed","ping_status":"closed","template":"","meta":{"_bbp_topic_count":0,"_bbp_reply_count":0,"_bbp_total_topic_count":0,"_bbp_total_reply_count":0,"_bbp_voice_count":0,"_bbp_anonymous_reply_count":0,"_bbp_topic_count_hidden":0,"_bbp_reply_count_hidden":0,"_bbp_forum_subforum_count":0,"footnotes":""},"class_list":["post-586","page","type-page","status-publish","hentry"],"post_mailing_queue_ids":[],"_links":{"self":[{"href":"https:\/\/agora.xtec.cat\/escpinyaderosa\/wp-json\/wp\/v2\/pages\/586","targetHints":{"allow":["GET"]}}],"collection":[{"href":"https:\/\/agora.xtec.cat\/escpinyaderosa\/wp-json\/wp\/v2\/pages"}],"about":[{"href":"https:\/\/agora.xtec.cat\/escpinyaderosa\/wp-json\/wp\/v2\/types\/page"}],"author":[{"embeddable":true,"href":"https:\/\/agora.xtec.cat\/escpinyaderosa\/wp-json\/wp\/v2\/users\/1"}],"replies":[{"embeddable":true,"href":"https:\/\/agora.xtec.cat\/escpinyaderosa\/wp-json\/wp\/v2\/comments?post=586"}],"version-history":[{"count":2,"href":"https:\/\/agora.xtec.cat\/escpinyaderosa\/wp-json\/wp\/v2\/pages\/586\/revisions"}],"predecessor-version":[{"id":1303,"href":"https:\/\/agora.xtec.cat\/escpinyaderosa\/wp-json\/wp\/v2\/pages\/586\/revisions\/1303"}],"up":[{"embeddable":true,"href":"https:\/\/agora.xtec.cat\/escpinyaderosa\/wp-json\/wp\/v2\/pages\/574"}],"wp:attachment":[{"href":"https:\/\/agora.xtec.cat\/escpinyaderosa\/wp-json\/wp\/v2\/media?parent=586"}],"curies":[{"name":"wp","href":"https:\/\/api.w.org\/{rel}","templated":true}]}}